{"id":378264,"date":"2026-01-28T14:30:42","date_gmt":"2026-01-28T17:30:42","guid":{"rendered":"https:\/\/navegacionpatagonia.com.ar\/?post_type=product&#038;p=378264"},"modified":"2026-02-10T16:32:46","modified_gmt":"2026-02-10T19:32:46","slug":"buceo-bautismo-en-bariloche","status":"publish","type":"product","link":"https:\/\/navegacionpatagonia.com.ar\/pt\/produto\/batismo-de-mergulho-em-bariloche\/","title":{"rendered":"Descubra o mergulho em Bariloche"},"content":{"rendered":"<h2 class=\"ai-optimize-22\">Mergulhe no Lago Moreno e descubra a Patag\u00f4nia de um novo ponto de vista.<\/h2>\n<p class=\"ai-optimize-24 ai-optimize-introduction\" data-start=\"1003\" data-end=\"1351\">O <em data-start=\"1006\" data-end=\"1035\">Descubra o mergulho em Bariloche<\/em> convida-o a explorar as \u00e1guas mais cristalinas da regi\u00e3o, cercado por montanhas e florestas que refletem a pura ess\u00eancia da Patag\u00f4nia.<br data-start=\"1174\" data-end=\"1177\" \/>Acompanhado por instrutores certificados e com todo o equipamento inclu\u00eddo, voc\u00ea viver\u00e1 sua primeira experi\u00eancia de mergulho em um ambiente sereno e majestoso: o Lago Moreno.<\/p>\n<p class=\"ai-optimize-25\" data-start=\"1353\" data-end=\"1636\">Durante aproximadamente duas horas - com 20 a 30 minutos de imers\u00e3o real - voc\u00ea sentir\u00e1 a magia de se mover debaixo d'\u00e1gua, em uma paisagem silenciosa, natural e profundamente inspiradora.<br data-start=\"1537\" data-end=\"1540\" \/>Uma proposta \u00fanica para quem quer conhecer a Patag\u00f4nia de uma forma diferente e memor\u00e1vel.<\/p>\n<h3 class=\"ai-optimize-26\" data-start=\"1643\" data-end=\"1685\"><strong data-start=\"1650\" data-end=\"1685\">Por que escolher essa experi\u00eancia<\/strong><\/h3>\n<ul data-start=\"1687\" data-end=\"2076\">\n<li class=\"ai-optimize-27\" data-start=\"1687\" data-end=\"1761\">\n<p class=\"ai-optimize-28\" data-start=\"1689\" data-end=\"1761\">Uma experi\u00eancia tranquila e contemplativa no cora\u00e7\u00e3o da natureza patag\u00f4nica.<\/p>\n<\/li>\n<li class=\"ai-optimize-29\" data-start=\"1762\" data-end=\"1824\">\n<p class=\"ai-optimize-30\" data-start=\"1764\" data-end=\"1824\">Instrutores certificados e equipamento t\u00e9cnico completo.<\/p>\n<\/li>\n<li class=\"ai-optimize-31\" data-start=\"1825\" data-end=\"1913\">\n<p class=\"ai-optimize-32\" data-start=\"1827\" data-end=\"1913\">Cen\u00e1rio excepcional: Lago Moreno, cercado pela cadeia de montanhas e pela floresta andina.<\/p>\n<\/li>\n<li class=\"ai-optimize-33\" data-start=\"1914\" data-end=\"2006\">\n<p class=\"ai-optimize-34\" data-start=\"1916\" data-end=\"2006\">Atividade adequada para iniciantes, ideal para casais ou viajantes que gostam de \u00e1gua.<\/p>\n<\/li>\n<li class=\"ai-optimize-35\" data-start=\"2007\" data-end=\"2076\">\n<p class=\"ai-optimize-36\" data-start=\"2009\" data-end=\"2076\">Perfeito para combinar com passeios no lago ou excurs\u00f5es n\u00e1uticas.<\/p>\n<\/li>\n<\/ul>\n<h3 class=\"ai-optimize-37\" data-start=\"2083\" data-end=\"2110\"><strong data-start=\"2090\" data-end=\"2110\">Como ser\u00e1 seu dia<\/strong><\/h3>\n<p class=\"ai-optimize-38\" data-start=\"2112\" data-end=\"2357\">A experi\u00eancia come\u00e7a no ponto de encontro combinado, do centro de Bariloche at\u00e9 o km 8 da Avenida Bustillo.<br data-start=\"2231\" data-end=\"2234\" \/>L\u00e1, a equipe de <em data-start=\"2262\" data-end=\"2284\">Navega\u00e7\u00e3o na Patag\u00f4nia<\/em>, Temos o material preparado e os instrutores prontos para acompanh\u00e1-lo.<\/p>\n<p class=\"ai-optimize-39\" data-start=\"2359\" data-end=\"2642\">Antes de entrar na \u00e1gua, voc\u00ea receber\u00e1 uma breve introdu\u00e7\u00e3o para se familiarizar com o equipamento e as t\u00e9cnicas b\u00e1sicas. Depois, \u00e9 hora de mergulhar no Lago Moreno: uma experi\u00eancia silenciosa e fascinante em que a paisagem se transforma em luzes, reflexos e calma absoluta.<\/p>\n<p class=\"ai-optimize-40\" data-start=\"2644\" data-end=\"2734\">A atividade completa dura cerca de duas horas e inclui traslado, equipamento e guia profissional.<\/p>\n<h3 class=\"ai-optimize-41\" data-start=\"2741\" data-end=\"2772\"><strong data-start=\"2748\" data-end=\"2772\">Informa\u00e7\u00f5es pr\u00e1ticas<\/strong><\/h3>\n<ul data-start=\"2774\" data-end=\"3312\">\n<li class=\"ai-optimize-42\" data-start=\"2774\" data-end=\"2850\">\n<p class=\"ai-optimize-43\" data-start=\"2776\" data-end=\"2850\"><strong data-start=\"2776\" data-end=\"2789\">Hor\u00e1rios:<\/strong> 11:00 \u00e0s 15:00 \/ 13:00 \u00e0s 17:00 (segunda, quarta e domingo).<\/p>\n<\/li>\n<li class=\"ai-optimize-44\" data-start=\"2851\" data-end=\"2908\">\n<p class=\"ai-optimize-45\" data-start=\"2853\" data-end=\"2908\"><strong data-start=\"2853\" data-end=\"2866\">Dura\u00e7\u00e3o:<\/strong> Aproximadamente 2 horas (20 a 30 minutos de imers\u00e3o).<\/p>\n<\/li>\n<li class=\"ai-optimize-46\" data-start=\"2909\" data-end=\"2936\">\n<p class=\"ai-optimize-47\" data-start=\"2911\" data-end=\"2936\"><strong data-start=\"2911\" data-end=\"2927\">Idade m\u00ednima:<\/strong> 8 anos.<\/p>\n<\/li>\n<li class=\"ai-optimize-48\" data-start=\"2937\" data-end=\"3024\">\n<p class=\"ai-optimize-49\" data-start=\"2939\" data-end=\"3024\"><strong data-start=\"2939\" data-end=\"2962\">Ponto de encontro:<\/strong> do centro de Bariloche at\u00e9 o km 8 da Av. Bustillo.<\/p>\n<\/li>\n<li class=\"ai-optimize-50\" data-start=\"3025\" data-end=\"3109\">\n<p class=\"ai-optimize-51\" data-start=\"3027\" data-end=\"3109\"><strong data-start=\"3027\" data-end=\"3039\">Ele inclui:<\/strong> instrutores certificados, equipamento t\u00e9cnico completo e transporte.<\/p>\n<\/li>\n<li class=\"ai-optimize-52\" data-start=\"3110\" data-end=\"3148\">\n<p class=\"ai-optimize-53\" data-start=\"3112\" data-end=\"3148\"><strong data-start=\"3112\" data-end=\"3127\">N\u00e3o inclu\u00eddo:<\/strong> alimentos e bebidas.<\/p>\n<\/li>\n<li class=\"ai-optimize-54\" data-start=\"3149\" data-end=\"3227\">\n<p class=\"ai-optimize-55\" data-start=\"3151\" data-end=\"3227\"><strong data-start=\"3151\" data-end=\"3169\">Recomenda\u00e7\u00e3o:<\/strong> realizar a atividade pelo menos 12 horas antes do voo.<\/p>\n<\/li>\n<\/ul>\n<h3 class=\"ai-optimize-58\" data-start=\"3319\" data-end=\"3349\"><strong data-start=\"3325\" data-end=\"3349\">Perguntas frequentes<\/strong><\/h3>\n<p class=\"ai-optimize-59\" data-start=\"3351\" data-end=\"3465\"><strong data-start=\"3351\" data-end=\"3392\">\u00c9 uma atividade para iniciantes?<\/strong><br data-start=\"3392\" data-end=\"3395\" \/>Sim, ele foi projetado para mergulhadores de primeira viagem.<\/p>\n<p class=\"ai-optimize-61\" data-start=\"3553\" data-end=\"3639\"><strong data-start=\"3553\" data-end=\"3578\">O que eu preciso levar?<\/strong><br data-start=\"3578\" data-end=\"3581\" \/>Roupa de banho, toalha, protetor solar e casaco leve.<\/p>\n<p class=\"ai-optimize-62\" data-start=\"3641\" data-end=\"3724\"><strong data-start=\"3641\" data-end=\"3663\">Onde isso ocorre?<\/strong><br data-start=\"3663\" data-end=\"3666\" \/>No Lago Moreno, a 15 minutos do centro de Bariloche.<\/p>\n<p class=\"ai-optimize-63\" data-start=\"3726\" data-end=\"3844\"><strong data-start=\"3726\" data-end=\"3765\">\u00c9 uma atividade em grupo ou particular?<\/strong><br data-start=\"3765\" data-end=\"3768\" \/>Pode ser feito em pequenos grupos ou em particular, de acordo com a prefer\u00eancia.<\/p>","protected":false},"excerpt":{"rendered":"<p class=\"ai-optimize-64\">Descubra o Lago Moreno de uma nova perspectiva com esta experi\u00eancia de mergulho para iniciantes. Equipamento completo, instrutores e traslado inclu\u00eddos.<\/p>","protected":false},"featured_media":378265,"comment_status":"open","ping_status":"closed","template":"","meta":[],"product_brand":[],"product_cat":[62,64,66,67,73,77,83],"product_tag":[],"class_list":{"0":"post-378264","1":"product","2":"type-product","3":"status-publish","4":"has-post-thumbnail","6":"product_cat-adultos","7":"product_cat-aventura","8":"product_cat-con-traslado","9":"product_cat-familia","10":"product_cat-ninos","11":"product_cat-sin-comida","12":"product_cat-verano","14":"first","15":"instock","16":"virtual","17":"sold-individually","18":"purchasable","19":"product-type-booking"},"booking_location":"","booking_location_type":"","booking_duration":1,"booking_duration_unit":"hour","booking_buffer":0,"booking_cost":132000,"booking_resources":[],"exclude_global_add_ons":[],"addons":[],"yoast_head":"<!-- This site is optimized with the Yoast SEO Premium plugin v25.2 (Yoast SEO v25.2) - https:\/\/yoast.com\/wordpress\/plugins\/seo\/ -->\n<title>Buceo Bautismo en Bariloche - Navegacion Patagonia<\/title>\n<meta name=\"description\" content=\"Viv\u00ed tu primera inmersi\u00f3n en el Lago Moreno con Navegaci\u00f3n Patagonia. Actividad tranquila, equipo completo e instructores certificados.\" \/>\n<meta name=\"robots\" content=\"index, follow, max-snippet:-1, max-image-preview:large, max-video-preview:-1\" \/>\n<link rel=\"canonical\" href=\"https:\/\/navegacionpatagonia.com.ar\/pt\/produto\/batismo-de-mergulho-em-bariloche\/\" \/>\n<meta property=\"og:locale\" content=\"pt_BR\" \/>\n<meta property=\"og:type\" content=\"article\" \/>\n<meta property=\"og:title\" content=\"Buceo Bautismo en Bariloche\" \/>\n<meta property=\"og:description\" content=\"Viv\u00ed tu primera inmersi\u00f3n en el Lago Moreno con Navegaci\u00f3n Patagonia. Actividad tranquila, equipo completo e instructores certificados.\" \/>\n<meta property=\"og:url\" content=\"https:\/\/navegacionpatagonia.com.ar\/pt\/produto\/batismo-de-mergulho-em-bariloche\/\" \/>\n<meta property=\"og:site_name\" content=\"Navegacion Patagonia\" \/>\n<meta property=\"article:modified_time\" content=\"2026-02-10T19:32:46+00:00\" \/>\n<meta property=\"og:image\" content=\"https:\/\/navegacionpatagonia.com.ar\/wp-content\/uploads\/sites\/8\/2026\/01\/tikiprincipal.jpeg\" \/>\n\t<meta property=\"og:image:width\" content=\"1120\" \/>\n\t<meta property=\"og:image:height\" content=\"1280\" \/>\n\t<meta property=\"og:image:type\" content=\"image\/jpeg\" \/>\n<meta name=\"twitter:card\" content=\"summary_large_image\" \/>\n<meta name=\"twitter:label1\" content=\"Pre\u00e7o\" \/>\n\t<meta name=\"twitter:data1\" content=\"&#036;132,000.00\" \/>\n\t<meta name=\"twitter:label2\" content=\"Disponibilidade\" \/>\n\t<meta name=\"twitter:data2\" content=\"Em Estoque\" \/>\n<script type=\"application\/ld+json\" class=\"yoast-schema-graph\">{\"@context\":\"https:\/\/schema.org\",\"@graph\":[{\"@type\":\"WebPage\",\"@id\":\"https:\/\/navegacionpatagonia.com.ar\/producto\/buceo-bautismo-en-bariloche\/\",\"url\":\"https:\/\/navegacionpatagonia.com.ar\/producto\/buceo-bautismo-en-bariloche\/\",\"name\":\"Buceo Bautismo en Bariloche - Navegacion Patagonia\",\"isPartOf\":{\"@id\":\"https:\/\/navegacionpatagonia.com.ar\/#website\"},\"primaryImageOfPage\":{\"@id\":\"https:\/\/navegacionpatagonia.com.ar\/producto\/buceo-bautismo-en-bariloche\/#primaryimage\"},\"image\":{\"@id\":\"https:\/\/navegacionpatagonia.com.ar\/producto\/buceo-bautismo-en-bariloche\/#primaryimage\"},\"thumbnailUrl\":\"https:\/\/navegacionpatagonia.com.ar\/wp-content\/uploads\/sites\/8\/2026\/01\/tikiprincipal.jpeg\",\"datePublished\":\"2026-01-28T17:30:42+00:00\",\"dateModified\":\"2026-02-10T19:32:46+00:00\",\"description\":\"Viv\u00ed tu primera inmersi\u00f3n en el Lago Moreno con Navegaci\u00f3n Patagonia. Actividad tranquila, equipo completo e instructores certificados.\",\"breadcrumb\":{\"@id\":\"https:\/\/navegacionpatagonia.com.ar\/producto\/buceo-bautismo-en-bariloche\/#breadcrumb\"},\"inLanguage\":\"pt-BR\",\"potentialAction\":[{\"@type\":\"ReadAction\",\"target\":[\"https:\/\/navegacionpatagonia.com.ar\/producto\/buceo-bautismo-en-bariloche\/\"]}]},{\"@type\":\"ImageObject\",\"inLanguage\":\"pt-BR\",\"@id\":\"https:\/\/navegacionpatagonia.com.ar\/producto\/buceo-bautismo-en-bariloche\/#primaryimage\",\"url\":\"https:\/\/navegacionpatagonia.com.ar\/wp-content\/uploads\/sites\/8\/2026\/01\/tikiprincipal.jpeg\",\"contentUrl\":\"https:\/\/navegacionpatagonia.com.ar\/wp-content\/uploads\/sites\/8\/2026\/01\/tikiprincipal.jpeg\",\"width\":1120,\"height\":1280},{\"@type\":\"BreadcrumbList\",\"@id\":\"https:\/\/navegacionpatagonia.com.ar\/producto\/buceo-bautismo-en-bariloche\/#breadcrumb\",\"itemListElement\":[{\"@type\":\"ListItem\",\"position\":1,\"name\":\"Inicio\",\"item\":\"https:\/\/navegacionpatagonia.com.ar\/\"},{\"@type\":\"ListItem\",\"position\":2,\"name\":\"Tienda\",\"item\":\"https:\/\/navegacionpatagonia.com.ar\/tienda\/\"},{\"@type\":\"ListItem\",\"position\":3,\"name\":\"Buceo Bautismo en Bariloche\"}]},{\"@type\":\"WebSite\",\"@id\":\"https:\/\/navegacionpatagonia.com.ar\/#website\",\"url\":\"https:\/\/navegacionpatagonia.com.ar\/\",\"name\":\"Navegacion Patagonia\",\"description\":\"\",\"potentialAction\":[{\"@type\":\"SearchAction\",\"target\":{\"@type\":\"EntryPoint\",\"urlTemplate\":\"https:\/\/navegacionpatagonia.com.ar\/?s={search_term_string}\"},\"query-input\":{\"@type\":\"PropertyValueSpecification\",\"valueRequired\":true,\"valueName\":\"search_term_string\"}}],\"inLanguage\":\"pt-BR\"}]}<\/script>\n<meta property=\"product:price:amount\" content=\"132000.00\" \/>\n<meta property=\"product:price:currency\" content=\"ARS\" \/>\n<meta property=\"og:availability\" content=\"instock\" \/>\n<meta property=\"product:availability\" content=\"instock\" \/>\n<meta property=\"product:retailer_item_id\" content=\"ADV2026BABU9T4K\" \/>\n<meta property=\"product:condition\" content=\"new\" \/>\n<!-- \/ Yoast SEO Premium plugin. -->","yoast_head_json":{"title":"Descubra o mergulho em Bariloche - Navegacion Patagonia","description":"Experimente seu primeiro mergulho no Lago Moreno com a Patag\u00f4nia Navigation. Atividade tranquila, equipamento completo e instrutores certificados.","robots":{"index":"index","follow":"follow","max-snippet":"max-snippet:-1","max-image-preview":"max-image-preview:large","max-video-preview":"max-video-preview:-1"},"canonical":"https:\/\/navegacionpatagonia.com.ar\/pt\/produto\/batismo-de-mergulho-em-bariloche\/","og_locale":"pt_BR","og_type":"article","og_title":"Buceo Bautismo en Bariloche","og_description":"Viv\u00ed tu primera inmersi\u00f3n en el Lago Moreno con Navegaci\u00f3n Patagonia. Actividad tranquila, equipo completo e instructores certificados.","og_url":"https:\/\/navegacionpatagonia.com.ar\/pt\/produto\/batismo-de-mergulho-em-bariloche\/","og_site_name":"Navegacion Patagonia","article_modified_time":"2026-02-10T19:32:46+00:00","og_image":[{"width":1120,"height":1280,"url":"https:\/\/navegacionpatagonia.com.ar\/wp-content\/uploads\/sites\/8\/2026\/01\/tikiprincipal.jpeg","type":"image\/jpeg"}],"twitter_card":"summary_large_image","twitter_misc":{"Pre\u00e7o":"&#36;132,000.00","Disponibilidade":"Em Estoque"},"schema":{"@context":"https:\/\/schema.org","@graph":[{"@type":"WebPage","@id":"https:\/\/navegacionpatagonia.com.ar\/producto\/buceo-bautismo-en-bariloche\/","url":"https:\/\/navegacionpatagonia.com.ar\/producto\/buceo-bautismo-en-bariloche\/","name":"Descubra o mergulho em Bariloche - Navegacion Patagonia","isPartOf":{"@id":"https:\/\/navegacionpatagonia.com.ar\/#website"},"primaryImageOfPage":{"@id":"https:\/\/navegacionpatagonia.com.ar\/producto\/buceo-bautismo-en-bariloche\/#primaryimage"},"image":{"@id":"https:\/\/navegacionpatagonia.com.ar\/producto\/buceo-bautismo-en-bariloche\/#primaryimage"},"thumbnailUrl":"https:\/\/navegacionpatagonia.com.ar\/wp-content\/uploads\/sites\/8\/2026\/01\/tikiprincipal.jpeg","datePublished":"2026-01-28T17:30:42+00:00","dateModified":"2026-02-10T19:32:46+00:00","description":"Experimente seu primeiro mergulho no Lago Moreno com a Patag\u00f4nia Navigation. Atividade tranquila, equipamento completo e instrutores certificados.","breadcrumb":{"@id":"https:\/\/navegacionpatagonia.com.ar\/producto\/buceo-bautismo-en-bariloche\/#breadcrumb"},"inLanguage":"pt-BR","potentialAction":[{"@type":"ReadAction","target":["https:\/\/navegacionpatagonia.com.ar\/producto\/buceo-bautismo-en-bariloche\/"]}]},{"@type":"ImageObject","inLanguage":"pt-BR","@id":"https:\/\/navegacionpatagonia.com.ar\/producto\/buceo-bautismo-en-bariloche\/#primaryimage","url":"https:\/\/navegacionpatagonia.com.ar\/wp-content\/uploads\/sites\/8\/2026\/01\/tikiprincipal.jpeg","contentUrl":"https:\/\/navegacionpatagonia.com.ar\/wp-content\/uploads\/sites\/8\/2026\/01\/tikiprincipal.jpeg","width":1120,"height":1280},{"@type":"BreadcrumbList","@id":"https:\/\/navegacionpatagonia.com.ar\/producto\/buceo-bautismo-en-bariloche\/#breadcrumb","itemListElement":[{"@type":"ListItem","position":1,"name":"Inicio","item":"https:\/\/navegacionpatagonia.com.ar\/"},{"@type":"ListItem","position":2,"name":"Tienda","item":"https:\/\/navegacionpatagonia.com.ar\/tienda\/"},{"@type":"ListItem","position":3,"name":"Buceo Bautismo en Bariloche"}]},{"@type":"WebSite","@id":"https:\/\/navegacionpatagonia.com.ar\/#website","url":"https:\/\/navegacionpatagonia.com.ar\/","name":"Navega\u00e7\u00e3o na Patag\u00f4nia","description":"","potentialAction":[{"@type":"SearchAction","target":{"@type":"EntryPoint","urlTemplate":"https:\/\/navegacionpatagonia.com.ar\/?s={search_term_string}"},"query-input":{"@type":"PropertyValueSpecification","valueRequired":true,"valueName":"search_term_string"}}],"inLanguage":"pt-BR"}]},"product_price_amount":"132000.00","product_price_currency":"ARS","og_availability":"instock","product_availability":"instock","product_retailer_item_id":"ADV2026BABU9T4K","product_condition":"new"},"_links":{"self":[{"href":"https:\/\/navegacionpatagonia.com.ar\/pt\/wp-json\/wp\/v2\/product\/378264","targetHints":{"allow":["GET"]}}],"collection":[{"href":"https:\/\/navegacionpatagonia.com.ar\/pt\/wp-json\/wp\/v2\/product"}],"about":[{"href":"https:\/\/navegacionpatagonia.com.ar\/pt\/wp-json\/wp\/v2\/types\/product"}],"replies":[{"embeddable":true,"href":"https:\/\/navegacionpatagonia.com.ar\/pt\/wp-json\/wp\/v2\/comments?post=378264"}],"wp:featuredmedia":[{"embeddable":true,"href":"https:\/\/navegacionpatagonia.com.ar\/pt\/wp-json\/wp\/v2\/media\/378265"}],"wp:attachment":[{"href":"https:\/\/navegacionpatagonia.com.ar\/pt\/wp-json\/wp\/v2\/media?parent=378264"}],"wp:term":[{"taxonomy":"product_brand","embeddable":true,"href":"https:\/\/navegacionpatagonia.com.ar\/pt\/wp-json\/wp\/v2\/product_brand?post=378264"},{"taxonomy":"product_cat","embeddable":true,"href":"https:\/\/navegacionpatagonia.com.ar\/pt\/wp-json\/wp\/v2\/product_cat?post=378264"},{"taxonomy":"product_tag","embeddable":true,"href":"https:\/\/navegacionpatagonia.com.ar\/pt\/wp-json\/wp\/v2\/product_tag?post=378264"}],"curies":[{"name":"wp","href":"https:\/\/api.w.org\/{rel}","templated":true}]}}