{"id":378021,"date":"2025-08-21T19:09:04","date_gmt":"2025-08-21T22:09:04","guid":{"rendered":"https:\/\/navegacionpatagonia.com.ar\/producto\/puerto-blest-con-cascada-los-cantaros-lago-frias-sin-traslado\/"},"modified":"2026-04-06T10:26:46","modified_gmt":"2026-04-06T13:26:46","slug":"puerto-blest-con-cascada-los-cantaros-lago-frias-sin-traslado","status":"publish","type":"product","link":"https:\/\/navegacionpatagonia.com.ar\/pt\/produto\/puerto-blest-com-cachoeira-los-cantaros-lago-frias-sem-traslado\/","title":{"rendered":"Puerto Blest com a cachoeira \u201cLos Cantaros\u201d + Lago Frias sem traslado"},"content":{"rendered":"<h2 class=\"ai-optimize-6\">Descubra a tranquilidade de Puerto Blest e a Cascada de los C\u00e1ntaros (Cachoeira dos C\u00e2ntaros)<\/h2>\n<p class=\"ai-optimize-7 ai-optimize-introduction\">Sa\u00ed de <strong>Puerto Pa\u00f1uelo<\/strong>, localizado a apenas 25 km de <strong>San Carlos de Bariloche<\/strong>, e experimente uma viagem \u00fanica nas \u00e1guas do <strong>Lago Nahuel Huapi<\/strong>. No caminho, contemple o <strong>Ilhota Sentinela<\/strong>, onde o renomado <strong>Perito Moreno<\/strong>, e caminhe por passarelas incr\u00edveis que o levar\u00e3o ao majestoso <strong>Cachoeira Los C\u00e1ntaros<\/strong>, A cidade \u00e9 cercada por enormes muros de granito.<\/p>\n<h3 class=\"ai-optimize-8\">Uma caminhada de conex\u00e3o com o ambiente natural<\/h3>\n<p class=\"ai-optimize-9\">Durante a navega\u00e7\u00e3o, voc\u00ea apreciar\u00e1 as magn\u00edficas paisagens da <strong>Cordilheira dos Andes<\/strong> e as ilhas que se destacam nessa \u00e1rea deslumbrante. Em <strong>Puerto Blest<\/strong>, Descobri a calma do <strong>Ba\u00eda<\/strong> e observar as \u00e1guas verdes do <strong>Lago Frias<\/strong>, manchado pela a\u00e7\u00e3o das geleiras do <strong>Serra do Tronador<\/strong>.<\/p>\n<h3 class=\"ai-optimize-10\">Op\u00e7\u00f5es de aventura<\/h3>\n<ul>\n<li class=\"ai-optimize-11\"><strong>Caminhadas guiadas<\/strong> na exuberante floresta tropical de Vald\u00edvia, lar de uma grande diversidade de esp\u00e9cies.<\/li>\n<li class=\"ai-optimize-12\"><strong>Trilhas<\/strong> ajustados a diferentes habilidades, para que voc\u00ea possa explorar em seu pr\u00f3prio ritmo.<\/li>\n<\/ul>\n<h2 class=\"ai-optimize-13\">Formas de navega\u00e7\u00e3o e servi\u00e7os<\/h2>\n<p class=\"ai-optimize-14\">O retorno ao <strong>Puerto Pa\u00f1uelo<\/strong> pelo <strong>Bra\u00e7o aben\u00e7oado<\/strong> fornece uma vis\u00e3o do <strong>Serra do Tronador<\/strong> com um p\u00f4r do sol encantador. Se voc\u00ea acrescentar a caminhada at\u00e9 o <strong>Lago Frias<\/strong>, inclui uma curta viagem de \u00f4nibus de 3 km at\u00e9 <strong>Porto Alegre<\/strong>, O barco o levar\u00e1 em uma embarca\u00e7\u00e3o moderna para desfrutar desse lago impressionante.<\/p>\n<h3 class=\"ai-optimize-15\">Informa\u00e7\u00f5es relevantes<\/h3>\n<ul>\n<li class=\"ai-optimize-16\"><strong>Dura\u00e7\u00e3o: <\/strong>9:00 a.m. a 5:00 p.m.<\/li>\n<li class=\"ai-optimize-17\"><strong>Ele inclui:<\/strong> Passeios de barco guiados, caminhadas na floresta, navega\u00e7\u00e3o no Lago Frias.<\/li>\n<li class=\"ai-optimize-18\"><strong>N\u00e3o inclu\u00eddo:<\/strong> Transfer\u00eancia para <strong>Puerto Pa\u00f1uelo<\/strong>, refei\u00e7\u00f5es (paradors podem ser encontrados) e taxas de acesso ao Parque Nacional.<\/li>\n<\/ul>\n<h2 class=\"ai-optimize-19\">Perguntas frequentes<\/h2>\n<ul>\n<li class=\"ai-optimize-20\"><strong>Onde posso pagar a taxa de entrada e de embarque no Parque Nacional?<\/strong><br \/>\nEssas taxas devem ser pagas em <strong>Puerto Pa\u00f1uelo<\/strong>, O pre\u00e7o \u00e9 em dinheiro e pesos argentinos no dia do passeio. Residentes de <strong>San Carlos de Bariloche<\/strong>, pessoas com defici\u00eancia, crian\u00e7as menores de cinco anos e aposentados s\u00e3o gratuitos.<\/li>\n<li class=\"ai-optimize-21\"><strong>O desconto para aposentados \u00e9 exclusivo para argentinos?<\/strong><br \/>\nCorreto, a tarifa especial \u00e9 apenas para aposentados argentinos, apresentando o cart\u00e3o correspondente no momento do embarque.<\/li>\n<li class=\"ai-optimize-22\"><strong>Qual \u00e9 a dura\u00e7\u00e3o das caminhadas?<\/strong><br \/>\nAs caminhadas em <strong>Puerto Blest<\/strong> oferecem uma variedade de dificuldades. A jornada at\u00e9 o <strong>Cachoeira Los C\u00e1ntaros<\/strong> S\u00e3o aproximadamente 700 degraus, com pontos de vista e \u00e1reas de descanso.<\/li>\n<\/ul>","protected":false},"excerpt":{"rendered":"<h2 class=\"ai-optimize-6\">Passeio por Puerto Blest e Cachoeira \u00abLos C\u00e1ntaros\u00bb<\/h2>\n<p class=\"ai-optimize-7\">Partida de <strong>Puerto Pa\u00f1uelo<\/strong> em uma aventura \u00fanica no <strong>Cachoeira Los C\u00e1ntaros<\/strong>, cruzando as \u00e1guas calmas do <strong>Lago Nahuel Huapi<\/strong>. Explore o misterioso <strong>Lago Frias<\/strong> e percorrer as estradas do <strong>Floresta Valdiviana<\/strong> sob o ambiente imponente do <strong>Cordilheira dos Andes<\/strong>.<\/p>","protected":false},"featured_media":377136,"comment_status":"open","ping_status":"closed","template":"","meta":[],"product_brand":[],"product_cat":[62,67,70,71,73,77,78,82],"product_tag":[],"class_list":{"0":"post-378021","1":"product","2":"type-product","3":"status-publish","4":"has-post-thumbnail","6":"product_cat-adultos","7":"product_cat-familia","8":"product_cat-jubilados","9":"product_cat-lacustre","10":"product_cat-ninos","11":"product_cat-sin-comida","12":"product_cat-sin-traslado","13":"product_cat-todo-el-ano","15":"first","16":"instock","17":"virtual","18":"sold-individually","19":"purchasable","20":"product-type-booking"},"booking_location":"","booking_location_type":"","booking_duration":60,"booking_duration_unit":"minute","booking_buffer":0,"booking_cost":0,"booking_resources":[],"exclude_global_add_ons":false,"addons":[{"name":"ADU | Adulto","type":"input_multiplier","position":0,"required":false,"title_format":"label","default":"","description_enable":false,"description":"","placeholder_enable":false,"placeholder":"","display":"select","restrictions_type":"any_text","adjust_price":true,"price":"190000","price_type":"quantity_based","restrictions":false,"min":"0","max":"0","options":[],"id":1775470803},{"name":"MEN512 | 5 a 12","type":"input_multiplier","position":1,"required":false,"title_format":"label","default":"","description_enable":false,"description":"","placeholder_enable":false,"placeholder":"","display":"select","restrictions_type":"any_text","adjust_price":true,"price":"97000","price_type":"quantity_based","restrictions":false,"min":"0","max":"0","options":[],"id":1775470804},{"name":"ADUJ : Aposentado","type":"input_multiplier","position":2,"required":false,"title_format":"label","default":"","description_enable":false,"description":"","placeholder_enable":false,"placeholder":"","display":"select","restrictions_type":"any_text","adjust_price":true,"price":"97000","price_type":"quantity_based","restrictions":false,"min":"0","max":"0","options":[],"id":1775471020}],"yoast_head":"<!-- This site is optimized with the Yoast SEO Premium plugin v25.2 (Yoast SEO v25.2) - https:\/\/yoast.com\/wordpress\/plugins\/seo\/ -->\n<title>Puerto Blest, Cascada Los C\u00e1ntaros y Lago Frias - Navegacion Patagonia<\/title>\n<meta name=\"description\" content=\"Naveg\u00e1 a Puerto Blest, la Cascada Los C\u00e1ntaros y el Lago Fr\u00edas. Excursi\u00f3n en barco por el Nahuel Huapi para descubrir paisajes \u00fanicos de la Patagonia.\" \/>\n<meta name=\"robots\" content=\"index, follow, max-snippet:-1, max-image-preview:large, max-video-preview:-1\" \/>\n<link rel=\"canonical\" href=\"https:\/\/navegacionpatagonia.com.ar\/pt\/produto\/puerto-blest-com-cachoeira-los-cantaros-lago-frias-sem-traslado\/\" \/>\n<meta property=\"og:locale\" content=\"pt_BR\" \/>\n<meta property=\"og:type\" content=\"article\" \/>\n<meta property=\"og:title\" content=\"Puerto Blest con Cascada \u201cLos Cantaros\u201d + Lago Frias sin Traslado\" \/>\n<meta property=\"og:description\" content=\"Naveg\u00e1 a Puerto Blest, la Cascada Los C\u00e1ntaros y el Lago Fr\u00edas. Excursi\u00f3n en barco por el Nahuel Huapi para descubrir paisajes \u00fanicos de la Patagonia.\" \/>\n<meta property=\"og:url\" content=\"https:\/\/navegacionpatagonia.com.ar\/pt\/produto\/puerto-blest-com-cachoeira-los-cantaros-lago-frias-sem-traslado\/\" \/>\n<meta property=\"og:site_name\" content=\"Navegacion Patagonia\" \/>\n<meta property=\"article:modified_time\" content=\"2026-04-06T13:26:46+00:00\" \/>\n<meta property=\"og:image\" content=\"https:\/\/navegacionpatagonia.com.ar\/wp-content\/uploads\/sites\/8\/2025\/03\/PuertoblestyCascadadelosCntaros_icon_1140_1601570037.jpg\" \/>\n\t<meta property=\"og:image:width\" content=\"1140\" \/>\n\t<meta property=\"og:image:height\" content=\"855\" \/>\n\t<meta property=\"og:image:type\" content=\"image\/jpeg\" \/>\n<meta name=\"twitter:card\" content=\"summary_large_image\" \/>\n<meta name=\"twitter:label1\" content=\"Pre\u00e7o\" \/>\n\t<meta name=\"twitter:data1\" content=\"&#036;228,000.00\" \/>\n\t<meta name=\"twitter:label2\" content=\"Disponibilidade\" \/>\n\t<meta name=\"twitter:data2\" content=\"Em Estoque\" \/>\n<script type=\"application\/ld+json\" class=\"yoast-schema-graph\">{\"@context\":\"https:\/\/schema.org\",\"@graph\":[{\"@type\":\"WebPage\",\"@id\":\"https:\/\/navegacionpatagonia.com.ar\/producto\/puerto-blest-con-cascada-los-cantaros-lago-frias-sin-traslado\/\",\"url\":\"https:\/\/navegacionpatagonia.com.ar\/producto\/puerto-blest-con-cascada-los-cantaros-lago-frias-sin-traslado\/\",\"name\":\"Puerto Blest, Cascada Los C\u00e1ntaros y Lago Frias - Navegacion Patagonia\",\"isPartOf\":{\"@id\":\"https:\/\/navegacionpatagonia.com.ar\/#website\"},\"primaryImageOfPage\":{\"@id\":\"https:\/\/navegacionpatagonia.com.ar\/producto\/puerto-blest-con-cascada-los-cantaros-lago-frias-sin-traslado\/#primaryimage\"},\"image\":{\"@id\":\"https:\/\/navegacionpatagonia.com.ar\/producto\/puerto-blest-con-cascada-los-cantaros-lago-frias-sin-traslado\/#primaryimage\"},\"thumbnailUrl\":\"https:\/\/navegacionpatagonia.com.ar\/wp-content\/uploads\/sites\/8\/2025\/03\/PuertoblestyCascadadelosCntaros_icon_1140_1601570037.jpg\",\"datePublished\":\"2025-08-21T22:09:04+00:00\",\"dateModified\":\"2026-04-06T13:26:46+00:00\",\"description\":\"Naveg\u00e1 a Puerto Blest, la Cascada Los C\u00e1ntaros y el Lago Fr\u00edas. Excursi\u00f3n en barco por el Nahuel Huapi para descubrir paisajes \u00fanicos de la Patagonia.\",\"breadcrumb\":{\"@id\":\"https:\/\/navegacionpatagonia.com.ar\/producto\/puerto-blest-con-cascada-los-cantaros-lago-frias-sin-traslado\/#breadcrumb\"},\"inLanguage\":\"pt-BR\",\"potentialAction\":[{\"@type\":\"ReadAction\",\"target\":[\"https:\/\/navegacionpatagonia.com.ar\/producto\/puerto-blest-con-cascada-los-cantaros-lago-frias-sin-traslado\/\"]}]},{\"@type\":\"ImageObject\",\"inLanguage\":\"pt-BR\",\"@id\":\"https:\/\/navegacionpatagonia.com.ar\/producto\/puerto-blest-con-cascada-los-cantaros-lago-frias-sin-traslado\/#primaryimage\",\"url\":\"https:\/\/navegacionpatagonia.com.ar\/wp-content\/uploads\/sites\/8\/2025\/03\/PuertoblestyCascadadelosCntaros_icon_1140_1601570037.jpg\",\"contentUrl\":\"https:\/\/navegacionpatagonia.com.ar\/wp-content\/uploads\/sites\/8\/2025\/03\/PuertoblestyCascadadelosCntaros_icon_1140_1601570037.jpg\",\"width\":1140,\"height\":855},{\"@type\":\"BreadcrumbList\",\"@id\":\"https:\/\/navegacionpatagonia.com.ar\/producto\/puerto-blest-con-cascada-los-cantaros-lago-frias-sin-traslado\/#breadcrumb\",\"itemListElement\":[{\"@type\":\"ListItem\",\"position\":1,\"name\":\"Inicio\",\"item\":\"https:\/\/navegacionpatagonia.com.ar\/\"},{\"@type\":\"ListItem\",\"position\":2,\"name\":\"Tienda\",\"item\":\"https:\/\/navegacionpatagonia.com.ar\/tienda\/\"},{\"@type\":\"ListItem\",\"position\":3,\"name\":\"Puerto Blest con Cascada \u201cLos Cantaros\u201d + Lago Frias sin Traslado\"}]},{\"@type\":\"WebSite\",\"@id\":\"https:\/\/navegacionpatagonia.com.ar\/#website\",\"url\":\"https:\/\/navegacionpatagonia.com.ar\/\",\"name\":\"Navegacion Patagonia\",\"description\":\"\",\"potentialAction\":[{\"@type\":\"SearchAction\",\"target\":{\"@type\":\"EntryPoint\",\"urlTemplate\":\"https:\/\/navegacionpatagonia.com.ar\/?s={search_term_string}\"},\"query-input\":{\"@type\":\"PropertyValueSpecification\",\"valueRequired\":true,\"valueName\":\"search_term_string\"}}],\"inLanguage\":\"pt-BR\"}]}<\/script>\n<meta property=\"product:price:amount\" content=\"228000.00\" \/>\n<meta property=\"product:price:currency\" content=\"ARS\" \/>\n<meta property=\"og:availability\" content=\"instock\" \/>\n<meta property=\"product:availability\" content=\"instock\" \/>\n<meta property=\"product:retailer_item_id\" content=\"ADV2025PUBLYC33V7\" \/>\n<meta property=\"product:condition\" content=\"new\" \/>\n<!-- \/ Yoast SEO Premium plugin. -->","yoast_head_json":{"title":"Puerto Blest, Cachoeira Los C\u00e1ntaros e Lago Frias - Navega\u00e7\u00e3o na Patag\u00f4nia","description":"Navegue at\u00e9 Puerto Blest, cachoeira Los C\u00e1ntaros e Lago Fr\u00edas. Passeio de barco pelo Nahuel Huapi para descobrir as paisagens \u00fanicas da Patag\u00f4nia.","robots":{"index":"index","follow":"follow","max-snippet":"max-snippet:-1","max-image-preview":"max-image-preview:large","max-video-preview":"max-video-preview:-1"},"canonical":"https:\/\/navegacionpatagonia.com.ar\/pt\/produto\/puerto-blest-com-cachoeira-los-cantaros-lago-frias-sem-traslado\/","og_locale":"pt_BR","og_type":"article","og_title":"Puerto Blest con Cascada \u201cLos Cantaros\u201d + Lago Frias sin Traslado","og_description":"Naveg\u00e1 a Puerto Blest, la Cascada Los C\u00e1ntaros y el Lago Fr\u00edas. Excursi\u00f3n en barco por el Nahuel Huapi para descubrir paisajes \u00fanicos de la Patagonia.","og_url":"https:\/\/navegacionpatagonia.com.ar\/pt\/produto\/puerto-blest-com-cachoeira-los-cantaros-lago-frias-sem-traslado\/","og_site_name":"Navegacion Patagonia","article_modified_time":"2026-04-06T13:26:46+00:00","og_image":[{"width":1140,"height":855,"url":"https:\/\/navegacionpatagonia.com.ar\/wp-content\/uploads\/sites\/8\/2025\/03\/PuertoblestyCascadadelosCntaros_icon_1140_1601570037.jpg","type":"image\/jpeg"}],"twitter_card":"summary_large_image","twitter_misc":{"Pre\u00e7o":"&#36;228,000.00","Disponibilidade":"Em Estoque"},"schema":{"@context":"https:\/\/schema.org","@graph":[{"@type":"WebPage","@id":"https:\/\/navegacionpatagonia.com.ar\/producto\/puerto-blest-con-cascada-los-cantaros-lago-frias-sin-traslado\/","url":"https:\/\/navegacionpatagonia.com.ar\/producto\/puerto-blest-con-cascada-los-cantaros-lago-frias-sin-traslado\/","name":"Puerto Blest, Cachoeira Los C\u00e1ntaros e Lago Frias - Navega\u00e7\u00e3o na Patag\u00f4nia","isPartOf":{"@id":"https:\/\/navegacionpatagonia.com.ar\/#website"},"primaryImageOfPage":{"@id":"https:\/\/navegacionpatagonia.com.ar\/producto\/puerto-blest-con-cascada-los-cantaros-lago-frias-sin-traslado\/#primaryimage"},"image":{"@id":"https:\/\/navegacionpatagonia.com.ar\/producto\/puerto-blest-con-cascada-los-cantaros-lago-frias-sin-traslado\/#primaryimage"},"thumbnailUrl":"https:\/\/navegacionpatagonia.com.ar\/wp-content\/uploads\/sites\/8\/2025\/03\/PuertoblestyCascadadelosCntaros_icon_1140_1601570037.jpg","datePublished":"2025-08-21T22:09:04+00:00","dateModified":"2026-04-06T13:26:46+00:00","description":"Navegue at\u00e9 Puerto Blest, cachoeira Los C\u00e1ntaros e Lago Fr\u00edas. Passeio de barco pelo Nahuel Huapi para descobrir as paisagens \u00fanicas da Patag\u00f4nia.","breadcrumb":{"@id":"https:\/\/navegacionpatagonia.com.ar\/producto\/puerto-blest-con-cascada-los-cantaros-lago-frias-sin-traslado\/#breadcrumb"},"inLanguage":"pt-BR","potentialAction":[{"@type":"ReadAction","target":["https:\/\/navegacionpatagonia.com.ar\/producto\/puerto-blest-con-cascada-los-cantaros-lago-frias-sin-traslado\/"]}]},{"@type":"ImageObject","inLanguage":"pt-BR","@id":"https:\/\/navegacionpatagonia.com.ar\/producto\/puerto-blest-con-cascada-los-cantaros-lago-frias-sin-traslado\/#primaryimage","url":"https:\/\/navegacionpatagonia.com.ar\/wp-content\/uploads\/sites\/8\/2025\/03\/PuertoblestyCascadadelosCntaros_icon_1140_1601570037.jpg","contentUrl":"https:\/\/navegacionpatagonia.com.ar\/wp-content\/uploads\/sites\/8\/2025\/03\/PuertoblestyCascadadelosCntaros_icon_1140_1601570037.jpg","width":1140,"height":855},{"@type":"BreadcrumbList","@id":"https:\/\/navegacionpatagonia.com.ar\/producto\/puerto-blest-con-cascada-los-cantaros-lago-frias-sin-traslado\/#breadcrumb","itemListElement":[{"@type":"ListItem","position":1,"name":"Inicio","item":"https:\/\/navegacionpatagonia.com.ar\/"},{"@type":"ListItem","position":2,"name":"Tienda","item":"https:\/\/navegacionpatagonia.com.ar\/tienda\/"},{"@type":"ListItem","position":3,"name":"Puerto Blest con Cascada \u201cLos Cantaros\u201d + Lago Frias sin Traslado"}]},{"@type":"WebSite","@id":"https:\/\/navegacionpatagonia.com.ar\/#website","url":"https:\/\/navegacionpatagonia.com.ar\/","name":"Navega\u00e7\u00e3o na Patag\u00f4nia","description":"","potentialAction":[{"@type":"SearchAction","target":{"@type":"EntryPoint","urlTemplate":"https:\/\/navegacionpatagonia.com.ar\/?s={search_term_string}"},"query-input":{"@type":"PropertyValueSpecification","valueRequired":true,"valueName":"search_term_string"}}],"inLanguage":"pt-BR"}]},"product_price_amount":"228000.00","product_price_currency":"ARS","og_availability":"instock","product_availability":"instock","product_retailer_item_id":"ADV2025PUBLYC33V7","product_condition":"new"},"_links":{"self":[{"href":"https:\/\/navegacionpatagonia.com.ar\/pt\/wp-json\/wp\/v2\/product\/378021","targetHints":{"allow":["GET"]}}],"collection":[{"href":"https:\/\/navegacionpatagonia.com.ar\/pt\/wp-json\/wp\/v2\/product"}],"about":[{"href":"https:\/\/navegacionpatagonia.com.ar\/pt\/wp-json\/wp\/v2\/types\/product"}],"replies":[{"embeddable":true,"href":"https:\/\/navegacionpatagonia.com.ar\/pt\/wp-json\/wp\/v2\/comments?post=378021"}],"wp:featuredmedia":[{"embeddable":true,"href":"https:\/\/navegacionpatagonia.com.ar\/pt\/wp-json\/wp\/v2\/media\/377136"}],"wp:attachment":[{"href":"https:\/\/navegacionpatagonia.com.ar\/pt\/wp-json\/wp\/v2\/media?parent=378021"}],"wp:term":[{"taxonomy":"product_brand","embeddable":true,"href":"https:\/\/navegacionpatagonia.com.ar\/pt\/wp-json\/wp\/v2\/product_brand?post=378021"},{"taxonomy":"product_cat","embeddable":true,"href":"https:\/\/navegacionpatagonia.com.ar\/pt\/wp-json\/wp\/v2\/product_cat?post=378021"},{"taxonomy":"product_tag","embeddable":true,"href":"https:\/\/navegacionpatagonia.com.ar\/pt\/wp-json\/wp\/v2\/product_tag?post=378021"}],"curies":[{"name":"wp","href":"https:\/\/api.w.org\/{rel}","templated":true}]}}