{"id":378020,"date":"2025-08-21T19:08:29","date_gmt":"2025-08-21T22:08:29","guid":{"rendered":"https:\/\/navegacionpatagonia.com.ar\/producto\/cascada-los-cantaros-y-puerto-blest-sin-traslado\/"},"modified":"2026-04-06T10:26:42","modified_gmt":"2026-04-06T13:26:42","slug":"cascada-los-cantaros-y-puerto-blest-sin-traslado","status":"publish","type":"product","link":"https:\/\/navegacionpatagonia.com.ar\/pt\/produto\/cachoeira-los-cantaros-e-puerto-blest-sem-traslado\/","title":{"rendered":"Cachoeira \u201cLos Cantaros\u201d e Puerto Blest sem traslado"},"content":{"rendered":"<h2 class=\"ai-optimize-6\">Descubra a natureza intocada de Puerto Blest<\/h2>\n<p class=\"ai-optimize-7 ai-optimize-introduction\">Mergulhe em uma experi\u00eancia \u00fanica explorando <strong>Puerto Blest<\/strong> e o majestoso <strong>Cachoeira Los C\u00e1ntaros<\/strong>, Um para\u00edso onde se pode perceber a ess\u00eancia da natureza em seu estado mais puro. Esta proposta, sem traslado incluso, \u00e9 perfeita para aqueles que optam por chegar por seus pr\u00f3prios meios a <strong>Puerto Pa\u00f1uelo<\/strong>, localizado em <strong>Avenida Bustillo, Quil\u00f4metro 25, San Carlos de Bariloche<\/strong>.<\/p>\n<h3 class=\"ai-optimize-8\">A travessia<\/h3>\n<ul>\n<li class=\"ai-optimize-9\"><strong>Passeio de catamar\u00e3:<\/strong> Navegue pelas \u00e1guas calmas do <strong>Lago Nahuel Huapi<\/strong>, A vista \u00e9 acompanhada pela vis\u00e3o de ilhas e cen\u00e1rios incr\u00edveis que se destacam sob a cordilheira dos Andes.<\/li>\n<li class=\"ai-optimize-10\"><strong>Passeio pela Cascada de Los C\u00e1ntaros:<\/strong> A chegada exclusiva a essa impressionante cachoeira permite que voc\u00ea observe a for\u00e7a da \u00e1gua que desce, emoldurada por paredes de granito moldadas por antigas glacia\u00e7\u00f5es.<\/li>\n<li class=\"ai-optimize-11\"><strong>Caminhada assistida:<\/strong> Descobri trilhas que mostram a incr\u00edvel biodiversidade da regi\u00e3o. <strong>Floresta Valdiviana<\/strong> e seus locais pr\u00f3ximos a <strong>Puerto Blest<\/strong>.<\/li>\n<\/ul>\n<h3 class=\"ai-optimize-12\">Detalhes e hor\u00e1rios<\/h3>\n<p class=\"ai-optimize-13\">A atividade abrange desde <strong>9:00 a.m. a 5:30 p.m. <\/strong>aproximadamente, oferecendo-lhe um dia inteiro para desfrutar em contato com o meio ambiente.<\/p>\n<ul>\n<li class=\"ai-optimize-14\"><strong>Ele inclui:<\/strong> Caminhada guiada ao redor do lago e passeios explicativos pela vegeta\u00e7\u00e3o nativa.<\/li>\n<li class=\"ai-optimize-15\"><strong>N\u00e3o inclu\u00eddo:<\/strong> Traslado para Puerto Pa\u00f1uelo, refei\u00e7\u00f5es e acesso aos parques nacionais.<\/li>\n<\/ul>\n<h3 class=\"ai-optimize-16\">Encena\u00e7\u00e3o espetacular<\/h3>\n<p class=\"ai-optimize-17\">O passeio termina com uma viagem fascinante ao longo da <strong>Bra\u00e7o aben\u00e7oado<\/strong>, com o imponente pano de fundo do imponente <strong>Serra do Tronador<\/strong>, A vista \u00e9 inesquec\u00edvel, oferecendo um cart\u00e3o postal inesquec\u00edvel ao p\u00f4r do sol.<\/p>\n<h3 class=\"ai-optimize-18\">Perguntas frequentes<\/h3>\n<ul>\n<li class=\"ai-optimize-19\"><strong>Como fa\u00e7o para chegar a Puerto Pa\u00f1uelo?<\/strong><br \/>\n\u00c9 necess\u00e1rio ir diretamente para a Avenida Bustillo, km 25. \u00c9 aconselh\u00e1vel usar seu pr\u00f3prio carro ou t\u00e1xis na \u00e1rea.<\/li>\n<li class=\"ai-optimize-20\"><strong>Que roupa \u00e9 recomend\u00e1vel usar?<\/strong><br \/>\nRecomenda-se o uso de roupas em camadas, cal\u00e7ados resistentes e roupas quentes devido \u00e0s condi\u00e7\u00f5es vari\u00e1veis do clima patag\u00f4nico.<\/li>\n<li class=\"ai-optimize-21\"><strong>\u00c9 poss\u00edvel levar comida?<\/strong><br \/>\nSim, voc\u00ea pode trazer sua pr\u00f3pria comida, embora existam alternativas para fazer compras na \u00e1rea.<\/li>\n<\/ul>","protected":false},"excerpt":{"rendered":"<p class=\"ai-optimize-6\">Viva uma aventura exclusiva explorando Puerto Blest e a imponente Cascada de Los C\u00e1ntaros. Relaxe com um passeio de catamar\u00e3 e caminhadas na floresta tropical valdiviana, criando mem\u00f3rias \u00fanicas no cora\u00e7\u00e3o da Patag\u00f4nia argentina.<\/p>","protected":false},"featured_media":378168,"comment_status":"open","ping_status":"closed","template":"","meta":[],"product_brand":[],"product_cat":[62,67,70,71,73,77,78,82],"product_tag":[],"class_list":{"0":"post-378020","1":"product","2":"type-product","3":"status-publish","4":"has-post-thumbnail","6":"product_cat-adultos","7":"product_cat-familia","8":"product_cat-jubilados","9":"product_cat-lacustre","10":"product_cat-ninos","11":"product_cat-sin-comida","12":"product_cat-sin-traslado","13":"product_cat-todo-el-ano","15":"first","16":"instock","17":"virtual","18":"sold-individually","19":"purchasable","20":"product-type-booking"},"booking_location":"","booking_location_type":"","booking_duration":60,"booking_duration_unit":"minute","booking_buffer":0,"booking_cost":0,"booking_resources":[],"exclude_global_add_ons":false,"addons":[{"name":"ADU | Adulto","type":"input_multiplier","position":0,"required":false,"title_format":"label","default":"","description_enable":false,"description":"","placeholder_enable":false,"placeholder":"","display":"select","restrictions_type":"any_text","adjust_price":true,"price":"136000","price_type":"quantity_based","restrictions":false,"min":"0","max":"0","options":[],"id":1775471017},{"name":"MEN512 | 5 a 12","type":"input_multiplier","position":1,"required":false,"title_format":"label","default":"","description_enable":false,"description":"","placeholder_enable":false,"placeholder":"","display":"select","restrictions_type":"any_text","adjust_price":true,"price":"70000","price_type":"quantity_based","restrictions":false,"min":"0","max":"0","options":[],"id":1775471018},{"name":"ADUJ : Aposentado","type":"input_multiplier","position":2,"required":false,"title_format":"label","default":"","description_enable":false,"description":"","placeholder_enable":false,"placeholder":"","display":"select","restrictions_type":"any_text","adjust_price":true,"price":"70000","price_type":"quantity_based","restrictions":false,"min":"0","max":"0","options":[],"id":1775471019}],"yoast_head":"<!-- This site is optimized with the Yoast SEO Premium plugin v25.2 (Yoast SEO v25.2) - https:\/\/yoast.com\/wordpress\/plugins\/seo\/ -->\n<title>Puerto Blest, Los C\u00e1ntaros y Lago Fr\u00edas | Excursi\u00f3n - Navegacion Patagonia<\/title>\n<meta name=\"description\" content=\"Naveg\u00e1 a Puerto Blest y la Cascada de Los C\u00e1ntaros en una excursi\u00f3n \u00fanica por el Nahuel Huapi. Disfrut\u00e1 senderos y naturaleza pura.\" \/>\n<meta name=\"robots\" content=\"index, follow, max-snippet:-1, max-image-preview:large, max-video-preview:-1\" \/>\n<link rel=\"canonical\" href=\"https:\/\/navegacionpatagonia.com.ar\/pt\/produto\/cachoeira-los-cantaros-e-puerto-blest-sem-traslado\/\" \/>\n<meta property=\"og:locale\" content=\"pt_BR\" \/>\n<meta property=\"og:type\" content=\"article\" \/>\n<meta property=\"og:title\" content=\"Cascada \u201cLos Cantaros\u201d y Puerto Blest Sin Traslado\" \/>\n<meta property=\"og:description\" content=\"Naveg\u00e1 a Puerto Blest y la Cascada de Los C\u00e1ntaros en una excursi\u00f3n \u00fanica por el Nahuel Huapi. Disfrut\u00e1 senderos y naturaleza pura.\" \/>\n<meta property=\"og:url\" content=\"https:\/\/navegacionpatagonia.com.ar\/pt\/produto\/cachoeira-los-cantaros-e-puerto-blest-sem-traslado\/\" \/>\n<meta property=\"og:site_name\" content=\"Navegacion Patagonia\" \/>\n<meta property=\"article:modified_time\" content=\"2026-04-06T13:26:42+00:00\" \/>\n<meta property=\"og:image\" content=\"https:\/\/navegacionpatagonia.com.ar\/wp-content\/uploads\/sites\/8\/2025\/08\/4-D-20211209_125300-copia.jpg\" \/>\n\t<meta property=\"og:image:width\" content=\"992\" \/>\n\t<meta property=\"og:image:height\" content=\"1323\" \/>\n\t<meta property=\"og:image:type\" content=\"image\/jpeg\" \/>\n<meta name=\"twitter:card\" content=\"summary_large_image\" \/>\n<meta name=\"twitter:label1\" content=\"Pre\u00e7o\" \/>\n\t<meta name=\"twitter:data1\" content=\"&#036;163,200.00\" \/>\n\t<meta name=\"twitter:label2\" content=\"Disponibilidade\" \/>\n\t<meta name=\"twitter:data2\" content=\"Em Estoque\" \/>\n<script type=\"application\/ld+json\" class=\"yoast-schema-graph\">{\"@context\":\"https:\/\/schema.org\",\"@graph\":[{\"@type\":\"WebPage\",\"@id\":\"https:\/\/navegacionpatagonia.com.ar\/producto\/cascada-los-cantaros-y-puerto-blest-sin-traslado\/\",\"url\":\"https:\/\/navegacionpatagonia.com.ar\/producto\/cascada-los-cantaros-y-puerto-blest-sin-traslado\/\",\"name\":\"Puerto Blest, Los C\u00e1ntaros y Lago Fr\u00edas | Excursi\u00f3n - Navegacion Patagonia\",\"isPartOf\":{\"@id\":\"https:\/\/navegacionpatagonia.com.ar\/#website\"},\"primaryImageOfPage\":{\"@id\":\"https:\/\/navegacionpatagonia.com.ar\/producto\/cascada-los-cantaros-y-puerto-blest-sin-traslado\/#primaryimage\"},\"image\":{\"@id\":\"https:\/\/navegacionpatagonia.com.ar\/producto\/cascada-los-cantaros-y-puerto-blest-sin-traslado\/#primaryimage\"},\"thumbnailUrl\":\"https:\/\/navegacionpatagonia.com.ar\/wp-content\/uploads\/sites\/8\/2025\/08\/4-D-20211209_125300-copia.jpg\",\"datePublished\":\"2025-08-21T22:08:29+00:00\",\"dateModified\":\"2026-04-06T13:26:42+00:00\",\"description\":\"Naveg\u00e1 a Puerto Blest y la Cascada de Los C\u00e1ntaros en una excursi\u00f3n \u00fanica por el Nahuel Huapi. Disfrut\u00e1 senderos y naturaleza pura.\",\"breadcrumb\":{\"@id\":\"https:\/\/navegacionpatagonia.com.ar\/producto\/cascada-los-cantaros-y-puerto-blest-sin-traslado\/#breadcrumb\"},\"inLanguage\":\"pt-BR\",\"potentialAction\":[{\"@type\":\"ReadAction\",\"target\":[\"https:\/\/navegacionpatagonia.com.ar\/producto\/cascada-los-cantaros-y-puerto-blest-sin-traslado\/\"]}]},{\"@type\":\"ImageObject\",\"inLanguage\":\"pt-BR\",\"@id\":\"https:\/\/navegacionpatagonia.com.ar\/producto\/cascada-los-cantaros-y-puerto-blest-sin-traslado\/#primaryimage\",\"url\":\"https:\/\/navegacionpatagonia.com.ar\/wp-content\/uploads\/sites\/8\/2025\/08\/4-D-20211209_125300-copia.jpg\",\"contentUrl\":\"https:\/\/navegacionpatagonia.com.ar\/wp-content\/uploads\/sites\/8\/2025\/08\/4-D-20211209_125300-copia.jpg\",\"width\":992,\"height\":1323},{\"@type\":\"BreadcrumbList\",\"@id\":\"https:\/\/navegacionpatagonia.com.ar\/producto\/cascada-los-cantaros-y-puerto-blest-sin-traslado\/#breadcrumb\",\"itemListElement\":[{\"@type\":\"ListItem\",\"position\":1,\"name\":\"Inicio\",\"item\":\"https:\/\/navegacionpatagonia.com.ar\/\"},{\"@type\":\"ListItem\",\"position\":2,\"name\":\"Tienda\",\"item\":\"https:\/\/navegacionpatagonia.com.ar\/tienda\/\"},{\"@type\":\"ListItem\",\"position\":3,\"name\":\"Cascada \u201cLos Cantaros\u201d y Puerto Blest Sin Traslado\"}]},{\"@type\":\"WebSite\",\"@id\":\"https:\/\/navegacionpatagonia.com.ar\/#website\",\"url\":\"https:\/\/navegacionpatagonia.com.ar\/\",\"name\":\"Navegacion Patagonia\",\"description\":\"\",\"potentialAction\":[{\"@type\":\"SearchAction\",\"target\":{\"@type\":\"EntryPoint\",\"urlTemplate\":\"https:\/\/navegacionpatagonia.com.ar\/?s={search_term_string}\"},\"query-input\":{\"@type\":\"PropertyValueSpecification\",\"valueRequired\":true,\"valueName\":\"search_term_string\"}}],\"inLanguage\":\"pt-BR\"}]}<\/script>\n<meta property=\"product:price:amount\" content=\"163200.00\" \/>\n<meta property=\"product:price:currency\" content=\"ARS\" \/>\n<meta property=\"og:availability\" content=\"instock\" \/>\n<meta property=\"product:availability\" content=\"instock\" \/>\n<meta property=\"product:retailer_item_id\" content=\"ADV2025PUBLYC297O\" \/>\n<meta property=\"product:condition\" content=\"new\" \/>\n<!-- \/ Yoast SEO Premium plugin. -->","yoast_head_json":{"title":"Puerto Blest, Los C\u00e1ntaros e Lago Fr\u00edas | Excurs\u00e3o - Navegacion Patagonia","description":"Navegue at\u00e9 Puerto Blest e a Cachoeira Los C\u00e1ntaros em uma excurs\u00e3o exclusiva pelo Nahuel Huapi. Aproveite as trilhas e a natureza pura.","robots":{"index":"index","follow":"follow","max-snippet":"max-snippet:-1","max-image-preview":"max-image-preview:large","max-video-preview":"max-video-preview:-1"},"canonical":"https:\/\/navegacionpatagonia.com.ar\/pt\/produto\/cachoeira-los-cantaros-e-puerto-blest-sem-traslado\/","og_locale":"pt_BR","og_type":"article","og_title":"Cascada \u201cLos Cantaros\u201d y Puerto Blest Sin Traslado","og_description":"Naveg\u00e1 a Puerto Blest y la Cascada de Los C\u00e1ntaros en una excursi\u00f3n \u00fanica por el Nahuel Huapi. Disfrut\u00e1 senderos y naturaleza pura.","og_url":"https:\/\/navegacionpatagonia.com.ar\/pt\/produto\/cachoeira-los-cantaros-e-puerto-blest-sem-traslado\/","og_site_name":"Navegacion Patagonia","article_modified_time":"2026-04-06T13:26:42+00:00","og_image":[{"width":992,"height":1323,"url":"https:\/\/navegacionpatagonia.com.ar\/wp-content\/uploads\/sites\/8\/2025\/08\/4-D-20211209_125300-copia.jpg","type":"image\/jpeg"}],"twitter_card":"summary_large_image","twitter_misc":{"Pre\u00e7o":"&#36;163,200.00","Disponibilidade":"Em Estoque"},"schema":{"@context":"https:\/\/schema.org","@graph":[{"@type":"WebPage","@id":"https:\/\/navegacionpatagonia.com.ar\/producto\/cascada-los-cantaros-y-puerto-blest-sin-traslado\/","url":"https:\/\/navegacionpatagonia.com.ar\/producto\/cascada-los-cantaros-y-puerto-blest-sin-traslado\/","name":"Puerto Blest, Los C\u00e1ntaros e Lago Fr\u00edas | Excurs\u00e3o - Navegacion Patagonia","isPartOf":{"@id":"https:\/\/navegacionpatagonia.com.ar\/#website"},"primaryImageOfPage":{"@id":"https:\/\/navegacionpatagonia.com.ar\/producto\/cascada-los-cantaros-y-puerto-blest-sin-traslado\/#primaryimage"},"image":{"@id":"https:\/\/navegacionpatagonia.com.ar\/producto\/cascada-los-cantaros-y-puerto-blest-sin-traslado\/#primaryimage"},"thumbnailUrl":"https:\/\/navegacionpatagonia.com.ar\/wp-content\/uploads\/sites\/8\/2025\/08\/4-D-20211209_125300-copia.jpg","datePublished":"2025-08-21T22:08:29+00:00","dateModified":"2026-04-06T13:26:42+00:00","description":"Navegue at\u00e9 Puerto Blest e a Cachoeira Los C\u00e1ntaros em uma excurs\u00e3o exclusiva pelo Nahuel Huapi. Aproveite as trilhas e a natureza pura.","breadcrumb":{"@id":"https:\/\/navegacionpatagonia.com.ar\/producto\/cascada-los-cantaros-y-puerto-blest-sin-traslado\/#breadcrumb"},"inLanguage":"pt-BR","potentialAction":[{"@type":"ReadAction","target":["https:\/\/navegacionpatagonia.com.ar\/producto\/cascada-los-cantaros-y-puerto-blest-sin-traslado\/"]}]},{"@type":"ImageObject","inLanguage":"pt-BR","@id":"https:\/\/navegacionpatagonia.com.ar\/producto\/cascada-los-cantaros-y-puerto-blest-sin-traslado\/#primaryimage","url":"https:\/\/navegacionpatagonia.com.ar\/wp-content\/uploads\/sites\/8\/2025\/08\/4-D-20211209_125300-copia.jpg","contentUrl":"https:\/\/navegacionpatagonia.com.ar\/wp-content\/uploads\/sites\/8\/2025\/08\/4-D-20211209_125300-copia.jpg","width":992,"height":1323},{"@type":"BreadcrumbList","@id":"https:\/\/navegacionpatagonia.com.ar\/producto\/cascada-los-cantaros-y-puerto-blest-sin-traslado\/#breadcrumb","itemListElement":[{"@type":"ListItem","position":1,"name":"Inicio","item":"https:\/\/navegacionpatagonia.com.ar\/"},{"@type":"ListItem","position":2,"name":"Tienda","item":"https:\/\/navegacionpatagonia.com.ar\/tienda\/"},{"@type":"ListItem","position":3,"name":"Cascada \u201cLos Cantaros\u201d y Puerto Blest Sin Traslado"}]},{"@type":"WebSite","@id":"https:\/\/navegacionpatagonia.com.ar\/#website","url":"https:\/\/navegacionpatagonia.com.ar\/","name":"Navega\u00e7\u00e3o na Patag\u00f4nia","description":"","potentialAction":[{"@type":"SearchAction","target":{"@type":"EntryPoint","urlTemplate":"https:\/\/navegacionpatagonia.com.ar\/?s={search_term_string}"},"query-input":{"@type":"PropertyValueSpecification","valueRequired":true,"valueName":"search_term_string"}}],"inLanguage":"pt-BR"}]},"product_price_amount":"163200.00","product_price_currency":"ARS","og_availability":"instock","product_availability":"instock","product_retailer_item_id":"ADV2025PUBLYC297O","product_condition":"new"},"_links":{"self":[{"href":"https:\/\/navegacionpatagonia.com.ar\/pt\/wp-json\/wp\/v2\/product\/378020","targetHints":{"allow":["GET"]}}],"collection":[{"href":"https:\/\/navegacionpatagonia.com.ar\/pt\/wp-json\/wp\/v2\/product"}],"about":[{"href":"https:\/\/navegacionpatagonia.com.ar\/pt\/wp-json\/wp\/v2\/types\/product"}],"replies":[{"embeddable":true,"href":"https:\/\/navegacionpatagonia.com.ar\/pt\/wp-json\/wp\/v2\/comments?post=378020"}],"wp:featuredmedia":[{"embeddable":true,"href":"https:\/\/navegacionpatagonia.com.ar\/pt\/wp-json\/wp\/v2\/media\/378168"}],"wp:attachment":[{"href":"https:\/\/navegacionpatagonia.com.ar\/pt\/wp-json\/wp\/v2\/media?parent=378020"}],"wp:term":[{"taxonomy":"product_brand","embeddable":true,"href":"https:\/\/navegacionpatagonia.com.ar\/pt\/wp-json\/wp\/v2\/product_brand?post=378020"},{"taxonomy":"product_cat","embeddable":true,"href":"https:\/\/navegacionpatagonia.com.ar\/pt\/wp-json\/wp\/v2\/product_cat?post=378020"},{"taxonomy":"product_tag","embeddable":true,"href":"https:\/\/navegacionpatagonia.com.ar\/pt\/wp-json\/wp\/v2\/product_tag?post=378020"}],"curies":[{"name":"wp","href":"https:\/\/api.w.org\/{rel}","templated":true}]}}