{"id":378019,"date":"2025-08-21T19:07:57","date_gmt":"2025-08-21T22:07:57","guid":{"rendered":"https:\/\/navegacionpatagonia.com.ar\/producto\/navegacion-por-nahuel-huapi-isla-victoria-y-bosque-de-arrayanes-sin-transporte\/"},"modified":"2026-04-06T10:26:41","modified_gmt":"2026-04-06T13:26:41","slug":"navegacion-por-nahuel-huapi-isla-victoria-y-bosque-de-arrayanes-sin-transporte","status":"publish","type":"product","link":"https:\/\/navegacionpatagonia.com.ar\/pt\/produto\/navegacao-na-ilha-nahuel-huapi-victoria-e-na-floresta-arrayanes-sem-transporte\/","title":{"rendered":"Navega\u00e7\u00e3o em Nahuel Huapi: Isla Victoria e Bosque de Arrayanes sem transporte"},"content":{"rendered":"<h3 class=\"ai-optimize-6\" data-start=\"304\" data-end=\"381\">Uma experi\u00eancia imperd\u00edvel na Patag\u00f4nia, com o apoio da Bariloche Excursiones<\/h3>\n<p class=\"ai-optimize-7 ai-optimize-introduction\" data-start=\"383\" data-end=\"761\">Atravesse o Lago Nahuel Huapi e conecte-se com a ess\u00eancia de dois \u00edcones regionais: a majestosa Ilha Victoria e a lend\u00e1ria Floresta de Arrayanes. Essa alternativa, projetada para aqueles que est\u00e3o em Bariloche e optam por chegar a Puerto Pa\u00f1uelo por seus pr\u00f3prios meios, oferece total flexibilidade e garante o tratamento profissional de nossa equipe de especialistas.<\/p>\n<h3 class=\"ai-optimize-8\" data-start=\"763\" data-end=\"808\">Tour e principais pontos de interesse<\/h3>\n<p class=\"ai-optimize-9\" data-start=\"810\" data-end=\"1136\">A caminhada come\u00e7a em <strong data-start=\"832\" data-end=\"850\">Puerto Pa\u00f1uelo<\/strong>, no 25\u00ba quil\u00f4metro da Avenida Bustillo. L\u00e1 voc\u00ea embarca em um catamar\u00e3 panor\u00e2mico e come\u00e7a a viagem pelo Lago Nahuel Huapi. O primeiro ponto \u00e9 o <strong data-start=\"1006\" data-end=\"1032\">Pen\u00ednsula de Quetrihu\u00e9<\/strong>, onde voc\u00ea pode caminhar por trilhas bem conservadas na \u00fanica floresta de murta existente.<\/p>\n<p class=\"ai-optimize-10\" data-start=\"1138\" data-end=\"1365\">A visita continua a <strong data-start=\"1166\" data-end=\"1183\">Ilha Victoria<\/strong>, O s\u00edtio natural \u00e9 uma \u00e1rea natural excepcional com trilhas para explorar at\u00e9 o <strong data-start=\"1246\" data-end=\"1264\">Praia de El Toro<\/strong>, \u00c9 um ambiente \u00fanico, com areias vulc\u00e2nicas e vest\u00edgios ancestrais, como pinturas rupestres.<\/p>\n<h3 class=\"ai-optimize-11\" data-start=\"1367\" data-end=\"1387\">Informa\u00e7\u00f5es \u00fateis<\/h3>\n<ul data-start=\"1389\" data-end=\"1663\">\n<li class=\"ai-optimize-12\" data-start=\"1389\" data-end=\"1435\">\n<p class=\"ai-optimize-13\" data-start=\"1391\" data-end=\"1435\"><strong data-start=\"1391\" data-end=\"1412\">Dura\u00e7\u00e3o estimada<\/strong>: das 13:00 \u00e0s 18:30 hs.<\/p>\n<\/li>\n<li class=\"ai-optimize-14\" data-start=\"1436\" data-end=\"1521\">\n<p class=\"ai-optimize-15\" data-start=\"1438\" data-end=\"1521\"><strong data-start=\"1438\" data-end=\"1449\">Inclui<\/strong>Passeio de catamar\u00e3 e acompanhamento de guia profissional durante toda a experi\u00eancia.<\/p>\n<\/li>\n<li class=\"ai-optimize-16\" data-start=\"1522\" data-end=\"1663\">\n<p class=\"ai-optimize-17\" data-start=\"1524\" data-end=\"1663\"><strong data-start=\"1524\" data-end=\"1538\">N\u00e3o inclui<\/strong>Traslado para Puerto Pa\u00f1uelo, taxas de embarque e entrada no Parque Nacional, refei\u00e7\u00f5es (h\u00e1 alternativas no barco e na ilha).<\/p>\n<\/li>\n<\/ul>\n<h3 class=\"ai-optimize-18\" data-start=\"1665\" data-end=\"1694\">Como chegar l\u00e1 por conta pr\u00f3pria<\/h3>\n<p class=\"ai-optimize-19\" data-start=\"1696\" data-end=\"1943\">Puerto Pa\u00f1uelo fica a apenas 30 minutos do centro de Bariloche, no 25\u00ba quil\u00f4metro da Avenida Bustillo. Voc\u00ea tem a op\u00e7\u00e3o de ir de carro, remis ou \u00f4nibus. No momento da reserva, fornecemos as informa\u00e7\u00f5es para tornar o acesso simples e pr\u00e1tico.<\/p>\n<h3 class=\"ai-optimize-20\" data-start=\"1950\" data-end=\"1974\">Perguntas frequentes<\/h3>\n<p class=\"ai-optimize-21\" data-start=\"1976\" data-end=\"2212\"><strong data-start=\"1976\" data-end=\"2028\">Onde posso pagar as taxas do parque e de embarque?<\/strong><br data-start=\"2028\" data-end=\"2031\" \/>Elas s\u00e3o pagas em dinheiro no mesmo dia em que voc\u00ea chega a Puerto Pa\u00f1uelo. Est\u00e3o isentos os habitantes de Bariloche, pessoas com defici\u00eancia, crian\u00e7as com menos de 6 anos de idade e aposentados argentinos.<\/p>\n<p class=\"ai-optimize-22\" data-start=\"2214\" data-end=\"2368\"><strong data-start=\"2214\" data-end=\"2260\">H\u00e1 algum benef\u00edcio para os turistas estrangeiros?<\/strong><br data-start=\"2260\" data-end=\"2263\" \/>N\u00e3o. Os descontos nas taxas se aplicam somente aos residentes da Argentina que apresentarem o credenciamento correspondente.<\/p>\n<p class=\"ai-optimize-23\" data-start=\"2370\" data-end=\"2524\"><strong data-start=\"2370\" data-end=\"2402\">Qual vaso \u00e9 usado?<\/strong><br data-start=\"2402\" data-end=\"2405\" \/>Geralmente \u00e9 navegado no estilo cl\u00e1ssico <strong data-start=\"2457\" data-end=\"2477\">Modesta Victoria<\/strong>, mas pode variar de acordo com a disponibilidade.<\/p>\n<p class=\"ai-optimize-24\" data-start=\"2526\" data-end=\"2689\"><strong data-start=\"2526\" data-end=\"2587\">Posso levar comida comigo ou h\u00e1 op\u00e7\u00f5es durante o passeio?<\/strong><br data-start=\"2587\" data-end=\"2590\" \/>Voc\u00ea pode levar seu pr\u00f3prio almo\u00e7o ou comprar alimentos e bebidas no catamar\u00e3 ou na Victoria Island.<\/p>","protected":false},"excerpt":{"rendered":"<p class=\"ai-optimize-6\">Vivi uma experi\u00eancia inesquec\u00edvel no <strong>Ilha Victoria<\/strong> e o <strong>Floresta Myrtle<\/strong>, localizado na deslumbrante Patag\u00f4nia. Admire o esplendor da <strong>Lago Nahuel Huapi<\/strong> caminhar por trilhas cercadas pela natureza e descobrir vest\u00edgios de culturas antigas. Aproveite essa oportunidade \u00fanica em um ambiente de sonho.<\/p>","protected":false},"featured_media":377132,"comment_status":"open","ping_status":"closed","template":"","meta":[],"product_brand":[],"product_cat":[62,67,70,71,73,77,78,82],"product_tag":[],"class_list":{"0":"post-378019","1":"product","2":"type-product","3":"status-publish","4":"has-post-thumbnail","6":"product_cat-adultos","7":"product_cat-familia","8":"product_cat-jubilados","9":"product_cat-lacustre","10":"product_cat-ninos","11":"product_cat-sin-comida","12":"product_cat-sin-traslado","13":"product_cat-todo-el-ano","15":"first","16":"instock","17":"virtual","18":"sold-individually","19":"purchasable","20":"product-type-booking"},"booking_location":"","booking_location_type":"","booking_duration":60,"booking_duration_unit":"minute","booking_buffer":0,"booking_cost":0,"booking_resources":[],"exclude_global_add_ons":false,"addons":[{"name":"ADU | Adulto","type":"input_multiplier","position":0,"required":false,"title_format":"label","default":"","description_enable":false,"description":"","placeholder_enable":false,"placeholder":"","display":"select","restrictions_type":"any_text","adjust_price":true,"price":"136000","price_type":"quantity_based","restrictions":false,"min":"0","max":"0","options":[],"id":1775471201},{"name":"MEN512 | 5 a 12","type":"input_multiplier","position":1,"required":false,"title_format":"label","default":"","description_enable":false,"description":"","placeholder_enable":false,"placeholder":"","display":"select","restrictions_type":"any_text","adjust_price":true,"price":"70000","price_type":"quantity_based","restrictions":false,"min":"0","max":"0","options":[],"id":1775471202},{"name":"ADUJ : Aposentado","type":"input_multiplier","position":2,"required":false,"title_format":"label","default":"","description_enable":false,"description":"","placeholder_enable":false,"placeholder":"","display":"select","restrictions_type":"any_text","adjust_price":true,"price":"70000","price_type":"quantity_based","restrictions":false,"min":"0","max":"0","options":[],"id":1775471203}],"yoast_head":"<!-- This site is optimized with the Yoast SEO Premium plugin v25.2 (Yoast SEO v25.2) - https:\/\/yoast.com\/wordpress\/plugins\/seo\/ -->\n<title>Isla Victoria y Bosque de Arrayanes | Navegaci\u00f3n Nahuel Huapi - Navegacion Patagonia<\/title>\n<meta name=\"description\" content=\"Naveg\u00e1 el Nahuel Huapi hacia Isla Victoria y el Bosque de Arrayanes. Una excursi\u00f3n \u00fanica entre paisajes patag\u00f3nicos sin transporte incluido.\" \/>\n<meta name=\"robots\" content=\"index, follow, max-snippet:-1, max-image-preview:large, max-video-preview:-1\" \/>\n<link rel=\"canonical\" href=\"https:\/\/navegacionpatagonia.com.ar\/pt\/produto\/navegacao-na-ilha-nahuel-huapi-victoria-e-na-floresta-arrayanes-sem-transporte\/\" \/>\n<meta property=\"og:locale\" content=\"pt_BR\" \/>\n<meta property=\"og:type\" content=\"article\" \/>\n<meta property=\"og:title\" content=\"Navegaci\u00f3n por Nahuel Huapi: Isla Victoria y Bosque de Arrayanes sin transporte\" \/>\n<meta property=\"og:description\" content=\"Naveg\u00e1 el Nahuel Huapi hacia Isla Victoria y el Bosque de Arrayanes. Una excursi\u00f3n \u00fanica entre paisajes patag\u00f3nicos sin transporte incluido.\" \/>\n<meta property=\"og:url\" content=\"https:\/\/navegacionpatagonia.com.ar\/pt\/produto\/navegacao-na-ilha-nahuel-huapi-victoria-e-na-floresta-arrayanes-sem-transporte\/\" \/>\n<meta property=\"og:site_name\" content=\"Navegacion Patagonia\" \/>\n<meta property=\"article:modified_time\" content=\"2026-04-06T13:26:41+00:00\" \/>\n<meta property=\"og:image\" content=\"https:\/\/navegacionpatagonia.com.ar\/wp-content\/uploads\/sites\/8\/2025\/03\/IslaVictoriayBosquedeArrayanes_image4_1140_1601416939.jpg\" \/>\n\t<meta property=\"og:image:width\" content=\"1140\" \/>\n\t<meta property=\"og:image:height\" content=\"855\" \/>\n\t<meta property=\"og:image:type\" content=\"image\/jpeg\" \/>\n<meta name=\"twitter:card\" content=\"summary_large_image\" \/>\n<meta name=\"twitter:label1\" content=\"Pre\u00e7o\" \/>\n\t<meta name=\"twitter:data1\" content=\"&#036;163,200.00\" \/>\n\t<meta name=\"twitter:label2\" content=\"Disponibilidade\" \/>\n\t<meta name=\"twitter:data2\" content=\"Em Estoque\" \/>\n<script type=\"application\/ld+json\" class=\"yoast-schema-graph\">{\"@context\":\"https:\/\/schema.org\",\"@graph\":[{\"@type\":\"WebPage\",\"@id\":\"https:\/\/navegacionpatagonia.com.ar\/producto\/navegacion-por-nahuel-huapi-isla-victoria-y-bosque-de-arrayanes-sin-transporte\/\",\"url\":\"https:\/\/navegacionpatagonia.com.ar\/producto\/navegacion-por-nahuel-huapi-isla-victoria-y-bosque-de-arrayanes-sin-transporte\/\",\"name\":\"Isla Victoria y Bosque de Arrayanes | Navegaci\u00f3n Nahuel Huapi - Navegacion Patagonia\",\"isPartOf\":{\"@id\":\"https:\/\/navegacionpatagonia.com.ar\/#website\"},\"primaryImageOfPage\":{\"@id\":\"https:\/\/navegacionpatagonia.com.ar\/producto\/navegacion-por-nahuel-huapi-isla-victoria-y-bosque-de-arrayanes-sin-transporte\/#primaryimage\"},\"image\":{\"@id\":\"https:\/\/navegacionpatagonia.com.ar\/producto\/navegacion-por-nahuel-huapi-isla-victoria-y-bosque-de-arrayanes-sin-transporte\/#primaryimage\"},\"thumbnailUrl\":\"https:\/\/navegacionpatagonia.com.ar\/wp-content\/uploads\/sites\/8\/2025\/03\/IslaVictoriayBosquedeArrayanes_image4_1140_1601416939.jpg\",\"datePublished\":\"2025-08-21T22:07:57+00:00\",\"dateModified\":\"2026-04-06T13:26:41+00:00\",\"description\":\"Naveg\u00e1 el Nahuel Huapi hacia Isla Victoria y el Bosque de Arrayanes. Una excursi\u00f3n \u00fanica entre paisajes patag\u00f3nicos sin transporte incluido.\",\"breadcrumb\":{\"@id\":\"https:\/\/navegacionpatagonia.com.ar\/producto\/navegacion-por-nahuel-huapi-isla-victoria-y-bosque-de-arrayanes-sin-transporte\/#breadcrumb\"},\"inLanguage\":\"pt-BR\",\"potentialAction\":[{\"@type\":\"ReadAction\",\"target\":[\"https:\/\/navegacionpatagonia.com.ar\/producto\/navegacion-por-nahuel-huapi-isla-victoria-y-bosque-de-arrayanes-sin-transporte\/\"]}]},{\"@type\":\"ImageObject\",\"inLanguage\":\"pt-BR\",\"@id\":\"https:\/\/navegacionpatagonia.com.ar\/producto\/navegacion-por-nahuel-huapi-isla-victoria-y-bosque-de-arrayanes-sin-transporte\/#primaryimage\",\"url\":\"https:\/\/navegacionpatagonia.com.ar\/wp-content\/uploads\/sites\/8\/2025\/03\/IslaVictoriayBosquedeArrayanes_image4_1140_1601416939.jpg\",\"contentUrl\":\"https:\/\/navegacionpatagonia.com.ar\/wp-content\/uploads\/sites\/8\/2025\/03\/IslaVictoriayBosquedeArrayanes_image4_1140_1601416939.jpg\",\"width\":1140,\"height\":855},{\"@type\":\"BreadcrumbList\",\"@id\":\"https:\/\/navegacionpatagonia.com.ar\/producto\/navegacion-por-nahuel-huapi-isla-victoria-y-bosque-de-arrayanes-sin-transporte\/#breadcrumb\",\"itemListElement\":[{\"@type\":\"ListItem\",\"position\":1,\"name\":\"Inicio\",\"item\":\"https:\/\/navegacionpatagonia.com.ar\/\"},{\"@type\":\"ListItem\",\"position\":2,\"name\":\"Tienda\",\"item\":\"https:\/\/navegacionpatagonia.com.ar\/tienda\/\"},{\"@type\":\"ListItem\",\"position\":3,\"name\":\"Navegaci\u00f3n por Nahuel Huapi: Isla Victoria y Bosque de Arrayanes sin transporte\"}]},{\"@type\":\"WebSite\",\"@id\":\"https:\/\/navegacionpatagonia.com.ar\/#website\",\"url\":\"https:\/\/navegacionpatagonia.com.ar\/\",\"name\":\"Navegacion Patagonia\",\"description\":\"\",\"potentialAction\":[{\"@type\":\"SearchAction\",\"target\":{\"@type\":\"EntryPoint\",\"urlTemplate\":\"https:\/\/navegacionpatagonia.com.ar\/?s={search_term_string}\"},\"query-input\":{\"@type\":\"PropertyValueSpecification\",\"valueRequired\":true,\"valueName\":\"search_term_string\"}}],\"inLanguage\":\"pt-BR\"}]}<\/script>\n<meta property=\"product:price:amount\" content=\"163200.00\" \/>\n<meta property=\"product:price:currency\" content=\"ARS\" \/>\n<meta property=\"og:availability\" content=\"instock\" \/>\n<meta property=\"product:availability\" content=\"instock\" \/>\n<meta property=\"product:retailer_item_id\" content=\"ADV2025ISVIYB4A10\" \/>\n<meta property=\"product:condition\" content=\"new\" \/>\n<!-- \/ Yoast SEO Premium plugin. -->","yoast_head_json":{"title":"Isla Victoria e Bosque de Arrayanes - Navega\u00e7\u00e3o Nahuel Huapi - Navegacion Patagonia","description":"Navegue pelo Nahuel Huapi em dire\u00e7\u00e3o \u00e0 Ilha Victoria e \u00e0 Floresta de Arrayanes. Uma excurs\u00e3o \u00fanica entre as paisagens da Patag\u00f4nia, sem transporte inclu\u00eddo.","robots":{"index":"index","follow":"follow","max-snippet":"max-snippet:-1","max-image-preview":"max-image-preview:large","max-video-preview":"max-video-preview:-1"},"canonical":"https:\/\/navegacionpatagonia.com.ar\/pt\/produto\/navegacao-na-ilha-nahuel-huapi-victoria-e-na-floresta-arrayanes-sem-transporte\/","og_locale":"pt_BR","og_type":"article","og_title":"Navegaci\u00f3n por Nahuel Huapi: Isla Victoria y Bosque de Arrayanes sin transporte","og_description":"Naveg\u00e1 el Nahuel Huapi hacia Isla Victoria y el Bosque de Arrayanes. Una excursi\u00f3n \u00fanica entre paisajes patag\u00f3nicos sin transporte incluido.","og_url":"https:\/\/navegacionpatagonia.com.ar\/pt\/produto\/navegacao-na-ilha-nahuel-huapi-victoria-e-na-floresta-arrayanes-sem-transporte\/","og_site_name":"Navegacion Patagonia","article_modified_time":"2026-04-06T13:26:41+00:00","og_image":[{"width":1140,"height":855,"url":"https:\/\/navegacionpatagonia.com.ar\/wp-content\/uploads\/sites\/8\/2025\/03\/IslaVictoriayBosquedeArrayanes_image4_1140_1601416939.jpg","type":"image\/jpeg"}],"twitter_card":"summary_large_image","twitter_misc":{"Pre\u00e7o":"&#36;163,200.00","Disponibilidade":"Em Estoque"},"schema":{"@context":"https:\/\/schema.org","@graph":[{"@type":"WebPage","@id":"https:\/\/navegacionpatagonia.com.ar\/producto\/navegacion-por-nahuel-huapi-isla-victoria-y-bosque-de-arrayanes-sin-transporte\/","url":"https:\/\/navegacionpatagonia.com.ar\/producto\/navegacion-por-nahuel-huapi-isla-victoria-y-bosque-de-arrayanes-sin-transporte\/","name":"Isla Victoria e Bosque de Arrayanes - Navega\u00e7\u00e3o Nahuel Huapi - Navegacion Patagonia","isPartOf":{"@id":"https:\/\/navegacionpatagonia.com.ar\/#website"},"primaryImageOfPage":{"@id":"https:\/\/navegacionpatagonia.com.ar\/producto\/navegacion-por-nahuel-huapi-isla-victoria-y-bosque-de-arrayanes-sin-transporte\/#primaryimage"},"image":{"@id":"https:\/\/navegacionpatagonia.com.ar\/producto\/navegacion-por-nahuel-huapi-isla-victoria-y-bosque-de-arrayanes-sin-transporte\/#primaryimage"},"thumbnailUrl":"https:\/\/navegacionpatagonia.com.ar\/wp-content\/uploads\/sites\/8\/2025\/03\/IslaVictoriayBosquedeArrayanes_image4_1140_1601416939.jpg","datePublished":"2025-08-21T22:07:57+00:00","dateModified":"2026-04-06T13:26:41+00:00","description":"Navegue pelo Nahuel Huapi em dire\u00e7\u00e3o \u00e0 Ilha Victoria e \u00e0 Floresta de Arrayanes. Uma excurs\u00e3o \u00fanica entre as paisagens da Patag\u00f4nia, sem transporte inclu\u00eddo.","breadcrumb":{"@id":"https:\/\/navegacionpatagonia.com.ar\/producto\/navegacion-por-nahuel-huapi-isla-victoria-y-bosque-de-arrayanes-sin-transporte\/#breadcrumb"},"inLanguage":"pt-BR","potentialAction":[{"@type":"ReadAction","target":["https:\/\/navegacionpatagonia.com.ar\/producto\/navegacion-por-nahuel-huapi-isla-victoria-y-bosque-de-arrayanes-sin-transporte\/"]}]},{"@type":"ImageObject","inLanguage":"pt-BR","@id":"https:\/\/navegacionpatagonia.com.ar\/producto\/navegacion-por-nahuel-huapi-isla-victoria-y-bosque-de-arrayanes-sin-transporte\/#primaryimage","url":"https:\/\/navegacionpatagonia.com.ar\/wp-content\/uploads\/sites\/8\/2025\/03\/IslaVictoriayBosquedeArrayanes_image4_1140_1601416939.jpg","contentUrl":"https:\/\/navegacionpatagonia.com.ar\/wp-content\/uploads\/sites\/8\/2025\/03\/IslaVictoriayBosquedeArrayanes_image4_1140_1601416939.jpg","width":1140,"height":855},{"@type":"BreadcrumbList","@id":"https:\/\/navegacionpatagonia.com.ar\/producto\/navegacion-por-nahuel-huapi-isla-victoria-y-bosque-de-arrayanes-sin-transporte\/#breadcrumb","itemListElement":[{"@type":"ListItem","position":1,"name":"Inicio","item":"https:\/\/navegacionpatagonia.com.ar\/"},{"@type":"ListItem","position":2,"name":"Tienda","item":"https:\/\/navegacionpatagonia.com.ar\/tienda\/"},{"@type":"ListItem","position":3,"name":"Navegaci\u00f3n por Nahuel Huapi: Isla Victoria y Bosque de Arrayanes sin transporte"}]},{"@type":"WebSite","@id":"https:\/\/navegacionpatagonia.com.ar\/#website","url":"https:\/\/navegacionpatagonia.com.ar\/","name":"Navega\u00e7\u00e3o na Patag\u00f4nia","description":"","potentialAction":[{"@type":"SearchAction","target":{"@type":"EntryPoint","urlTemplate":"https:\/\/navegacionpatagonia.com.ar\/?s={search_term_string}"},"query-input":{"@type":"PropertyValueSpecification","valueRequired":true,"valueName":"search_term_string"}}],"inLanguage":"pt-BR"}]},"product_price_amount":"163200.00","product_price_currency":"ARS","og_availability":"instock","product_availability":"instock","product_retailer_item_id":"ADV2025ISVIYB4A10","product_condition":"new"},"_links":{"self":[{"href":"https:\/\/navegacionpatagonia.com.ar\/pt\/wp-json\/wp\/v2\/product\/378019","targetHints":{"allow":["GET"]}}],"collection":[{"href":"https:\/\/navegacionpatagonia.com.ar\/pt\/wp-json\/wp\/v2\/product"}],"about":[{"href":"https:\/\/navegacionpatagonia.com.ar\/pt\/wp-json\/wp\/v2\/types\/product"}],"replies":[{"embeddable":true,"href":"https:\/\/navegacionpatagonia.com.ar\/pt\/wp-json\/wp\/v2\/comments?post=378019"}],"wp:featuredmedia":[{"embeddable":true,"href":"https:\/\/navegacionpatagonia.com.ar\/pt\/wp-json\/wp\/v2\/media\/377132"}],"wp:attachment":[{"href":"https:\/\/navegacionpatagonia.com.ar\/pt\/wp-json\/wp\/v2\/media?parent=378019"}],"wp:term":[{"taxonomy":"product_brand","embeddable":true,"href":"https:\/\/navegacionpatagonia.com.ar\/pt\/wp-json\/wp\/v2\/product_brand?post=378019"},{"taxonomy":"product_cat","embeddable":true,"href":"https:\/\/navegacionpatagonia.com.ar\/pt\/wp-json\/wp\/v2\/product_cat?post=378019"},{"taxonomy":"product_tag","embeddable":true,"href":"https:\/\/navegacionpatagonia.com.ar\/pt\/wp-json\/wp\/v2\/product_tag?post=378019"}],"curies":[{"name":"wp","href":"https:\/\/api.w.org\/{rel}","templated":true}]}}