{"id":378018,"date":"2025-08-21T19:07:18","date_gmt":"2025-08-21T22:07:18","guid":{"rendered":"https:\/\/navegacionpatagonia.com.ar\/producto\/paseo-a-puerto-blest-y-lago-frias-con-traslado\/"},"modified":"2026-04-06T10:33:21","modified_gmt":"2026-04-06T13:33:21","slug":"paseo-a-puerto-blest-y-lago-frias-con-traslado","status":"publish","type":"product","link":"https:\/\/navegacionpatagonia.com.ar\/pt\/produto\/viagem-para-puerto-blest-e-lago-frias-com-traslado\/","title":{"rendered":"Viagem a Puerto Blest e Lago Frias com traslado"},"content":{"rendered":"<h2 class=\"ai-optimize-22\">Explore a majestade de Puerto Blest e a cachoeira \u00abLos C\u00e1ntaros\u00bb.\u00bb<\/h2>\n<p class=\"ai-optimize-23 ai-optimize-introduction\">Comece uma experi\u00eancia \u00fanica a partir do encantador <strong>Puerto Pa\u00f1uelo<\/strong>, localizado a poucos quil\u00f4metros do centro de San Carlos de Bariloche. Durante um passeio de barco de aproximadamente sessenta minutos, voc\u00ea ter\u00e1 a oportunidade de conhecer o ic\u00f4nico <strong>Ilhota Sentinela<\/strong>, famoso por ser o local de descanso do famoso Perito Moreno.<\/p>\n<p class=\"ai-optimize-24\">A excurs\u00e3o continua at\u00e9 uma rede de passarelas que oferece uma perspectiva \u00fanica da imponente <strong>Cachoeira Los C\u00e1ntaros<\/strong>. Esse ambiente natural espetacular \u00e9 cercado por altos muros de granito e protege um lari\u00e7o milenar com mais de 1.500 anos de vida.<\/p>\n<h3 class=\"ai-optimize-25\">Navega\u00e7\u00e3o panor\u00e2mica no lago<\/h3>\n<p class=\"ai-optimize-26\">Em um catamar\u00e3 de \u00faltima gera\u00e7\u00e3o, voc\u00ea desfrutar\u00e1 de <strong>vistas incompar\u00e1veis do Lago Nahuel Huapi<\/strong> e os picos impressionantes da <strong>Cordilheira dos Andes<\/strong>. Experimente o charme das ilhas e as paisagens extraordin\u00e1rias t\u00edpicas da regi\u00e3o.<\/p>\n<h2 class=\"ai-optimize-27\">Descobrindo o Lago Frias: um para\u00edso escondido<\/h2>\n<p class=\"ai-optimize-28\">Ao chegar a Puerto Blest, um lugar que atrai viajantes de todo o mundo, voc\u00ea ficar\u00e1 surpreso com a magnific\u00eancia do local. <strong>Lago Frias<\/strong>. A incr\u00edvel cor verde do lago se deve aos sedimentos transportados pela geleira Cerro Tronador.<\/p>\n<p class=\"ai-optimize-29\">Se quiser estender sua aventura, em apenas 3 km de \u00f4nibus voc\u00ea chegar\u00e1 a <strong>Porto Alegre<\/strong>, A praia \u00e9 o ponto de embarque para conhecer de perto suas \u00e1guas de beleza \u00fanica.<\/p>\n<h3 class=\"ai-optimize-30\">In\u00fameras op\u00e7\u00f5es de entretenimento<\/h3>\n<ul>\n<li class=\"ai-optimize-31\">Caminhadas guiadas pela floresta tropical de Vald\u00edvia, uma \u00e1rea com uma biodiversidade not\u00e1vel.<\/li>\n<li class=\"ai-optimize-32\">Passeios de barco no sereno Lago Frias, explorando panoramas incr\u00edveis.<\/li>\n<\/ul>\n<h2 class=\"ai-optimize-33\">Informa\u00e7\u00f5es importantes sobre o tour<\/h2>\n<ul>\n<li class=\"ai-optimize-34\"><strong>Dura\u00e7\u00e3o:<\/strong> Das 8h30min \u00e0s 17h30min, aproximadamente.<\/li>\n<li class=\"ai-optimize-35\"><strong>Ele inclui:<\/strong> Traslado de ida e volta, guia aqu\u00e1tico e caminhadas.<\/li>\n<li class=\"ai-optimize-36\"><strong>N\u00e3o inclu\u00eddo:<\/strong> Refei\u00e7\u00f5es (dispon\u00edveis em Paradores) e taxas de entrada nos Parques Nacionais.<\/li>\n<\/ul>\n<h2 class=\"ai-optimize-37\">Perguntas frequentes<\/h2>\n<ul>\n<li class=\"ai-optimize-38\"><strong>Como s\u00e3o pagas as taxas de entrada no Parque Nacional?<\/strong><br \/>\nAs taxas devem ser pagas no dia da excurs\u00e3o em Puerto Pa\u00f1uelo, somente em dinheiro e em pesos argentinos. H\u00e1 isen\u00e7\u00f5es para moradores locais e crian\u00e7as com menos de cinco anos de idade.<\/li>\n<li class=\"ai-optimize-39\"><strong>H\u00e1 algum desconto para aposentados estrangeiros?<\/strong><br \/>\nN\u00e3o, os benef\u00edcios se aplicam apenas aos aposentados argentinos, que devem apresentar sua carteira de identidade ao embarcar.<\/li>\n<li class=\"ai-optimize-40\"><strong>\u00c9 permitido levar sua pr\u00f3pria comida?<\/strong><br \/>\nSim, voc\u00ea pode levar sua pr\u00f3pria comida ou optar por comer no barco e nas paradas.<\/li>\n<li class=\"ai-optimize-41\"><strong>Qual barco \u00e9 usado para essas excurs\u00f5es?<\/strong><br \/>\nO hist\u00f3rico Modesta Victoria \u00e9 normalmente usado, mas pode ser alterado sem notifica\u00e7\u00e3o pr\u00e9via.<\/li>\n<li class=\"ai-optimize-42\"><strong>Ele pode ser combinado com outras atividades?<\/strong><br \/>\nSim, especialmente se voc\u00ea reservar \u00e0 tarde. \u00c9 altamente recomend\u00e1vel adicion\u00e1-lo ao Circuito Chico para um dia inesquec\u00edvel.<\/li>\n<\/ul>","protected":false},"excerpt":{"rendered":"<p class=\"ai-optimize-6\">Desfrute de uma escapada \u00fanica em Puerto Blest e da impressionante cachoeira \u00abLos C\u00e1ntaros\u00bb. Sinta a magia de um passeio pelo lago e admire o espetacular Lago Frias. Adquira seu ingresso agora e entre em um ambiente natural cativante.<\/p>","protected":false},"featured_media":377138,"comment_status":"open","ping_status":"closed","template":"","meta":[],"product_brand":[],"product_cat":[62,66,67,70,71,73,77,82],"product_tag":[],"class_list":{"0":"post-378018","1":"product","2":"type-product","3":"status-publish","4":"has-post-thumbnail","6":"product_cat-adultos","7":"product_cat-con-traslado","8":"product_cat-familia","9":"product_cat-jubilados","10":"product_cat-lacustre","11":"product_cat-ninos","12":"product_cat-sin-comida","13":"product_cat-todo-el-ano","15":"first","16":"instock","17":"virtual","18":"sold-individually","19":"purchasable","20":"product-type-booking"},"booking_location":"","booking_location_type":"","booking_duration":60,"booking_duration_unit":"minute","booking_buffer":0,"booking_cost":0,"booking_resources":[],"exclude_global_add_ons":false,"addons":[{"name":"ADU | Adulto","type":"input_multiplier","position":0,"required":false,"title_format":"label","default":"","description_enable":false,"description":"","placeholder_enable":false,"placeholder":"","display":"select","restrictions_type":"any_text","adjust_price":true,"price":"212000","price_type":"quantity_based","restrictions":false,"min":"0","max":"0","options":[],"id":1775471414},{"name":"MEN512 | 5 a 12","type":"input_multiplier","position":1,"required":false,"title_format":"label","default":"","description_enable":false,"description":"","placeholder_enable":false,"placeholder":"","display":"select","restrictions_type":"any_text","adjust_price":true,"price":"119000","price_type":"quantity_based","restrictions":false,"min":"0","max":"0","options":[],"id":1775471415},{"name":"ADUJ : Aposentado","type":"input_multiplier","position":2,"required":false,"title_format":"label","default":"","description_enable":false,"description":"","placeholder_enable":false,"placeholder":"","display":"select","restrictions_type":"any_text","adjust_price":true,"price":"119000","price_type":"quantity_based","restrictions":false,"min":"0","max":"0","options":[],"id":1775471416}],"yoast_head":"<!-- This site is optimized with the Yoast SEO Premium plugin v25.2 (Yoast SEO v25.2) - https:\/\/yoast.com\/wordpress\/plugins\/seo\/ -->\n<title>Paseo a Puerto Blest y Lago Fr\u00edas con traslado - Navegacion Patagonia<\/title>\n<meta name=\"description\" content=\"Disfrut\u00e1 una excursi\u00f3n \u00fanica a Puerto Blest y Lago Fr\u00edas en el Nahuel Huapi. Naturaleza, aventura y traslado incluido desde Bariloche.\" \/>\n<meta name=\"robots\" content=\"index, follow, max-snippet:-1, max-image-preview:large, max-video-preview:-1\" \/>\n<link rel=\"canonical\" href=\"https:\/\/navegacionpatagonia.com.ar\/pt\/produto\/viagem-para-puerto-blest-e-lago-frias-com-traslado\/\" \/>\n<meta property=\"og:locale\" content=\"pt_BR\" \/>\n<meta property=\"og:type\" content=\"article\" \/>\n<meta property=\"og:title\" content=\"Paseo a Puerto Blest y Lago Fr\u00edas con traslado\" \/>\n<meta property=\"og:description\" content=\"Disfrut\u00e1 una excursi\u00f3n \u00fanica a Puerto Blest y Lago Fr\u00edas en el Nahuel Huapi. Naturaleza, aventura y traslado incluido desde Bariloche.\" \/>\n<meta property=\"og:url\" content=\"https:\/\/navegacionpatagonia.com.ar\/pt\/produto\/viagem-para-puerto-blest-e-lago-frias-com-traslado\/\" \/>\n<meta property=\"og:site_name\" content=\"Navegacion Patagonia\" \/>\n<meta property=\"article:modified_time\" content=\"2026-04-06T13:33:21+00:00\" \/>\n<meta property=\"og:image\" content=\"https:\/\/navegacionpatagonia.com.ar\/wp-content\/uploads\/sites\/8\/2025\/03\/PuertoblestyCascadadelosCntaros_image2_1140_1601574229.jpg\" \/>\n\t<meta property=\"og:image:width\" content=\"1140\" \/>\n\t<meta property=\"og:image:height\" content=\"855\" \/>\n\t<meta property=\"og:image:type\" content=\"image\/jpeg\" \/>\n<meta name=\"twitter:card\" content=\"summary_large_image\" \/>\n<meta name=\"twitter:label1\" content=\"Pre\u00e7o\" \/>\n\t<meta name=\"twitter:data1\" content=\"&#036;254,400.00\" \/>\n\t<meta name=\"twitter:label2\" content=\"Disponibilidade\" \/>\n\t<meta name=\"twitter:data2\" content=\"Em Estoque\" \/>\n<script type=\"application\/ld+json\" class=\"yoast-schema-graph\">{\"@context\":\"https:\/\/schema.org\",\"@graph\":[{\"@type\":\"WebPage\",\"@id\":\"https:\/\/navegacionpatagonia.com.ar\/producto\/paseo-a-puerto-blest-y-lago-frias-con-traslado\/\",\"url\":\"https:\/\/navegacionpatagonia.com.ar\/producto\/paseo-a-puerto-blest-y-lago-frias-con-traslado\/\",\"name\":\"Paseo a Puerto Blest y Lago Fr\u00edas con traslado - Navegacion Patagonia\",\"isPartOf\":{\"@id\":\"https:\/\/navegacionpatagonia.com.ar\/#website\"},\"primaryImageOfPage\":{\"@id\":\"https:\/\/navegacionpatagonia.com.ar\/producto\/paseo-a-puerto-blest-y-lago-frias-con-traslado\/#primaryimage\"},\"image\":{\"@id\":\"https:\/\/navegacionpatagonia.com.ar\/producto\/paseo-a-puerto-blest-y-lago-frias-con-traslado\/#primaryimage\"},\"thumbnailUrl\":\"https:\/\/navegacionpatagonia.com.ar\/wp-content\/uploads\/sites\/8\/2025\/03\/PuertoblestyCascadadelosCntaros_image2_1140_1601574229.jpg\",\"datePublished\":\"2025-08-21T22:07:18+00:00\",\"dateModified\":\"2026-04-06T13:33:21+00:00\",\"description\":\"Disfrut\u00e1 una excursi\u00f3n \u00fanica a Puerto Blest y Lago Fr\u00edas en el Nahuel Huapi. Naturaleza, aventura y traslado incluido desde Bariloche.\",\"breadcrumb\":{\"@id\":\"https:\/\/navegacionpatagonia.com.ar\/producto\/paseo-a-puerto-blest-y-lago-frias-con-traslado\/#breadcrumb\"},\"inLanguage\":\"pt-BR\",\"potentialAction\":[{\"@type\":\"ReadAction\",\"target\":[\"https:\/\/navegacionpatagonia.com.ar\/producto\/paseo-a-puerto-blest-y-lago-frias-con-traslado\/\"]}]},{\"@type\":\"ImageObject\",\"inLanguage\":\"pt-BR\",\"@id\":\"https:\/\/navegacionpatagonia.com.ar\/producto\/paseo-a-puerto-blest-y-lago-frias-con-traslado\/#primaryimage\",\"url\":\"https:\/\/navegacionpatagonia.com.ar\/wp-content\/uploads\/sites\/8\/2025\/03\/PuertoblestyCascadadelosCntaros_image2_1140_1601574229.jpg\",\"contentUrl\":\"https:\/\/navegacionpatagonia.com.ar\/wp-content\/uploads\/sites\/8\/2025\/03\/PuertoblestyCascadadelosCntaros_image2_1140_1601574229.jpg\",\"width\":1140,\"height\":855},{\"@type\":\"BreadcrumbList\",\"@id\":\"https:\/\/navegacionpatagonia.com.ar\/producto\/paseo-a-puerto-blest-y-lago-frias-con-traslado\/#breadcrumb\",\"itemListElement\":[{\"@type\":\"ListItem\",\"position\":1,\"name\":\"Inicio\",\"item\":\"https:\/\/navegacionpatagonia.com.ar\/\"},{\"@type\":\"ListItem\",\"position\":2,\"name\":\"Tienda\",\"item\":\"https:\/\/navegacionpatagonia.com.ar\/tienda\/\"},{\"@type\":\"ListItem\",\"position\":3,\"name\":\"Paseo a Puerto Blest y Lago Fr\u00edas con traslado\"}]},{\"@type\":\"WebSite\",\"@id\":\"https:\/\/navegacionpatagonia.com.ar\/#website\",\"url\":\"https:\/\/navegacionpatagonia.com.ar\/\",\"name\":\"Navegacion Patagonia\",\"description\":\"\",\"potentialAction\":[{\"@type\":\"SearchAction\",\"target\":{\"@type\":\"EntryPoint\",\"urlTemplate\":\"https:\/\/navegacionpatagonia.com.ar\/?s={search_term_string}\"},\"query-input\":{\"@type\":\"PropertyValueSpecification\",\"valueRequired\":true,\"valueName\":\"search_term_string\"}}],\"inLanguage\":\"pt-BR\"}]}<\/script>\n<meta property=\"product:price:amount\" content=\"254400.00\" \/>\n<meta property=\"product:price:currency\" content=\"ARS\" \/>\n<meta property=\"og:availability\" content=\"instock\" \/>\n<meta property=\"product:availability\" content=\"instock\" \/>\n<meta property=\"product:retailer_item_id\" content=\"ADV2025PUBLYC9CR1\" \/>\n<meta property=\"product:condition\" content=\"new\" \/>\n<!-- \/ Yoast SEO Premium plugin. -->","yoast_head_json":{"title":"Viagem a Puerto Blest e Lago Frias com traslado - Navegacion Patagonia","description":"Desfrute de uma excurs\u00e3o exclusiva a Puerto Blest e Lago Frias no Nahuel Huapi. Natureza, aventura e traslado inclu\u00eddos a partir de Bariloche.","robots":{"index":"index","follow":"follow","max-snippet":"max-snippet:-1","max-image-preview":"max-image-preview:large","max-video-preview":"max-video-preview:-1"},"canonical":"https:\/\/navegacionpatagonia.com.ar\/pt\/produto\/viagem-para-puerto-blest-e-lago-frias-com-traslado\/","og_locale":"pt_BR","og_type":"article","og_title":"Paseo a Puerto Blest y Lago Fr\u00edas con traslado","og_description":"Disfrut\u00e1 una excursi\u00f3n \u00fanica a Puerto Blest y Lago Fr\u00edas en el Nahuel Huapi. Naturaleza, aventura y traslado incluido desde Bariloche.","og_url":"https:\/\/navegacionpatagonia.com.ar\/pt\/produto\/viagem-para-puerto-blest-e-lago-frias-com-traslado\/","og_site_name":"Navegacion Patagonia","article_modified_time":"2026-04-06T13:33:21+00:00","og_image":[{"width":1140,"height":855,"url":"https:\/\/navegacionpatagonia.com.ar\/wp-content\/uploads\/sites\/8\/2025\/03\/PuertoblestyCascadadelosCntaros_image2_1140_1601574229.jpg","type":"image\/jpeg"}],"twitter_card":"summary_large_image","twitter_misc":{"Pre\u00e7o":"&#36;254,400.00","Disponibilidade":"Em Estoque"},"schema":{"@context":"https:\/\/schema.org","@graph":[{"@type":"WebPage","@id":"https:\/\/navegacionpatagonia.com.ar\/producto\/paseo-a-puerto-blest-y-lago-frias-con-traslado\/","url":"https:\/\/navegacionpatagonia.com.ar\/producto\/paseo-a-puerto-blest-y-lago-frias-con-traslado\/","name":"Viagem a Puerto Blest e Lago Frias com traslado - Navegacion Patagonia","isPartOf":{"@id":"https:\/\/navegacionpatagonia.com.ar\/#website"},"primaryImageOfPage":{"@id":"https:\/\/navegacionpatagonia.com.ar\/producto\/paseo-a-puerto-blest-y-lago-frias-con-traslado\/#primaryimage"},"image":{"@id":"https:\/\/navegacionpatagonia.com.ar\/producto\/paseo-a-puerto-blest-y-lago-frias-con-traslado\/#primaryimage"},"thumbnailUrl":"https:\/\/navegacionpatagonia.com.ar\/wp-content\/uploads\/sites\/8\/2025\/03\/PuertoblestyCascadadelosCntaros_image2_1140_1601574229.jpg","datePublished":"2025-08-21T22:07:18+00:00","dateModified":"2026-04-06T13:33:21+00:00","description":"Desfrute de uma excurs\u00e3o exclusiva a Puerto Blest e Lago Frias no Nahuel Huapi. Natureza, aventura e traslado inclu\u00eddos a partir de Bariloche.","breadcrumb":{"@id":"https:\/\/navegacionpatagonia.com.ar\/producto\/paseo-a-puerto-blest-y-lago-frias-con-traslado\/#breadcrumb"},"inLanguage":"pt-BR","potentialAction":[{"@type":"ReadAction","target":["https:\/\/navegacionpatagonia.com.ar\/producto\/paseo-a-puerto-blest-y-lago-frias-con-traslado\/"]}]},{"@type":"ImageObject","inLanguage":"pt-BR","@id":"https:\/\/navegacionpatagonia.com.ar\/producto\/paseo-a-puerto-blest-y-lago-frias-con-traslado\/#primaryimage","url":"https:\/\/navegacionpatagonia.com.ar\/wp-content\/uploads\/sites\/8\/2025\/03\/PuertoblestyCascadadelosCntaros_image2_1140_1601574229.jpg","contentUrl":"https:\/\/navegacionpatagonia.com.ar\/wp-content\/uploads\/sites\/8\/2025\/03\/PuertoblestyCascadadelosCntaros_image2_1140_1601574229.jpg","width":1140,"height":855},{"@type":"BreadcrumbList","@id":"https:\/\/navegacionpatagonia.com.ar\/producto\/paseo-a-puerto-blest-y-lago-frias-con-traslado\/#breadcrumb","itemListElement":[{"@type":"ListItem","position":1,"name":"Inicio","item":"https:\/\/navegacionpatagonia.com.ar\/"},{"@type":"ListItem","position":2,"name":"Tienda","item":"https:\/\/navegacionpatagonia.com.ar\/tienda\/"},{"@type":"ListItem","position":3,"name":"Paseo a Puerto Blest y Lago Fr\u00edas con traslado"}]},{"@type":"WebSite","@id":"https:\/\/navegacionpatagonia.com.ar\/#website","url":"https:\/\/navegacionpatagonia.com.ar\/","name":"Navega\u00e7\u00e3o na Patag\u00f4nia","description":"","potentialAction":[{"@type":"SearchAction","target":{"@type":"EntryPoint","urlTemplate":"https:\/\/navegacionpatagonia.com.ar\/?s={search_term_string}"},"query-input":{"@type":"PropertyValueSpecification","valueRequired":true,"valueName":"search_term_string"}}],"inLanguage":"pt-BR"}]},"product_price_amount":"254400.00","product_price_currency":"ARS","og_availability":"instock","product_availability":"instock","product_retailer_item_id":"ADV2025PUBLYC9CR1","product_condition":"new"},"_links":{"self":[{"href":"https:\/\/navegacionpatagonia.com.ar\/pt\/wp-json\/wp\/v2\/product\/378018","targetHints":{"allow":["GET"]}}],"collection":[{"href":"https:\/\/navegacionpatagonia.com.ar\/pt\/wp-json\/wp\/v2\/product"}],"about":[{"href":"https:\/\/navegacionpatagonia.com.ar\/pt\/wp-json\/wp\/v2\/types\/product"}],"replies":[{"embeddable":true,"href":"https:\/\/navegacionpatagonia.com.ar\/pt\/wp-json\/wp\/v2\/comments?post=378018"}],"wp:featuredmedia":[{"embeddable":true,"href":"https:\/\/navegacionpatagonia.com.ar\/pt\/wp-json\/wp\/v2\/media\/377138"}],"wp:attachment":[{"href":"https:\/\/navegacionpatagonia.com.ar\/pt\/wp-json\/wp\/v2\/media?parent=378018"}],"wp:term":[{"taxonomy":"product_brand","embeddable":true,"href":"https:\/\/navegacionpatagonia.com.ar\/pt\/wp-json\/wp\/v2\/product_brand?post=378018"},{"taxonomy":"product_cat","embeddable":true,"href":"https:\/\/navegacionpatagonia.com.ar\/pt\/wp-json\/wp\/v2\/product_cat?post=378018"},{"taxonomy":"product_tag","embeddable":true,"href":"https:\/\/navegacionpatagonia.com.ar\/pt\/wp-json\/wp\/v2\/product_tag?post=378018"}],"curies":[{"name":"wp","href":"https:\/\/api.w.org\/{rel}","templated":true}]}}