{"id":378017,"date":"2025-08-21T19:06:12","date_gmt":"2025-08-21T22:06:12","guid":{"rendered":"https:\/\/navegacionpatagonia.com.ar\/producto\/puerto-blest-y-cascada-los-cantaros-con-transporte\/"},"modified":"2026-04-06T10:33:16","modified_gmt":"2026-04-06T13:33:16","slug":"puerto-blest-y-cascada-los-cantaros-con-transporte","status":"publish","type":"product","link":"https:\/\/navegacionpatagonia.com.ar\/pt\/produto\/puerto-blest-e-cachoeira-los-cantaros-com-transporte\/","title":{"rendered":"Puerto Blest e cachoeira \u00abLos Cantaros\u00bb com transporte"},"content":{"rendered":"<h2 class=\"ai-optimize-22\">Conhe\u00e7a a beleza de Puerto Blest e a cachoeira \u00abLos C\u00e1ntaros\u00bb.\u00bb<\/h2>\n<p class=\"ai-optimize-23 ai-optimize-introduction\">Mergulhe em uma experi\u00eancia \u00fanica na Patag\u00f4nia Argentina. Ao escolher seu traslado, voc\u00ea iniciar\u00e1 sua viagem do centro de Bariloche at\u00e9 o emblem\u00e1tico Puerto Pa\u00f1uelo, localizado a apenas 25 km do centro da cidade. Durante a viagem, deixe-se surpreender pelas impressionantes paisagens andinas e pela serenidade caracter\u00edstica dos lagos patag\u00f4nicos.<\/p>\n<h3 class=\"ai-optimize-24\">Uma jornada \u00fanica<\/h3>\n<p class=\"ai-optimize-25\">Suba em um catamar\u00e3 e navegue por cerca de uma hora entre vistas extraordin\u00e1rias. Durante a viagem, voc\u00ea conhecer\u00e1 a ilhota Centinela, um local hist\u00f3rico que guarda os restos do ilustre Perito Moreno. A viagem termina nas passarelas em dire\u00e7\u00e3o ao surpreendente <strong>Cachoeira Los C\u00e1ntaros<\/strong>, cercado por paredes de granito moldadas por geleiras, testemunhando o poder da natureza.<\/p>\n<h3 class=\"ai-optimize-26\">Atra\u00e7\u00f5es de Puerto Blest<\/h3>\n<ul>\n<li class=\"ai-optimize-27\"><strong>Ba\u00eda pitoresca:<\/strong> Desfrute de vistas panor\u00e2micas da ba\u00eda e das \u00e1guas esverdeadas do Lago Frias, alimentadas pelas geleiras do impressionante Cerro Tronador.<\/li>\n<li class=\"ai-optimize-28\"><strong>Trilhas na floresta tropical de Vald\u00edvia:<\/strong> Caminhando por suas trilhas, voc\u00ea pode experimentar a diversidade desse ecossistema \u00fanico no planeta.<\/li>\n<\/ul>\n<h3 class=\"ai-optimize-29\">Uma experi\u00eancia inesquec\u00edvel<\/h3>\n<p class=\"ai-optimize-30\">A excurs\u00e3o termina com a viagem de volta navegando pelo Brazo Blest, enquanto o Cerro Tronador se destaca ao p\u00f4r do sol, oferecendo uma lembran\u00e7a c\u00eanica incompar\u00e1vel.<\/p>\n<h3 class=\"ai-optimize-31\">Informa\u00e7\u00f5es relevantes<\/h3>\n<ul>\n<li class=\"ai-optimize-32\"><strong>Hor\u00e1rio:<\/strong> Das 9:00 \u00e0s 18:00 horas.<\/li>\n<li class=\"ai-optimize-33\"><strong>Ele inclui:<\/strong> Traslado de ida e volta, passeio guiado de catamar\u00e3 e caminhadas guiadas na floresta.<\/li>\n<li class=\"ai-optimize-34\"><strong>N\u00e3o inclu\u00eddo:<\/strong> Refei\u00e7\u00f5es (op\u00e7\u00f5es de refei\u00e7\u00f5es na rota dispon\u00edveis), taxas de acesso ao Parque Nacional e taxas de embarque.<\/li>\n<\/ul>\n<h3 class=\"ai-optimize-35\">Perguntas frequentes<\/h3>\n<h4 class=\"ai-optimize-36\">A excurs\u00e3o \u00e9 adequada para todas as idades?<\/h4>\n<p class=\"ai-optimize-37\">Sim, a travessia foi projetada para que pessoas de todas as idades possam aproveit\u00e1-la ao m\u00e1ximo.<\/p>\n<h4 class=\"ai-optimize-38\">Que roupa \u00e9 recomend\u00e1vel usar?<\/h4>\n<p class=\"ai-optimize-39\">\u00c9 aconselh\u00e1vel usar roupas confort\u00e1veis e cal\u00e7ados adequados para caminhadas, acrescentando uma jaqueta para poss\u00edveis mudan\u00e7as no clima.<\/p>\n<h4 class=\"ai-optimize-40\">A cachoeira \u00abLos C\u00e1ntaros\u00bb \u00e9 acess\u00edvel durante todo o ano?<\/h4>\n<p class=\"ai-optimize-41\">Em geral, o passeio \u00e9 oferecido durante todo o ano, embora seja aconselh\u00e1vel verificar a disponibilidade na temporada de inverno.<\/p>","protected":false},"excerpt":{"rendered":"<p class=\"ai-optimize-6\">Experimente uma viagem a Puerto Blest e \u00e0 espetacular cachoeira \u00abLos C\u00e1ntaros\u00bb. Fa\u00e7a um passeio de catamar\u00e3 no Lago Nahuel Huapi e descubra a imponente floresta valdiviana. Essa experi\u00eancia oferece panoramas \u00fanicos e momentos de pura uni\u00e3o com o meio ambiente. Garanta seu lugar e sinta a Patag\u00f4nia como nenhuma outra.<\/p>","protected":false},"featured_media":377142,"comment_status":"open","ping_status":"closed","template":"","meta":[],"product_brand":[],"product_cat":[62,66,67,70,71,73,77,82],"product_tag":[],"class_list":{"0":"post-378017","1":"product","2":"type-product","3":"status-publish","4":"has-post-thumbnail","6":"product_cat-adultos","7":"product_cat-con-traslado","8":"product_cat-familia","9":"product_cat-jubilados","10":"product_cat-lacustre","11":"product_cat-ninos","12":"product_cat-sin-comida","13":"product_cat-todo-el-ano","15":"first","16":"instock","17":"virtual","18":"sold-individually","19":"purchasable","20":"product-type-booking"},"booking_location":"","booking_location_type":"","booking_duration":60,"booking_duration_unit":"minute","booking_buffer":0,"booking_cost":0,"booking_resources":[],"exclude_global_add_ons":false,"addons":[{"name":"ADU | Adulto","type":"input_multiplier","position":0,"required":false,"title_format":"label","default":"","description_enable":false,"description":"","placeholder_enable":false,"placeholder":"","display":"select","restrictions_type":"any_text","adjust_price":true,"price":"158000","price_type":"quantity_based","restrictions":false,"min":"0","max":"0","options":[],"id":1775471597},{"name":"MEN512 | 5 a 12","type":"input_multiplier","position":1,"required":false,"title_format":"label","default":"","description_enable":false,"description":"","placeholder_enable":false,"placeholder":"","display":"select","restrictions_type":"any_text","adjust_price":true,"price":"92000","price_type":"quantity_based","restrictions":false,"min":"0","max":"0","options":[],"id":1775471598},{"name":"ADUJ : Aposentados","type":"input_multiplier","position":2,"required":false,"title_format":"label","default":"","description_enable":false,"description":"","placeholder_enable":false,"placeholder":"","display":"select","restrictions_type":"any_text","adjust_price":true,"price":"92000","price_type":"quantity_based","restrictions":false,"min":"0","max":"0","options":[],"id":1775471599}],"yoast_head":"<!-- This site is optimized with the Yoast SEO Premium plugin v25.2 (Yoast SEO v25.2) - https:\/\/yoast.com\/wordpress\/plugins\/seo\/ -->\n<title>Puerto Blest y Cascada Los C\u00e1ntaros | Excursi\u00f3n con transporte - Navegacion Patagonia<\/title>\n<meta name=\"description\" content=\"Explor\u00e1 Puerto Blest y la Cascada Los C\u00e1ntaros en una excursi\u00f3n inolvidable por el Nahuel Huapi, con transporte incluido desde Bariloche.\" \/>\n<meta name=\"robots\" content=\"index, follow, max-snippet:-1, max-image-preview:large, max-video-preview:-1\" \/>\n<link rel=\"canonical\" href=\"https:\/\/navegacionpatagonia.com.ar\/pt\/produto\/puerto-blest-e-cachoeira-los-cantaros-com-transporte\/\" \/>\n<meta property=\"og:locale\" content=\"pt_BR\" \/>\n<meta property=\"og:type\" content=\"article\" \/>\n<meta property=\"og:title\" content=\"Puerto Blest y Cascada &quot;Los Cantaros&quot; con transporte\" \/>\n<meta property=\"og:description\" content=\"Explor\u00e1 Puerto Blest y la Cascada Los C\u00e1ntaros en una excursi\u00f3n inolvidable por el Nahuel Huapi, con transporte incluido desde Bariloche.\" \/>\n<meta property=\"og:url\" content=\"https:\/\/navegacionpatagonia.com.ar\/pt\/produto\/puerto-blest-e-cachoeira-los-cantaros-com-transporte\/\" \/>\n<meta property=\"og:site_name\" content=\"Navegacion Patagonia\" \/>\n<meta property=\"article:modified_time\" content=\"2026-04-06T13:33:16+00:00\" \/>\n<meta property=\"og:image\" content=\"https:\/\/navegacionpatagonia.com.ar\/wp-content\/uploads\/sites\/8\/2025\/03\/PuertoblestyCascadadelosCntaros_image6_1140_1601653186.jpg\" \/>\n\t<meta property=\"og:image:width\" content=\"1140\" \/>\n\t<meta property=\"og:image:height\" content=\"855\" \/>\n\t<meta property=\"og:image:type\" content=\"image\/jpeg\" \/>\n<meta name=\"twitter:card\" content=\"summary_large_image\" \/>\n<meta name=\"twitter:label1\" content=\"Pre\u00e7o\" \/>\n\t<meta name=\"twitter:data1\" content=\"&#036;189,600.00\" \/>\n\t<meta name=\"twitter:label2\" content=\"Disponibilidade\" \/>\n\t<meta name=\"twitter:data2\" content=\"Em Estoque\" \/>\n<script type=\"application\/ld+json\" class=\"yoast-schema-graph\">{\"@context\":\"https:\/\/schema.org\",\"@graph\":[{\"@type\":\"WebPage\",\"@id\":\"https:\/\/navegacionpatagonia.com.ar\/producto\/puerto-blest-y-cascada-los-cantaros-con-transporte\/\",\"url\":\"https:\/\/navegacionpatagonia.com.ar\/producto\/puerto-blest-y-cascada-los-cantaros-con-transporte\/\",\"name\":\"Puerto Blest y Cascada Los C\u00e1ntaros | Excursi\u00f3n con transporte - Navegacion Patagonia\",\"isPartOf\":{\"@id\":\"https:\/\/navegacionpatagonia.com.ar\/#website\"},\"primaryImageOfPage\":{\"@id\":\"https:\/\/navegacionpatagonia.com.ar\/producto\/puerto-blest-y-cascada-los-cantaros-con-transporte\/#primaryimage\"},\"image\":{\"@id\":\"https:\/\/navegacionpatagonia.com.ar\/producto\/puerto-blest-y-cascada-los-cantaros-con-transporte\/#primaryimage\"},\"thumbnailUrl\":\"https:\/\/navegacionpatagonia.com.ar\/wp-content\/uploads\/sites\/8\/2025\/03\/PuertoblestyCascadadelosCntaros_image6_1140_1601653186.jpg\",\"datePublished\":\"2025-08-21T22:06:12+00:00\",\"dateModified\":\"2026-04-06T13:33:16+00:00\",\"description\":\"Explor\u00e1 Puerto Blest y la Cascada Los C\u00e1ntaros en una excursi\u00f3n inolvidable por el Nahuel Huapi, con transporte incluido desde Bariloche.\",\"breadcrumb\":{\"@id\":\"https:\/\/navegacionpatagonia.com.ar\/producto\/puerto-blest-y-cascada-los-cantaros-con-transporte\/#breadcrumb\"},\"inLanguage\":\"pt-BR\",\"potentialAction\":[{\"@type\":\"ReadAction\",\"target\":[\"https:\/\/navegacionpatagonia.com.ar\/producto\/puerto-blest-y-cascada-los-cantaros-con-transporte\/\"]}]},{\"@type\":\"ImageObject\",\"inLanguage\":\"pt-BR\",\"@id\":\"https:\/\/navegacionpatagonia.com.ar\/producto\/puerto-blest-y-cascada-los-cantaros-con-transporte\/#primaryimage\",\"url\":\"https:\/\/navegacionpatagonia.com.ar\/wp-content\/uploads\/sites\/8\/2025\/03\/PuertoblestyCascadadelosCntaros_image6_1140_1601653186.jpg\",\"contentUrl\":\"https:\/\/navegacionpatagonia.com.ar\/wp-content\/uploads\/sites\/8\/2025\/03\/PuertoblestyCascadadelosCntaros_image6_1140_1601653186.jpg\",\"width\":1140,\"height\":855},{\"@type\":\"BreadcrumbList\",\"@id\":\"https:\/\/navegacionpatagonia.com.ar\/producto\/puerto-blest-y-cascada-los-cantaros-con-transporte\/#breadcrumb\",\"itemListElement\":[{\"@type\":\"ListItem\",\"position\":1,\"name\":\"Inicio\",\"item\":\"https:\/\/navegacionpatagonia.com.ar\/\"},{\"@type\":\"ListItem\",\"position\":2,\"name\":\"Tienda\",\"item\":\"https:\/\/navegacionpatagonia.com.ar\/tienda\/\"},{\"@type\":\"ListItem\",\"position\":3,\"name\":\"Puerto Blest y Cascada \u00abLos Cantaros\u00bb con transporte\"}]},{\"@type\":\"WebSite\",\"@id\":\"https:\/\/navegacionpatagonia.com.ar\/#website\",\"url\":\"https:\/\/navegacionpatagonia.com.ar\/\",\"name\":\"Navegacion Patagonia\",\"description\":\"\",\"potentialAction\":[{\"@type\":\"SearchAction\",\"target\":{\"@type\":\"EntryPoint\",\"urlTemplate\":\"https:\/\/navegacionpatagonia.com.ar\/?s={search_term_string}\"},\"query-input\":{\"@type\":\"PropertyValueSpecification\",\"valueRequired\":true,\"valueName\":\"search_term_string\"}}],\"inLanguage\":\"pt-BR\"}]}<\/script>\n<meta property=\"product:price:amount\" content=\"189600.00\" \/>\n<meta property=\"product:price:currency\" content=\"ARS\" \/>\n<meta property=\"og:availability\" content=\"instock\" \/>\n<meta property=\"product:availability\" content=\"instock\" \/>\n<meta property=\"product:retailer_item_id\" content=\"ADV2025PUBLYCO2Q8\" \/>\n<meta property=\"product:condition\" content=\"new\" \/>\n<!-- \/ Yoast SEO Premium plugin. -->","yoast_head_json":{"title":"Puerto Blest e Cascata Los C\u00e1ntaros - Excurs\u00e3o com transporte - Navegacion Patagonia","description":"Explore Puerto Blest e a cachoeira Los C\u00e1ntaros em uma excurs\u00e3o inesquec\u00edvel pelo Nahuel Huapi, com transporte inclu\u00eddo a partir de Bariloche.","robots":{"index":"index","follow":"follow","max-snippet":"max-snippet:-1","max-image-preview":"max-image-preview:large","max-video-preview":"max-video-preview:-1"},"canonical":"https:\/\/navegacionpatagonia.com.ar\/pt\/produto\/puerto-blest-e-cachoeira-los-cantaros-com-transporte\/","og_locale":"pt_BR","og_type":"article","og_title":"Puerto Blest y Cascada \"Los Cantaros\" con transporte","og_description":"Explor\u00e1 Puerto Blest y la Cascada Los C\u00e1ntaros en una excursi\u00f3n inolvidable por el Nahuel Huapi, con transporte incluido desde Bariloche.","og_url":"https:\/\/navegacionpatagonia.com.ar\/pt\/produto\/puerto-blest-e-cachoeira-los-cantaros-com-transporte\/","og_site_name":"Navegacion Patagonia","article_modified_time":"2026-04-06T13:33:16+00:00","og_image":[{"width":1140,"height":855,"url":"https:\/\/navegacionpatagonia.com.ar\/wp-content\/uploads\/sites\/8\/2025\/03\/PuertoblestyCascadadelosCntaros_image6_1140_1601653186.jpg","type":"image\/jpeg"}],"twitter_card":"summary_large_image","twitter_misc":{"Pre\u00e7o":"&#36;189,600.00","Disponibilidade":"Em Estoque"},"schema":{"@context":"https:\/\/schema.org","@graph":[{"@type":"WebPage","@id":"https:\/\/navegacionpatagonia.com.ar\/producto\/puerto-blest-y-cascada-los-cantaros-con-transporte\/","url":"https:\/\/navegacionpatagonia.com.ar\/producto\/puerto-blest-y-cascada-los-cantaros-con-transporte\/","name":"Puerto Blest e Cascata Los C\u00e1ntaros - Excurs\u00e3o com transporte - Navegacion Patagonia","isPartOf":{"@id":"https:\/\/navegacionpatagonia.com.ar\/#website"},"primaryImageOfPage":{"@id":"https:\/\/navegacionpatagonia.com.ar\/producto\/puerto-blest-y-cascada-los-cantaros-con-transporte\/#primaryimage"},"image":{"@id":"https:\/\/navegacionpatagonia.com.ar\/producto\/puerto-blest-y-cascada-los-cantaros-con-transporte\/#primaryimage"},"thumbnailUrl":"https:\/\/navegacionpatagonia.com.ar\/wp-content\/uploads\/sites\/8\/2025\/03\/PuertoblestyCascadadelosCntaros_image6_1140_1601653186.jpg","datePublished":"2025-08-21T22:06:12+00:00","dateModified":"2026-04-06T13:33:16+00:00","description":"Explore Puerto Blest e a cachoeira Los C\u00e1ntaros em uma excurs\u00e3o inesquec\u00edvel pelo Nahuel Huapi, com transporte inclu\u00eddo a partir de Bariloche.","breadcrumb":{"@id":"https:\/\/navegacionpatagonia.com.ar\/producto\/puerto-blest-y-cascada-los-cantaros-con-transporte\/#breadcrumb"},"inLanguage":"pt-BR","potentialAction":[{"@type":"ReadAction","target":["https:\/\/navegacionpatagonia.com.ar\/producto\/puerto-blest-y-cascada-los-cantaros-con-transporte\/"]}]},{"@type":"ImageObject","inLanguage":"pt-BR","@id":"https:\/\/navegacionpatagonia.com.ar\/producto\/puerto-blest-y-cascada-los-cantaros-con-transporte\/#primaryimage","url":"https:\/\/navegacionpatagonia.com.ar\/wp-content\/uploads\/sites\/8\/2025\/03\/PuertoblestyCascadadelosCntaros_image6_1140_1601653186.jpg","contentUrl":"https:\/\/navegacionpatagonia.com.ar\/wp-content\/uploads\/sites\/8\/2025\/03\/PuertoblestyCascadadelosCntaros_image6_1140_1601653186.jpg","width":1140,"height":855},{"@type":"BreadcrumbList","@id":"https:\/\/navegacionpatagonia.com.ar\/producto\/puerto-blest-y-cascada-los-cantaros-con-transporte\/#breadcrumb","itemListElement":[{"@type":"ListItem","position":1,"name":"Inicio","item":"https:\/\/navegacionpatagonia.com.ar\/"},{"@type":"ListItem","position":2,"name":"Tienda","item":"https:\/\/navegacionpatagonia.com.ar\/tienda\/"},{"@type":"ListItem","position":3,"name":"Puerto Blest y Cascada \u00abLos Cantaros\u00bb con transporte"}]},{"@type":"WebSite","@id":"https:\/\/navegacionpatagonia.com.ar\/#website","url":"https:\/\/navegacionpatagonia.com.ar\/","name":"Navega\u00e7\u00e3o na Patag\u00f4nia","description":"","potentialAction":[{"@type":"SearchAction","target":{"@type":"EntryPoint","urlTemplate":"https:\/\/navegacionpatagonia.com.ar\/?s={search_term_string}"},"query-input":{"@type":"PropertyValueSpecification","valueRequired":true,"valueName":"search_term_string"}}],"inLanguage":"pt-BR"}]},"product_price_amount":"189600.00","product_price_currency":"ARS","og_availability":"instock","product_availability":"instock","product_retailer_item_id":"ADV2025PUBLYCO2Q8","product_condition":"new"},"_links":{"self":[{"href":"https:\/\/navegacionpatagonia.com.ar\/pt\/wp-json\/wp\/v2\/product\/378017","targetHints":{"allow":["GET"]}}],"collection":[{"href":"https:\/\/navegacionpatagonia.com.ar\/pt\/wp-json\/wp\/v2\/product"}],"about":[{"href":"https:\/\/navegacionpatagonia.com.ar\/pt\/wp-json\/wp\/v2\/types\/product"}],"replies":[{"embeddable":true,"href":"https:\/\/navegacionpatagonia.com.ar\/pt\/wp-json\/wp\/v2\/comments?post=378017"}],"wp:featuredmedia":[{"embeddable":true,"href":"https:\/\/navegacionpatagonia.com.ar\/pt\/wp-json\/wp\/v2\/media\/377142"}],"wp:attachment":[{"href":"https:\/\/navegacionpatagonia.com.ar\/pt\/wp-json\/wp\/v2\/media?parent=378017"}],"wp:term":[{"taxonomy":"product_brand","embeddable":true,"href":"https:\/\/navegacionpatagonia.com.ar\/pt\/wp-json\/wp\/v2\/product_brand?post=378017"},{"taxonomy":"product_cat","embeddable":true,"href":"https:\/\/navegacionpatagonia.com.ar\/pt\/wp-json\/wp\/v2\/product_cat?post=378017"},{"taxonomy":"product_tag","embeddable":true,"href":"https:\/\/navegacionpatagonia.com.ar\/pt\/wp-json\/wp\/v2\/product_tag?post=378017"}],"curies":[{"name":"wp","href":"https:\/\/api.w.org\/{rel}","templated":true}]}}