{"id":378016,"date":"2025-08-21T19:05:40","date_gmt":"2025-08-21T22:05:40","guid":{"rendered":"https:\/\/navegacionpatagonia.com.ar\/producto\/isla-victoria-y-bosque-de-arrayanes-con-transporte\/"},"modified":"2026-04-06T10:34:55","modified_gmt":"2026-04-06T13:34:55","slug":"isla-victoria-y-bosque-de-arrayanes-con-transporte","status":"publish","type":"product","link":"https:\/\/navegacionpatagonia.com.ar\/pt\/produto\/ilha-de-victoria-e-floresta-de-arrayanes-com-transporte\/","title":{"rendered":"Isla Victoria e Bosque de Arrayanes com transporte"},"content":{"rendered":"<h2 class=\"ai-optimize-22\">Conhe\u00e7a a Isla Victoria e a Enchanted Myrtle Forest<\/h2>\n<p class=\"ai-optimize-23 ai-optimize-introduction\">Mergulhe na ess\u00eancia da Patag\u00f4nia com esta excurs\u00e3o que o leva da bela cidade de Bariloche \u00e0s incr\u00edveis paisagens de <strong>Ilha Victoria<\/strong> e o <strong>Floresta Myrtle<\/strong>. A aventura come\u00e7a em <strong>Puerto Pa\u00f1uelo<\/strong>, A partir da\u00ed, o passeio come\u00e7a nos lagos de \u00e1guas claras.<\/p>\n<h3 class=\"ai-optimize-24\">Conhe\u00e7a as atra\u00e7\u00f5es do nosso tour<\/h3>\n<p class=\"ai-optimize-25\">Comece sua viagem com uma navega\u00e7\u00e3o de aproximadamente uma hora at\u00e9 a pen\u00ednsula m\u00e1gica de <strong>Quetrihu\u00e9<\/strong>, lar da floresta de murta mais exclusiva do mundo. Esse local encantador, repleto de hist\u00f3rias e mist\u00e9rios, foi a inspira\u00e7\u00e3o para os criadores do filme ic\u00f4nico <em>Bambi<\/em> Disney.<\/p>\n<p class=\"ai-optimize-26\">Em seguida, a excurs\u00e3o continua para <strong>Porto de Anchorena<\/strong> em <strong>Ilha Victoria<\/strong>, onde voc\u00ea pode caminhar por trilhas cercadas de vegeta\u00e7\u00e3o nativa e visitar o famoso <strong>Praia de El Toro<\/strong>, \u00c9 conhecida por suas pinturas rupestres antigas e pela excepcional areia vulc\u00e2nica.<\/p>\n<h3 class=\"ai-optimize-27\">Dados essenciais da atividade<\/h3>\n<ul>\n<li class=\"ai-optimize-28\"><strong>Tipo de atividade:<\/strong> Passeios de barco guiados e caminhadas por florestas lend\u00e1rias.<\/li>\n<li class=\"ai-optimize-29\"><strong>Hor\u00e1rio:<\/strong> Das 13:00 hs \u00e0s 19:00 hs.<\/li>\n<li class=\"ai-optimize-30\"><strong>Servi\u00e7os inclu\u00eddos:<\/strong> Traslados de ida e volta, guias especializados na natureza local.<\/li>\n<li class=\"ai-optimize-31\"><strong>Observa\u00e7\u00f5es importantes:<\/strong> As refei\u00e7\u00f5es n\u00e3o est\u00e3o inclu\u00eddas, mas h\u00e1 v\u00e1rios paradores; as taxas do parque e de embarque devem ser pagas na chegada.<\/li>\n<\/ul>\n<p class=\"ai-optimize-32\">Um plano especial para se deixar surpreender pela natureza e se sentir parte desse ambiente \u00fanico. Venha e desfrute dessa experi\u00eancia inesquec\u00edvel.<\/p>\n<h3 class=\"ai-optimize-33\">Perguntas frequentes sobre a excurs\u00e3o<\/h3>\n<ul>\n<li class=\"ai-optimize-34\"><strong>Onde posso pagar a taxa de entrada e de embarque?<\/strong><br \/>\nAs taxas devem ser pagas em dinheiro no dia da partida em Puerto Pa\u00f1uelo. H\u00e1 algumas exce\u00e7\u00f5es para residentes locais e grupos espec\u00edficos.<\/li>\n<li class=\"ai-optimize-35\"><strong>H\u00e1 algum desconto para aposentados estrangeiros?<\/strong><br \/>\nOs descontos para aposentados aplicam-se somente a residentes na Argentina. \u00c9 necess\u00e1rio comprovar essa condi\u00e7\u00e3o no momento do embarque.<\/li>\n<li class=\"ai-optimize-36\"><strong>\u00c9 poss\u00edvel comprar comida durante o dia?<\/strong><br \/>\nSim, h\u00e1 a possibilidade de comprar comida no barco e em v\u00e1rias \u00e1reas do cal\u00e7ad\u00e3o. Voc\u00ea tamb\u00e9m pode trazer sua pr\u00f3pria comida, se preferir.<\/li>\n<li class=\"ai-optimize-37\"><strong>Qual barco \u00e9 usado para a viagem no lago?<\/strong><br \/>\nEm geral, a excurs\u00e3o \u00e9 realizada no distinto <strong>Modesta Victoria<\/strong>, sujeito a disponibilidade.<\/li>\n<\/ul>","protected":false},"excerpt":{"rendered":"<p class=\"ai-optimize-6\">Desfrute de uma experi\u00eancia memor\u00e1vel na Patag\u00f4nia com nossa excurs\u00e3o para <strong>Ilha Victoria<\/strong> e o <strong>Floresta Myrtle<\/strong>. Incluindo traslado para paisagens incr\u00edveis e trilhas naturais em um passeio por um lago encantador, reserve agora e experimente o charme desses destinos \u00fanicos!<\/p>","protected":false},"featured_media":377129,"comment_status":"open","ping_status":"closed","template":"","meta":[],"product_brand":[],"product_cat":[62,66,67,70,71,73,77,82],"product_tag":[],"class_list":{"0":"post-378016","1":"product","2":"type-product","3":"status-publish","4":"has-post-thumbnail","6":"product_cat-adultos","7":"product_cat-con-traslado","8":"product_cat-familia","9":"product_cat-jubilados","10":"product_cat-lacustre","11":"product_cat-ninos","12":"product_cat-sin-comida","13":"product_cat-todo-el-ano","15":"first","16":"instock","17":"virtual","18":"sold-individually","19":"purchasable","20":"product-type-booking"},"booking_location":"","booking_location_type":"","booking_duration":60,"booking_duration_unit":"minute","booking_buffer":0,"booking_cost":0,"booking_resources":[],"exclude_global_add_ons":false,"addons":[{"name":"ADU : Adultos","type":"input_multiplier","position":0,"required":false,"title_format":"label","default":"","description_enable":false,"description":"","placeholder_enable":false,"placeholder":"","display":"select","restrictions_type":"any_text","adjust_price":true,"price":"158000","price_type":"quantity_based","restrictions":false,"min":"0","max":"0","options":[],"id":1775471696},{"name":"MEN512 | 5 a 12","type":"input_multiplier","position":1,"required":false,"title_format":"label","default":"","description_enable":false,"description":"","placeholder_enable":false,"placeholder":"","display":"select","restrictions_type":"any_text","adjust_price":true,"price":"92000","price_type":"quantity_based","restrictions":false,"min":"0","max":"0","options":[],"id":1775471697},{"name":"ADUJ : Aposentados","type":"input_multiplier","position":2,"required":false,"title_format":"label","default":"","description_enable":false,"description":"","placeholder_enable":false,"placeholder":"","display":"select","restrictions_type":"any_text","adjust_price":true,"price":"92000","price_type":"quantity_based","restrictions":false,"min":"0","max":"0","options":[],"id":1775471698}],"yoast_head":"<!-- This site is optimized with the Yoast SEO Premium plugin v25.2 (Yoast SEO v25.2) - https:\/\/yoast.com\/wordpress\/plugins\/seo\/ -->\n<title>Isla Victoria y Bosque de Arrayanes con Transporte - Navegacion Patagonia<\/title>\n<meta name=\"description\" content=\"Explor\u00e1 Isla Victoria y el Bosque de Arrayanes desde Bariloche. Navegaci\u00f3n por el Nahuel Huapi, senderos entre \u00e1rboles milenarios.\" \/>\n<meta name=\"robots\" content=\"index, follow, max-snippet:-1, max-image-preview:large, max-video-preview:-1\" \/>\n<link rel=\"canonical\" href=\"https:\/\/navegacionpatagonia.com.ar\/pt\/produto\/ilha-de-victoria-e-floresta-de-arrayanes-com-transporte\/\" \/>\n<meta property=\"og:locale\" content=\"pt_BR\" \/>\n<meta property=\"og:type\" content=\"article\" \/>\n<meta property=\"og:title\" content=\"Isla Victoria y Bosque de Arrayanes con Transporte\" \/>\n<meta property=\"og:description\" content=\"Explor\u00e1 Isla Victoria y el Bosque de Arrayanes desde Bariloche. Navegaci\u00f3n por el Nahuel Huapi, senderos entre \u00e1rboles milenarios.\" \/>\n<meta property=\"og:url\" content=\"https:\/\/navegacionpatagonia.com.ar\/pt\/produto\/ilha-de-victoria-e-floresta-de-arrayanes-com-transporte\/\" \/>\n<meta property=\"og:site_name\" content=\"Navegacion Patagonia\" \/>\n<meta property=\"article:modified_time\" content=\"2026-04-06T13:34:55+00:00\" \/>\n<meta property=\"og:image\" content=\"https:\/\/navegacionpatagonia.com.ar\/wp-content\/uploads\/sites\/8\/2025\/03\/IslaVictoriayBosquedeArrayanes_image1_1140_1601416936.jpg\" \/>\n\t<meta property=\"og:image:width\" content=\"1140\" \/>\n\t<meta property=\"og:image:height\" content=\"855\" \/>\n\t<meta property=\"og:image:type\" content=\"image\/jpeg\" \/>\n<meta name=\"twitter:card\" content=\"summary_large_image\" \/>\n<meta name=\"twitter:label1\" content=\"Pre\u00e7o\" \/>\n\t<meta name=\"twitter:data1\" content=\"&#036;189,600.00\" \/>\n\t<meta name=\"twitter:label2\" content=\"Disponibilidade\" \/>\n\t<meta name=\"twitter:data2\" content=\"Em Estoque\" \/>\n<script type=\"application\/ld+json\" class=\"yoast-schema-graph\">{\"@context\":\"https:\/\/schema.org\",\"@graph\":[{\"@type\":\"WebPage\",\"@id\":\"https:\/\/navegacionpatagonia.com.ar\/producto\/isla-victoria-y-bosque-de-arrayanes-con-transporte\/\",\"url\":\"https:\/\/navegacionpatagonia.com.ar\/producto\/isla-victoria-y-bosque-de-arrayanes-con-transporte\/\",\"name\":\"Isla Victoria y Bosque de Arrayanes con Transporte - Navegacion Patagonia\",\"isPartOf\":{\"@id\":\"https:\/\/navegacionpatagonia.com.ar\/#website\"},\"primaryImageOfPage\":{\"@id\":\"https:\/\/navegacionpatagonia.com.ar\/producto\/isla-victoria-y-bosque-de-arrayanes-con-transporte\/#primaryimage\"},\"image\":{\"@id\":\"https:\/\/navegacionpatagonia.com.ar\/producto\/isla-victoria-y-bosque-de-arrayanes-con-transporte\/#primaryimage\"},\"thumbnailUrl\":\"https:\/\/navegacionpatagonia.com.ar\/wp-content\/uploads\/sites\/8\/2025\/03\/IslaVictoriayBosquedeArrayanes_image1_1140_1601416936.jpg\",\"datePublished\":\"2025-08-21T22:05:40+00:00\",\"dateModified\":\"2026-04-06T13:34:55+00:00\",\"description\":\"Explor\u00e1 Isla Victoria y el Bosque de Arrayanes desde Bariloche. Navegaci\u00f3n por el Nahuel Huapi, senderos entre \u00e1rboles milenarios.\",\"breadcrumb\":{\"@id\":\"https:\/\/navegacionpatagonia.com.ar\/producto\/isla-victoria-y-bosque-de-arrayanes-con-transporte\/#breadcrumb\"},\"inLanguage\":\"pt-BR\",\"potentialAction\":[{\"@type\":\"ReadAction\",\"target\":[\"https:\/\/navegacionpatagonia.com.ar\/producto\/isla-victoria-y-bosque-de-arrayanes-con-transporte\/\"]}]},{\"@type\":\"ImageObject\",\"inLanguage\":\"pt-BR\",\"@id\":\"https:\/\/navegacionpatagonia.com.ar\/producto\/isla-victoria-y-bosque-de-arrayanes-con-transporte\/#primaryimage\",\"url\":\"https:\/\/navegacionpatagonia.com.ar\/wp-content\/uploads\/sites\/8\/2025\/03\/IslaVictoriayBosquedeArrayanes_image1_1140_1601416936.jpg\",\"contentUrl\":\"https:\/\/navegacionpatagonia.com.ar\/wp-content\/uploads\/sites\/8\/2025\/03\/IslaVictoriayBosquedeArrayanes_image1_1140_1601416936.jpg\",\"width\":1140,\"height\":855},{\"@type\":\"BreadcrumbList\",\"@id\":\"https:\/\/navegacionpatagonia.com.ar\/producto\/isla-victoria-y-bosque-de-arrayanes-con-transporte\/#breadcrumb\",\"itemListElement\":[{\"@type\":\"ListItem\",\"position\":1,\"name\":\"Inicio\",\"item\":\"https:\/\/navegacionpatagonia.com.ar\/\"},{\"@type\":\"ListItem\",\"position\":2,\"name\":\"Tienda\",\"item\":\"https:\/\/navegacionpatagonia.com.ar\/tienda\/\"},{\"@type\":\"ListItem\",\"position\":3,\"name\":\"Isla Victoria y Bosque de Arrayanes con Transporte\"}]},{\"@type\":\"WebSite\",\"@id\":\"https:\/\/navegacionpatagonia.com.ar\/#website\",\"url\":\"https:\/\/navegacionpatagonia.com.ar\/\",\"name\":\"Navegacion Patagonia\",\"description\":\"\",\"potentialAction\":[{\"@type\":\"SearchAction\",\"target\":{\"@type\":\"EntryPoint\",\"urlTemplate\":\"https:\/\/navegacionpatagonia.com.ar\/?s={search_term_string}\"},\"query-input\":{\"@type\":\"PropertyValueSpecification\",\"valueRequired\":true,\"valueName\":\"search_term_string\"}}],\"inLanguage\":\"pt-BR\"}]}<\/script>\n<meta property=\"product:price:amount\" content=\"189600.00\" \/>\n<meta property=\"product:price:currency\" content=\"ARS\" \/>\n<meta property=\"og:availability\" content=\"instock\" \/>\n<meta property=\"product:availability\" content=\"instock\" \/>\n<meta property=\"product:retailer_item_id\" content=\"ADV2025ISVIYBMX11\" \/>\n<meta property=\"product:condition\" content=\"new\" \/>\n<!-- \/ Yoast SEO Premium plugin. -->","yoast_head_json":{"title":"Isla Victoria e Bosque de Arrayanes com transporte - Navegacion Patagonia","description":"Explore a Ilha Victoria e a Floresta de Arrayanes a partir de Bariloche. Navega\u00e7\u00e3o no Nahuel Huapi, trilhas entre \u00e1rvores antigas.","robots":{"index":"index","follow":"follow","max-snippet":"max-snippet:-1","max-image-preview":"max-image-preview:large","max-video-preview":"max-video-preview:-1"},"canonical":"https:\/\/navegacionpatagonia.com.ar\/pt\/produto\/ilha-de-victoria-e-floresta-de-arrayanes-com-transporte\/","og_locale":"pt_BR","og_type":"article","og_title":"Isla Victoria y Bosque de Arrayanes con Transporte","og_description":"Explor\u00e1 Isla Victoria y el Bosque de Arrayanes desde Bariloche. Navegaci\u00f3n por el Nahuel Huapi, senderos entre \u00e1rboles milenarios.","og_url":"https:\/\/navegacionpatagonia.com.ar\/pt\/produto\/ilha-de-victoria-e-floresta-de-arrayanes-com-transporte\/","og_site_name":"Navegacion Patagonia","article_modified_time":"2026-04-06T13:34:55+00:00","og_image":[{"width":1140,"height":855,"url":"https:\/\/navegacionpatagonia.com.ar\/wp-content\/uploads\/sites\/8\/2025\/03\/IslaVictoriayBosquedeArrayanes_image1_1140_1601416936.jpg","type":"image\/jpeg"}],"twitter_card":"summary_large_image","twitter_misc":{"Pre\u00e7o":"&#36;189,600.00","Disponibilidade":"Em Estoque"},"schema":{"@context":"https:\/\/schema.org","@graph":[{"@type":"WebPage","@id":"https:\/\/navegacionpatagonia.com.ar\/producto\/isla-victoria-y-bosque-de-arrayanes-con-transporte\/","url":"https:\/\/navegacionpatagonia.com.ar\/producto\/isla-victoria-y-bosque-de-arrayanes-con-transporte\/","name":"Isla Victoria e Bosque de Arrayanes com transporte - Navegacion Patagonia","isPartOf":{"@id":"https:\/\/navegacionpatagonia.com.ar\/#website"},"primaryImageOfPage":{"@id":"https:\/\/navegacionpatagonia.com.ar\/producto\/isla-victoria-y-bosque-de-arrayanes-con-transporte\/#primaryimage"},"image":{"@id":"https:\/\/navegacionpatagonia.com.ar\/producto\/isla-victoria-y-bosque-de-arrayanes-con-transporte\/#primaryimage"},"thumbnailUrl":"https:\/\/navegacionpatagonia.com.ar\/wp-content\/uploads\/sites\/8\/2025\/03\/IslaVictoriayBosquedeArrayanes_image1_1140_1601416936.jpg","datePublished":"2025-08-21T22:05:40+00:00","dateModified":"2026-04-06T13:34:55+00:00","description":"Explore a Ilha Victoria e a Floresta de Arrayanes a partir de Bariloche. Navega\u00e7\u00e3o no Nahuel Huapi, trilhas entre \u00e1rvores antigas.","breadcrumb":{"@id":"https:\/\/navegacionpatagonia.com.ar\/producto\/isla-victoria-y-bosque-de-arrayanes-con-transporte\/#breadcrumb"},"inLanguage":"pt-BR","potentialAction":[{"@type":"ReadAction","target":["https:\/\/navegacionpatagonia.com.ar\/producto\/isla-victoria-y-bosque-de-arrayanes-con-transporte\/"]}]},{"@type":"ImageObject","inLanguage":"pt-BR","@id":"https:\/\/navegacionpatagonia.com.ar\/producto\/isla-victoria-y-bosque-de-arrayanes-con-transporte\/#primaryimage","url":"https:\/\/navegacionpatagonia.com.ar\/wp-content\/uploads\/sites\/8\/2025\/03\/IslaVictoriayBosquedeArrayanes_image1_1140_1601416936.jpg","contentUrl":"https:\/\/navegacionpatagonia.com.ar\/wp-content\/uploads\/sites\/8\/2025\/03\/IslaVictoriayBosquedeArrayanes_image1_1140_1601416936.jpg","width":1140,"height":855},{"@type":"BreadcrumbList","@id":"https:\/\/navegacionpatagonia.com.ar\/producto\/isla-victoria-y-bosque-de-arrayanes-con-transporte\/#breadcrumb","itemListElement":[{"@type":"ListItem","position":1,"name":"Inicio","item":"https:\/\/navegacionpatagonia.com.ar\/"},{"@type":"ListItem","position":2,"name":"Tienda","item":"https:\/\/navegacionpatagonia.com.ar\/tienda\/"},{"@type":"ListItem","position":3,"name":"Isla Victoria y Bosque de Arrayanes con Transporte"}]},{"@type":"WebSite","@id":"https:\/\/navegacionpatagonia.com.ar\/#website","url":"https:\/\/navegacionpatagonia.com.ar\/","name":"Navega\u00e7\u00e3o na Patag\u00f4nia","description":"","potentialAction":[{"@type":"SearchAction","target":{"@type":"EntryPoint","urlTemplate":"https:\/\/navegacionpatagonia.com.ar\/?s={search_term_string}"},"query-input":{"@type":"PropertyValueSpecification","valueRequired":true,"valueName":"search_term_string"}}],"inLanguage":"pt-BR"}]},"product_price_amount":"189600.00","product_price_currency":"ARS","og_availability":"instock","product_availability":"instock","product_retailer_item_id":"ADV2025ISVIYBMX11","product_condition":"new"},"_links":{"self":[{"href":"https:\/\/navegacionpatagonia.com.ar\/pt\/wp-json\/wp\/v2\/product\/378016","targetHints":{"allow":["GET"]}}],"collection":[{"href":"https:\/\/navegacionpatagonia.com.ar\/pt\/wp-json\/wp\/v2\/product"}],"about":[{"href":"https:\/\/navegacionpatagonia.com.ar\/pt\/wp-json\/wp\/v2\/types\/product"}],"replies":[{"embeddable":true,"href":"https:\/\/navegacionpatagonia.com.ar\/pt\/wp-json\/wp\/v2\/comments?post=378016"}],"wp:featuredmedia":[{"embeddable":true,"href":"https:\/\/navegacionpatagonia.com.ar\/pt\/wp-json\/wp\/v2\/media\/377129"}],"wp:attachment":[{"href":"https:\/\/navegacionpatagonia.com.ar\/pt\/wp-json\/wp\/v2\/media?parent=378016"}],"wp:term":[{"taxonomy":"product_brand","embeddable":true,"href":"https:\/\/navegacionpatagonia.com.ar\/pt\/wp-json\/wp\/v2\/product_brand?post=378016"},{"taxonomy":"product_cat","embeddable":true,"href":"https:\/\/navegacionpatagonia.com.ar\/pt\/wp-json\/wp\/v2\/product_cat?post=378016"},{"taxonomy":"product_tag","embeddable":true,"href":"https:\/\/navegacionpatagonia.com.ar\/pt\/wp-json\/wp\/v2\/product_tag?post=378016"}],"curies":[{"name":"wp","href":"https:\/\/api.w.org\/{rel}","templated":true}]}}