{"id":378011,"date":"2025-08-21T19:02:24","date_gmt":"2025-08-21T22:02:24","guid":{"rendered":"https:\/\/navegacionpatagonia.com.ar\/producto\/paseo-en-kayak-sobre-el-lago-gutierrez-desde-bariloche-con-traslado-incluido\/"},"modified":"2026-01-28T10:07:16","modified_gmt":"2026-01-28T13:07:16","slug":"travesia-kayak-lago-moreno","status":"publish","type":"product","link":"https:\/\/navegacionpatagonia.com.ar\/pt\/produto\/caiaque-cruzando-o-lago-moreno\/","title":{"rendered":"Caiaque no Lago Moreno"},"content":{"rendered":"<h2 class=\"ai-optimize-23 ai-optimize-introduction\" data-start=\"448\" data-end=\"505\"><strong data-start=\"448\" data-end=\"503\">Explore a Patag\u00f4nia a partir de suas \u00e1guas mais calmas<\/strong><\/h2>\n<p class=\"ai-optimize-24 ai-optimize-introduction\" data-start=\"507\" data-end=\"845\">Viva uma experi\u00eancia \u00fanica de caiaque no Lago Moreno, um espelho d'\u00e1gua cercado por montanhas e florestas que reflete toda a beleza do sul da Argentina.<br data-start=\"656\" data-end=\"659\" \/>Com <strong data-start=\"663\" data-end=\"687\">Navega\u00e7\u00e3o na Patag\u00f4nia<\/strong>, Cada viagem \u00e9 planejada para desfrutar da natureza sem pressa, combinando serenidade, aventura leve e o prazer de contemplar paisagens incompar\u00e1veis.<\/p>\n<p class=\"ai-optimize-25\" data-start=\"847\" data-end=\"1116\">Guiado por profissionais experientes, voc\u00ea remar\u00e1 por \u00e1reas do lago onde a calma e o sil\u00eancio se misturam ao som da \u00e1gua e do vento.<br data-start=\"999\" data-end=\"1002\" \/>Uma experi\u00eancia acess\u00edvel a todos, perfeita para aqueles que valorizam o contato genu\u00edno com a Patag\u00f4nia.<\/p>\n<h3 class=\"ai-optimize-26\" data-start=\"1123\" data-end=\"1140\"><strong data-start=\"1127\" data-end=\"1140\">Passeio<\/strong><\/h3>\n<p class=\"ai-optimize-27\" data-start=\"1142\" data-end=\"1471\"><strong data-start=\"1142\" data-end=\"1155\">Hor\u00e1rios:<\/strong> 11:00 \u00e0s 15:00 aprox. \/ 13:00 \u00e0s 17:00 aprox.<br data-start=\"1199\" data-end=\"1202\" \/>Sa\u00edda do centro de Bariloche at\u00e9 o Circuito Chico, onde come\u00e7a o passeio de caiaque no Lago Moreno.<br data-start=\"1322\" data-end=\"1325\" \/>Durante a viagem, voc\u00ea passar\u00e1 por \u00e1reas de \u00e1guas cristalinas e praias naturais, ideais para descansar, observar a paisagem ou tirar fotografias.<\/p>\n<h3 class=\"ai-optimize-28\" data-start=\"1478\" data-end=\"1504\"><strong data-start=\"1482\" data-end=\"1504\">Local da reuni\u00e3o<\/strong><\/h3>\n<p class=\"ai-optimize-29\" data-start=\"1506\" data-end=\"1685\">Hot\u00e9is e pontos de encontro localizados desde o centro de Bariloche at\u00e9 o km 18 da Av. Bustillo ou Av. Pioneros.<br data-start=\"1620\" data-end=\"1623\" \/>Para outros pontos de partida, informe-se no momento da reserva.<\/p>\n<h3 class=\"ai-optimize-30\" data-start=\"1692\" data-end=\"1707\"><strong data-start=\"1696\" data-end=\"1707\">Inclui<\/strong><\/h3>\n<ul data-start=\"1709\" data-end=\"1957\">\n<li class=\"ai-optimize-31\" data-start=\"1709\" data-end=\"1759\">\n<p class=\"ai-optimize-32\" data-start=\"1711\" data-end=\"1759\">Caiaque Sit On Top (espa\u00e7oso, confort\u00e1vel e seguro).<\/p>\n<\/li>\n<li class=\"ai-optimize-33\" data-start=\"1760\" data-end=\"1842\">\n<p class=\"ai-optimize-34\" data-start=\"1762\" data-end=\"1842\">Equipamento de seguran\u00e7a completo: colete salva-vidas, remo e jaqueta imperme\u00e1vel.<\/p>\n<\/li>\n<li class=\"ai-optimize-35\" data-start=\"1843\" data-end=\"1906\">\n<p class=\"ai-optimize-36\" data-start=\"1845\" data-end=\"1906\">Guias bil\u00edngues com experi\u00eancia em navega\u00e7\u00e3o e ecoturismo.<\/p>\n<\/li>\n<li class=\"ai-optimize-37\" data-start=\"1907\" data-end=\"1957\">\n<p class=\"ai-optimize-38\" data-start=\"1909\" data-end=\"1957\">Traslados de e para o ponto de encontro.<\/p>\n<\/li>\n<\/ul>\n<h3 class=\"ai-optimize-39\" data-start=\"1964\" data-end=\"1982\"><strong data-start=\"1968\" data-end=\"1982\">N\u00e3o inclui<\/strong><\/h3>\n<ul data-start=\"1984\" data-end=\"2067\">\n<li class=\"ai-optimize-40\" data-start=\"1984\" data-end=\"2007\">\n<p class=\"ai-optimize-41\" data-start=\"1986\" data-end=\"2007\">Sem alimentos ou bebidas.<\/p>\n<\/li>\n<li class=\"ai-optimize-42\" data-start=\"2008\" data-end=\"2067\">\n<p class=\"ai-optimize-43\" data-start=\"2010\" data-end=\"2067\">Roupas pessoais (recomenda-se levar um casaco e uma muda de roupa seca).<\/p>\n<\/li>\n<\/ul>\n<h3 class=\"ai-optimize-49\" data-start=\"2211\" data-end=\"2234\"><strong data-start=\"2215\" data-end=\"2234\">Recomenda\u00e7\u00f5es<\/strong><\/h3>\n<ul data-start=\"2236\" data-end=\"2431\">\n<li class=\"ai-optimize-50\" data-start=\"2236\" data-end=\"2281\">\n<p class=\"ai-optimize-51\" data-start=\"2238\" data-end=\"2281\">Roupas confort\u00e1veis, leves e \u00e0 prova d'\u00e1gua.<\/p>\n<\/li>\n<li class=\"ai-optimize-52\" data-start=\"2282\" data-end=\"2325\">\n<p class=\"ai-optimize-53\" data-start=\"2284\" data-end=\"2325\">Sapatos fechados ou sand\u00e1lias ajust\u00e1veis.<\/p>\n<\/li>\n<li class=\"ai-optimize-54\" data-start=\"2326\" data-end=\"2357\">\n<p class=\"ai-optimize-55\" data-start=\"2328\" data-end=\"2357\">Troca de roupas secas e agasalhos.<\/p>\n<\/li>\n<li class=\"ai-optimize-56\" data-start=\"2358\" data-end=\"2403\">\n<p class=\"ai-optimize-57\" data-start=\"2360\" data-end=\"2403\">Protetor solar, bon\u00e9 e \u00f3culos de sol.<\/p>\n<\/li>\n<li class=\"ai-optimize-58\" data-start=\"2404\" data-end=\"2431\">\n<p class=\"ai-optimize-59\" data-start=\"2406\" data-end=\"2431\">Carteira de identidade.<\/p>\n<\/li>\n<\/ul>\n<p class=\"ai-optimize-60\" data-start=\"2433\" data-end=\"2525\">N\u00e3o \u00e9 necess\u00e1rio ter experi\u00eancia anterior. Atividade adequada para crian\u00e7as a partir de 4 anos de idade acompanhadas.<\/p>\n<h3 class=\"ai-optimize-61\" data-start=\"2532\" data-end=\"2560\"><strong data-start=\"2536\" data-end=\"2560\">Perguntas frequentes<\/strong><\/h3>\n<p class=\"ai-optimize-62\" data-start=\"2562\" data-end=\"2688\"><strong data-start=\"2562\" data-end=\"2604\">Os caiaques s\u00e3o simples ou duplos?<\/strong><br data-start=\"2604\" data-end=\"2607\" \/>A maioria deles \u00e9 dupla, o que proporciona maior estabilidade e uma remada mais confort\u00e1vel.<\/p>\n<p class=\"ai-optimize-63\" data-start=\"2690\" data-end=\"2815\"><strong data-start=\"2690\" data-end=\"2717\">O evento acontece na chuva?<\/strong><br data-start=\"2717\" data-end=\"2720\" \/>Sim, desde que as condi\u00e7\u00f5es sejam seguras. Somente suspenso em caso de tempestade.<\/p>\n<p class=\"ai-optimize-64\" data-start=\"2817\" data-end=\"2962\"><strong data-start=\"2817\" data-end=\"2861\">Trata-se de uma excurs\u00e3o de lazer ou esportiva?<\/strong><br data-start=\"2861\" data-end=\"2864\" \/>\u00c9 uma caminhada recreativa, ideal para aqueles que preferem um ritmo suave e apreciam a paisagem.<\/p>\n<p class=\"ai-optimize-65\" data-start=\"2964\" data-end=\"3112\"><strong data-start=\"2964\" data-end=\"3014\">Posso fazer a atividade se nunca tiver remado antes?<\/strong><br data-start=\"3014\" data-end=\"3017\" \/>Sim, n\u00e3o \u00e9 necess\u00e1rio ter experi\u00eancia. Os guias instruem e acompanham voc\u00ea durante todo o passeio.<\/p>","protected":false},"excerpt":{"rendered":"<p class=\"ai-optimize-6\">Cruzando em<strong> Passeio de caiaque no Lago Moreno<\/strong> com a Patag\u00f4nia Navigation.<br data-start=\"4056\" data-end=\"4059\" \/>Natureza, calma e paisagens \u00fanicas em uma experi\u00eancia guiada e inesquec\u00edvel em Bariloche.<\/p>","protected":false},"featured_media":378187,"comment_status":"open","ping_status":"closed","template":"","meta":[],"product_brand":[],"product_cat":[62,64,66,67,71,73,77,82],"product_tag":[],"class_list":{"0":"post-378011","1":"product","2":"type-product","3":"status-publish","4":"has-post-thumbnail","6":"product_cat-adultos","7":"product_cat-aventura","8":"product_cat-con-traslado","9":"product_cat-familia","10":"product_cat-lacustre","11":"product_cat-ninos","12":"product_cat-sin-comida","13":"product_cat-todo-el-ano","15":"first","16":"instock","17":"virtual","18":"sold-individually","19":"purchasable","20":"product-type-booking"},"booking_location":"","booking_location_type":"","booking_duration":60,"booking_duration_unit":"minute","booking_buffer":0,"booking_cost":0,"booking_resources":[],"exclude_global_add_ons":[],"addons":[],"yoast_head":"<!-- This site is optimized with the Yoast SEO Premium plugin v25.2 (Yoast SEO v25.2) - https:\/\/yoast.com\/wordpress\/plugins\/seo\/ -->\n<title>Traves\u00eda en Kayak por el Lago Moreno | Navegaci\u00f3n Patagonia<\/title>\n<meta name=\"description\" content=\"Traves\u00eda en kayak por el Lago Moreno con Navegaci\u00f3n Patagonia. Naturaleza, calma y paisajes \u00fanicos en una experiencia inolvidable en Bariloche.\" \/>\n<meta name=\"robots\" content=\"index, follow, max-snippet:-1, max-image-preview:large, max-video-preview:-1\" \/>\n<link rel=\"canonical\" href=\"https:\/\/navegacionpatagonia.com.ar\/pt\/produto\/caiaque-cruzando-o-lago-moreno\/\" \/>\n<meta property=\"og:locale\" content=\"pt_BR\" \/>\n<meta property=\"og:type\" content=\"article\" \/>\n<meta property=\"og:title\" content=\"Kayak por el Lago Moreno\" \/>\n<meta property=\"og:description\" content=\"Traves\u00eda en kayak por el Lago Moreno con Navegaci\u00f3n Patagonia. Naturaleza, calma y paisajes \u00fanicos en una experiencia inolvidable en Bariloche.\" \/>\n<meta property=\"og:url\" content=\"https:\/\/navegacionpatagonia.com.ar\/pt\/produto\/caiaque-cruzando-o-lago-moreno\/\" \/>\n<meta property=\"og:site_name\" content=\"Navegacion Patagonia\" \/>\n<meta property=\"article:modified_time\" content=\"2026-01-28T13:07:16+00:00\" \/>\n<meta property=\"og:image\" content=\"https:\/\/navegacionpatagonia.com.ar\/wp-content\/uploads\/sites\/8\/2025\/08\/7-B-GOPR1092-copia.jpg\" \/>\n\t<meta property=\"og:image:width\" content=\"850\" \/>\n\t<meta property=\"og:image:height\" content=\"1134\" \/>\n\t<meta property=\"og:image:type\" content=\"image\/jpeg\" \/>\n<meta name=\"twitter:card\" content=\"summary_large_image\" \/>\n<meta name=\"twitter:label1\" content=\"Pre\u00e7o\" \/>\n\t<meta name=\"twitter:data1\" content=\"&#036;107,400.00\" \/>\n\t<meta name=\"twitter:label2\" content=\"Disponibilidade\" \/>\n\t<meta name=\"twitter:data2\" content=\"Em Estoque\" \/>\n<script type=\"application\/ld+json\" class=\"yoast-schema-graph\">{\"@context\":\"https:\/\/schema.org\",\"@graph\":[{\"@type\":\"WebPage\",\"@id\":\"https:\/\/navegacionpatagonia.com.ar\/producto\/travesia-kayak-lago-moreno\/\",\"url\":\"https:\/\/navegacionpatagonia.com.ar\/producto\/travesia-kayak-lago-moreno\/\",\"name\":\"Traves\u00eda en Kayak por el Lago Moreno | Navegaci\u00f3n Patagonia\",\"isPartOf\":{\"@id\":\"https:\/\/navegacionpatagonia.com.ar\/#website\"},\"primaryImageOfPage\":{\"@id\":\"https:\/\/navegacionpatagonia.com.ar\/producto\/travesia-kayak-lago-moreno\/#primaryimage\"},\"image\":{\"@id\":\"https:\/\/navegacionpatagonia.com.ar\/producto\/travesia-kayak-lago-moreno\/#primaryimage\"},\"thumbnailUrl\":\"https:\/\/navegacionpatagonia.com.ar\/wp-content\/uploads\/sites\/8\/2025\/08\/7-B-GOPR1092-copia.jpg\",\"datePublished\":\"2025-08-21T22:02:24+00:00\",\"dateModified\":\"2026-01-28T13:07:16+00:00\",\"description\":\"Traves\u00eda en kayak por el Lago Moreno con Navegaci\u00f3n Patagonia. Naturaleza, calma y paisajes \u00fanicos en una experiencia inolvidable en Bariloche.\",\"breadcrumb\":{\"@id\":\"https:\/\/navegacionpatagonia.com.ar\/producto\/travesia-kayak-lago-moreno\/#breadcrumb\"},\"inLanguage\":\"pt-BR\",\"potentialAction\":[{\"@type\":\"ReadAction\",\"target\":[\"https:\/\/navegacionpatagonia.com.ar\/producto\/travesia-kayak-lago-moreno\/\"]}]},{\"@type\":\"ImageObject\",\"inLanguage\":\"pt-BR\",\"@id\":\"https:\/\/navegacionpatagonia.com.ar\/producto\/travesia-kayak-lago-moreno\/#primaryimage\",\"url\":\"https:\/\/navegacionpatagonia.com.ar\/wp-content\/uploads\/sites\/8\/2025\/08\/7-B-GOPR1092-copia.jpg\",\"contentUrl\":\"https:\/\/navegacionpatagonia.com.ar\/wp-content\/uploads\/sites\/8\/2025\/08\/7-B-GOPR1092-copia.jpg\",\"width\":850,\"height\":1134,\"caption\":\"DCIM100GOPROGOPR1092.JPG\"},{\"@type\":\"BreadcrumbList\",\"@id\":\"https:\/\/navegacionpatagonia.com.ar\/producto\/travesia-kayak-lago-moreno\/#breadcrumb\",\"itemListElement\":[{\"@type\":\"ListItem\",\"position\":1,\"name\":\"Inicio\",\"item\":\"https:\/\/navegacionpatagonia.com.ar\/\"},{\"@type\":\"ListItem\",\"position\":2,\"name\":\"Tienda\",\"item\":\"https:\/\/navegacionpatagonia.com.ar\/tienda\/\"},{\"@type\":\"ListItem\",\"position\":3,\"name\":\"Kayak por el Lago Moreno\"}]},{\"@type\":\"WebSite\",\"@id\":\"https:\/\/navegacionpatagonia.com.ar\/#website\",\"url\":\"https:\/\/navegacionpatagonia.com.ar\/\",\"name\":\"Navegacion Patagonia\",\"description\":\"\",\"potentialAction\":[{\"@type\":\"SearchAction\",\"target\":{\"@type\":\"EntryPoint\",\"urlTemplate\":\"https:\/\/navegacionpatagonia.com.ar\/?s={search_term_string}\"},\"query-input\":{\"@type\":\"PropertyValueSpecification\",\"valueRequired\":true,\"valueName\":\"search_term_string\"}}],\"inLanguage\":\"pt-BR\"}]}<\/script>\n<meta property=\"product:price:amount\" content=\"107400.00\" \/>\n<meta property=\"product:price:currency\" content=\"ARS\" \/>\n<meta property=\"og:availability\" content=\"instock\" \/>\n<meta property=\"product:availability\" content=\"instock\" \/>\n<meta property=\"product:retailer_item_id\" content=\"ADV2025TRENKAH9J5\" \/>\n<meta property=\"product:condition\" content=\"new\" \/>\n<!-- \/ Yoast SEO Premium plugin. -->","yoast_head_json":{"title":"Passeio de caiaque no Lago Moreno - Navega\u00e7\u00e3o na Patag\u00f4nia","description":"Passeio de caiaque no Lago Moreno com a Patag\u00f4nia Navigation. Natureza, calma e paisagens \u00fanicas em uma experi\u00eancia inesquec\u00edvel em Bariloche.","robots":{"index":"index","follow":"follow","max-snippet":"max-snippet:-1","max-image-preview":"max-image-preview:large","max-video-preview":"max-video-preview:-1"},"canonical":"https:\/\/navegacionpatagonia.com.ar\/pt\/produto\/caiaque-cruzando-o-lago-moreno\/","og_locale":"pt_BR","og_type":"article","og_title":"Kayak por el Lago Moreno","og_description":"Traves\u00eda en kayak por el Lago Moreno con Navegaci\u00f3n Patagonia. Naturaleza, calma y paisajes \u00fanicos en una experiencia inolvidable en Bariloche.","og_url":"https:\/\/navegacionpatagonia.com.ar\/pt\/produto\/caiaque-cruzando-o-lago-moreno\/","og_site_name":"Navegacion Patagonia","article_modified_time":"2026-01-28T13:07:16+00:00","og_image":[{"width":850,"height":1134,"url":"https:\/\/navegacionpatagonia.com.ar\/wp-content\/uploads\/sites\/8\/2025\/08\/7-B-GOPR1092-copia.jpg","type":"image\/jpeg"}],"twitter_card":"summary_large_image","twitter_misc":{"Pre\u00e7o":"&#36;107,400.00","Disponibilidade":"Em Estoque"},"schema":{"@context":"https:\/\/schema.org","@graph":[{"@type":"WebPage","@id":"https:\/\/navegacionpatagonia.com.ar\/producto\/travesia-kayak-lago-moreno\/","url":"https:\/\/navegacionpatagonia.com.ar\/producto\/travesia-kayak-lago-moreno\/","name":"Passeio de caiaque no Lago Moreno - Navega\u00e7\u00e3o na Patag\u00f4nia","isPartOf":{"@id":"https:\/\/navegacionpatagonia.com.ar\/#website"},"primaryImageOfPage":{"@id":"https:\/\/navegacionpatagonia.com.ar\/producto\/travesia-kayak-lago-moreno\/#primaryimage"},"image":{"@id":"https:\/\/navegacionpatagonia.com.ar\/producto\/travesia-kayak-lago-moreno\/#primaryimage"},"thumbnailUrl":"https:\/\/navegacionpatagonia.com.ar\/wp-content\/uploads\/sites\/8\/2025\/08\/7-B-GOPR1092-copia.jpg","datePublished":"2025-08-21T22:02:24+00:00","dateModified":"2026-01-28T13:07:16+00:00","description":"Passeio de caiaque no Lago Moreno com a Patag\u00f4nia Navigation. Natureza, calma e paisagens \u00fanicas em uma experi\u00eancia inesquec\u00edvel em Bariloche.","breadcrumb":{"@id":"https:\/\/navegacionpatagonia.com.ar\/producto\/travesia-kayak-lago-moreno\/#breadcrumb"},"inLanguage":"pt-BR","potentialAction":[{"@type":"ReadAction","target":["https:\/\/navegacionpatagonia.com.ar\/producto\/travesia-kayak-lago-moreno\/"]}]},{"@type":"ImageObject","inLanguage":"pt-BR","@id":"https:\/\/navegacionpatagonia.com.ar\/producto\/travesia-kayak-lago-moreno\/#primaryimage","url":"https:\/\/navegacionpatagonia.com.ar\/wp-content\/uploads\/sites\/8\/2025\/08\/7-B-GOPR1092-copia.jpg","contentUrl":"https:\/\/navegacionpatagonia.com.ar\/wp-content\/uploads\/sites\/8\/2025\/08\/7-B-GOPR1092-copia.jpg","width":850,"height":1134,"caption":"DCIM100GOPROGOPR1092.JPG"},{"@type":"BreadcrumbList","@id":"https:\/\/navegacionpatagonia.com.ar\/producto\/travesia-kayak-lago-moreno\/#breadcrumb","itemListElement":[{"@type":"ListItem","position":1,"name":"Inicio","item":"https:\/\/navegacionpatagonia.com.ar\/"},{"@type":"ListItem","position":2,"name":"Tienda","item":"https:\/\/navegacionpatagonia.com.ar\/tienda\/"},{"@type":"ListItem","position":3,"name":"Kayak por el Lago Moreno"}]},{"@type":"WebSite","@id":"https:\/\/navegacionpatagonia.com.ar\/#website","url":"https:\/\/navegacionpatagonia.com.ar\/","name":"Navega\u00e7\u00e3o na Patag\u00f4nia","description":"","potentialAction":[{"@type":"SearchAction","target":{"@type":"EntryPoint","urlTemplate":"https:\/\/navegacionpatagonia.com.ar\/?s={search_term_string}"},"query-input":{"@type":"PropertyValueSpecification","valueRequired":true,"valueName":"search_term_string"}}],"inLanguage":"pt-BR"}]},"product_price_amount":"107400.00","product_price_currency":"ARS","og_availability":"instock","product_availability":"instock","product_retailer_item_id":"ADV2025TRENKAH9J5","product_condition":"new"},"_links":{"self":[{"href":"https:\/\/navegacionpatagonia.com.ar\/pt\/wp-json\/wp\/v2\/product\/378011","targetHints":{"allow":["GET"]}}],"collection":[{"href":"https:\/\/navegacionpatagonia.com.ar\/pt\/wp-json\/wp\/v2\/product"}],"about":[{"href":"https:\/\/navegacionpatagonia.com.ar\/pt\/wp-json\/wp\/v2\/types\/product"}],"replies":[{"embeddable":true,"href":"https:\/\/navegacionpatagonia.com.ar\/pt\/wp-json\/wp\/v2\/comments?post=378011"}],"wp:featuredmedia":[{"embeddable":true,"href":"https:\/\/navegacionpatagonia.com.ar\/pt\/wp-json\/wp\/v2\/media\/378187"}],"wp:attachment":[{"href":"https:\/\/navegacionpatagonia.com.ar\/pt\/wp-json\/wp\/v2\/media?parent=378011"}],"wp:term":[{"taxonomy":"product_brand","embeddable":true,"href":"https:\/\/navegacionpatagonia.com.ar\/pt\/wp-json\/wp\/v2\/product_brand?post=378011"},{"taxonomy":"product_cat","embeddable":true,"href":"https:\/\/navegacionpatagonia.com.ar\/pt\/wp-json\/wp\/v2\/product_cat?post=378011"},{"taxonomy":"product_tag","embeddable":true,"href":"https:\/\/navegacionpatagonia.com.ar\/pt\/wp-json\/wp\/v2\/product_tag?post=378011"}],"curies":[{"name":"wp","href":"https:\/\/api.w.org\/{rel}","templated":true}]}}