{"id":378010,"date":"2025-08-21T19:01:52","date_gmt":"2025-08-21T22:01:52","guid":{"rendered":"https:\/\/navegacionpatagonia.com.ar\/producto\/descenso-hasta-frontera-con-chile-sin-traslado\/"},"modified":"2026-04-28T11:23:45","modified_gmt":"2026-04-28T14:23:45","slug":"descenso-hasta-frontera-con-chile-sin-traslado","status":"publish","type":"product","link":"https:\/\/navegacionpatagonia.com.ar\/pt\/produto\/descida-ate-a-fronteira-do-chile-sem-traslado\/","title":{"rendered":"Descida at\u00e9 a fronteira com o Chile Sem traslado"},"content":{"rendered":"<h2 class=\"ai-optimize-6\">Travessia do rio na fronteira com o Chile<\/h2>\n<p class=\"ai-optimize-7 ai-optimize-introduction\">Venha e experimente um <strong>experi\u00eancia inesquec\u00edvel de rafting<\/strong> que o mergulha na natureza patag\u00f4nica em seu estado mais puro. Essa excurs\u00e3o viaja ao longo do impressionante Rio Manso, onde as corredeiras din\u00e2micas do rio Manso s\u00e3o o ponto de partida para a viagem. <strong>3 y 4<\/strong> convidam voc\u00ea a se aventurar at\u00e9 a fronteira com o Chile.<\/p>\n<h3 class=\"ai-optimize-8\">In\u00edcio da aventura<\/h3>\n<p class=\"ai-optimize-9\">O dia come\u00e7a no ponto de encontro. Antes de entrar na \u00e1gua, nossos guias especializados lhe fornecer\u00e3o os equipamentos essenciais: neoprene, capacetes e coletes, sempre priorizando a sua seguran\u00e7a.<\/p>\n<h3 class=\"ai-optimize-10\">Descida do rio Manso<\/h3>\n<ul>\n<li class=\"ai-optimize-11\"><strong>Viagem:<\/strong> Uma jornada emocionante de <strong>10 km<\/strong> pelas \u00e1guas do Manso, com um tempo estimado de <strong>2 horas<\/strong>.<\/li>\n<li class=\"ai-optimize-12\"><strong>Intensidade:<\/strong> Passe por corredeiras vigorosas e elegantes <strong>III\/IV<\/strong>.<\/li>\n<li class=\"ai-optimize-13\">Ao chegar \u00e0 fronteira com o Chile, \u00e9 organizado o retorno ao ponto de partida inicial.<\/li>\n<\/ul>\n<h3 class=\"ai-optimize-14\">Op\u00e7\u00f5es gastron\u00f4micas<\/h3>\n<p class=\"ai-optimize-15\">No final do dia, voc\u00ea pode optar por almo\u00e7ar no Parador. Esse servi\u00e7o \u00e9 cobrado e n\u00e3o est\u00e1 inclu\u00eddo no passeio, com alternativas como <strong>churrasco<\/strong>, <strong>massa<\/strong> ou salada, dispon\u00edvel por um pre\u00e7o \u00e0 parte.<\/p>\n<h3 class=\"ai-optimize-16\">Recomenda\u00e7\u00f5es para os participantes<\/h3>\n<ul>\n<li class=\"ai-optimize-17\">Esse passeio \u00e9 adequado para <strong>jovens e adultos<\/strong> do <strong>14 anos<\/strong>.<\/li>\n<li class=\"ai-optimize-18\">Sugerimos levar um <strong>toalha<\/strong> e roupas sobressalentes ap\u00f3s a aventura.<\/li>\n<\/ul>\n<h3 class=\"ai-optimize-19\">Informa\u00e7\u00f5es sobre a op\u00e7\u00e3o de n\u00e3o transfer\u00eancia<\/h3>\n<p class=\"ai-optimize-20\">Se preferir a op\u00e7\u00e3o sem traslado, voc\u00ea deve ir diretamente ao nosso parador, localizado na <strong data-start=\"372\" data-end=\"389\">Base Villegas<\/strong>, no <strong data-start=\"400\" data-end=\"417\">Ruta 83, Km 1, San Carlos de Bariloche, R\u00edo Negro.\u00a0<\/strong>.<br data-start=\"418\" data-end=\"421\" \/>Encontre o mapa no Google Maps: <a class=\"\" href=\"https:\/\/maps.app.goo.gl\/NqbsUN6VB5Fnt7hVA\" target=\"_new\" rel=\"noopener\" data-start=\"449\" data-end=\"535\">https:\/\/maps.app.goo.gl\/NqbsUN6VB5Fnt7hVA<\/a><\/p>\n<h3 class=\"ai-optimize-21\">Fatos importantes<\/h3>\n<ul>\n<li class=\"ai-optimize-22\"><strong>Dura\u00e7\u00e3o:<\/strong> De <strong>9:00 a.m. \u00e0s 6:00 p.m.<\/strong> aproximadamente.<\/li>\n<li class=\"ai-optimize-23\"><strong>Ele inclui:<\/strong> Rafting e equipamentos (neoprene, colete, jaqueta imperme\u00e1vel, sapatos de neoprene, remo e capacete).<\/li>\n<li class=\"ai-optimize-24\"><strong>N\u00e3o inclu\u00eddo:<\/strong> Traslado, busca de acomoda\u00e7\u00e3o, caf\u00e9 da manh\u00e3 e almo\u00e7o.<\/li>\n<\/ul>\n<h2 class=\"ai-optimize-25\">Perguntas frequentes<\/h2>\n<ul>\n<li class=\"ai-optimize-26\"><strong>Qual \u00e9 a idade m\u00ednima para participar?<\/strong><br \/>\nA excurs\u00e3o \u00e9 para pessoas acima de 14 anos de idade.<\/li>\n<li class=\"ai-optimize-27\"><strong>Que tipo de equipamento \u00e9 fornecido?<\/strong><br \/>\nFornecemos roupas de mergulho, coletes salva-vidas, capacetes, botas e remos.<\/li>\n<li class=\"ai-optimize-28\"><strong>O almo\u00e7o est\u00e1 inclu\u00eddo no pre\u00e7o?<\/strong><br \/>\nN\u00e3o, o almo\u00e7o n\u00e3o est\u00e1 inclu\u00eddo, embora voc\u00ea possa escolher entre diferentes card\u00e1pios por uma taxa extra.<\/li>\n<li class=\"ai-optimize-29\"><strong>Onde \u00e9 o ponto de encontro?<\/strong><br \/>\nSe voc\u00ea optar pela modalidade sem transfer\u00eancia, a reuni\u00e3o ser\u00e1 no <strong data-start=\"372\" data-end=\"389\">Base Villegas<\/strong>, no <strong data-start=\"400\" data-end=\"417\">Ruta 83, Km 1, San Carlos de Bariloche, R\u00edo Negro.<br \/>\nMapa no Google Maps: <a class=\"\" href=\"https:\/\/maps.app.goo.gl\/NqbsUN6VB5Fnt7hVA\" target=\"_new\" rel=\"noopener\" data-start=\"449\" data-end=\"535\">https:\/\/maps.app.goo.gl\/NqbsUN6VB5Fnt7hVA<\/a><br \/>\n<\/strong><\/li>\n<\/ul>\n<p class=\"ai-optimize-23\"><strong>Aviso importante<\/strong>Esse passeio est\u00e1 dispon\u00edvel no momento e tem sa\u00eddas at\u00e9 30 de abril, de acordo com o calend\u00e1rio operacional.<\/p>","protected":false},"excerpt":{"rendered":"<p class=\"ai-optimize-6\">Aproveite a aventura de correr o rio Manso sem se preocupar com traslados. Mergulhe em corredeiras de classe III\/IV e desfrute de um farto caf\u00e9 da manh\u00e3. Perfeita para maiores de 14 anos, essa experi\u00eancia oferece emo\u00e7\u00f5es e belas paisagens.<\/p>","protected":false},"featured_media":377820,"comment_status":"open","ping_status":"closed","template":"","meta":[],"product_brand":[],"product_cat":[62,64,67,74,75,77,78,83],"product_tag":[],"class_list":{"0":"post-378010","1":"product","2":"type-product","3":"status-publish","4":"has-post-thumbnail","6":"product_cat-adultos","7":"product_cat-aventura","8":"product_cat-familia","9":"product_cat-otono","10":"product_cat-primavera","11":"product_cat-sin-comida","12":"product_cat-sin-traslado","13":"product_cat-verano","15":"first","16":"instock","17":"virtual","18":"sold-individually","19":"purchasable","20":"product-type-booking"},"booking_location":"","booking_location_type":"","booking_duration":1,"booking_duration_unit":"hour","booking_buffer":0,"booking_cost":0,"booking_resources":[],"exclude_global_add_ons":false,"addons":[{"name":"ADU | Adulto","type":"input_multiplier","position":0,"required":false,"title_format":"label","default":"","description_enable":false,"description":"","placeholder_enable":false,"placeholder":"","display":"select","restrictions_type":"any_text","adjust_price":true,"price":"140400","price_type":"quantity_based","restrictions":false,"min":"0","max":"0","options":[],"id":1777375426},{"name":"EXTRA: acompanhante","type":"input_multiplier","position":1,"required":false,"title_format":"label","default":"","description_enable":false,"description":"","placeholder_enable":false,"placeholder":"","display":"select","restrictions_type":"any_text","adjust_price":true,"price":"70200","price_type":"quantity_based","restrictions":false,"min":"0","max":"0","options":[],"id":1777375427},{"name":"MEN 14 18 | De 14 a 18","type":"input_multiplier","position":2,"required":false,"title_format":"label","default":"","description_enable":false,"description":"","placeholder_enable":false,"placeholder":"","display":"select","restrictions_type":"any_text","adjust_price":true,"price":"140400","price_type":"quantity_based","restrictions":false,"min":"0","max":"0","options":[],"id":1777375428}],"yoast_head":"<!-- This site is optimized with the Yoast SEO Premium plugin v25.2 (Yoast SEO v25.2) - https:\/\/yoast.com\/wordpress\/plugins\/seo\/ -->\n<title>Descenso hasta frontera con Chile Sin traslado - Navegacion Patagonia<\/title>\n<meta name=\"description\" content=\"Viv\u00ed la aventura en el R\u00edo Manso hasta la frontera con Chile. Una excursi\u00f3n desde Bariloche con r\u00e1pidos emocionantes, gu\u00edas expertos y paisajes \u00fanicos.\" \/>\n<meta name=\"robots\" content=\"index, follow, max-snippet:-1, max-image-preview:large, max-video-preview:-1\" \/>\n<link rel=\"canonical\" href=\"https:\/\/navegacionpatagonia.com.ar\/pt\/produto\/descida-ate-a-fronteira-do-chile-sem-traslado\/\" \/>\n<meta property=\"og:locale\" content=\"pt_BR\" \/>\n<meta property=\"og:type\" content=\"article\" \/>\n<meta property=\"og:title\" content=\"Descenso hasta frontera con Chile Sin traslado\" \/>\n<meta property=\"og:description\" content=\"Viv\u00ed la aventura en el R\u00edo Manso hasta la frontera con Chile. Una excursi\u00f3n desde Bariloche con r\u00e1pidos emocionantes, gu\u00edas expertos y paisajes \u00fanicos.\" \/>\n<meta property=\"og:url\" content=\"https:\/\/navegacionpatagonia.com.ar\/pt\/produto\/descida-ate-a-fronteira-do-chile-sem-traslado\/\" \/>\n<meta property=\"og:site_name\" content=\"Navegacion Patagonia\" \/>\n<meta property=\"article:modified_time\" content=\"2026-04-28T14:23:45+00:00\" \/>\n<meta property=\"og:image\" content=\"https:\/\/navegacionpatagonia.com.ar\/wp-content\/uploads\/sites\/8\/2025\/03\/RaftingLightrioManso_image3_1140_1601836078.jpg\" \/>\n\t<meta property=\"og:image:width\" content=\"1140\" \/>\n\t<meta property=\"og:image:height\" content=\"855\" \/>\n\t<meta property=\"og:image:type\" content=\"image\/jpeg\" \/>\n<meta name=\"twitter:card\" content=\"summary_large_image\" \/>\n<meta name=\"twitter:label1\" content=\"Pre\u00e7o\" \/>\n\t<meta name=\"twitter:data1\" content=\"&#036;140,400.00\" \/>\n\t<meta name=\"twitter:label2\" content=\"Disponibilidade\" \/>\n\t<meta name=\"twitter:data2\" content=\"Em Estoque\" \/>\n<script type=\"application\/ld+json\" class=\"yoast-schema-graph\">{\"@context\":\"https:\/\/schema.org\",\"@graph\":[{\"@type\":\"WebPage\",\"@id\":\"https:\/\/navegacionpatagonia.com.ar\/producto\/descenso-hasta-frontera-con-chile-sin-traslado\/\",\"url\":\"https:\/\/navegacionpatagonia.com.ar\/producto\/descenso-hasta-frontera-con-chile-sin-traslado\/\",\"name\":\"Descenso hasta frontera con Chile Sin traslado - Navegacion Patagonia\",\"isPartOf\":{\"@id\":\"https:\/\/navegacionpatagonia.com.ar\/#website\"},\"primaryImageOfPage\":{\"@id\":\"https:\/\/navegacionpatagonia.com.ar\/producto\/descenso-hasta-frontera-con-chile-sin-traslado\/#primaryimage\"},\"image\":{\"@id\":\"https:\/\/navegacionpatagonia.com.ar\/producto\/descenso-hasta-frontera-con-chile-sin-traslado\/#primaryimage\"},\"thumbnailUrl\":\"https:\/\/navegacionpatagonia.com.ar\/wp-content\/uploads\/sites\/8\/2025\/03\/RaftingLightrioManso_image3_1140_1601836078.jpg\",\"datePublished\":\"2025-08-21T22:01:52+00:00\",\"dateModified\":\"2026-04-28T14:23:45+00:00\",\"description\":\"Viv\u00ed la aventura en el R\u00edo Manso hasta la frontera con Chile. Una excursi\u00f3n desde Bariloche con r\u00e1pidos emocionantes, gu\u00edas expertos y paisajes \u00fanicos.\",\"breadcrumb\":{\"@id\":\"https:\/\/navegacionpatagonia.com.ar\/producto\/descenso-hasta-frontera-con-chile-sin-traslado\/#breadcrumb\"},\"inLanguage\":\"pt-BR\",\"potentialAction\":[{\"@type\":\"ReadAction\",\"target\":[\"https:\/\/navegacionpatagonia.com.ar\/producto\/descenso-hasta-frontera-con-chile-sin-traslado\/\"]}]},{\"@type\":\"ImageObject\",\"inLanguage\":\"pt-BR\",\"@id\":\"https:\/\/navegacionpatagonia.com.ar\/producto\/descenso-hasta-frontera-con-chile-sin-traslado\/#primaryimage\",\"url\":\"https:\/\/navegacionpatagonia.com.ar\/wp-content\/uploads\/sites\/8\/2025\/03\/RaftingLightrioManso_image3_1140_1601836078.jpg\",\"contentUrl\":\"https:\/\/navegacionpatagonia.com.ar\/wp-content\/uploads\/sites\/8\/2025\/03\/RaftingLightrioManso_image3_1140_1601836078.jpg\",\"width\":1140,\"height\":855},{\"@type\":\"BreadcrumbList\",\"@id\":\"https:\/\/navegacionpatagonia.com.ar\/producto\/descenso-hasta-frontera-con-chile-sin-traslado\/#breadcrumb\",\"itemListElement\":[{\"@type\":\"ListItem\",\"position\":1,\"name\":\"Inicio\",\"item\":\"https:\/\/navegacionpatagonia.com.ar\/\"},{\"@type\":\"ListItem\",\"position\":2,\"name\":\"Tienda\",\"item\":\"https:\/\/navegacionpatagonia.com.ar\/tienda\/\"},{\"@type\":\"ListItem\",\"position\":3,\"name\":\"Descenso hasta frontera con Chile Sin traslado\"}]},{\"@type\":\"WebSite\",\"@id\":\"https:\/\/navegacionpatagonia.com.ar\/#website\",\"url\":\"https:\/\/navegacionpatagonia.com.ar\/\",\"name\":\"Navegacion Patagonia\",\"description\":\"\",\"potentialAction\":[{\"@type\":\"SearchAction\",\"target\":{\"@type\":\"EntryPoint\",\"urlTemplate\":\"https:\/\/navegacionpatagonia.com.ar\/?s={search_term_string}\"},\"query-input\":{\"@type\":\"PropertyValueSpecification\",\"valueRequired\":true,\"valueName\":\"search_term_string\"}}],\"inLanguage\":\"pt-BR\"}]}<\/script>\n<meta property=\"product:price:amount\" content=\"140400.00\" \/>\n<meta property=\"product:price:currency\" content=\"ARS\" \/>\n<meta property=\"og:availability\" content=\"instock\" \/>\n<meta property=\"product:availability\" content=\"instock\" \/>\n<meta property=\"product:retailer_item_id\" content=\"ADV2025RAALL\u00cd530P\" \/>\n<meta property=\"product:condition\" content=\"new\" \/>\n<!-- \/ Yoast SEO Premium plugin. -->","yoast_head_json":{"title":"Descida at\u00e9 a fronteira com o Chile Sem traslado - Navegacion Patagonia","description":"Viva a aventura no Rio Manso at\u00e9 a fronteira com o Chile. Uma excurs\u00e3o saindo de Bariloche com corredeiras emocionantes, guias especializados e paisagens \u00fanicas.","robots":{"index":"index","follow":"follow","max-snippet":"max-snippet:-1","max-image-preview":"max-image-preview:large","max-video-preview":"max-video-preview:-1"},"canonical":"https:\/\/navegacionpatagonia.com.ar\/pt\/produto\/descida-ate-a-fronteira-do-chile-sem-traslado\/","og_locale":"pt_BR","og_type":"article","og_title":"Descenso hasta frontera con Chile Sin traslado","og_description":"Viv\u00ed la aventura en el R\u00edo Manso hasta la frontera con Chile. Una excursi\u00f3n desde Bariloche con r\u00e1pidos emocionantes, gu\u00edas expertos y paisajes \u00fanicos.","og_url":"https:\/\/navegacionpatagonia.com.ar\/pt\/produto\/descida-ate-a-fronteira-do-chile-sem-traslado\/","og_site_name":"Navegacion Patagonia","article_modified_time":"2026-04-28T14:23:45+00:00","og_image":[{"width":1140,"height":855,"url":"https:\/\/navegacionpatagonia.com.ar\/wp-content\/uploads\/sites\/8\/2025\/03\/RaftingLightrioManso_image3_1140_1601836078.jpg","type":"image\/jpeg"}],"twitter_card":"summary_large_image","twitter_misc":{"Pre\u00e7o":"&#36;140,400.00","Disponibilidade":"Em Estoque"},"schema":{"@context":"https:\/\/schema.org","@graph":[{"@type":"WebPage","@id":"https:\/\/navegacionpatagonia.com.ar\/producto\/descenso-hasta-frontera-con-chile-sin-traslado\/","url":"https:\/\/navegacionpatagonia.com.ar\/producto\/descenso-hasta-frontera-con-chile-sin-traslado\/","name":"Descida at\u00e9 a fronteira com o Chile Sem traslado - Navegacion Patagonia","isPartOf":{"@id":"https:\/\/navegacionpatagonia.com.ar\/#website"},"primaryImageOfPage":{"@id":"https:\/\/navegacionpatagonia.com.ar\/producto\/descenso-hasta-frontera-con-chile-sin-traslado\/#primaryimage"},"image":{"@id":"https:\/\/navegacionpatagonia.com.ar\/producto\/descenso-hasta-frontera-con-chile-sin-traslado\/#primaryimage"},"thumbnailUrl":"https:\/\/navegacionpatagonia.com.ar\/wp-content\/uploads\/sites\/8\/2025\/03\/RaftingLightrioManso_image3_1140_1601836078.jpg","datePublished":"2025-08-21T22:01:52+00:00","dateModified":"2026-04-28T14:23:45+00:00","description":"Viva a aventura no Rio Manso at\u00e9 a fronteira com o Chile. Uma excurs\u00e3o saindo de Bariloche com corredeiras emocionantes, guias especializados e paisagens \u00fanicas.","breadcrumb":{"@id":"https:\/\/navegacionpatagonia.com.ar\/producto\/descenso-hasta-frontera-con-chile-sin-traslado\/#breadcrumb"},"inLanguage":"pt-BR","potentialAction":[{"@type":"ReadAction","target":["https:\/\/navegacionpatagonia.com.ar\/producto\/descenso-hasta-frontera-con-chile-sin-traslado\/"]}]},{"@type":"ImageObject","inLanguage":"pt-BR","@id":"https:\/\/navegacionpatagonia.com.ar\/producto\/descenso-hasta-frontera-con-chile-sin-traslado\/#primaryimage","url":"https:\/\/navegacionpatagonia.com.ar\/wp-content\/uploads\/sites\/8\/2025\/03\/RaftingLightrioManso_image3_1140_1601836078.jpg","contentUrl":"https:\/\/navegacionpatagonia.com.ar\/wp-content\/uploads\/sites\/8\/2025\/03\/RaftingLightrioManso_image3_1140_1601836078.jpg","width":1140,"height":855},{"@type":"BreadcrumbList","@id":"https:\/\/navegacionpatagonia.com.ar\/producto\/descenso-hasta-frontera-con-chile-sin-traslado\/#breadcrumb","itemListElement":[{"@type":"ListItem","position":1,"name":"Inicio","item":"https:\/\/navegacionpatagonia.com.ar\/"},{"@type":"ListItem","position":2,"name":"Tienda","item":"https:\/\/navegacionpatagonia.com.ar\/tienda\/"},{"@type":"ListItem","position":3,"name":"Descenso hasta frontera con Chile Sin traslado"}]},{"@type":"WebSite","@id":"https:\/\/navegacionpatagonia.com.ar\/#website","url":"https:\/\/navegacionpatagonia.com.ar\/","name":"Navega\u00e7\u00e3o na Patag\u00f4nia","description":"","potentialAction":[{"@type":"SearchAction","target":{"@type":"EntryPoint","urlTemplate":"https:\/\/navegacionpatagonia.com.ar\/?s={search_term_string}"},"query-input":{"@type":"PropertyValueSpecification","valueRequired":true,"valueName":"search_term_string"}}],"inLanguage":"pt-BR"}]},"product_price_amount":"140400.00","product_price_currency":"ARS","og_availability":"instock","product_availability":"instock","product_retailer_item_id":"ADV2025RAALL\u00cd530P","product_condition":"new"},"_links":{"self":[{"href":"https:\/\/navegacionpatagonia.com.ar\/pt\/wp-json\/wp\/v2\/product\/378010","targetHints":{"allow":["GET"]}}],"collection":[{"href":"https:\/\/navegacionpatagonia.com.ar\/pt\/wp-json\/wp\/v2\/product"}],"about":[{"href":"https:\/\/navegacionpatagonia.com.ar\/pt\/wp-json\/wp\/v2\/types\/product"}],"replies":[{"embeddable":true,"href":"https:\/\/navegacionpatagonia.com.ar\/pt\/wp-json\/wp\/v2\/comments?post=378010"}],"wp:featuredmedia":[{"embeddable":true,"href":"https:\/\/navegacionpatagonia.com.ar\/pt\/wp-json\/wp\/v2\/media\/377820"}],"wp:attachment":[{"href":"https:\/\/navegacionpatagonia.com.ar\/pt\/wp-json\/wp\/v2\/media?parent=378010"}],"wp:term":[{"taxonomy":"product_brand","embeddable":true,"href":"https:\/\/navegacionpatagonia.com.ar\/pt\/wp-json\/wp\/v2\/product_brand?post=378010"},{"taxonomy":"product_cat","embeddable":true,"href":"https:\/\/navegacionpatagonia.com.ar\/pt\/wp-json\/wp\/v2\/product_cat?post=378010"},{"taxonomy":"product_tag","embeddable":true,"href":"https:\/\/navegacionpatagonia.com.ar\/pt\/wp-json\/wp\/v2\/product_tag?post=378010"}],"curies":[{"name":"wp","href":"https:\/\/api.w.org\/{rel}","templated":true}]}}