{"id":378009,"date":"2025-08-21T19:01:21","date_gmt":"2025-08-21T22:01:21","guid":{"rendered":"https:\/\/navegacionpatagonia.com.ar\/producto\/rafting-en-frontera-con-chile-con-traslado\/"},"modified":"2026-04-28T11:29:09","modified_gmt":"2026-04-28T14:29:09","slug":"rafting-en-frontera-con-chile-con-traslado","status":"publish","type":"product","link":"https:\/\/navegacionpatagonia.com.ar\/pt\/produto\/rafting-na-fronteira-chilena-com-traslado\/","title":{"rendered":"Rafting na fronteira com o Chile com traslado"},"content":{"rendered":"<h2 class=\"ai-optimize-6\">Experimente uma aventura inesquec\u00edvel de rafting no Rio Manso<\/h2>\n<p class=\"ai-optimize-7 ai-optimize-introduction\">Eu senti a <strong>a intensa emo\u00e7\u00e3o do rafting<\/strong> Enquanto voc\u00ea viaja ao longo do majestoso rio Manso, um cen\u00e1rio c\u00eanico para a <strong>paisagens naturais<\/strong> e um desafio constante. Essa jornada, com corredeiras de n\u00edveis 3 e 4, termina no <strong>fronteira com o Chile<\/strong>, A experi\u00eancia \u00e9 excepcional, cheia de adrenalina e vistas \u00fanicas.<\/p>\n<h3 class=\"ai-optimize-8\">Plano de atividades<\/h3>\n<ul>\n<li class=\"ai-optimize-9\"><strong>Hor\u00e1rio de in\u00edcio:<\/strong> A sa\u00edda come\u00e7a \u00e0s 8:00 horas do centro da cidade de San Carlos de Bariloche.<\/li>\n<li class=\"ai-optimize-11\"><strong>Fornecimento de equipamentos:<\/strong> Fornecemos roupas de mergulho, capacetes e coletes salva-vidas, entregues por nossos guias profissionais.<\/li>\n<li class=\"ai-optimize-12\"><strong>Dura\u00e7\u00e3o do passeio:<\/strong> Voc\u00ea remar\u00e1 contra as corredeiras em um trecho de 11 km, com dura\u00e7\u00e3o aproximada de 2 horas.<\/li>\n<li class=\"ai-optimize-13\"><strong>Op\u00e7\u00e3o de almo\u00e7o:<\/strong> No final do rafting, opte por um churrasco ou saladas diferentes, sujeito a custo adicional.<\/li>\n<li class=\"ai-optimize-14\"><strong>Seguran\u00e7a garantida:<\/strong> Caiaqueiros de seguran\u00e7a o acompanham durante todo o passeio para sua tranquilidade.<\/li>\n<\/ul>\n<h3 class=\"ai-optimize-15\">Informa\u00e7\u00f5es essenciais<\/h3>\n<ul>\n<li class=\"ai-optimize-16\"><strong>Recomenda\u00e7\u00f5es:<\/strong> Recomendamos levar uma toalha e uma muda de roupa.<\/li>\n<li class=\"ai-optimize-17\"><strong>Restri\u00e7\u00e3o de idade:<\/strong> Essa atividade \u00e9 aberta a pessoas com 14 anos ou mais.<\/li>\n<\/ul>\n<h3 class=\"ai-optimize-18\">Hor\u00e1rios<\/h3>\n<p class=\"ai-optimize-19\">O passeio come\u00e7a \u00e0s 8:00 horas e termina aproximadamente \u00e0s 18:00 horas.<\/p>\n<h3 class=\"ai-optimize-20\">Inclui<\/h3>\n<ul>\n<li class=\"ai-optimize-21\">Rafting do in\u00edcio ao fim<\/li>\n<li class=\"ai-optimize-23\">Equipamento inclu\u00eddo: roupa de mergulho, colete de seguran\u00e7a, jaqueta imperme\u00e1vel, botas de neoprene, remos e capacetes.<\/li>\n<\/ul>\n<h3 class=\"ai-optimize-24\">Perguntas frequentes<\/h3>\n<h4 class=\"ai-optimize-25\">\u00c9 poss\u00edvel chegar l\u00e1 por conta pr\u00f3pria?<\/h4>\n<div class=\"post__header\"><\/div>\n<div id=\"965rk1tqybbdtxwubw3trm1z4h_message\" class=\"post__body\">\n<div class=\"AutoHeight\">\n<div>\n<div class=\"post-message post-message--collapsed\">\n<div class=\"post-message__text-container\">\n<div id=\"postMessageText_965rk1tqybbdtxwubw3trm1z4h\" class=\"post-message__text\" dir=\"auto\">\n<p class=\"ai-optimize-6\">Se voc\u00ea decidir contratar a op\u00e7\u00e3o sem traslado, dever\u00e1 estar em nosso albergue onde a excurs\u00e3o de rafting \u00e9 realizada na Base Villegas, Rota 83 Km 1. <a class=\"theme markdown__link\" href=\"https:\/\/maps.app.goo.gl\/NqbsUN6VB5Fnt7hVA\" target=\"_blank\" rel=\"noopener noreferrer\">https:\/\/maps.app.goo.gl\/NqbsUN6VB5Fnt7hVA<\/a> este \u00e9 o link para a localiza\u00e7\u00e3o do parador.<\/p>\n<\/div>\n<\/div>\n<\/div>\n<\/div>\n<\/div>\n<\/div>\n<h4 class=\"ai-optimize-27\">\u00c9 permitida a presen\u00e7a de acompanhantes n\u00e3o participantes?<\/h4>\n<p class=\"ai-optimize-28\">Sim, os acompanhantes podem passar o dia no rio pagando apenas a taxa 50%, sem necessidade de rafting.<\/p>\n<p class=\"ai-optimize-23\"><strong>Aviso importante<\/strong>Esse passeio est\u00e1 dispon\u00edvel no momento e tem sa\u00eddas at\u00e9 30 de abril, de acordo com o calend\u00e1rio operacional.<\/p>","protected":false},"excerpt":{"rendered":"<p class=\"ai-optimize-29\">Viva uma <strong>experi\u00eancia \u00fanica de rafting<\/strong> na fronteira com o Chile. Atreva-se a percorrer as emocionantes corredeiras do <strong>Rio Manso<\/strong> e desfrute de um caf\u00e9 da manh\u00e3 energ\u00e9tico, equipamento completo e a prote\u00e7\u00e3o de guias de caiaque especializados. Ideal para quem quer conhecer a natureza em profundidade.<\/p>","protected":false},"featured_media":377822,"comment_status":"open","ping_status":"closed","template":"","meta":[],"product_brand":[],"product_cat":[62,64,66,67,74,75,77,83],"product_tag":[],"class_list":{"0":"post-378009","1":"product","2":"type-product","3":"status-publish","4":"has-post-thumbnail","6":"product_cat-adultos","7":"product_cat-aventura","8":"product_cat-con-traslado","9":"product_cat-familia","10":"product_cat-otono","11":"product_cat-primavera","12":"product_cat-sin-comida","13":"product_cat-verano","15":"first","16":"instock","17":"virtual","18":"sold-individually","19":"purchasable","20":"product-type-booking"},"booking_location":"","booking_location_type":"","booking_duration":1,"booking_duration_unit":"hour","booking_buffer":0,"booking_cost":0,"booking_resources":[],"exclude_global_add_ons":false,"addons":[{"name":"ADU | Adulto","type":"input_multiplier","position":0,"required":false,"title_format":"label","default":"","description_enable":false,"description":"","placeholder_enable":false,"placeholder":"","display":"select","restrictions_type":"any_text","adjust_price":true,"price":"","price_type":"quantity_based","restrictions":false,"min":"0","max":"0","options":[],"id":1777375750},{"name":"EXTRA: acompanhante","type":"input_multiplier","position":1,"required":false,"title_format":"label","default":"","description_enable":false,"description":"","placeholder_enable":false,"placeholder":"","display":"select","restrictions_type":"any_text","adjust_price":true,"price":"77700","price_type":"quantity_based","restrictions":false,"min":"0","max":"0","options":[],"id":1777375751},{"name":"MEN 1418 | De 14 a 18 anos","type":"input_multiplier","position":2,"required":false,"title_format":"label","default":"","description_enable":false,"description":"","placeholder_enable":false,"placeholder":"","display":"select","restrictions_type":"any_text","adjust_price":true,"price":"155400","price_type":"quantity_based","restrictions":false,"min":"0","max":"0","options":[],"id":1777375752}],"yoast_head":"<!-- This site is optimized with the Yoast SEO Premium plugin v25.2 (Yoast SEO v25.2) - https:\/\/yoast.com\/wordpress\/plugins\/seo\/ -->\n<title>Rafting en frontera con Chile con traslado - Navegacion Patagonia<\/title>\n<meta name=\"description\" content=\"Viv\u00ed la aventura del rafting hasta la frontera con Chile. Excursi\u00f3n desde Bariloche con r\u00e1pidos emocionantes, gu\u00edas expertos y paisajes \u00fanicos.\" \/>\n<meta name=\"robots\" content=\"index, follow, max-snippet:-1, max-image-preview:large, max-video-preview:-1\" \/>\n<link rel=\"canonical\" href=\"https:\/\/navegacionpatagonia.com.ar\/pt\/produto\/rafting-na-fronteira-chilena-com-traslado\/\" \/>\n<meta property=\"og:locale\" content=\"pt_BR\" \/>\n<meta property=\"og:type\" content=\"article\" \/>\n<meta property=\"og:title\" content=\"Rafting en frontera con Chile con traslado\" \/>\n<meta property=\"og:description\" content=\"Viv\u00ed la aventura del rafting hasta la frontera con Chile. Excursi\u00f3n desde Bariloche con r\u00e1pidos emocionantes, gu\u00edas expertos y paisajes \u00fanicos.\" \/>\n<meta property=\"og:url\" content=\"https:\/\/navegacionpatagonia.com.ar\/pt\/produto\/rafting-na-fronteira-chilena-com-traslado\/\" \/>\n<meta property=\"og:site_name\" content=\"Navegacion Patagonia\" \/>\n<meta property=\"article:modified_time\" content=\"2026-04-28T14:29:09+00:00\" \/>\n<meta property=\"og:image\" content=\"https:\/\/navegacionpatagonia.com.ar\/wp-content\/uploads\/sites\/8\/2025\/03\/RaftingLightrioManso_image4_1140_1601836150.jpg\" \/>\n\t<meta property=\"og:image:width\" content=\"1140\" \/>\n\t<meta property=\"og:image:height\" content=\"855\" \/>\n\t<meta property=\"og:image:type\" content=\"image\/jpeg\" \/>\n<meta name=\"twitter:card\" content=\"summary_large_image\" \/>\n<meta name=\"twitter:label1\" content=\"Pre\u00e7o\" \/>\n\t<meta name=\"twitter:data1\" content=\"&#036;155,400.00\" \/>\n\t<meta name=\"twitter:label2\" content=\"Disponibilidade\" \/>\n\t<meta name=\"twitter:data2\" content=\"Em Estoque\" \/>\n<script type=\"application\/ld+json\" class=\"yoast-schema-graph\">{\"@context\":\"https:\/\/schema.org\",\"@graph\":[{\"@type\":\"WebPage\",\"@id\":\"https:\/\/navegacionpatagonia.com.ar\/producto\/rafting-en-frontera-con-chile-con-traslado\/\",\"url\":\"https:\/\/navegacionpatagonia.com.ar\/producto\/rafting-en-frontera-con-chile-con-traslado\/\",\"name\":\"Rafting en frontera con Chile con traslado - Navegacion Patagonia\",\"isPartOf\":{\"@id\":\"https:\/\/navegacionpatagonia.com.ar\/#website\"},\"primaryImageOfPage\":{\"@id\":\"https:\/\/navegacionpatagonia.com.ar\/producto\/rafting-en-frontera-con-chile-con-traslado\/#primaryimage\"},\"image\":{\"@id\":\"https:\/\/navegacionpatagonia.com.ar\/producto\/rafting-en-frontera-con-chile-con-traslado\/#primaryimage\"},\"thumbnailUrl\":\"https:\/\/navegacionpatagonia.com.ar\/wp-content\/uploads\/sites\/8\/2025\/03\/RaftingLightrioManso_image4_1140_1601836150.jpg\",\"datePublished\":\"2025-08-21T22:01:21+00:00\",\"dateModified\":\"2026-04-28T14:29:09+00:00\",\"description\":\"Viv\u00ed la aventura del rafting hasta la frontera con Chile. Excursi\u00f3n desde Bariloche con r\u00e1pidos emocionantes, gu\u00edas expertos y paisajes \u00fanicos.\",\"breadcrumb\":{\"@id\":\"https:\/\/navegacionpatagonia.com.ar\/producto\/rafting-en-frontera-con-chile-con-traslado\/#breadcrumb\"},\"inLanguage\":\"pt-BR\",\"potentialAction\":[{\"@type\":\"ReadAction\",\"target\":[\"https:\/\/navegacionpatagonia.com.ar\/producto\/rafting-en-frontera-con-chile-con-traslado\/\"]}]},{\"@type\":\"ImageObject\",\"inLanguage\":\"pt-BR\",\"@id\":\"https:\/\/navegacionpatagonia.com.ar\/producto\/rafting-en-frontera-con-chile-con-traslado\/#primaryimage\",\"url\":\"https:\/\/navegacionpatagonia.com.ar\/wp-content\/uploads\/sites\/8\/2025\/03\/RaftingLightrioManso_image4_1140_1601836150.jpg\",\"contentUrl\":\"https:\/\/navegacionpatagonia.com.ar\/wp-content\/uploads\/sites\/8\/2025\/03\/RaftingLightrioManso_image4_1140_1601836150.jpg\",\"width\":1140,\"height\":855},{\"@type\":\"BreadcrumbList\",\"@id\":\"https:\/\/navegacionpatagonia.com.ar\/producto\/rafting-en-frontera-con-chile-con-traslado\/#breadcrumb\",\"itemListElement\":[{\"@type\":\"ListItem\",\"position\":1,\"name\":\"Inicio\",\"item\":\"https:\/\/navegacionpatagonia.com.ar\/\"},{\"@type\":\"ListItem\",\"position\":2,\"name\":\"Tienda\",\"item\":\"https:\/\/navegacionpatagonia.com.ar\/tienda\/\"},{\"@type\":\"ListItem\",\"position\":3,\"name\":\"Rafting en frontera con Chile con traslado\"}]},{\"@type\":\"WebSite\",\"@id\":\"https:\/\/navegacionpatagonia.com.ar\/#website\",\"url\":\"https:\/\/navegacionpatagonia.com.ar\/\",\"name\":\"Navegacion Patagonia\",\"description\":\"\",\"potentialAction\":[{\"@type\":\"SearchAction\",\"target\":{\"@type\":\"EntryPoint\",\"urlTemplate\":\"https:\/\/navegacionpatagonia.com.ar\/?s={search_term_string}\"},\"query-input\":{\"@type\":\"PropertyValueSpecification\",\"valueRequired\":true,\"valueName\":\"search_term_string\"}}],\"inLanguage\":\"pt-BR\"}]}<\/script>\n<meta property=\"product:price:amount\" content=\"155400.00\" \/>\n<meta property=\"product:price:currency\" content=\"ARS\" \/>\n<meta property=\"og:availability\" content=\"instock\" \/>\n<meta property=\"product:availability\" content=\"instock\" \/>\n<meta property=\"product:retailer_item_id\" content=\"ADV2025RAALL\u00cd7HIR\" \/>\n<meta property=\"product:condition\" content=\"new\" \/>\n<!-- \/ Yoast SEO Premium plugin. -->","yoast_head_json":{"title":"Rafting na fronteira com o Chile com traslado - Navegacion Patagonia","description":"Experimente a aventura de fazer rafting at\u00e9 a fronteira com o Chile. Excurs\u00e3o saindo de Bariloche com corredeiras emocionantes, guias especializados e paisagens \u00fanicas.","robots":{"index":"index","follow":"follow","max-snippet":"max-snippet:-1","max-image-preview":"max-image-preview:large","max-video-preview":"max-video-preview:-1"},"canonical":"https:\/\/navegacionpatagonia.com.ar\/pt\/produto\/rafting-na-fronteira-chilena-com-traslado\/","og_locale":"pt_BR","og_type":"article","og_title":"Rafting en frontera con Chile con traslado","og_description":"Viv\u00ed la aventura del rafting hasta la frontera con Chile. Excursi\u00f3n desde Bariloche con r\u00e1pidos emocionantes, gu\u00edas expertos y paisajes \u00fanicos.","og_url":"https:\/\/navegacionpatagonia.com.ar\/pt\/produto\/rafting-na-fronteira-chilena-com-traslado\/","og_site_name":"Navegacion Patagonia","article_modified_time":"2026-04-28T14:29:09+00:00","og_image":[{"width":1140,"height":855,"url":"https:\/\/navegacionpatagonia.com.ar\/wp-content\/uploads\/sites\/8\/2025\/03\/RaftingLightrioManso_image4_1140_1601836150.jpg","type":"image\/jpeg"}],"twitter_card":"summary_large_image","twitter_misc":{"Pre\u00e7o":"&#36;155,400.00","Disponibilidade":"Em Estoque"},"schema":{"@context":"https:\/\/schema.org","@graph":[{"@type":"WebPage","@id":"https:\/\/navegacionpatagonia.com.ar\/producto\/rafting-en-frontera-con-chile-con-traslado\/","url":"https:\/\/navegacionpatagonia.com.ar\/producto\/rafting-en-frontera-con-chile-con-traslado\/","name":"Rafting na fronteira com o Chile com traslado - Navegacion Patagonia","isPartOf":{"@id":"https:\/\/navegacionpatagonia.com.ar\/#website"},"primaryImageOfPage":{"@id":"https:\/\/navegacionpatagonia.com.ar\/producto\/rafting-en-frontera-con-chile-con-traslado\/#primaryimage"},"image":{"@id":"https:\/\/navegacionpatagonia.com.ar\/producto\/rafting-en-frontera-con-chile-con-traslado\/#primaryimage"},"thumbnailUrl":"https:\/\/navegacionpatagonia.com.ar\/wp-content\/uploads\/sites\/8\/2025\/03\/RaftingLightrioManso_image4_1140_1601836150.jpg","datePublished":"2025-08-21T22:01:21+00:00","dateModified":"2026-04-28T14:29:09+00:00","description":"Experimente a aventura de fazer rafting at\u00e9 a fronteira com o Chile. Excurs\u00e3o saindo de Bariloche com corredeiras emocionantes, guias especializados e paisagens \u00fanicas.","breadcrumb":{"@id":"https:\/\/navegacionpatagonia.com.ar\/producto\/rafting-en-frontera-con-chile-con-traslado\/#breadcrumb"},"inLanguage":"pt-BR","potentialAction":[{"@type":"ReadAction","target":["https:\/\/navegacionpatagonia.com.ar\/producto\/rafting-en-frontera-con-chile-con-traslado\/"]}]},{"@type":"ImageObject","inLanguage":"pt-BR","@id":"https:\/\/navegacionpatagonia.com.ar\/producto\/rafting-en-frontera-con-chile-con-traslado\/#primaryimage","url":"https:\/\/navegacionpatagonia.com.ar\/wp-content\/uploads\/sites\/8\/2025\/03\/RaftingLightrioManso_image4_1140_1601836150.jpg","contentUrl":"https:\/\/navegacionpatagonia.com.ar\/wp-content\/uploads\/sites\/8\/2025\/03\/RaftingLightrioManso_image4_1140_1601836150.jpg","width":1140,"height":855},{"@type":"BreadcrumbList","@id":"https:\/\/navegacionpatagonia.com.ar\/producto\/rafting-en-frontera-con-chile-con-traslado\/#breadcrumb","itemListElement":[{"@type":"ListItem","position":1,"name":"Inicio","item":"https:\/\/navegacionpatagonia.com.ar\/"},{"@type":"ListItem","position":2,"name":"Tienda","item":"https:\/\/navegacionpatagonia.com.ar\/tienda\/"},{"@type":"ListItem","position":3,"name":"Rafting en frontera con Chile con traslado"}]},{"@type":"WebSite","@id":"https:\/\/navegacionpatagonia.com.ar\/#website","url":"https:\/\/navegacionpatagonia.com.ar\/","name":"Navega\u00e7\u00e3o na Patag\u00f4nia","description":"","potentialAction":[{"@type":"SearchAction","target":{"@type":"EntryPoint","urlTemplate":"https:\/\/navegacionpatagonia.com.ar\/?s={search_term_string}"},"query-input":{"@type":"PropertyValueSpecification","valueRequired":true,"valueName":"search_term_string"}}],"inLanguage":"pt-BR"}]},"product_price_amount":"155400.00","product_price_currency":"ARS","og_availability":"instock","product_availability":"instock","product_retailer_item_id":"ADV2025RAALL\u00cd7HIR","product_condition":"new"},"_links":{"self":[{"href":"https:\/\/navegacionpatagonia.com.ar\/pt\/wp-json\/wp\/v2\/product\/378009","targetHints":{"allow":["GET"]}}],"collection":[{"href":"https:\/\/navegacionpatagonia.com.ar\/pt\/wp-json\/wp\/v2\/product"}],"about":[{"href":"https:\/\/navegacionpatagonia.com.ar\/pt\/wp-json\/wp\/v2\/types\/product"}],"replies":[{"embeddable":true,"href":"https:\/\/navegacionpatagonia.com.ar\/pt\/wp-json\/wp\/v2\/comments?post=378009"}],"wp:featuredmedia":[{"embeddable":true,"href":"https:\/\/navegacionpatagonia.com.ar\/pt\/wp-json\/wp\/v2\/media\/377822"}],"wp:attachment":[{"href":"https:\/\/navegacionpatagonia.com.ar\/pt\/wp-json\/wp\/v2\/media?parent=378009"}],"wp:term":[{"taxonomy":"product_brand","embeddable":true,"href":"https:\/\/navegacionpatagonia.com.ar\/pt\/wp-json\/wp\/v2\/product_brand?post=378009"},{"taxonomy":"product_cat","embeddable":true,"href":"https:\/\/navegacionpatagonia.com.ar\/pt\/wp-json\/wp\/v2\/product_cat?post=378009"},{"taxonomy":"product_tag","embeddable":true,"href":"https:\/\/navegacionpatagonia.com.ar\/pt\/wp-json\/wp\/v2\/product_tag?post=378009"}],"curies":[{"name":"wp","href":"https:\/\/api.w.org\/{rel}","templated":true}]}}