{"id":378008,"date":"2025-08-21T19:00:49","date_gmt":"2025-08-21T22:00:49","guid":{"rendered":"https:\/\/navegacionpatagonia.com.ar\/producto\/descenso-suave-en-el-rio-manso-sin-traslado\/"},"modified":"2026-04-28T11:31:57","modified_gmt":"2026-04-28T14:31:57","slug":"descenso-suave-en-el-rio-manso-sin-traslado","status":"publish","type":"product","link":"https:\/\/navegacionpatagonia.com.ar\/pt\/produto\/descida-suave-pelo-rio-manso-sem-traslado\/","title":{"rendered":"Descida suave pelo rio Manso sem traslado"},"content":{"rendered":"<h2 class=\"ai-optimize-6\">Aventura em fam\u00edlia no rio Manso<\/h2>\n<p class=\"ai-optimize-7 ai-optimize-introduction\">Viva uma experi\u00eancia diferente com nossos <strong>rafting leve no rio Manso<\/strong>, especialmente projetado para ser compartilhado com a fam\u00edlia. Esse passeio aqu\u00e1tico \u00e9 seguro e acess\u00edvel, ideal para crian\u00e7as a partir de 5 anos. As corredeiras suaves de categoria 1 e 2 garantem a emo\u00e7\u00e3o em um ambiente controlado, perfeito para iniciantes no rafting ou para aqueles que buscam tranquilidade enquanto se conectam com a natureza.<\/p>\n<h3 class=\"ai-optimize-8\">Informa\u00e7\u00f5es sobre a atividade<\/h3>\n<ul>\n<li class=\"ai-optimize-9\"><strong>Dura\u00e7\u00e3o:<\/strong> Cerca de 90 minutos cheios de divers\u00e3o e aventura.<\/li>\n<li class=\"ai-optimize-10\"><strong>Rota:<\/strong> Voc\u00ea percorrer\u00e1 40 km por paisagens naturais e corredeiras suaves que oferecem uma experi\u00eancia inesquec\u00edvel.<\/li>\n<li class=\"ai-optimize-11\"><strong>Equipamento fornecido:<\/strong> Inclui kit de seguran\u00e7a completo: roupa de mergulho, capacete e colete salva-vidas.<\/li>\n<\/ul>\n<h3 class=\"ai-optimize-12\">In\u00edcio da turn\u00ea<\/h3>\n<p class=\"ai-optimize-13\">Quando voc\u00ea chegar ao ponto de encontro, nossa equipe lhe dar\u00e1 as boas-vindas e explicar\u00e1 como usar a balsa. A proposta foi elaborada para que voc\u00ea possa se divertir sem se preocupar com sua experi\u00eancia anterior.<\/p>\n<h3 class=\"ai-optimize-14\">Sugest\u00f5es<\/h3>\n<p class=\"ai-optimize-15\">Recomendamos que voc\u00ea traga:<\/p>\n<ul>\n<li class=\"ai-optimize-16\">Toalha pessoal.<\/li>\n<li class=\"ai-optimize-17\">Roupas secas para vestir ap\u00f3s a atividade.<\/li>\n<li class=\"ai-optimize-18\">Cal\u00e7ados que possam ser molhados sem problemas.<\/li>\n<\/ul>\n<h3 class=\"ai-optimize-19\">Acesso independente<\/h3>\n<p class=\"ai-optimize-20\">Se voc\u00ea vier por conta pr\u00f3pria, o agendamento ser\u00e1 no <strong>Base Villegas <\/strong>localizado no<strong> Rota 83 Km 1.<\/strong> <a class=\"theme markdown__link\" href=\"https:\/\/maps.app.goo.gl\/NqbsUN6VB5Fnt7hVA\" target=\"_blank\" rel=\"noopener noreferrer\">https:\/\/maps.app.goo.gl\/NqbsUN6VB5Fnt7hVA<\/a> este \u00e9 o link para a localiza\u00e7\u00e3o do parador.<\/p>\n<h3 class=\"ai-optimize-21\">O que est\u00e1 inclu\u00eddo e o que n\u00e3o est\u00e1<\/h3>\n<ul>\n<li class=\"ai-optimize-22\"><strong>Ele inclui:<\/strong> Atividade de rafting mais todo o equipamento necess\u00e1rio: roupa de mergulho, colete salva-vidas, jaqueta seca, botas de neoprene, remos e capacete de prote\u00e7\u00e3o.<\/li>\n<li class=\"ai-optimize-23\"><strong>N\u00e3o inclu\u00eddo:<\/strong> Traslado, refei\u00e7\u00f5es (almo\u00e7o, lanche da tarde ou caf\u00e9 da manh\u00e3).<\/li>\n<\/ul>\n<h3 class=\"ai-optimize-24\">Cronograma de atividades<\/h3>\n<p class=\"ai-optimize-25\">A primeira programa\u00e7\u00e3o de rafting vai de <strong>09:30 \u00e0s 14:00 hs<\/strong>.<\/p>\n<h2 class=\"ai-optimize-26\">Perguntas frequentes<\/h2>\n<h3 class=\"ai-optimize-27\">Como \u00e9 organizado se eu escolher a op\u00e7\u00e3o de n\u00e3o transfer\u00eancia?<\/h3>\n<p class=\"ai-optimize-28\" data-pm-slice=\"1 1 []\">Caso opte pela modalidade sem traslado, voc\u00ea dever\u00e1 se apresentar em nossa base onde o rafting \u00e9 realizado no dia <strong>Base Villegas Ruta 83 Km 1.<\/strong><\/p>\n<h3 class=\"ai-optimize-29\">\u00c9 poss\u00edvel incluir algu\u00e9m que n\u00e3o participar\u00e1 do rafting?<\/h3>\n<p class=\"ai-optimize-30\">\u00c9 claro que voc\u00ea pode vir com um acompanhante, que ter\u00e1 de pagar o <strong>50% do custo<\/strong> da atividade.<\/p>\n<p class=\"ai-optimize-23\"><strong>Aviso importante<\/strong>Esse passeio est\u00e1 dispon\u00edvel no momento e tem sa\u00eddas at\u00e9 30 de abril, de acordo com o calend\u00e1rio operacional.<\/p>","protected":false},"excerpt":{"rendered":"<h2 class=\"ai-optimize-6\">Viva a aventura do rafting no Rio Manso<\/h2>\n<p class=\"ai-optimize-7\">Passe um dia inesquec\u00edvel fazendo um rafting tranquilo no Rio Manso, perfeito para grupos familiares e crian\u00e7as a partir de 5 anos de idade. Experimente a paz e o cen\u00e1rio natural, remando em corredeiras de classe 1 e 2. Se voc\u00ea chegar de forma independente, encontre-nos na esta\u00e7\u00e3o YPF-ACA. Junte-se a n\u00f3s para essa experi\u00eancia!<\/p>","protected":false},"featured_media":378203,"comment_status":"open","ping_status":"closed","template":"","meta":[],"product_brand":[],"product_cat":[62,64,67,73,75,77,78,83],"product_tag":[],"class_list":{"0":"post-378008","1":"product","2":"type-product","3":"status-publish","4":"has-post-thumbnail","6":"product_cat-adultos","7":"product_cat-aventura","8":"product_cat-familia","9":"product_cat-ninos","10":"product_cat-primavera","11":"product_cat-sin-comida","12":"product_cat-sin-traslado","13":"product_cat-verano","15":"first","16":"instock","17":"virtual","18":"sold-individually","19":"purchasable","20":"product-type-booking"},"booking_location":"","booking_location_type":"","booking_duration":1,"booking_duration_unit":"hour","booking_buffer":0,"booking_cost":0,"booking_resources":[],"exclude_global_add_ons":false,"addons":[{"name":"ADU | Adulto","type":"input_multiplier","position":0,"required":false,"title_format":"label","default":"","description_enable":false,"description":"","placeholder_enable":false,"placeholder":"","display":"select","restrictions_type":"any_text","adjust_price":true,"price":"75000","price_type":"quantity_based","restrictions":false,"min":"0","max":"0","options":[],"id":1777375918},{"name":"EXTRA: acompanhante","type":"input_multiplier","position":1,"required":false,"title_format":"label","default":"","description_enable":false,"description":"","placeholder_enable":false,"placeholder":"","display":"select","restrictions_type":"any_text","adjust_price":true,"price":"37500","price_type":"quantity_based","restrictions":false,"min":"0","max":"0","options":[],"id":1777375919},{"name":"MEN512 | De 5 a 12","type":"input_multiplier","position":2,"required":false,"title_format":"label","default":"","description_enable":false,"description":"","placeholder_enable":false,"placeholder":"","display":"select","restrictions_type":"any_text","adjust_price":true,"price":"75000","price_type":"quantity_based","restrictions":false,"min":"0","max":"0","options":[],"id":1777375920}],"yoast_head":"<!-- This site is optimized with the Yoast SEO Premium plugin v25.2 (Yoast SEO v25.2) - https:\/\/yoast.com\/wordpress\/plugins\/seo\/ -->\n<title>Rafting suave en el R\u00edo Manso sin traslado desde Bariloche - Navegacion Patagonia<\/title>\n<meta name=\"description\" content=\"Viv\u00ed el rafting light en el R\u00edo Manso sin traslado. Una experiencia \u00fanica desde Bariloche, ideal para familias y amantes de la naturaleza.\" \/>\n<meta name=\"robots\" content=\"index, follow, max-snippet:-1, max-image-preview:large, max-video-preview:-1\" \/>\n<link rel=\"canonical\" href=\"https:\/\/navegacionpatagonia.com.ar\/pt\/produto\/descida-suave-pelo-rio-manso-sem-traslado\/\" \/>\n<meta property=\"og:locale\" content=\"pt_BR\" \/>\n<meta property=\"og:type\" content=\"article\" \/>\n<meta property=\"og:title\" content=\"Descenso Suave en el R\u00edo Manso sin Traslado\" \/>\n<meta property=\"og:description\" content=\"Viv\u00ed el rafting light en el R\u00edo Manso sin traslado. Una experiencia \u00fanica desde Bariloche, ideal para familias y amantes de la naturaleza.\" \/>\n<meta property=\"og:url\" content=\"https:\/\/navegacionpatagonia.com.ar\/pt\/produto\/descida-suave-pelo-rio-manso-sem-traslado\/\" \/>\n<meta property=\"og:site_name\" content=\"Navegacion Patagonia\" \/>\n<meta property=\"article:modified_time\" content=\"2026-04-28T14:31:57+00:00\" \/>\n<meta property=\"og:image\" content=\"https:\/\/navegacionpatagonia.com.ar\/wp-content\/uploads\/sites\/8\/2025\/08\/2-A-rafting-light-1-1-scaled.jpg\" \/>\n\t<meta property=\"og:image:width\" content=\"1920\" \/>\n\t<meta property=\"og:image:height\" content=\"2560\" \/>\n\t<meta property=\"og:image:type\" content=\"image\/jpeg\" \/>\n<meta name=\"twitter:card\" content=\"summary_large_image\" \/>\n<meta name=\"twitter:label1\" content=\"Pre\u00e7o\" \/>\n\t<meta name=\"twitter:data1\" content=\"&#036;75,000.00\" \/>\n\t<meta name=\"twitter:label2\" content=\"Disponibilidade\" \/>\n\t<meta name=\"twitter:data2\" content=\"Em Estoque\" \/>\n<script type=\"application\/ld+json\" class=\"yoast-schema-graph\">{\"@context\":\"https:\/\/schema.org\",\"@graph\":[{\"@type\":\"WebPage\",\"@id\":\"https:\/\/navegacionpatagonia.com.ar\/producto\/descenso-suave-en-el-rio-manso-sin-traslado\/\",\"url\":\"https:\/\/navegacionpatagonia.com.ar\/producto\/descenso-suave-en-el-rio-manso-sin-traslado\/\",\"name\":\"Rafting suave en el R\u00edo Manso sin traslado desde Bariloche - Navegacion Patagonia\",\"isPartOf\":{\"@id\":\"https:\/\/navegacionpatagonia.com.ar\/#website\"},\"primaryImageOfPage\":{\"@id\":\"https:\/\/navegacionpatagonia.com.ar\/producto\/descenso-suave-en-el-rio-manso-sin-traslado\/#primaryimage\"},\"image\":{\"@id\":\"https:\/\/navegacionpatagonia.com.ar\/producto\/descenso-suave-en-el-rio-manso-sin-traslado\/#primaryimage\"},\"thumbnailUrl\":\"https:\/\/navegacionpatagonia.com.ar\/wp-content\/uploads\/sites\/8\/2025\/08\/2-A-rafting-light-1-1-scaled.jpg\",\"datePublished\":\"2025-08-21T22:00:49+00:00\",\"dateModified\":\"2026-04-28T14:31:57+00:00\",\"description\":\"Viv\u00ed el rafting light en el R\u00edo Manso sin traslado. Una experiencia \u00fanica desde Bariloche, ideal para familias y amantes de la naturaleza.\",\"breadcrumb\":{\"@id\":\"https:\/\/navegacionpatagonia.com.ar\/producto\/descenso-suave-en-el-rio-manso-sin-traslado\/#breadcrumb\"},\"inLanguage\":\"pt-BR\",\"potentialAction\":[{\"@type\":\"ReadAction\",\"target\":[\"https:\/\/navegacionpatagonia.com.ar\/producto\/descenso-suave-en-el-rio-manso-sin-traslado\/\"]}]},{\"@type\":\"ImageObject\",\"inLanguage\":\"pt-BR\",\"@id\":\"https:\/\/navegacionpatagonia.com.ar\/producto\/descenso-suave-en-el-rio-manso-sin-traslado\/#primaryimage\",\"url\":\"https:\/\/navegacionpatagonia.com.ar\/wp-content\/uploads\/sites\/8\/2025\/08\/2-A-rafting-light-1-1-scaled.jpg\",\"contentUrl\":\"https:\/\/navegacionpatagonia.com.ar\/wp-content\/uploads\/sites\/8\/2025\/08\/2-A-rafting-light-1-1-scaled.jpg\",\"width\":1920,\"height\":2560},{\"@type\":\"BreadcrumbList\",\"@id\":\"https:\/\/navegacionpatagonia.com.ar\/producto\/descenso-suave-en-el-rio-manso-sin-traslado\/#breadcrumb\",\"itemListElement\":[{\"@type\":\"ListItem\",\"position\":1,\"name\":\"Inicio\",\"item\":\"https:\/\/navegacionpatagonia.com.ar\/\"},{\"@type\":\"ListItem\",\"position\":2,\"name\":\"Tienda\",\"item\":\"https:\/\/navegacionpatagonia.com.ar\/tienda\/\"},{\"@type\":\"ListItem\",\"position\":3,\"name\":\"Descenso Suave en el R\u00edo Manso sin Traslado\"}]},{\"@type\":\"WebSite\",\"@id\":\"https:\/\/navegacionpatagonia.com.ar\/#website\",\"url\":\"https:\/\/navegacionpatagonia.com.ar\/\",\"name\":\"Navegacion Patagonia\",\"description\":\"\",\"potentialAction\":[{\"@type\":\"SearchAction\",\"target\":{\"@type\":\"EntryPoint\",\"urlTemplate\":\"https:\/\/navegacionpatagonia.com.ar\/?s={search_term_string}\"},\"query-input\":{\"@type\":\"PropertyValueSpecification\",\"valueRequired\":true,\"valueName\":\"search_term_string\"}}],\"inLanguage\":\"pt-BR\"}]}<\/script>\n<meta property=\"product:price:amount\" content=\"75000.00\" \/>\n<meta property=\"product:price:currency\" content=\"ARS\" \/>\n<meta property=\"og:availability\" content=\"instock\" \/>\n<meta property=\"product:availability\" content=\"instock\" \/>\n<meta property=\"product:retailer_item_id\" content=\"ADV2025RALIENTUFA\" \/>\n<meta property=\"product:condition\" content=\"new\" \/>\n<!-- \/ Yoast SEO Premium plugin. -->","yoast_head_json":{"title":"Rafting suave no rio Manso sem traslado de Bariloche - Navegacion Patagonia","description":"Experimente o rafting leve no Rio Manso sem traslado. Uma experi\u00eancia \u00fanica a partir de Bariloche, ideal para fam\u00edlias e amantes da natureza.","robots":{"index":"index","follow":"follow","max-snippet":"max-snippet:-1","max-image-preview":"max-image-preview:large","max-video-preview":"max-video-preview:-1"},"canonical":"https:\/\/navegacionpatagonia.com.ar\/pt\/produto\/descida-suave-pelo-rio-manso-sem-traslado\/","og_locale":"pt_BR","og_type":"article","og_title":"Descenso Suave en el R\u00edo Manso sin Traslado","og_description":"Viv\u00ed el rafting light en el R\u00edo Manso sin traslado. Una experiencia \u00fanica desde Bariloche, ideal para familias y amantes de la naturaleza.","og_url":"https:\/\/navegacionpatagonia.com.ar\/pt\/produto\/descida-suave-pelo-rio-manso-sem-traslado\/","og_site_name":"Navegacion Patagonia","article_modified_time":"2026-04-28T14:31:57+00:00","og_image":[{"width":1920,"height":2560,"url":"https:\/\/navegacionpatagonia.com.ar\/wp-content\/uploads\/sites\/8\/2025\/08\/2-A-rafting-light-1-1-scaled.jpg","type":"image\/jpeg"}],"twitter_card":"summary_large_image","twitter_misc":{"Pre\u00e7o":"&#36;75,000.00","Disponibilidade":"Em Estoque"},"schema":{"@context":"https:\/\/schema.org","@graph":[{"@type":"WebPage","@id":"https:\/\/navegacionpatagonia.com.ar\/producto\/descenso-suave-en-el-rio-manso-sin-traslado\/","url":"https:\/\/navegacionpatagonia.com.ar\/producto\/descenso-suave-en-el-rio-manso-sin-traslado\/","name":"Rafting suave no rio Manso sem traslado de Bariloche - Navegacion Patagonia","isPartOf":{"@id":"https:\/\/navegacionpatagonia.com.ar\/#website"},"primaryImageOfPage":{"@id":"https:\/\/navegacionpatagonia.com.ar\/producto\/descenso-suave-en-el-rio-manso-sin-traslado\/#primaryimage"},"image":{"@id":"https:\/\/navegacionpatagonia.com.ar\/producto\/descenso-suave-en-el-rio-manso-sin-traslado\/#primaryimage"},"thumbnailUrl":"https:\/\/navegacionpatagonia.com.ar\/wp-content\/uploads\/sites\/8\/2025\/08\/2-A-rafting-light-1-1-scaled.jpg","datePublished":"2025-08-21T22:00:49+00:00","dateModified":"2026-04-28T14:31:57+00:00","description":"Experimente o rafting leve no Rio Manso sem traslado. Uma experi\u00eancia \u00fanica a partir de Bariloche, ideal para fam\u00edlias e amantes da natureza.","breadcrumb":{"@id":"https:\/\/navegacionpatagonia.com.ar\/producto\/descenso-suave-en-el-rio-manso-sin-traslado\/#breadcrumb"},"inLanguage":"pt-BR","potentialAction":[{"@type":"ReadAction","target":["https:\/\/navegacionpatagonia.com.ar\/producto\/descenso-suave-en-el-rio-manso-sin-traslado\/"]}]},{"@type":"ImageObject","inLanguage":"pt-BR","@id":"https:\/\/navegacionpatagonia.com.ar\/producto\/descenso-suave-en-el-rio-manso-sin-traslado\/#primaryimage","url":"https:\/\/navegacionpatagonia.com.ar\/wp-content\/uploads\/sites\/8\/2025\/08\/2-A-rafting-light-1-1-scaled.jpg","contentUrl":"https:\/\/navegacionpatagonia.com.ar\/wp-content\/uploads\/sites\/8\/2025\/08\/2-A-rafting-light-1-1-scaled.jpg","width":1920,"height":2560},{"@type":"BreadcrumbList","@id":"https:\/\/navegacionpatagonia.com.ar\/producto\/descenso-suave-en-el-rio-manso-sin-traslado\/#breadcrumb","itemListElement":[{"@type":"ListItem","position":1,"name":"Inicio","item":"https:\/\/navegacionpatagonia.com.ar\/"},{"@type":"ListItem","position":2,"name":"Tienda","item":"https:\/\/navegacionpatagonia.com.ar\/tienda\/"},{"@type":"ListItem","position":3,"name":"Descenso Suave en el R\u00edo Manso sin Traslado"}]},{"@type":"WebSite","@id":"https:\/\/navegacionpatagonia.com.ar\/#website","url":"https:\/\/navegacionpatagonia.com.ar\/","name":"Navega\u00e7\u00e3o na Patag\u00f4nia","description":"","potentialAction":[{"@type":"SearchAction","target":{"@type":"EntryPoint","urlTemplate":"https:\/\/navegacionpatagonia.com.ar\/?s={search_term_string}"},"query-input":{"@type":"PropertyValueSpecification","valueRequired":true,"valueName":"search_term_string"}}],"inLanguage":"pt-BR"}]},"product_price_amount":"75000.00","product_price_currency":"ARS","og_availability":"instock","product_availability":"instock","product_retailer_item_id":"ADV2025RALIENTUFA","product_condition":"new"},"_links":{"self":[{"href":"https:\/\/navegacionpatagonia.com.ar\/pt\/wp-json\/wp\/v2\/product\/378008","targetHints":{"allow":["GET"]}}],"collection":[{"href":"https:\/\/navegacionpatagonia.com.ar\/pt\/wp-json\/wp\/v2\/product"}],"about":[{"href":"https:\/\/navegacionpatagonia.com.ar\/pt\/wp-json\/wp\/v2\/types\/product"}],"replies":[{"embeddable":true,"href":"https:\/\/navegacionpatagonia.com.ar\/pt\/wp-json\/wp\/v2\/comments?post=378008"}],"wp:featuredmedia":[{"embeddable":true,"href":"https:\/\/navegacionpatagonia.com.ar\/pt\/wp-json\/wp\/v2\/media\/378203"}],"wp:attachment":[{"href":"https:\/\/navegacionpatagonia.com.ar\/pt\/wp-json\/wp\/v2\/media?parent=378008"}],"wp:term":[{"taxonomy":"product_brand","embeddable":true,"href":"https:\/\/navegacionpatagonia.com.ar\/pt\/wp-json\/wp\/v2\/product_brand?post=378008"},{"taxonomy":"product_cat","embeddable":true,"href":"https:\/\/navegacionpatagonia.com.ar\/pt\/wp-json\/wp\/v2\/product_cat?post=378008"},{"taxonomy":"product_tag","embeddable":true,"href":"https:\/\/navegacionpatagonia.com.ar\/pt\/wp-json\/wp\/v2\/product_tag?post=378008"}],"curies":[{"name":"wp","href":"https:\/\/api.w.org\/{rel}","templated":true}]}}