{"id":378007,"date":"2025-08-21T19:00:25","date_gmt":"2025-08-21T22:00:25","guid":{"rendered":"https:\/\/navegacionpatagonia.com.ar\/producto\/rafting-suave-en-el-rio-manso-con-traslado\/"},"modified":"2026-04-28T11:33:32","modified_gmt":"2026-04-28T14:33:32","slug":"rafting-suave-en-el-rio-manso-con-traslado","status":"publish","type":"product","link":"https:\/\/navegacionpatagonia.com.ar\/pt\/produto\/rafting-suave-no-rio-manso-com-traslado\/","title":{"rendered":"Rafting suave no rio Manso com traslado"},"content":{"rendered":"<h2 class=\"ai-optimize-6\">Experimente a energia do rio Manso com seguran\u00e7a<\/h2>\n<p class=\"ai-optimize-7 ai-optimize-introduction\">Eu senti a <strong>rafting fascinante<\/strong> no maravilhoso <strong>Rio Manso<\/strong>, onde a divers\u00e3o e a natureza se unem em harmonia. Esse <strong>rafting tranquilo<\/strong> \u00e9 ideal para grupos familiares e adequado para crian\u00e7as a partir de 5 anos de idade, oferecendo uma alternativa segura e f\u00e1cil para aproveitar o ambiente natural. Visitamos <strong>6 quil\u00f4metros<\/strong> pelas \u00e1guas de <strong>grau 1 e 2<\/strong>, perfeito para iniciantes ou para aqueles que desejam um dia relaxante no rio.<\/p>\n<h3 class=\"ai-optimize-8\">Viva uma experi\u00eancia diferente<\/h3>\n<p class=\"ai-optimize-9\">No local combinado, nosso <strong>guias treinados<\/strong> estar\u00e1 esperando por voc\u00ea para come\u00e7armos juntos essa incr\u00edvel experi\u00eancia.<\/p>\n<ul>\n<li class=\"ai-optimize-10\"><strong>Todos os equipamentos necess\u00e1rios est\u00e3o inclu\u00eddos:<\/strong> roupa de mergulho, capacete, colete salva-vidas e outros itens essenciais.<\/li>\n<li class=\"ai-optimize-11\"><strong>Palestra sobre seguran\u00e7a:<\/strong> Voc\u00ea receber\u00e1 um breve treinamento pr\u00e9vio para garantir que o rafting seja seguro e divertido.<\/li>\n<\/ul>\n<p class=\"ai-optimize-12\">Ao longo do caminho, voc\u00ea ver\u00e1 vistas espetaculares e sentir\u00e1 uma intensa conex\u00e3o com o rio. O passeio dura cerca de <strong>de uma hora e meia<\/strong>, garantindo uma experi\u00eancia completa no cora\u00e7\u00e3o da natureza.<\/p>\n<h3 class=\"ai-optimize-13\">Ponto de sa\u00edda<\/h3>\n<p class=\"ai-optimize-14\" data-pm-slice=\"1 1 []\">Se voc\u00ea reservar um traslado, partiremos do centro de Bariloche ou do ponto de encontro que combinarmos juntos, dependendo de sua acomoda\u00e7\u00e3o.<\/p>\n<p class=\"ai-optimize-21\">Se voc\u00ea decidir contratar a op\u00e7\u00e3o sem traslado, dever\u00e1 estar em nosso albergue onde a excurs\u00e3o de rafting \u00e9 realizada na Base Villegas, Rota 83 Km 1.<\/p>\n<p class=\"ai-optimize-22\"><a class=\"theme markdown__link\" href=\"https:\/\/maps.app.goo.gl\/NqbsUN6VB5Fnt7hVA\" target=\"_blank\" rel=\"noopener noreferrer\">https:\/\/maps.app.goo.gl\/NqbsUN6VB5Fnt7hVA<\/a> este \u00e9 o link para a localiza\u00e7\u00e3o do parador.<\/p>\n<h3 class=\"ai-optimize-15\">Descanso e amizade<\/h3>\n<p class=\"ai-optimize-16\">No final do passeio, voc\u00ea retornar\u00e1 ao albergue, onde poder\u00e1 relaxar, compartilhar suas sensa\u00e7\u00f5es com o grupo e recarregar as baterias.<\/p>\n<h3 class=\"ai-optimize-17\">Dicas para sua viagem<\/h3>\n<ul>\n<li class=\"ai-optimize-18\"><strong>Leve em conta:<\/strong> toalha, muda de roupa e cal\u00e7ados adequados para se molhar.<\/li>\n<li class=\"ai-optimize-19\"><strong>Lembre-se:<\/strong> pode haver respingos de \u00e1gua durante a atividade.<\/li>\n<\/ul>\n<p class=\"ai-optimize-20\">Descubra a natureza da Argentina de uma maneira diferente - esperamos v\u00ea-lo em breve!<\/p>\n<p class=\"ai-optimize-23\"><strong>Aviso importante<\/strong>Esse passeio est\u00e1 dispon\u00edvel no momento e tem sa\u00eddas at\u00e9 30 de abril, de acordo com o calend\u00e1rio operacional.<\/p>","protected":false},"excerpt":{"rendered":"<p class=\"ai-optimize-6\">Experimente uma aventura \u00fanica de rafting tranquilo no Rio Manso. Projetada para grupos familiares e iniciantes, essa proposta oferece um passeio seguro e divertido por 6 quil\u00f4metros de paisagens impressionantes.<\/p>","protected":false},"featured_media":378202,"comment_status":"open","ping_status":"closed","template":"","meta":[],"product_brand":[],"product_cat":[62,64,66,67,73,75,77,83],"product_tag":[],"class_list":{"0":"post-378007","1":"product","2":"type-product","3":"status-publish","4":"has-post-thumbnail","6":"product_cat-adultos","7":"product_cat-aventura","8":"product_cat-con-traslado","9":"product_cat-familia","10":"product_cat-ninos","11":"product_cat-primavera","12":"product_cat-sin-comida","13":"product_cat-verano","15":"first","16":"instock","17":"virtual","18":"sold-individually","19":"purchasable","20":"product-type-booking"},"booking_location":"","booking_location_type":"","booking_duration":1,"booking_duration_unit":"hour","booking_buffer":0,"booking_cost":0,"booking_resources":[],"exclude_global_add_ons":false,"addons":[{"name":"ADU | Adulto","type":"input_multiplier","position":0,"required":false,"title_format":"label","default":"","description_enable":false,"description":"","placeholder_enable":false,"placeholder":"","display":"select","restrictions_type":"any_text","adjust_price":true,"price":"90000","price_type":"quantity_based","restrictions":false,"min":"0","max":"0","options":[],"id":1777376013},{"name":"Extra: acompanhante","type":"input_multiplier","position":1,"required":false,"title_format":"label","default":"","description_enable":false,"description":"","placeholder_enable":false,"placeholder":"","display":"select","restrictions_type":"any_text","adjust_price":true,"price":"45000","price_type":"quantity_based","restrictions":false,"min":"0","max":"0","options":[],"id":1777376014},{"name":"MEN512 | De 5 a 12","type":"input_multiplier","position":2,"required":false,"title_format":"label","default":"","description_enable":false,"description":"","placeholder_enable":false,"placeholder":"","display":"select","restrictions_type":"any_text","adjust_price":true,"price":"90000","price_type":"quantity_based","restrictions":false,"min":"0","max":"0","options":[],"id":1777376015}],"yoast_head":"<!-- This site is optimized with the Yoast SEO Premium plugin v25.2 (Yoast SEO v25.2) - https:\/\/yoast.com\/wordpress\/plugins\/seo\/ -->\n<title>Rafting suave en el R\u00edo Manso con traslado desde Bariloche - Navegacion Patagonia<\/title>\n<meta name=\"description\" content=\"Disfrut\u00e1 del rafting light en el R\u00edo Manso con traslado incluido desde Bariloche. Una experiencia ideal para familias y amantes de la naturaleza.\" \/>\n<meta name=\"robots\" content=\"index, follow, max-snippet:-1, max-image-preview:large, max-video-preview:-1\" \/>\n<link rel=\"canonical\" href=\"https:\/\/navegacionpatagonia.com.ar\/pt\/produto\/rafting-suave-no-rio-manso-com-traslado\/\" \/>\n<meta property=\"og:locale\" content=\"pt_BR\" \/>\n<meta property=\"og:type\" content=\"article\" \/>\n<meta property=\"og:title\" content=\"Rafting suave en el r\u00edo Manso con traslado\" \/>\n<meta property=\"og:description\" content=\"Disfrut\u00e1 del rafting light en el R\u00edo Manso con traslado incluido desde Bariloche. Una experiencia ideal para familias y amantes de la naturaleza.\" \/>\n<meta property=\"og:url\" content=\"https:\/\/navegacionpatagonia.com.ar\/pt\/produto\/rafting-suave-no-rio-manso-com-traslado\/\" \/>\n<meta property=\"og:site_name\" content=\"Navegacion Patagonia\" \/>\n<meta property=\"article:modified_time\" content=\"2026-04-28T14:33:32+00:00\" \/>\n<meta property=\"og:image\" content=\"https:\/\/navegacionpatagonia.com.ar\/wp-content\/uploads\/sites\/8\/2025\/08\/8-A-rafting-1-copia-1-scaled.jpg\" \/>\n\t<meta property=\"og:image:width\" content=\"1920\" \/>\n\t<meta property=\"og:image:height\" content=\"2560\" \/>\n\t<meta property=\"og:image:type\" content=\"image\/jpeg\" \/>\n<meta name=\"twitter:card\" content=\"summary_large_image\" \/>\n<meta name=\"twitter:label1\" content=\"Pre\u00e7o\" \/>\n\t<meta name=\"twitter:data1\" content=\"&#036;90,000.00\" \/>\n\t<meta name=\"twitter:label2\" content=\"Disponibilidade\" \/>\n\t<meta name=\"twitter:data2\" content=\"Em Estoque\" \/>\n<script type=\"application\/ld+json\" class=\"yoast-schema-graph\">{\"@context\":\"https:\/\/schema.org\",\"@graph\":[{\"@type\":\"WebPage\",\"@id\":\"https:\/\/navegacionpatagonia.com.ar\/producto\/rafting-suave-en-el-rio-manso-con-traslado\/\",\"url\":\"https:\/\/navegacionpatagonia.com.ar\/producto\/rafting-suave-en-el-rio-manso-con-traslado\/\",\"name\":\"Rafting suave en el R\u00edo Manso con traslado desde Bariloche - Navegacion Patagonia\",\"isPartOf\":{\"@id\":\"https:\/\/navegacionpatagonia.com.ar\/#website\"},\"primaryImageOfPage\":{\"@id\":\"https:\/\/navegacionpatagonia.com.ar\/producto\/rafting-suave-en-el-rio-manso-con-traslado\/#primaryimage\"},\"image\":{\"@id\":\"https:\/\/navegacionpatagonia.com.ar\/producto\/rafting-suave-en-el-rio-manso-con-traslado\/#primaryimage\"},\"thumbnailUrl\":\"https:\/\/navegacionpatagonia.com.ar\/wp-content\/uploads\/sites\/8\/2025\/08\/8-A-rafting-1-copia-1-scaled.jpg\",\"datePublished\":\"2025-08-21T22:00:25+00:00\",\"dateModified\":\"2026-04-28T14:33:32+00:00\",\"description\":\"Disfrut\u00e1 del rafting light en el R\u00edo Manso con traslado incluido desde Bariloche. Una experiencia ideal para familias y amantes de la naturaleza.\",\"breadcrumb\":{\"@id\":\"https:\/\/navegacionpatagonia.com.ar\/producto\/rafting-suave-en-el-rio-manso-con-traslado\/#breadcrumb\"},\"inLanguage\":\"pt-BR\",\"potentialAction\":[{\"@type\":\"ReadAction\",\"target\":[\"https:\/\/navegacionpatagonia.com.ar\/producto\/rafting-suave-en-el-rio-manso-con-traslado\/\"]}]},{\"@type\":\"ImageObject\",\"inLanguage\":\"pt-BR\",\"@id\":\"https:\/\/navegacionpatagonia.com.ar\/producto\/rafting-suave-en-el-rio-manso-con-traslado\/#primaryimage\",\"url\":\"https:\/\/navegacionpatagonia.com.ar\/wp-content\/uploads\/sites\/8\/2025\/08\/8-A-rafting-1-copia-1-scaled.jpg\",\"contentUrl\":\"https:\/\/navegacionpatagonia.com.ar\/wp-content\/uploads\/sites\/8\/2025\/08\/8-A-rafting-1-copia-1-scaled.jpg\",\"width\":1920,\"height\":2560},{\"@type\":\"BreadcrumbList\",\"@id\":\"https:\/\/navegacionpatagonia.com.ar\/producto\/rafting-suave-en-el-rio-manso-con-traslado\/#breadcrumb\",\"itemListElement\":[{\"@type\":\"ListItem\",\"position\":1,\"name\":\"Inicio\",\"item\":\"https:\/\/navegacionpatagonia.com.ar\/\"},{\"@type\":\"ListItem\",\"position\":2,\"name\":\"Tienda\",\"item\":\"https:\/\/navegacionpatagonia.com.ar\/tienda\/\"},{\"@type\":\"ListItem\",\"position\":3,\"name\":\"Rafting suave en el r\u00edo Manso con traslado\"}]},{\"@type\":\"WebSite\",\"@id\":\"https:\/\/navegacionpatagonia.com.ar\/#website\",\"url\":\"https:\/\/navegacionpatagonia.com.ar\/\",\"name\":\"Navegacion Patagonia\",\"description\":\"\",\"potentialAction\":[{\"@type\":\"SearchAction\",\"target\":{\"@type\":\"EntryPoint\",\"urlTemplate\":\"https:\/\/navegacionpatagonia.com.ar\/?s={search_term_string}\"},\"query-input\":{\"@type\":\"PropertyValueSpecification\",\"valueRequired\":true,\"valueName\":\"search_term_string\"}}],\"inLanguage\":\"pt-BR\"}]}<\/script>\n<meta property=\"product:price:amount\" content=\"90000.00\" \/>\n<meta property=\"product:price:currency\" content=\"ARS\" \/>\n<meta property=\"og:availability\" content=\"instock\" \/>\n<meta property=\"product:availability\" content=\"instock\" \/>\n<meta property=\"product:retailer_item_id\" content=\"ADV2025RALIENP3DA\" \/>\n<meta property=\"product:condition\" content=\"new\" \/>\n<!-- \/ Yoast SEO Premium plugin. -->","yoast_head_json":{"title":"Rafting suave no rio Manso com traslado de Bariloche - Navegacion Patagonia","description":"Desfrute de um rafting leve no Rio Manso com traslado inclu\u00eddo a partir de Bariloche. Uma experi\u00eancia ideal para fam\u00edlias e amantes da natureza.","robots":{"index":"index","follow":"follow","max-snippet":"max-snippet:-1","max-image-preview":"max-image-preview:large","max-video-preview":"max-video-preview:-1"},"canonical":"https:\/\/navegacionpatagonia.com.ar\/pt\/produto\/rafting-suave-no-rio-manso-com-traslado\/","og_locale":"pt_BR","og_type":"article","og_title":"Rafting suave en el r\u00edo Manso con traslado","og_description":"Disfrut\u00e1 del rafting light en el R\u00edo Manso con traslado incluido desde Bariloche. Una experiencia ideal para familias y amantes de la naturaleza.","og_url":"https:\/\/navegacionpatagonia.com.ar\/pt\/produto\/rafting-suave-no-rio-manso-com-traslado\/","og_site_name":"Navegacion Patagonia","article_modified_time":"2026-04-28T14:33:32+00:00","og_image":[{"width":1920,"height":2560,"url":"https:\/\/navegacionpatagonia.com.ar\/wp-content\/uploads\/sites\/8\/2025\/08\/8-A-rafting-1-copia-1-scaled.jpg","type":"image\/jpeg"}],"twitter_card":"summary_large_image","twitter_misc":{"Pre\u00e7o":"&#36;90,000.00","Disponibilidade":"Em Estoque"},"schema":{"@context":"https:\/\/schema.org","@graph":[{"@type":"WebPage","@id":"https:\/\/navegacionpatagonia.com.ar\/producto\/rafting-suave-en-el-rio-manso-con-traslado\/","url":"https:\/\/navegacionpatagonia.com.ar\/producto\/rafting-suave-en-el-rio-manso-con-traslado\/","name":"Rafting suave no rio Manso com traslado de Bariloche - Navegacion Patagonia","isPartOf":{"@id":"https:\/\/navegacionpatagonia.com.ar\/#website"},"primaryImageOfPage":{"@id":"https:\/\/navegacionpatagonia.com.ar\/producto\/rafting-suave-en-el-rio-manso-con-traslado\/#primaryimage"},"image":{"@id":"https:\/\/navegacionpatagonia.com.ar\/producto\/rafting-suave-en-el-rio-manso-con-traslado\/#primaryimage"},"thumbnailUrl":"https:\/\/navegacionpatagonia.com.ar\/wp-content\/uploads\/sites\/8\/2025\/08\/8-A-rafting-1-copia-1-scaled.jpg","datePublished":"2025-08-21T22:00:25+00:00","dateModified":"2026-04-28T14:33:32+00:00","description":"Desfrute de um rafting leve no Rio Manso com traslado inclu\u00eddo a partir de Bariloche. Uma experi\u00eancia ideal para fam\u00edlias e amantes da natureza.","breadcrumb":{"@id":"https:\/\/navegacionpatagonia.com.ar\/producto\/rafting-suave-en-el-rio-manso-con-traslado\/#breadcrumb"},"inLanguage":"pt-BR","potentialAction":[{"@type":"ReadAction","target":["https:\/\/navegacionpatagonia.com.ar\/producto\/rafting-suave-en-el-rio-manso-con-traslado\/"]}]},{"@type":"ImageObject","inLanguage":"pt-BR","@id":"https:\/\/navegacionpatagonia.com.ar\/producto\/rafting-suave-en-el-rio-manso-con-traslado\/#primaryimage","url":"https:\/\/navegacionpatagonia.com.ar\/wp-content\/uploads\/sites\/8\/2025\/08\/8-A-rafting-1-copia-1-scaled.jpg","contentUrl":"https:\/\/navegacionpatagonia.com.ar\/wp-content\/uploads\/sites\/8\/2025\/08\/8-A-rafting-1-copia-1-scaled.jpg","width":1920,"height":2560},{"@type":"BreadcrumbList","@id":"https:\/\/navegacionpatagonia.com.ar\/producto\/rafting-suave-en-el-rio-manso-con-traslado\/#breadcrumb","itemListElement":[{"@type":"ListItem","position":1,"name":"Inicio","item":"https:\/\/navegacionpatagonia.com.ar\/"},{"@type":"ListItem","position":2,"name":"Tienda","item":"https:\/\/navegacionpatagonia.com.ar\/tienda\/"},{"@type":"ListItem","position":3,"name":"Rafting suave en el r\u00edo Manso con traslado"}]},{"@type":"WebSite","@id":"https:\/\/navegacionpatagonia.com.ar\/#website","url":"https:\/\/navegacionpatagonia.com.ar\/","name":"Navega\u00e7\u00e3o na Patag\u00f4nia","description":"","potentialAction":[{"@type":"SearchAction","target":{"@type":"EntryPoint","urlTemplate":"https:\/\/navegacionpatagonia.com.ar\/?s={search_term_string}"},"query-input":{"@type":"PropertyValueSpecification","valueRequired":true,"valueName":"search_term_string"}}],"inLanguage":"pt-BR"}]},"product_price_amount":"90000.00","product_price_currency":"ARS","og_availability":"instock","product_availability":"instock","product_retailer_item_id":"ADV2025RALIENP3DA","product_condition":"new"},"_links":{"self":[{"href":"https:\/\/navegacionpatagonia.com.ar\/pt\/wp-json\/wp\/v2\/product\/378007","targetHints":{"allow":["GET"]}}],"collection":[{"href":"https:\/\/navegacionpatagonia.com.ar\/pt\/wp-json\/wp\/v2\/product"}],"about":[{"href":"https:\/\/navegacionpatagonia.com.ar\/pt\/wp-json\/wp\/v2\/types\/product"}],"replies":[{"embeddable":true,"href":"https:\/\/navegacionpatagonia.com.ar\/pt\/wp-json\/wp\/v2\/comments?post=378007"}],"wp:featuredmedia":[{"embeddable":true,"href":"https:\/\/navegacionpatagonia.com.ar\/pt\/wp-json\/wp\/v2\/media\/378202"}],"wp:attachment":[{"href":"https:\/\/navegacionpatagonia.com.ar\/pt\/wp-json\/wp\/v2\/media?parent=378007"}],"wp:term":[{"taxonomy":"product_brand","embeddable":true,"href":"https:\/\/navegacionpatagonia.com.ar\/pt\/wp-json\/wp\/v2\/product_brand?post=378007"},{"taxonomy":"product_cat","embeddable":true,"href":"https:\/\/navegacionpatagonia.com.ar\/pt\/wp-json\/wp\/v2\/product_cat?post=378007"},{"taxonomy":"product_tag","embeddable":true,"href":"https:\/\/navegacionpatagonia.com.ar\/pt\/wp-json\/wp\/v2\/product_tag?post=378007"}],"curies":[{"name":"wp","href":"https:\/\/api.w.org\/{rel}","templated":true}]}}