{"id":378006,"date":"2025-08-21T19:00:02","date_gmt":"2025-08-21T22:00:02","guid":{"rendered":"https:\/\/navegacionpatagonia.com.ar\/producto\/circuito-chico-y-cerro-campanario-descubri-bariloche-de-forma-distinta\/"},"modified":"2026-02-16T09:31:38","modified_gmt":"2026-02-16T12:31:38","slug":"circuito-chico-y-cerro-campanario-descubri-bariloche-de-forma-distinta","status":"publish","type":"product","link":"https:\/\/navegacionpatagonia.com.ar\/pt\/produto\/o-circuito-chico-e-o-cerro-campanario-descobrem-bariloche-de-uma-maneira-diferente\/","title":{"rendered":"Circuito Chico e Cerro Campanario: descubra Bariloche de uma maneira diferente"},"content":{"rendered":"<h3 class=\"ai-optimize-22\" data-start=\"417\" data-end=\"500\"><strong data-start=\"421\" data-end=\"500\">Paisagens de tirar o f\u00f4lego, trilhas lend\u00e1rias e vistas de tirar o f\u00f4lego<\/strong><\/h3>\n<p class=\"ai-optimize-23 ai-optimize-introduction\" data-start=\"502\" data-end=\"756\">Conhe\u00e7a os principais \u00edcones naturais de Bariloche em apenas meio dia com este passeio, ideal para quem procura natureza, hist\u00f3ria e imagens espetaculares. Os <strong data-start=\"677\" data-end=\"695\">Circuito pequeno<\/strong> marca o in\u00edcio perfeito para sua experi\u00eancia na cidade.<\/p>\n<p class=\"ai-optimize-24\" data-start=\"758\" data-end=\"1088\">A rota parte de pontos de encontro entre o centro e o km 8 da Av. Bustillo ou Av. Pioneros. Durante o trajeto, voc\u00ea percorrer\u00e1 a <strong data-start=\"910\" data-end=\"931\">Lago Nahuel Huapi<\/strong>, admirar o majestoso <strong data-start=\"957\" data-end=\"976\">Hotel Llao Llao<\/strong>, o t\u00edpico <strong data-start=\"993\" data-end=\"1016\">Capela de S\u00e3o Eduardo<\/strong> e o <strong data-start=\"1022\" data-end=\"1040\">Puerto Pa\u00f1uelo<\/strong>, A porta de entrada para passeios de barco.<\/p>\n<p class=\"ai-optimize-25\" data-start=\"1090\" data-end=\"1241\">Voc\u00ea tamb\u00e9m adicionar\u00e1 cart\u00f5es postais de lugares como <strong data-start=\"1125\" data-end=\"1140\">Vila Tacul<\/strong>, o <strong data-start=\"1145\" data-end=\"1163\">Lago escondido<\/strong> e o <strong data-start=\"1169\" data-end=\"1184\">Cerro L\u00f3pez<\/strong>, com intervalos destinados a tirar fotos e se conectar com a natureza.<\/p>\n<p class=\"ai-optimize-26\" data-start=\"1243\" data-end=\"1484\">O fim \u00e9 vivido no <strong data-start=\"1272\" data-end=\"1292\">Cerro Campanario<\/strong>, Voc\u00ea pode pegar um telef\u00e9rico para chegar a um dos pontos de vista mais famosos do planeta. Do alto, as paisagens de montanhas, espelhos d'\u00e1gua e vales s\u00e3o incompar\u00e1veis.<\/p>\n<p class=\"ai-optimize-27\" data-start=\"1486\" data-end=\"1665\">A sa\u00edda \u00e9 das 8h30 \u00e0s 12h30 ou das 14h30 \u00e0s 19h00, aproximadamente. Inclui traslados e guia especializado em espanhol (opcional bil\u00edngue). N\u00e3o inclui ingresso para o telef\u00e9rico ou refei\u00e7\u00f5es.<\/p>\n<h3 class=\"ai-optimize-28\" data-start=\"1672\" data-end=\"1700\"><strong data-start=\"1676\" data-end=\"1700\">Perguntas frequentes<\/strong><\/h3>\n<p class=\"ai-optimize-29\" data-start=\"1702\" data-end=\"1844\"><strong data-start=\"1702\" data-end=\"1746\">Posso combinar esse passeio com outro?<\/strong><br data-start=\"1746\" data-end=\"1749\" \/>\u00c9 claro que ele \u00e9 perfeito para acrescentar uma visita ao <strong data-start=\"1787\" data-end=\"1805\">Cerro Catedral<\/strong> ou o <strong data-start=\"1813\" data-end=\"1830\">Ilha Victoria<\/strong> \u00e0 tarde.<\/p>\n<p class=\"ai-optimize-30\" data-start=\"1846\" data-end=\"1951\"><strong data-start=\"1846\" data-end=\"1878\">O telef\u00e9rico est\u00e1 inclu\u00eddo?<\/strong><br data-start=\"1878\" data-end=\"1881\" \/>N\u00e3o, a subida ao Cerro Campanario \u00e9 opcional e paga localmente.<\/p>\n<p class=\"ai-optimize-31\" data-start=\"1953\" data-end=\"2056\"><strong data-start=\"1953\" data-end=\"1986\">Posso entrar no Llao Llao Llao Hotel?<\/strong><br data-start=\"1986\" data-end=\"1989\" \/>N\u00e3o. A atividade permite que voc\u00ea aprecie o hotel e seu maravilhoso ambiente natural do lado de fora.<\/p>\n<p class=\"ai-optimize-32\" data-start=\"2058\" data-end=\"2192\"><strong data-start=\"2058\" data-end=\"2082\">\u00c9 uma caminhada f\u00edsica?<\/strong><br data-start=\"2082\" data-end=\"2085\" \/>A experi\u00eancia n\u00e3o exige esfor\u00e7o f\u00edsico. \u00c9 adequada para qualquer pessoa e altamente recomendada para conhecer Bariloche pela primeira vez.<\/p>","protected":false},"excerpt":{"rendered":"<p class=\"ai-optimize-6\">Explore Bariloche atrav\u00e9s do Circuito Chico e da subida ao Cerro Campanario. Passeie pela pitoresca <strong>Avenida Bustillo<\/strong>, contemplar o majestoso <strong>Hotel Llao Llao<\/strong> e subir at\u00e9 o <strong>Cerro Campanario<\/strong> para apreciar uma vista excepcional. Um passeio com paisagens, conforto e aventura inigual\u00e1veis.<\/p>","protected":false},"featured_media":377431,"comment_status":"open","ping_status":"closed","template":"","meta":[],"product_brand":[],"product_cat":[62,66,67,73,77,80,82],"product_tag":[],"class_list":{"0":"post-378006","1":"product","2":"type-product","3":"status-publish","4":"has-post-thumbnail","6":"product_cat-adultos","7":"product_cat-con-traslado","8":"product_cat-familia","9":"product_cat-ninos","10":"product_cat-sin-comida","11":"product_cat-terrestre","12":"product_cat-todo-el-ano","14":"first","15":"instock","16":"virtual","17":"sold-individually","18":"purchasable","19":"product-type-booking"},"booking_location":"","booking_location_type":"","booking_duration":1,"booking_duration_unit":"hour","booking_buffer":0,"booking_cost":26000,"booking_resources":[],"exclude_global_add_ons":[],"addons":[],"yoast_head":"<!-- This site is optimized with the Yoast SEO Premium plugin v25.2 (Yoast SEO v25.2) - https:\/\/yoast.com\/wordpress\/plugins\/seo\/ -->\n<title>Circuito Chico y Cerro Campanario en Bariloche | Excursi\u00f3n cl\u00e1sica - Navegacion Patagonia<\/title>\n<meta name=\"description\" content=\"Excursi\u00f3n Circuito Chico y Cerro Campanario en Bariloche. Vistas al Lago Nahuel Huapi, naturaleza y tradici\u00f3n. Ideal para familias y viajeros.\" \/>\n<meta name=\"robots\" content=\"index, follow, max-snippet:-1, max-image-preview:large, max-video-preview:-1\" \/>\n<link rel=\"canonical\" href=\"https:\/\/navegacionpatagonia.com.ar\/pt\/produto\/o-circuito-chico-e-o-cerro-campanario-descobrem-bariloche-de-uma-maneira-diferente\/\" \/>\n<meta property=\"og:locale\" content=\"pt_BR\" \/>\n<meta property=\"og:type\" content=\"article\" \/>\n<meta property=\"og:title\" content=\"Circuito Chico y Cerro Campanario: descubr\u00ed Bariloche de forma distinta\" \/>\n<meta property=\"og:description\" content=\"Excursi\u00f3n Circuito Chico y Cerro Campanario en Bariloche. Vistas al Lago Nahuel Huapi, naturaleza y tradici\u00f3n. Ideal para familias y viajeros.\" \/>\n<meta property=\"og:url\" content=\"https:\/\/navegacionpatagonia.com.ar\/pt\/produto\/o-circuito-chico-e-o-cerro-campanario-descobrem-bariloche-de-uma-maneira-diferente\/\" \/>\n<meta property=\"og:site_name\" content=\"Navegacion Patagonia\" \/>\n<meta property=\"article:modified_time\" content=\"2026-02-16T12:31:38+00:00\" \/>\n<meta property=\"og:image\" content=\"https:\/\/navegacionpatagonia.com.ar\/wp-content\/uploads\/sites\/8\/2025\/03\/CircuitoChico_image5_1140_1601385625-1.jpg\" \/>\n\t<meta property=\"og:image:width\" content=\"1140\" \/>\n\t<meta property=\"og:image:height\" content=\"855\" \/>\n\t<meta property=\"og:image:type\" content=\"image\/jpeg\" \/>\n<meta name=\"twitter:card\" content=\"summary_large_image\" \/>\n<meta name=\"twitter:label1\" content=\"Pre\u00e7o\" \/>\n\t<meta name=\"twitter:data1\" content=\"&#036;26,000.00\" \/>\n\t<meta name=\"twitter:label2\" content=\"Disponibilidade\" \/>\n\t<meta name=\"twitter:data2\" content=\"Em Estoque\" \/>\n<script type=\"application\/ld+json\" class=\"yoast-schema-graph\">{\"@context\":\"https:\/\/schema.org\",\"@graph\":[{\"@type\":\"WebPage\",\"@id\":\"https:\/\/navegacionpatagonia.com.ar\/producto\/circuito-chico-y-cerro-campanario-descubri-bariloche-de-forma-distinta\/\",\"url\":\"https:\/\/navegacionpatagonia.com.ar\/producto\/circuito-chico-y-cerro-campanario-descubri-bariloche-de-forma-distinta\/\",\"name\":\"Circuito Chico y Cerro Campanario en Bariloche | Excursi\u00f3n cl\u00e1sica - Navegacion Patagonia\",\"isPartOf\":{\"@id\":\"https:\/\/navegacionpatagonia.com.ar\/#website\"},\"primaryImageOfPage\":{\"@id\":\"https:\/\/navegacionpatagonia.com.ar\/producto\/circuito-chico-y-cerro-campanario-descubri-bariloche-de-forma-distinta\/#primaryimage\"},\"image\":{\"@id\":\"https:\/\/navegacionpatagonia.com.ar\/producto\/circuito-chico-y-cerro-campanario-descubri-bariloche-de-forma-distinta\/#primaryimage\"},\"thumbnailUrl\":\"https:\/\/navegacionpatagonia.com.ar\/wp-content\/uploads\/sites\/8\/2025\/03\/CircuitoChico_image5_1140_1601385625-1.jpg\",\"datePublished\":\"2025-08-21T22:00:02+00:00\",\"dateModified\":\"2026-02-16T12:31:38+00:00\",\"description\":\"Excursi\u00f3n Circuito Chico y Cerro Campanario en Bariloche. Vistas al Lago Nahuel Huapi, naturaleza y tradici\u00f3n. Ideal para familias y viajeros.\",\"breadcrumb\":{\"@id\":\"https:\/\/navegacionpatagonia.com.ar\/producto\/circuito-chico-y-cerro-campanario-descubri-bariloche-de-forma-distinta\/#breadcrumb\"},\"inLanguage\":\"pt-BR\",\"potentialAction\":[{\"@type\":\"ReadAction\",\"target\":[\"https:\/\/navegacionpatagonia.com.ar\/producto\/circuito-chico-y-cerro-campanario-descubri-bariloche-de-forma-distinta\/\"]}]},{\"@type\":\"ImageObject\",\"inLanguage\":\"pt-BR\",\"@id\":\"https:\/\/navegacionpatagonia.com.ar\/producto\/circuito-chico-y-cerro-campanario-descubri-bariloche-de-forma-distinta\/#primaryimage\",\"url\":\"https:\/\/navegacionpatagonia.com.ar\/wp-content\/uploads\/sites\/8\/2025\/03\/CircuitoChico_image5_1140_1601385625-1.jpg\",\"contentUrl\":\"https:\/\/navegacionpatagonia.com.ar\/wp-content\/uploads\/sites\/8\/2025\/03\/CircuitoChico_image5_1140_1601385625-1.jpg\",\"width\":1140,\"height\":855},{\"@type\":\"BreadcrumbList\",\"@id\":\"https:\/\/navegacionpatagonia.com.ar\/producto\/circuito-chico-y-cerro-campanario-descubri-bariloche-de-forma-distinta\/#breadcrumb\",\"itemListElement\":[{\"@type\":\"ListItem\",\"position\":1,\"name\":\"Inicio\",\"item\":\"https:\/\/navegacionpatagonia.com.ar\/\"},{\"@type\":\"ListItem\",\"position\":2,\"name\":\"Tienda\",\"item\":\"https:\/\/navegacionpatagonia.com.ar\/tienda\/\"},{\"@type\":\"ListItem\",\"position\":3,\"name\":\"Circuito Chico y Cerro Campanario: descubr\u00ed Bariloche de forma distinta\"}]},{\"@type\":\"WebSite\",\"@id\":\"https:\/\/navegacionpatagonia.com.ar\/#website\",\"url\":\"https:\/\/navegacionpatagonia.com.ar\/\",\"name\":\"Navegacion Patagonia\",\"description\":\"\",\"potentialAction\":[{\"@type\":\"SearchAction\",\"target\":{\"@type\":\"EntryPoint\",\"urlTemplate\":\"https:\/\/navegacionpatagonia.com.ar\/?s={search_term_string}\"},\"query-input\":{\"@type\":\"PropertyValueSpecification\",\"valueRequired\":true,\"valueName\":\"search_term_string\"}}],\"inLanguage\":\"pt-BR\"}]}<\/script>\n<meta property=\"product:price:amount\" content=\"26000.00\" \/>\n<meta property=\"product:price:currency\" content=\"ARS\" \/>\n<meta property=\"og:availability\" content=\"instock\" \/>\n<meta property=\"product:availability\" content=\"instock\" \/>\n<meta property=\"product:retailer_item_id\" content=\"ADV2025CICHYC1KOR\" \/>\n<meta property=\"product:condition\" content=\"new\" \/>\n<!-- \/ Yoast SEO Premium plugin. -->","yoast_head_json":{"title":"Circuito Chico e Cerro Campanario em Bariloche | Excurs\u00e3o Cl\u00e1ssica - Navegacion Patagonia","description":"Excurs\u00e3o ao Circuito Chico e ao Cerro Campanario em Bariloche. Vistas do Lago Nahuel Huapi, natureza e tradi\u00e7\u00e3o. Ideal para fam\u00edlias e viajantes.","robots":{"index":"index","follow":"follow","max-snippet":"max-snippet:-1","max-image-preview":"max-image-preview:large","max-video-preview":"max-video-preview:-1"},"canonical":"https:\/\/navegacionpatagonia.com.ar\/pt\/produto\/o-circuito-chico-e-o-cerro-campanario-descobrem-bariloche-de-uma-maneira-diferente\/","og_locale":"pt_BR","og_type":"article","og_title":"Circuito Chico y Cerro Campanario: descubr\u00ed Bariloche de forma distinta","og_description":"Excursi\u00f3n Circuito Chico y Cerro Campanario en Bariloche. Vistas al Lago Nahuel Huapi, naturaleza y tradici\u00f3n. Ideal para familias y viajeros.","og_url":"https:\/\/navegacionpatagonia.com.ar\/pt\/produto\/o-circuito-chico-e-o-cerro-campanario-descobrem-bariloche-de-uma-maneira-diferente\/","og_site_name":"Navegacion Patagonia","article_modified_time":"2026-02-16T12:31:38+00:00","og_image":[{"width":1140,"height":855,"url":"https:\/\/navegacionpatagonia.com.ar\/wp-content\/uploads\/sites\/8\/2025\/03\/CircuitoChico_image5_1140_1601385625-1.jpg","type":"image\/jpeg"}],"twitter_card":"summary_large_image","twitter_misc":{"Pre\u00e7o":"&#36;26,000.00","Disponibilidade":"Em Estoque"},"schema":{"@context":"https:\/\/schema.org","@graph":[{"@type":"WebPage","@id":"https:\/\/navegacionpatagonia.com.ar\/producto\/circuito-chico-y-cerro-campanario-descubri-bariloche-de-forma-distinta\/","url":"https:\/\/navegacionpatagonia.com.ar\/producto\/circuito-chico-y-cerro-campanario-descubri-bariloche-de-forma-distinta\/","name":"Circuito Chico e Cerro Campanario em Bariloche | Excurs\u00e3o Cl\u00e1ssica - Navegacion Patagonia","isPartOf":{"@id":"https:\/\/navegacionpatagonia.com.ar\/#website"},"primaryImageOfPage":{"@id":"https:\/\/navegacionpatagonia.com.ar\/producto\/circuito-chico-y-cerro-campanario-descubri-bariloche-de-forma-distinta\/#primaryimage"},"image":{"@id":"https:\/\/navegacionpatagonia.com.ar\/producto\/circuito-chico-y-cerro-campanario-descubri-bariloche-de-forma-distinta\/#primaryimage"},"thumbnailUrl":"https:\/\/navegacionpatagonia.com.ar\/wp-content\/uploads\/sites\/8\/2025\/03\/CircuitoChico_image5_1140_1601385625-1.jpg","datePublished":"2025-08-21T22:00:02+00:00","dateModified":"2026-02-16T12:31:38+00:00","description":"Excurs\u00e3o ao Circuito Chico e ao Cerro Campanario em Bariloche. Vistas do Lago Nahuel Huapi, natureza e tradi\u00e7\u00e3o. Ideal para fam\u00edlias e viajantes.","breadcrumb":{"@id":"https:\/\/navegacionpatagonia.com.ar\/producto\/circuito-chico-y-cerro-campanario-descubri-bariloche-de-forma-distinta\/#breadcrumb"},"inLanguage":"pt-BR","potentialAction":[{"@type":"ReadAction","target":["https:\/\/navegacionpatagonia.com.ar\/producto\/circuito-chico-y-cerro-campanario-descubri-bariloche-de-forma-distinta\/"]}]},{"@type":"ImageObject","inLanguage":"pt-BR","@id":"https:\/\/navegacionpatagonia.com.ar\/producto\/circuito-chico-y-cerro-campanario-descubri-bariloche-de-forma-distinta\/#primaryimage","url":"https:\/\/navegacionpatagonia.com.ar\/wp-content\/uploads\/sites\/8\/2025\/03\/CircuitoChico_image5_1140_1601385625-1.jpg","contentUrl":"https:\/\/navegacionpatagonia.com.ar\/wp-content\/uploads\/sites\/8\/2025\/03\/CircuitoChico_image5_1140_1601385625-1.jpg","width":1140,"height":855},{"@type":"BreadcrumbList","@id":"https:\/\/navegacionpatagonia.com.ar\/producto\/circuito-chico-y-cerro-campanario-descubri-bariloche-de-forma-distinta\/#breadcrumb","itemListElement":[{"@type":"ListItem","position":1,"name":"Inicio","item":"https:\/\/navegacionpatagonia.com.ar\/"},{"@type":"ListItem","position":2,"name":"Tienda","item":"https:\/\/navegacionpatagonia.com.ar\/tienda\/"},{"@type":"ListItem","position":3,"name":"Circuito Chico y Cerro Campanario: descubr\u00ed Bariloche de forma distinta"}]},{"@type":"WebSite","@id":"https:\/\/navegacionpatagonia.com.ar\/#website","url":"https:\/\/navegacionpatagonia.com.ar\/","name":"Navega\u00e7\u00e3o na Patag\u00f4nia","description":"","potentialAction":[{"@type":"SearchAction","target":{"@type":"EntryPoint","urlTemplate":"https:\/\/navegacionpatagonia.com.ar\/?s={search_term_string}"},"query-input":{"@type":"PropertyValueSpecification","valueRequired":true,"valueName":"search_term_string"}}],"inLanguage":"pt-BR"}]},"product_price_amount":"26000.00","product_price_currency":"ARS","og_availability":"instock","product_availability":"instock","product_retailer_item_id":"ADV2025CICHYC1KOR","product_condition":"new"},"_links":{"self":[{"href":"https:\/\/navegacionpatagonia.com.ar\/pt\/wp-json\/wp\/v2\/product\/378006","targetHints":{"allow":["GET"]}}],"collection":[{"href":"https:\/\/navegacionpatagonia.com.ar\/pt\/wp-json\/wp\/v2\/product"}],"about":[{"href":"https:\/\/navegacionpatagonia.com.ar\/pt\/wp-json\/wp\/v2\/types\/product"}],"replies":[{"embeddable":true,"href":"https:\/\/navegacionpatagonia.com.ar\/pt\/wp-json\/wp\/v2\/comments?post=378006"}],"wp:featuredmedia":[{"embeddable":true,"href":"https:\/\/navegacionpatagonia.com.ar\/pt\/wp-json\/wp\/v2\/media\/377431"}],"wp:attachment":[{"href":"https:\/\/navegacionpatagonia.com.ar\/pt\/wp-json\/wp\/v2\/media?parent=378006"}],"wp:term":[{"taxonomy":"product_brand","embeddable":true,"href":"https:\/\/navegacionpatagonia.com.ar\/pt\/wp-json\/wp\/v2\/product_brand?post=378006"},{"taxonomy":"product_cat","embeddable":true,"href":"https:\/\/navegacionpatagonia.com.ar\/pt\/wp-json\/wp\/v2\/product_cat?post=378006"},{"taxonomy":"product_tag","embeddable":true,"href":"https:\/\/navegacionpatagonia.com.ar\/pt\/wp-json\/wp\/v2\/product_tag?post=378006"}],"curies":[{"name":"wp","href":"https:\/\/api.w.org\/{rel}","templated":true}]}}