{"id":378004,"date":"2025-08-21T18:58:40","date_gmt":"2025-08-21T21:58:40","guid":{"rendered":"https:\/\/navegacionpatagonia.com.ar\/producto\/cerro-tronador-y-ventisquero-negro-travesia-completa-por-el-corazon-de-la-patagonia\/"},"modified":"2025-10-13T11:06:04","modified_gmt":"2025-10-13T14:06:04","slug":"cerro-tronador-y-ventisquero-negro-travesia-completa-por-el-corazon-de-la-patagonia","status":"publish","type":"product","link":"https:\/\/navegacionpatagonia.com.ar\/pt\/produto\/cerro-tronador-e-ventisquero-negro-completam-a-travessia-pelo-coracao-da-patagonia\/","title":{"rendered":"Cerro Tronador e Ventisquero Negro: uma viagem completa pelo cora\u00e7\u00e3o da Patag\u00f4nia"},"content":{"rendered":"<h3 class=\"ai-optimize-6\" data-start=\"470\" data-end=\"552\"><strong data-start=\"474\" data-end=\"552\">Uma aventura por um dos cen\u00e1rios mais majestosos dos Andes Patag\u00f4nicos.<\/strong><\/h3>\n<p class=\"ai-optimize-7 ai-optimize-introduction\" data-start=\"554\" data-end=\"888\">Esse passeio lhe oferece a chance de explorar um dos lugares mais impressionantes do Parque Nacional Nahuel Huapi. O <strong data-start=\"666\" data-end=\"684\">Serra do Tronador<\/strong>, A Patag\u00f4nia, com sua neve permanente e geleiras ativas, \u00e9 um s\u00edmbolo da Patag\u00f4nia argentina e um dos lugares mais atraentes se voc\u00ea estiver procurando por paisagens intensas e experi\u00eancias ao ar livre.<\/p>\n<p class=\"ai-optimize-8\" data-start=\"890\" data-end=\"1248\">O passeio come\u00e7a em pontos selecionados de Bariloche (entre o centro e o km 8 da Av. Bustillo ou Av. Pioneros), seguindo a rota ao longo dos lagos Gutierrez e Mascardi. Durante o passeio, s\u00e3o feitas paradas para tirar fotos em lugares como <strong data-start=\"1147\" data-end=\"1162\">Praia Negra<\/strong> e o <strong data-start=\"1168\" data-end=\"1198\">Mirante da Ilha do Cora\u00e7\u00e3o<\/strong>, e uma parada no acampamento Los R\u00e1pidos.<\/p>\n<p class=\"ai-optimize-9\" data-start=\"1250\" data-end=\"1591\">A caminhada continua at\u00e9 o <strong data-start=\"1287\" data-end=\"1308\">Neve Negra<\/strong>, Uma geleira ativa que desce do cume do Cerro Tronador. A partir daqui, voc\u00ea poder\u00e1 apreciar os contrastes \u00fanicos entre a geleira escura e os picos cobertos de neve. Em <strong data-start=\"1490\" data-end=\"1505\">Pampa Linda<\/strong>, Voc\u00ea ter\u00e1 tempo livre para almo\u00e7ar nos paradores e aproveitar os arredores.<\/p>\n<p class=\"ai-optimize-10\" data-start=\"1593\" data-end=\"1835\">A excurs\u00e3o \u00e9 realizada das 9h00 \u00e0s 18h30, aproximadamente, e inclui traslados, um guia em espanhol e paradas importantes para conhecer a fundo esse ambiente natural. N\u00e3o inclui almo\u00e7o nem acesso ao Parque Nacional, que \u00e9 pago separadamente.<\/p>\n<h3 class=\"ai-optimize-11\" data-start=\"1842\" data-end=\"1870\"><strong data-start=\"1846\" data-end=\"1870\">Perguntas frequentes<\/strong><\/h3>\n<p class=\"ai-optimize-12\" data-start=\"1872\" data-end=\"2010\"><strong data-start=\"1872\" data-end=\"1908\">A prepara\u00e7\u00e3o f\u00edsica \u00e9 necess\u00e1ria?<\/strong><br data-start=\"1908\" data-end=\"1911\" \/>N\u00e3o. \u00c9 um circuito em um ve\u00edculo e com pequenas caminhadas em pontos de vista. Adequado para todos os p\u00fablicos.<\/p>\n<p class=\"ai-optimize-13\" data-start=\"2012\" data-end=\"2124\"><strong data-start=\"2012\" data-end=\"2038\">Onde voc\u00ea pode comer?<\/strong><br data-start=\"2038\" data-end=\"2041\" \/>Em Pampa Linda, h\u00e1 pousadas onde \u00e9 poss\u00edvel saborear comidas e bebidas regionais.<\/p>\n<p class=\"ai-optimize-14\" data-start=\"2126\" data-end=\"2290\"><strong data-start=\"2126\" data-end=\"2160\">O que levar para o passeio?<\/strong><br data-start=\"2160\" data-end=\"2163\" \/>Traga roupas confort\u00e1veis, agasalhos, cal\u00e7ados adequados para caminhada, protetor solar, \u00e1gua e dinheiro para a entrada e alimenta\u00e7\u00e3o.<\/p>\n<p class=\"ai-optimize-15\" data-start=\"2292\" data-end=\"2476\"><strong data-start=\"2292\" data-end=\"2322\">O que est\u00e1 inclu\u00eddo no passeio?<\/strong><br data-start=\"2322\" data-end=\"2325\" \/>Traslado de ida e volta dos pontos de encontro, guia tur\u00edstico e circuito completo. N\u00e3o inclui almo\u00e7o ou entrada no Parque Nacional Nahuel Huapi.<\/p>","protected":false},"excerpt":{"rendered":"<p class=\"ai-optimize-6\">Viva uma experi\u00eancia \u00fanica explorando o Parque Nacional Nahuel Huapi, admirando a beleza imponente do Cerro Tronador e a Geleira Ventisquero Negro. Um equil\u00edbrio ideal entre paisagens, trekking e bem-estar.<\/p>","protected":false},"featured_media":377442,"comment_status":"open","ping_status":"closed","template":"","meta":[],"product_brand":[],"product_cat":[62,66,67,73,77,80,82],"product_tag":[],"class_list":{"0":"post-378004","1":"product","2":"type-product","3":"status-publish","4":"has-post-thumbnail","6":"product_cat-adultos","7":"product_cat-con-traslado","8":"product_cat-familia","9":"product_cat-ninos","10":"product_cat-sin-comida","11":"product_cat-terrestre","12":"product_cat-todo-el-ano","14":"first","15":"instock","16":"virtual","17":"sold-individually","18":"purchasable","19":"product-type-booking"},"booking_location":"","booking_location_type":"","booking_duration":1,"booking_duration_unit":"hour","booking_buffer":0,"booking_cost":59400,"booking_resources":[],"exclude_global_add_ons":[],"addons":[],"yoast_head":"<!-- This site is optimized with the Yoast SEO Premium plugin v25.2 (Yoast SEO v25.2) - https:\/\/yoast.com\/wordpress\/plugins\/seo\/ -->\n<title>Cerro Tronador y Ventisquero Negro desde Bariloche - Navegacion Patagonia<\/title>\n<meta name=\"description\" content=\"Visit\u00e1 el Cerro Tronador y el Ventisquero Negro en una excursi\u00f3n desde Bariloche. Glaciares, lagos y paisajes \u00fanicos del Parque Nacional Nahuel Huapi.\" \/>\n<meta name=\"robots\" content=\"index, follow, max-snippet:-1, max-image-preview:large, max-video-preview:-1\" \/>\n<link rel=\"canonical\" href=\"https:\/\/navegacionpatagonia.com.ar\/pt\/produto\/cerro-tronador-e-ventisquero-negro-completam-a-travessia-pelo-coracao-da-patagonia\/\" \/>\n<meta property=\"og:locale\" content=\"pt_BR\" \/>\n<meta property=\"og:type\" content=\"article\" \/>\n<meta property=\"og:title\" content=\"Cerro Tronador y Ventisquero Negro: traves\u00eda completa por el coraz\u00f3n de la Patagonia\" \/>\n<meta property=\"og:description\" content=\"Visit\u00e1 el Cerro Tronador y el Ventisquero Negro en una excursi\u00f3n desde Bariloche. Glaciares, lagos y paisajes \u00fanicos del Parque Nacional Nahuel Huapi.\" \/>\n<meta property=\"og:url\" content=\"https:\/\/navegacionpatagonia.com.ar\/pt\/produto\/cerro-tronador-e-ventisquero-negro-completam-a-travessia-pelo-coracao-da-patagonia\/\" \/>\n<meta property=\"og:site_name\" content=\"Navegacion Patagonia\" \/>\n<meta property=\"article:modified_time\" content=\"2025-10-13T14:06:04+00:00\" \/>\n<meta property=\"og:image\" content=\"https:\/\/navegacionpatagonia.com.ar\/wp-content\/uploads\/sites\/8\/2025\/03\/CerroTronador_image7_1140_1601316722-1.jpg\" \/>\n\t<meta property=\"og:image:width\" content=\"1140\" \/>\n\t<meta property=\"og:image:height\" content=\"855\" \/>\n\t<meta property=\"og:image:type\" content=\"image\/jpeg\" \/>\n<meta name=\"twitter:card\" content=\"summary_large_image\" \/>\n<meta name=\"twitter:label1\" content=\"Pre\u00e7o\" \/>\n\t<meta name=\"twitter:data1\" content=\"&#036;59,400.00\" \/>\n\t<meta name=\"twitter:label2\" content=\"Disponibilidade\" \/>\n\t<meta name=\"twitter:data2\" content=\"Em Estoque\" \/>\n<script type=\"application\/ld+json\" class=\"yoast-schema-graph\">{\"@context\":\"https:\/\/schema.org\",\"@graph\":[{\"@type\":\"WebPage\",\"@id\":\"https:\/\/navegacionpatagonia.com.ar\/producto\/cerro-tronador-y-ventisquero-negro-travesia-completa-por-el-corazon-de-la-patagonia\/\",\"url\":\"https:\/\/navegacionpatagonia.com.ar\/producto\/cerro-tronador-y-ventisquero-negro-travesia-completa-por-el-corazon-de-la-patagonia\/\",\"name\":\"Cerro Tronador y Ventisquero Negro desde Bariloche - Navegacion Patagonia\",\"isPartOf\":{\"@id\":\"https:\/\/navegacionpatagonia.com.ar\/#website\"},\"primaryImageOfPage\":{\"@id\":\"https:\/\/navegacionpatagonia.com.ar\/producto\/cerro-tronador-y-ventisquero-negro-travesia-completa-por-el-corazon-de-la-patagonia\/#primaryimage\"},\"image\":{\"@id\":\"https:\/\/navegacionpatagonia.com.ar\/producto\/cerro-tronador-y-ventisquero-negro-travesia-completa-por-el-corazon-de-la-patagonia\/#primaryimage\"},\"thumbnailUrl\":\"https:\/\/navegacionpatagonia.com.ar\/wp-content\/uploads\/sites\/8\/2025\/03\/CerroTronador_image7_1140_1601316722-1.jpg\",\"datePublished\":\"2025-08-21T21:58:40+00:00\",\"dateModified\":\"2025-10-13T14:06:04+00:00\",\"description\":\"Visit\u00e1 el Cerro Tronador y el Ventisquero Negro en una excursi\u00f3n desde Bariloche. Glaciares, lagos y paisajes \u00fanicos del Parque Nacional Nahuel Huapi.\",\"breadcrumb\":{\"@id\":\"https:\/\/navegacionpatagonia.com.ar\/producto\/cerro-tronador-y-ventisquero-negro-travesia-completa-por-el-corazon-de-la-patagonia\/#breadcrumb\"},\"inLanguage\":\"pt-BR\",\"potentialAction\":[{\"@type\":\"ReadAction\",\"target\":[\"https:\/\/navegacionpatagonia.com.ar\/producto\/cerro-tronador-y-ventisquero-negro-travesia-completa-por-el-corazon-de-la-patagonia\/\"]}]},{\"@type\":\"ImageObject\",\"inLanguage\":\"pt-BR\",\"@id\":\"https:\/\/navegacionpatagonia.com.ar\/producto\/cerro-tronador-y-ventisquero-negro-travesia-completa-por-el-corazon-de-la-patagonia\/#primaryimage\",\"url\":\"https:\/\/navegacionpatagonia.com.ar\/wp-content\/uploads\/sites\/8\/2025\/03\/CerroTronador_image7_1140_1601316722-1.jpg\",\"contentUrl\":\"https:\/\/navegacionpatagonia.com.ar\/wp-content\/uploads\/sites\/8\/2025\/03\/CerroTronador_image7_1140_1601316722-1.jpg\",\"width\":1140,\"height\":855},{\"@type\":\"BreadcrumbList\",\"@id\":\"https:\/\/navegacionpatagonia.com.ar\/producto\/cerro-tronador-y-ventisquero-negro-travesia-completa-por-el-corazon-de-la-patagonia\/#breadcrumb\",\"itemListElement\":[{\"@type\":\"ListItem\",\"position\":1,\"name\":\"Inicio\",\"item\":\"https:\/\/navegacionpatagonia.com.ar\/\"},{\"@type\":\"ListItem\",\"position\":2,\"name\":\"Tienda\",\"item\":\"https:\/\/navegacionpatagonia.com.ar\/tienda\/\"},{\"@type\":\"ListItem\",\"position\":3,\"name\":\"Cerro Tronador y Ventisquero Negro: traves\u00eda completa por el coraz\u00f3n de la Patagonia\"}]},{\"@type\":\"WebSite\",\"@id\":\"https:\/\/navegacionpatagonia.com.ar\/#website\",\"url\":\"https:\/\/navegacionpatagonia.com.ar\/\",\"name\":\"Navegacion Patagonia\",\"description\":\"\",\"potentialAction\":[{\"@type\":\"SearchAction\",\"target\":{\"@type\":\"EntryPoint\",\"urlTemplate\":\"https:\/\/navegacionpatagonia.com.ar\/?s={search_term_string}\"},\"query-input\":{\"@type\":\"PropertyValueSpecification\",\"valueRequired\":true,\"valueName\":\"search_term_string\"}}],\"inLanguage\":\"pt-BR\"}]}<\/script>\n<meta property=\"product:price:amount\" content=\"59400.00\" \/>\n<meta property=\"product:price:currency\" content=\"ARS\" \/>\n<meta property=\"og:availability\" content=\"instock\" \/>\n<meta property=\"product:availability\" content=\"instock\" \/>\n<meta property=\"product:retailer_item_id\" content=\"ADV2025CETRYVHMNO\" \/>\n<meta property=\"product:condition\" content=\"new\" \/>\n<!-- \/ Yoast SEO Premium plugin. -->","yoast_head_json":{"title":"Cerro Tronador e Ventisquero Negro desde Bariloche - Navegacion Patagonia","description":"Visite o Cerro Tronador e o Ventisquero Negro em uma excurs\u00e3o saindo de Bariloche. Geleiras, lagos e paisagens \u00fanicas do Parque Nacional Nahuel Huapi.","robots":{"index":"index","follow":"follow","max-snippet":"max-snippet:-1","max-image-preview":"max-image-preview:large","max-video-preview":"max-video-preview:-1"},"canonical":"https:\/\/navegacionpatagonia.com.ar\/pt\/produto\/cerro-tronador-e-ventisquero-negro-completam-a-travessia-pelo-coracao-da-patagonia\/","og_locale":"pt_BR","og_type":"article","og_title":"Cerro Tronador y Ventisquero Negro: traves\u00eda completa por el coraz\u00f3n de la Patagonia","og_description":"Visit\u00e1 el Cerro Tronador y el Ventisquero Negro en una excursi\u00f3n desde Bariloche. Glaciares, lagos y paisajes \u00fanicos del Parque Nacional Nahuel Huapi.","og_url":"https:\/\/navegacionpatagonia.com.ar\/pt\/produto\/cerro-tronador-e-ventisquero-negro-completam-a-travessia-pelo-coracao-da-patagonia\/","og_site_name":"Navegacion Patagonia","article_modified_time":"2025-10-13T14:06:04+00:00","og_image":[{"width":1140,"height":855,"url":"https:\/\/navegacionpatagonia.com.ar\/wp-content\/uploads\/sites\/8\/2025\/03\/CerroTronador_image7_1140_1601316722-1.jpg","type":"image\/jpeg"}],"twitter_card":"summary_large_image","twitter_misc":{"Pre\u00e7o":"&#36;59,400.00","Disponibilidade":"Em Estoque"},"schema":{"@context":"https:\/\/schema.org","@graph":[{"@type":"WebPage","@id":"https:\/\/navegacionpatagonia.com.ar\/producto\/cerro-tronador-y-ventisquero-negro-travesia-completa-por-el-corazon-de-la-patagonia\/","url":"https:\/\/navegacionpatagonia.com.ar\/producto\/cerro-tronador-y-ventisquero-negro-travesia-completa-por-el-corazon-de-la-patagonia\/","name":"Cerro Tronador e Ventisquero Negro desde Bariloche - Navegacion Patagonia","isPartOf":{"@id":"https:\/\/navegacionpatagonia.com.ar\/#website"},"primaryImageOfPage":{"@id":"https:\/\/navegacionpatagonia.com.ar\/producto\/cerro-tronador-y-ventisquero-negro-travesia-completa-por-el-corazon-de-la-patagonia\/#primaryimage"},"image":{"@id":"https:\/\/navegacionpatagonia.com.ar\/producto\/cerro-tronador-y-ventisquero-negro-travesia-completa-por-el-corazon-de-la-patagonia\/#primaryimage"},"thumbnailUrl":"https:\/\/navegacionpatagonia.com.ar\/wp-content\/uploads\/sites\/8\/2025\/03\/CerroTronador_image7_1140_1601316722-1.jpg","datePublished":"2025-08-21T21:58:40+00:00","dateModified":"2025-10-13T14:06:04+00:00","description":"Visite o Cerro Tronador e o Ventisquero Negro em uma excurs\u00e3o saindo de Bariloche. Geleiras, lagos e paisagens \u00fanicas do Parque Nacional Nahuel Huapi.","breadcrumb":{"@id":"https:\/\/navegacionpatagonia.com.ar\/producto\/cerro-tronador-y-ventisquero-negro-travesia-completa-por-el-corazon-de-la-patagonia\/#breadcrumb"},"inLanguage":"pt-BR","potentialAction":[{"@type":"ReadAction","target":["https:\/\/navegacionpatagonia.com.ar\/producto\/cerro-tronador-y-ventisquero-negro-travesia-completa-por-el-corazon-de-la-patagonia\/"]}]},{"@type":"ImageObject","inLanguage":"pt-BR","@id":"https:\/\/navegacionpatagonia.com.ar\/producto\/cerro-tronador-y-ventisquero-negro-travesia-completa-por-el-corazon-de-la-patagonia\/#primaryimage","url":"https:\/\/navegacionpatagonia.com.ar\/wp-content\/uploads\/sites\/8\/2025\/03\/CerroTronador_image7_1140_1601316722-1.jpg","contentUrl":"https:\/\/navegacionpatagonia.com.ar\/wp-content\/uploads\/sites\/8\/2025\/03\/CerroTronador_image7_1140_1601316722-1.jpg","width":1140,"height":855},{"@type":"BreadcrumbList","@id":"https:\/\/navegacionpatagonia.com.ar\/producto\/cerro-tronador-y-ventisquero-negro-travesia-completa-por-el-corazon-de-la-patagonia\/#breadcrumb","itemListElement":[{"@type":"ListItem","position":1,"name":"Inicio","item":"https:\/\/navegacionpatagonia.com.ar\/"},{"@type":"ListItem","position":2,"name":"Tienda","item":"https:\/\/navegacionpatagonia.com.ar\/tienda\/"},{"@type":"ListItem","position":3,"name":"Cerro Tronador y Ventisquero Negro: traves\u00eda completa por el coraz\u00f3n de la Patagonia"}]},{"@type":"WebSite","@id":"https:\/\/navegacionpatagonia.com.ar\/#website","url":"https:\/\/navegacionpatagonia.com.ar\/","name":"Navega\u00e7\u00e3o na Patag\u00f4nia","description":"","potentialAction":[{"@type":"SearchAction","target":{"@type":"EntryPoint","urlTemplate":"https:\/\/navegacionpatagonia.com.ar\/?s={search_term_string}"},"query-input":{"@type":"PropertyValueSpecification","valueRequired":true,"valueName":"search_term_string"}}],"inLanguage":"pt-BR"}]},"product_price_amount":"59400.00","product_price_currency":"ARS","og_availability":"instock","product_availability":"instock","product_retailer_item_id":"ADV2025CETRYVHMNO","product_condition":"new"},"_links":{"self":[{"href":"https:\/\/navegacionpatagonia.com.ar\/pt\/wp-json\/wp\/v2\/product\/378004","targetHints":{"allow":["GET"]}}],"collection":[{"href":"https:\/\/navegacionpatagonia.com.ar\/pt\/wp-json\/wp\/v2\/product"}],"about":[{"href":"https:\/\/navegacionpatagonia.com.ar\/pt\/wp-json\/wp\/v2\/types\/product"}],"replies":[{"embeddable":true,"href":"https:\/\/navegacionpatagonia.com.ar\/pt\/wp-json\/wp\/v2\/comments?post=378004"}],"wp:featuredmedia":[{"embeddable":true,"href":"https:\/\/navegacionpatagonia.com.ar\/pt\/wp-json\/wp\/v2\/media\/377442"}],"wp:attachment":[{"href":"https:\/\/navegacionpatagonia.com.ar\/pt\/wp-json\/wp\/v2\/media?parent=378004"}],"wp:term":[{"taxonomy":"product_brand","embeddable":true,"href":"https:\/\/navegacionpatagonia.com.ar\/pt\/wp-json\/wp\/v2\/product_brand?post=378004"},{"taxonomy":"product_cat","embeddable":true,"href":"https:\/\/navegacionpatagonia.com.ar\/pt\/wp-json\/wp\/v2\/product_cat?post=378004"},{"taxonomy":"product_tag","embeddable":true,"href":"https:\/\/navegacionpatagonia.com.ar\/pt\/wp-json\/wp\/v2\/product_tag?post=378004"}],"curies":[{"name":"wp","href":"https:\/\/api.w.org\/{rel}","templated":true}]}}