{"id":378003,"date":"2025-08-21T18:58:14","date_gmt":"2025-08-21T21:58:14","guid":{"rendered":"https:\/\/navegacionpatagonia.com.ar\/producto\/el-bolson-y-lago-puelo-recorrido-panoramico-tradicion-artesanal-y-entorno-vivo\/"},"modified":"2025-10-13T11:08:14","modified_gmt":"2025-10-13T14:08:14","slug":"el-bolson-lago-puelo-excursion-bariloche","status":"publish","type":"product","link":"https:\/\/navegacionpatagonia.com.ar\/pt\/produto\/excursao-el-bolson-lago-puelo-bariloche\/","title":{"rendered":"El Bols\u00f3n e Lago Puelo: um passeio panor\u00e2mico, tradi\u00e7\u00e3o artesanal e ambiente de vida"},"content":{"rendered":"<h2 class=\"ai-optimize-6\">Explorando a beleza de Bols\u00f3n e do Lago Puelo<\/h2>\n<p class=\"ai-optimize-7\">Viva uma experi\u00eancia incompar\u00e1vel que come\u00e7a na pitoresca cidade de San Carlos de Bariloche, reconhecida como um dos lugares mais atraentes da Patag\u00f4nia. Dirigindo pela ic\u00f4nica Rota Nacional 40, o percurso se desenrola com vistas panor\u00e2micas de tirar o f\u00f4lego, destacando os belos lagos Guti\u00e9rrez, Mascardi e Guillelmo. Cada trecho \u00e9 um espet\u00e1culo visual que o convida a se conectar com a natureza patag\u00f4nica.<\/p>\n<h3 class=\"ai-optimize-8\">El Bols\u00f3n: Cultura e natureza<\/h3>\n<p class=\"ai-optimize-9\"><strong>El Bols\u00f3n<\/strong>, conhecida por seu clima especial que favorece o desenvolvimento de delicadas frutas finas e l\u00fapulo. Voc\u00ea encontrar\u00e1 o famoso <strong>Feira de artesanato<\/strong>, um espa\u00e7o onde a criatividade e o trabalho manual s\u00e3o expressos. Observe os artes\u00e3os em a\u00e7\u00e3o, fazendo pe\u00e7as exclusivas em uma variedade de materiais, como metal, cer\u00e2mica e tecidos regionais.<\/p>\n<h3 class=\"ai-optimize-10\">Descoberta no Parque Nacional Lago Puelo<\/h3>\n<p class=\"ai-optimize-11\">O <strong>Parque Nacional Lago Puelo<\/strong> ainda est\u00e1 no itiner\u00e1rio, famoso por suas \u00e1guas cor de esmeralda e paisagens deslumbrantes. Localizado a apenas 26 quil\u00f4metros de El Bols\u00f3n, esse ambiente natural marca a fronteira entre R\u00edo Negro e Chubut. O final do dia \u00e9 um retorno com um p\u00f4r do sol sobre as montanhas e os lagos, um cart\u00e3o postal inesquec\u00edvel para sua mem\u00f3ria.<\/p>\n<h2 class=\"ai-optimize-12\">Informa\u00e7\u00f5es sobre a excurs\u00e3o<\/h2>\n<ul>\n<li class=\"ai-optimize-13\"><strong>Rota:<\/strong> Viagem de carro pelo Parque Nacional Nahuel Huapi, com parada em El Bols\u00f3n e Lago Puelo.<\/li>\n<li class=\"ai-optimize-14\"><strong>Dura\u00e7\u00e3o:<\/strong> Aproximadamente das 8:30 \u00e0s 18:30 horas.<\/li>\n<li class=\"ai-optimize-15\"><strong>Ele inclui:<\/strong> Traslado e guia profissional (op\u00e7\u00f5es de guia espanhol ou bil\u00edngue por um custo extra).<\/li>\n<li class=\"ai-optimize-16\"><strong>N\u00e3o inclu\u00eddo:<\/strong> Refei\u00e7\u00f5es durante a viagem e ingressos para os parques nacionais.<\/li>\n<\/ul>\n<h2 class=\"ai-optimize-17\">Perguntas frequentes (FAQ)<\/h2>\n<h3 class=\"ai-optimize-18\">A excurs\u00e3o \u00e9 realizada em caso de chuva ou neve?<\/h3>\n<p class=\"ai-optimize-19\">Isso mesmo, a excurs\u00e3o \u00e9 realizada em todas as condi\u00e7\u00f5es clim\u00e1ticas. Lembre-se de que o clima na Patag\u00f4nia pode mudar muito durante o dia.<\/p>\n<h3 class=\"ai-optimize-20\">Qual \u00e9 a taxa de entrada para o parque nacional?<\/h3>\n<p class=\"ai-optimize-21\">A taxa de entrada para o Parque Nacional Lago Puelo n\u00e3o est\u00e1 inclu\u00edda no servi\u00e7o e \u00e9 paga diretamente na entrada do parque.<\/p>","protected":false},"excerpt":{"rendered":"<p class=\"ai-optimize-6\">Viva uma experi\u00eancia inesquec\u00edvel de Bariloche at\u00e9 o encantador Bolson e o Lago Puelo. Desfrute de vistas de tirar o f\u00f4lego, produtos artesanais e a aut\u00eantica identidade patag\u00f4nica nesta proposta exclusiva.<\/p>","protected":false},"featured_media":378213,"comment_status":"open","ping_status":"closed","template":"","meta":[],"product_brand":[],"product_cat":[62,66,67,73,77,80,82],"product_tag":[],"class_list":{"0":"post-378003","1":"product","2":"type-product","3":"status-publish","4":"has-post-thumbnail","6":"product_cat-adultos","7":"product_cat-con-traslado","8":"product_cat-familia","9":"product_cat-ninos","10":"product_cat-sin-comida","11":"product_cat-terrestre","12":"product_cat-todo-el-ano","14":"first","15":"instock","16":"virtual","17":"sold-individually","18":"purchasable","19":"product-type-booking"},"booking_location":"","booking_location_type":"","booking_duration":1,"booking_duration_unit":"hour","booking_buffer":0,"booking_cost":59400,"booking_resources":[],"exclude_global_add_ons":[],"addons":[],"yoast_head":"<!-- This site is optimized with the Yoast SEO Premium plugin v25.2 (Yoast SEO v25.2) - https:\/\/yoast.com\/wordpress\/plugins\/seo\/ -->\n<title>El Bols\u00f3n y Lago Puelo desde Bariloche | Excursi\u00f3n panor\u00e1mica - Navegacion Patagonia<\/title>\n<meta name=\"description\" content=\"Conoc\u00e9 El Bols\u00f3n y Lago Puelo en una excursi\u00f3n desde Bariloche. Tradici\u00f3n artesanal, naturaleza y vistas \u00fanicas de la Patagonia cordillerana.\" \/>\n<meta name=\"robots\" content=\"index, follow, max-snippet:-1, max-image-preview:large, max-video-preview:-1\" \/>\n<link rel=\"canonical\" href=\"https:\/\/navegacionpatagonia.com.ar\/pt\/produto\/excursao-el-bolson-lago-puelo-bariloche\/\" \/>\n<meta property=\"og:locale\" content=\"pt_BR\" \/>\n<meta property=\"og:type\" content=\"article\" \/>\n<meta property=\"og:title\" content=\"El Bols\u00f3n y Lago Puelo: recorrido panor\u00e1mico, tradici\u00f3n artesanal y entorno vivo\" \/>\n<meta property=\"og:description\" content=\"Conoc\u00e9 El Bols\u00f3n y Lago Puelo en una excursi\u00f3n desde Bariloche. Tradici\u00f3n artesanal, naturaleza y vistas \u00fanicas de la Patagonia cordillerana.\" \/>\n<meta property=\"og:url\" content=\"https:\/\/navegacionpatagonia.com.ar\/pt\/produto\/excursao-el-bolson-lago-puelo-bariloche\/\" \/>\n<meta property=\"og:site_name\" content=\"Navegacion Patagonia\" \/>\n<meta property=\"article:modified_time\" content=\"2025-10-13T14:08:14+00:00\" \/>\n<meta property=\"og:image\" content=\"https:\/\/navegacionpatagonia.com.ar\/wp-content\/uploads\/sites\/8\/2025\/08\/7-A-unnamed8-copia.jpg\" \/>\n\t<meta property=\"og:image:width\" content=\"992\" \/>\n\t<meta property=\"og:image:height\" content=\"1323\" \/>\n\t<meta property=\"og:image:type\" content=\"image\/jpeg\" \/>\n<meta name=\"twitter:card\" content=\"summary_large_image\" \/>\n<meta name=\"twitter:label1\" content=\"Pre\u00e7o\" \/>\n\t<meta name=\"twitter:data1\" content=\"&#036;59,400.00\" \/>\n\t<meta name=\"twitter:label2\" content=\"Disponibilidade\" \/>\n\t<meta name=\"twitter:data2\" content=\"Em Estoque\" \/>\n<script type=\"application\/ld+json\" class=\"yoast-schema-graph\">{\"@context\":\"https:\/\/schema.org\",\"@graph\":[{\"@type\":\"WebPage\",\"@id\":\"https:\/\/navegacionpatagonia.com.ar\/producto\/el-bolson-lago-puelo-excursion-bariloche\/\",\"url\":\"https:\/\/navegacionpatagonia.com.ar\/producto\/el-bolson-lago-puelo-excursion-bariloche\/\",\"name\":\"El Bols\u00f3n y Lago Puelo desde Bariloche | Excursi\u00f3n panor\u00e1mica - Navegacion Patagonia\",\"isPartOf\":{\"@id\":\"https:\/\/navegacionpatagonia.com.ar\/#website\"},\"primaryImageOfPage\":{\"@id\":\"https:\/\/navegacionpatagonia.com.ar\/producto\/el-bolson-lago-puelo-excursion-bariloche\/#primaryimage\"},\"image\":{\"@id\":\"https:\/\/navegacionpatagonia.com.ar\/producto\/el-bolson-lago-puelo-excursion-bariloche\/#primaryimage\"},\"thumbnailUrl\":\"https:\/\/navegacionpatagonia.com.ar\/wp-content\/uploads\/sites\/8\/2025\/08\/7-A-unnamed8-copia.jpg\",\"datePublished\":\"2025-08-21T21:58:14+00:00\",\"dateModified\":\"2025-10-13T14:08:14+00:00\",\"description\":\"Conoc\u00e9 El Bols\u00f3n y Lago Puelo en una excursi\u00f3n desde Bariloche. Tradici\u00f3n artesanal, naturaleza y vistas \u00fanicas de la Patagonia cordillerana.\",\"breadcrumb\":{\"@id\":\"https:\/\/navegacionpatagonia.com.ar\/producto\/el-bolson-lago-puelo-excursion-bariloche\/#breadcrumb\"},\"inLanguage\":\"pt-BR\",\"potentialAction\":[{\"@type\":\"ReadAction\",\"target\":[\"https:\/\/navegacionpatagonia.com.ar\/producto\/el-bolson-lago-puelo-excursion-bariloche\/\"]}]},{\"@type\":\"ImageObject\",\"inLanguage\":\"pt-BR\",\"@id\":\"https:\/\/navegacionpatagonia.com.ar\/producto\/el-bolson-lago-puelo-excursion-bariloche\/#primaryimage\",\"url\":\"https:\/\/navegacionpatagonia.com.ar\/wp-content\/uploads\/sites\/8\/2025\/08\/7-A-unnamed8-copia.jpg\",\"contentUrl\":\"https:\/\/navegacionpatagonia.com.ar\/wp-content\/uploads\/sites\/8\/2025\/08\/7-A-unnamed8-copia.jpg\",\"width\":992,\"height\":1323},{\"@type\":\"BreadcrumbList\",\"@id\":\"https:\/\/navegacionpatagonia.com.ar\/producto\/el-bolson-lago-puelo-excursion-bariloche\/#breadcrumb\",\"itemListElement\":[{\"@type\":\"ListItem\",\"position\":1,\"name\":\"Inicio\",\"item\":\"https:\/\/navegacionpatagonia.com.ar\/\"},{\"@type\":\"ListItem\",\"position\":2,\"name\":\"Tienda\",\"item\":\"https:\/\/navegacionpatagonia.com.ar\/tienda\/\"},{\"@type\":\"ListItem\",\"position\":3,\"name\":\"El Bols\u00f3n y Lago Puelo: recorrido panor\u00e1mico, tradici\u00f3n artesanal y entorno vivo\"}]},{\"@type\":\"WebSite\",\"@id\":\"https:\/\/navegacionpatagonia.com.ar\/#website\",\"url\":\"https:\/\/navegacionpatagonia.com.ar\/\",\"name\":\"Navegacion Patagonia\",\"description\":\"\",\"potentialAction\":[{\"@type\":\"SearchAction\",\"target\":{\"@type\":\"EntryPoint\",\"urlTemplate\":\"https:\/\/navegacionpatagonia.com.ar\/?s={search_term_string}\"},\"query-input\":{\"@type\":\"PropertyValueSpecification\",\"valueRequired\":true,\"valueName\":\"search_term_string\"}}],\"inLanguage\":\"pt-BR\"}]}<\/script>\n<meta property=\"product:price:amount\" content=\"59400.00\" \/>\n<meta property=\"product:price:currency\" content=\"ARS\" \/>\n<meta property=\"og:availability\" content=\"instock\" \/>\n<meta property=\"product:availability\" content=\"instock\" \/>\n<meta property=\"product:retailer_item_id\" content=\"ADV2025BOYLAPYFHS\" \/>\n<meta property=\"product:condition\" content=\"new\" \/>\n<!-- \/ Yoast SEO Premium plugin. -->","yoast_head_json":{"title":"El Bols\u00f3n e Lago Puelo desde Bariloche | Excurs\u00e3o Panor\u00e2mica - Navegacion Patagonia","description":"Visite El Bols\u00f3n e o Lago Puelo em uma excurs\u00e3o saindo de Bariloche. Tradi\u00e7\u00e3o artesanal, natureza e vistas \u00fanicas da cordilheira da Patag\u00f4nia.","robots":{"index":"index","follow":"follow","max-snippet":"max-snippet:-1","max-image-preview":"max-image-preview:large","max-video-preview":"max-video-preview:-1"},"canonical":"https:\/\/navegacionpatagonia.com.ar\/pt\/produto\/excursao-el-bolson-lago-puelo-bariloche\/","og_locale":"pt_BR","og_type":"article","og_title":"El Bols\u00f3n y Lago Puelo: recorrido panor\u00e1mico, tradici\u00f3n artesanal y entorno vivo","og_description":"Conoc\u00e9 El Bols\u00f3n y Lago Puelo en una excursi\u00f3n desde Bariloche. Tradici\u00f3n artesanal, naturaleza y vistas \u00fanicas de la Patagonia cordillerana.","og_url":"https:\/\/navegacionpatagonia.com.ar\/pt\/produto\/excursao-el-bolson-lago-puelo-bariloche\/","og_site_name":"Navegacion Patagonia","article_modified_time":"2025-10-13T14:08:14+00:00","og_image":[{"width":992,"height":1323,"url":"https:\/\/navegacionpatagonia.com.ar\/wp-content\/uploads\/sites\/8\/2025\/08\/7-A-unnamed8-copia.jpg","type":"image\/jpeg"}],"twitter_card":"summary_large_image","twitter_misc":{"Pre\u00e7o":"&#36;59,400.00","Disponibilidade":"Em Estoque"},"schema":{"@context":"https:\/\/schema.org","@graph":[{"@type":"WebPage","@id":"https:\/\/navegacionpatagonia.com.ar\/producto\/el-bolson-lago-puelo-excursion-bariloche\/","url":"https:\/\/navegacionpatagonia.com.ar\/producto\/el-bolson-lago-puelo-excursion-bariloche\/","name":"El Bols\u00f3n e Lago Puelo desde Bariloche | Excurs\u00e3o Panor\u00e2mica - Navegacion Patagonia","isPartOf":{"@id":"https:\/\/navegacionpatagonia.com.ar\/#website"},"primaryImageOfPage":{"@id":"https:\/\/navegacionpatagonia.com.ar\/producto\/el-bolson-lago-puelo-excursion-bariloche\/#primaryimage"},"image":{"@id":"https:\/\/navegacionpatagonia.com.ar\/producto\/el-bolson-lago-puelo-excursion-bariloche\/#primaryimage"},"thumbnailUrl":"https:\/\/navegacionpatagonia.com.ar\/wp-content\/uploads\/sites\/8\/2025\/08\/7-A-unnamed8-copia.jpg","datePublished":"2025-08-21T21:58:14+00:00","dateModified":"2025-10-13T14:08:14+00:00","description":"Visite El Bols\u00f3n e o Lago Puelo em uma excurs\u00e3o saindo de Bariloche. Tradi\u00e7\u00e3o artesanal, natureza e vistas \u00fanicas da cordilheira da Patag\u00f4nia.","breadcrumb":{"@id":"https:\/\/navegacionpatagonia.com.ar\/producto\/el-bolson-lago-puelo-excursion-bariloche\/#breadcrumb"},"inLanguage":"pt-BR","potentialAction":[{"@type":"ReadAction","target":["https:\/\/navegacionpatagonia.com.ar\/producto\/el-bolson-lago-puelo-excursion-bariloche\/"]}]},{"@type":"ImageObject","inLanguage":"pt-BR","@id":"https:\/\/navegacionpatagonia.com.ar\/producto\/el-bolson-lago-puelo-excursion-bariloche\/#primaryimage","url":"https:\/\/navegacionpatagonia.com.ar\/wp-content\/uploads\/sites\/8\/2025\/08\/7-A-unnamed8-copia.jpg","contentUrl":"https:\/\/navegacionpatagonia.com.ar\/wp-content\/uploads\/sites\/8\/2025\/08\/7-A-unnamed8-copia.jpg","width":992,"height":1323},{"@type":"BreadcrumbList","@id":"https:\/\/navegacionpatagonia.com.ar\/producto\/el-bolson-lago-puelo-excursion-bariloche\/#breadcrumb","itemListElement":[{"@type":"ListItem","position":1,"name":"Inicio","item":"https:\/\/navegacionpatagonia.com.ar\/"},{"@type":"ListItem","position":2,"name":"Tienda","item":"https:\/\/navegacionpatagonia.com.ar\/tienda\/"},{"@type":"ListItem","position":3,"name":"El Bols\u00f3n y Lago Puelo: recorrido panor\u00e1mico, tradici\u00f3n artesanal y entorno vivo"}]},{"@type":"WebSite","@id":"https:\/\/navegacionpatagonia.com.ar\/#website","url":"https:\/\/navegacionpatagonia.com.ar\/","name":"Navega\u00e7\u00e3o na Patag\u00f4nia","description":"","potentialAction":[{"@type":"SearchAction","target":{"@type":"EntryPoint","urlTemplate":"https:\/\/navegacionpatagonia.com.ar\/?s={search_term_string}"},"query-input":{"@type":"PropertyValueSpecification","valueRequired":true,"valueName":"search_term_string"}}],"inLanguage":"pt-BR"}]},"product_price_amount":"59400.00","product_price_currency":"ARS","og_availability":"instock","product_availability":"instock","product_retailer_item_id":"ADV2025BOYLAPYFHS","product_condition":"new"},"_links":{"self":[{"href":"https:\/\/navegacionpatagonia.com.ar\/pt\/wp-json\/wp\/v2\/product\/378003","targetHints":{"allow":["GET"]}}],"collection":[{"href":"https:\/\/navegacionpatagonia.com.ar\/pt\/wp-json\/wp\/v2\/product"}],"about":[{"href":"https:\/\/navegacionpatagonia.com.ar\/pt\/wp-json\/wp\/v2\/types\/product"}],"replies":[{"embeddable":true,"href":"https:\/\/navegacionpatagonia.com.ar\/pt\/wp-json\/wp\/v2\/comments?post=378003"}],"wp:featuredmedia":[{"embeddable":true,"href":"https:\/\/navegacionpatagonia.com.ar\/pt\/wp-json\/wp\/v2\/media\/378213"}],"wp:attachment":[{"href":"https:\/\/navegacionpatagonia.com.ar\/pt\/wp-json\/wp\/v2\/media?parent=378003"}],"wp:term":[{"taxonomy":"product_brand","embeddable":true,"href":"https:\/\/navegacionpatagonia.com.ar\/pt\/wp-json\/wp\/v2\/product_brand?post=378003"},{"taxonomy":"product_cat","embeddable":true,"href":"https:\/\/navegacionpatagonia.com.ar\/pt\/wp-json\/wp\/v2\/product_cat?post=378003"},{"taxonomy":"product_tag","embeddable":true,"href":"https:\/\/navegacionpatagonia.com.ar\/pt\/wp-json\/wp\/v2\/product_tag?post=378003"}],"curies":[{"name":"wp","href":"https:\/\/api.w.org\/{rel}","templated":true}]}}