{"id":377995,"date":"2025-08-21T18:54:15","date_gmt":"2025-08-21T21:54:15","guid":{"rendered":"https:\/\/navegacionpatagonia.com.ar\/producto\/cobertura-por-cancelacion-cancela-tu-excursion-sin-perder-todo-el-valor\/"},"modified":"2026-02-03T11:04:30","modified_gmt":"2026-02-03T14:04:30","slug":"cobertura-por-cancelacion-cancela-tu-excursion-sin-perder-todo-el-valor","status":"publish","type":"product","link":"https:\/\/navegacionpatagonia.com.ar\/pt\/produto\/cobertura-de-cancelamento-cancele-sua-excursao-sem-perder-todo-o-valor\/","title":{"rendered":"Cobertura de cancelamento - Cancele sua excurs\u00e3o sem perder o valor total de sua viagem"},"content":{"rendered":"<h3 class=\"ai-optimize-22\" data-start=\"200\" data-end=\"242\">Tranquilidade no caso de eventos imprevistos<\/h3>\n<p class=\"ai-optimize-23 ai-optimize-introduction\" data-start=\"244\" data-end=\"516\">Se por algum motivo voc\u00ea precisar cancelar sua excurs\u00e3o, o Seguro de Cancelamento permite que voc\u00ea recupere 80% do valor pago, desde que voc\u00ea avise com anteced\u00eancia at\u00e9 as 19h do dia anterior. Uma alternativa c\u00f4moda, \u00e1gil e pr\u00e1tica para cuidar de sua reserva.<\/p>\n<h3 class=\"ai-optimize-24\" data-start=\"523\" data-end=\"548\">O que o seguro cobre?<\/h3>\n<ul data-start=\"550\" data-end=\"858\">\n<li class=\"ai-optimize-25\" data-start=\"550\" data-end=\"613\">\n<p class=\"ai-optimize-26\" data-start=\"552\" data-end=\"613\">Cancelamento da excurs\u00e3o informada at\u00e9 as 19 horas do dia anterior.<\/p>\n<\/li>\n<li class=\"ai-optimize-27\" data-start=\"614\" data-end=\"652\">\n<p class=\"ai-optimize-28\" data-start=\"616\" data-end=\"652\">80% reembolso do valor j\u00e1 pago.<\/p>\n<\/li>\n<li class=\"ai-optimize-29\" data-start=\"653\" data-end=\"727\">\n<p class=\"ai-optimize-30\" data-start=\"655\" data-end=\"727\">Gerenciamento simples, sem necessidade de pedir justificativa para cancelar a reserva.<\/p>\n<\/li>\n<li class=\"ai-optimize-31\" data-start=\"728\" data-end=\"785\">\n<p class=\"ai-optimize-32\" data-start=\"730\" data-end=\"785\">Ele \u00e9 adquirido individualmente para cada passageiro e excurs\u00e3o.<\/p>\n<\/li>\n<li class=\"ai-optimize-33\" data-start=\"786\" data-end=\"858\">\n<p class=\"ai-optimize-34\" data-start=\"788\" data-end=\"858\">Voc\u00ea pode contrat\u00e1-lo at\u00e9 30 minutos ap\u00f3s receber seu voucher.<\/p>\n<\/li>\n<\/ul>\n<h3 class=\"ai-optimize-35\" data-start=\"865\" data-end=\"892\">Condi\u00e7\u00f5es importantes<\/h3>\n<ul data-start=\"894\" data-end=\"1157\">\n<li class=\"ai-optimize-36\" data-start=\"894\" data-end=\"981\">\n<p class=\"ai-optimize-37\" data-start=\"896\" data-end=\"981\">O seguro \u00e9 pessoal: aplica-se a cada passageiro e a cada excurs\u00e3o adquirida.<\/p>\n<\/li>\n<li class=\"ai-optimize-38\" data-start=\"982\" data-end=\"1080\">\n<p class=\"ai-optimize-39\" data-start=\"984\" data-end=\"1080\">Voc\u00ea n\u00e3o poder\u00e1 participar se os 30 minutos ap\u00f3s a emiss\u00e3o do voucher j\u00e1 tiverem passado.<\/p>\n<\/li>\n<li class=\"ai-optimize-40\" data-start=\"1081\" data-end=\"1157\">\n<p class=\"ai-optimize-41\" data-start=\"1083\" data-end=\"1157\">Sem a contrata\u00e7\u00e3o desse servi\u00e7o, n\u00e3o h\u00e1 reembolso para cancelamentos.<\/p>\n<\/li>\n<\/ul>\n<h3 class=\"ai-optimize-42\" data-start=\"1164\" data-end=\"1188\">Perguntas frequentes<\/h3>\n<p class=\"ai-optimize-43\" data-start=\"1190\" data-end=\"1326\"><strong data-start=\"1190\" data-end=\"1243\">Quando posso contratar o Seguro de Cancelamento?<\/strong><br data-start=\"1243\" data-end=\"1246\" \/>A cobertura pode ser adicionada at\u00e9 30 minutos ap\u00f3s a emiss\u00e3o do voucher da excurs\u00e3o.<\/p>\n<p class=\"ai-optimize-44\" data-start=\"1328\" data-end=\"1451\"><strong data-start=\"1328\" data-end=\"1388\">Preciso fornecer alguma justificativa para o cancelamento?<\/strong><br data-start=\"1388\" data-end=\"1391\" \/>N\u00e3o. O procedimento \u00e9 simples e n\u00e3o requer explica\u00e7\u00e3o do motivo.<\/p>\n<p class=\"ai-optimize-45\" data-start=\"1453\" data-end=\"1575\"><strong data-start=\"1453\" data-end=\"1492\">O reembolso \u00e9 do valor total pago?<\/strong><br data-start=\"1492\" data-end=\"1495\" \/>N\u00e3o. O reembolso \u00e9 de 80% do pagamento efetuado, de acordo com as condi\u00e7\u00f5es em vigor.<\/p>\n<p class=\"ai-optimize-46\" data-start=\"1577\" data-end=\"1711\"><strong data-start=\"1577\" data-end=\"1617\">O seguro \u00e9 obrigat\u00f3rio?<\/strong><br data-start=\"1617\" data-end=\"1620\" \/>N\u00e3o \u00e9 um requisito, mas se voc\u00ea n\u00e3o reservar, n\u00e3o haver\u00e1 reembolso em caso de cancelamento.<\/p>","protected":false},"excerpt":{"rendered":"<p class=\"ai-optimize-47\" data-start=\"1905\" data-end=\"2104\">Cobertura de cancelamento para partidas em Bariloche. Obtenha o 80% se voc\u00ea cancelar antes das 19h do dia anterior. Dispon\u00edvel ao reservar sua excurs\u00e3o.<\/p>","protected":false},"featured_media":378277,"comment_status":"open","ping_status":"closed","template":"","meta":[],"product_brand":[],"product_cat":[15],"product_tag":[],"class_list":{"0":"post-377995","1":"product","2":"type-product","3":"status-publish","4":"has-post-thumbnail","6":"product_cat-otros","8":"first","9":"instock","10":"purchasable","11":"product-type-simple"},"booking_location":null,"booking_location_type":null,"booking_duration":null,"booking_duration_unit":null,"booking_buffer":null,"booking_cost":null,"booking_resources":null,"exclude_global_add_ons":[],"addons":[],"yoast_head":"<!-- This site is optimized with the Yoast SEO Premium plugin v25.2 (Yoast SEO v25.2) - https:\/\/yoast.com\/wordpress\/plugins\/seo\/ -->\n<title>Cobertura por Cancelaci\u00f3n \u2013 Cancel\u00e1 tu excursi\u00f3n sin perder todo el valor - Navegacion Patagonia<\/title>\n<meta name=\"robots\" content=\"index, follow, max-snippet:-1, max-image-preview:large, max-video-preview:-1\" \/>\n<link rel=\"canonical\" href=\"https:\/\/navegacionpatagonia.com.ar\/pt\/produto\/cobertura-de-cancelamento-cancele-sua-excursao-sem-perder-todo-o-valor\/\" \/>\n<meta property=\"og:locale\" content=\"pt_BR\" \/>\n<meta property=\"og:type\" content=\"article\" \/>\n<meta property=\"og:title\" content=\"Cobertura por Cancelaci\u00f3n \u2013 Cancel\u00e1 tu excursi\u00f3n sin perder todo el valor\" \/>\n<meta property=\"og:description\" content=\"Cobertura de Cancelaci\u00f3n para salidas en Bariloche. Obten\u00e9 el 80% si anul\u00e1s antes de las 19 hs del d\u00eda previo. Disponible al reservar tu excursi\u00f3n.\" \/>\n<meta property=\"og:url\" content=\"https:\/\/navegacionpatagonia.com.ar\/pt\/produto\/cobertura-de-cancelamento-cancele-sua-excursao-sem-perder-todo-o-valor\/\" \/>\n<meta property=\"og:site_name\" content=\"Navegacion Patagonia\" \/>\n<meta property=\"article:modified_time\" content=\"2026-02-03T14:04:30+00:00\" \/>\n<meta property=\"og:image\" content=\"https:\/\/navegacionpatagonia.com.ar\/wp-content\/uploads\/sites\/8\/2025\/08\/Sin-titulo-1435-scaled.jpg\" \/>\n\t<meta property=\"og:image:width\" content=\"2560\" \/>\n\t<meta property=\"og:image:height\" content=\"1707\" \/>\n\t<meta property=\"og:image:type\" content=\"image\/jpeg\" \/>\n<meta name=\"twitter:card\" content=\"summary_large_image\" \/>\n<meta name=\"twitter:label1\" content=\"Pre\u00e7o\" \/>\n\t<meta name=\"twitter:data1\" content=\"&#036;15,000.00\" \/>\n\t<meta name=\"twitter:label2\" content=\"Disponibilidade\" \/>\n\t<meta name=\"twitter:data2\" content=\"Em Estoque\" \/>\n<script type=\"application\/ld+json\" class=\"yoast-schema-graph\">{\"@context\":\"https:\/\/schema.org\",\"@graph\":[{\"@type\":\"WebPage\",\"@id\":\"https:\/\/navegacionpatagonia.com.ar\/producto\/cobertura-por-cancelacion-cancela-tu-excursion-sin-perder-todo-el-valor\/\",\"url\":\"https:\/\/navegacionpatagonia.com.ar\/producto\/cobertura-por-cancelacion-cancela-tu-excursion-sin-perder-todo-el-valor\/\",\"name\":\"Cobertura por Cancelaci\u00f3n \u2013 Cancel\u00e1 tu excursi\u00f3n sin perder todo el valor - Navegacion Patagonia\",\"isPartOf\":{\"@id\":\"https:\/\/navegacionpatagonia.com.ar\/#website\"},\"primaryImageOfPage\":{\"@id\":\"https:\/\/navegacionpatagonia.com.ar\/producto\/cobertura-por-cancelacion-cancela-tu-excursion-sin-perder-todo-el-valor\/#primaryimage\"},\"image\":{\"@id\":\"https:\/\/navegacionpatagonia.com.ar\/producto\/cobertura-por-cancelacion-cancela-tu-excursion-sin-perder-todo-el-valor\/#primaryimage\"},\"thumbnailUrl\":\"https:\/\/navegacionpatagonia.com.ar\/wp-content\/uploads\/sites\/8\/2025\/08\/Sin-titulo-1435-scaled.jpg\",\"datePublished\":\"2025-08-21T21:54:15+00:00\",\"dateModified\":\"2026-02-03T14:04:30+00:00\",\"breadcrumb\":{\"@id\":\"https:\/\/navegacionpatagonia.com.ar\/producto\/cobertura-por-cancelacion-cancela-tu-excursion-sin-perder-todo-el-valor\/#breadcrumb\"},\"inLanguage\":\"pt-BR\",\"potentialAction\":[{\"@type\":\"ReadAction\",\"target\":[\"https:\/\/navegacionpatagonia.com.ar\/producto\/cobertura-por-cancelacion-cancela-tu-excursion-sin-perder-todo-el-valor\/\"]}]},{\"@type\":\"ImageObject\",\"inLanguage\":\"pt-BR\",\"@id\":\"https:\/\/navegacionpatagonia.com.ar\/producto\/cobertura-por-cancelacion-cancela-tu-excursion-sin-perder-todo-el-valor\/#primaryimage\",\"url\":\"https:\/\/navegacionpatagonia.com.ar\/wp-content\/uploads\/sites\/8\/2025\/08\/Sin-titulo-1435-scaled.jpg\",\"contentUrl\":\"https:\/\/navegacionpatagonia.com.ar\/wp-content\/uploads\/sites\/8\/2025\/08\/Sin-titulo-1435-scaled.jpg\",\"width\":2560,\"height\":1707},{\"@type\":\"BreadcrumbList\",\"@id\":\"https:\/\/navegacionpatagonia.com.ar\/producto\/cobertura-por-cancelacion-cancela-tu-excursion-sin-perder-todo-el-valor\/#breadcrumb\",\"itemListElement\":[{\"@type\":\"ListItem\",\"position\":1,\"name\":\"Inicio\",\"item\":\"https:\/\/navegacionpatagonia.com.ar\/\"},{\"@type\":\"ListItem\",\"position\":2,\"name\":\"Tienda\",\"item\":\"https:\/\/navegacionpatagonia.com.ar\/tienda\/\"},{\"@type\":\"ListItem\",\"position\":3,\"name\":\"Cobertura por Cancelaci\u00f3n \u2013 Cancel\u00e1 tu excursi\u00f3n sin perder todo el valor\"}]},{\"@type\":\"WebSite\",\"@id\":\"https:\/\/navegacionpatagonia.com.ar\/#website\",\"url\":\"https:\/\/navegacionpatagonia.com.ar\/\",\"name\":\"Navegacion Patagonia\",\"description\":\"\",\"potentialAction\":[{\"@type\":\"SearchAction\",\"target\":{\"@type\":\"EntryPoint\",\"urlTemplate\":\"https:\/\/navegacionpatagonia.com.ar\/?s={search_term_string}\"},\"query-input\":{\"@type\":\"PropertyValueSpecification\",\"valueRequired\":true,\"valueName\":\"search_term_string\"}}],\"inLanguage\":\"pt-BR\"}]}<\/script>\n<meta property=\"product:price:amount\" content=\"15000.00\" \/>\n<meta property=\"product:price:currency\" content=\"ARS\" \/>\n<meta property=\"og:availability\" content=\"instock\" \/>\n<meta property=\"product:availability\" content=\"instock\" \/>\n<meta property=\"product:condition\" content=\"new\" \/>\n<!-- \/ Yoast SEO Premium plugin. -->","yoast_head_json":{"title":"Cobertura de Cancelamento - Cancele sua viagem sem perder todo o valor - Navegacion Patagonia","robots":{"index":"index","follow":"follow","max-snippet":"max-snippet:-1","max-image-preview":"max-image-preview:large","max-video-preview":"max-video-preview:-1"},"canonical":"https:\/\/navegacionpatagonia.com.ar\/pt\/produto\/cobertura-de-cancelamento-cancele-sua-excursao-sem-perder-todo-o-valor\/","og_locale":"pt_BR","og_type":"article","og_title":"Cobertura por Cancelaci\u00f3n \u2013 Cancel\u00e1 tu excursi\u00f3n sin perder todo el valor","og_description":"Cobertura de Cancelaci\u00f3n para salidas en Bariloche. Obten\u00e9 el 80% si anul\u00e1s antes de las 19 hs del d\u00eda previo. Disponible al reservar tu excursi\u00f3n.","og_url":"https:\/\/navegacionpatagonia.com.ar\/pt\/produto\/cobertura-de-cancelamento-cancele-sua-excursao-sem-perder-todo-o-valor\/","og_site_name":"Navegacion Patagonia","article_modified_time":"2026-02-03T14:04:30+00:00","og_image":[{"width":2560,"height":1707,"url":"https:\/\/navegacionpatagonia.com.ar\/wp-content\/uploads\/sites\/8\/2025\/08\/Sin-titulo-1435-scaled.jpg","type":"image\/jpeg"}],"twitter_card":"summary_large_image","twitter_misc":{"Pre\u00e7o":"&#36;15,000.00","Disponibilidade":"Em Estoque"},"schema":{"@context":"https:\/\/schema.org","@graph":[{"@type":"WebPage","@id":"https:\/\/navegacionpatagonia.com.ar\/producto\/cobertura-por-cancelacion-cancela-tu-excursion-sin-perder-todo-el-valor\/","url":"https:\/\/navegacionpatagonia.com.ar\/producto\/cobertura-por-cancelacion-cancela-tu-excursion-sin-perder-todo-el-valor\/","name":"Cobertura de Cancelamento - Cancele sua viagem sem perder todo o valor - Navegacion Patagonia","isPartOf":{"@id":"https:\/\/navegacionpatagonia.com.ar\/#website"},"primaryImageOfPage":{"@id":"https:\/\/navegacionpatagonia.com.ar\/producto\/cobertura-por-cancelacion-cancela-tu-excursion-sin-perder-todo-el-valor\/#primaryimage"},"image":{"@id":"https:\/\/navegacionpatagonia.com.ar\/producto\/cobertura-por-cancelacion-cancela-tu-excursion-sin-perder-todo-el-valor\/#primaryimage"},"thumbnailUrl":"https:\/\/navegacionpatagonia.com.ar\/wp-content\/uploads\/sites\/8\/2025\/08\/Sin-titulo-1435-scaled.jpg","datePublished":"2025-08-21T21:54:15+00:00","dateModified":"2026-02-03T14:04:30+00:00","breadcrumb":{"@id":"https:\/\/navegacionpatagonia.com.ar\/producto\/cobertura-por-cancelacion-cancela-tu-excursion-sin-perder-todo-el-valor\/#breadcrumb"},"inLanguage":"pt-BR","potentialAction":[{"@type":"ReadAction","target":["https:\/\/navegacionpatagonia.com.ar\/producto\/cobertura-por-cancelacion-cancela-tu-excursion-sin-perder-todo-el-valor\/"]}]},{"@type":"ImageObject","inLanguage":"pt-BR","@id":"https:\/\/navegacionpatagonia.com.ar\/producto\/cobertura-por-cancelacion-cancela-tu-excursion-sin-perder-todo-el-valor\/#primaryimage","url":"https:\/\/navegacionpatagonia.com.ar\/wp-content\/uploads\/sites\/8\/2025\/08\/Sin-titulo-1435-scaled.jpg","contentUrl":"https:\/\/navegacionpatagonia.com.ar\/wp-content\/uploads\/sites\/8\/2025\/08\/Sin-titulo-1435-scaled.jpg","width":2560,"height":1707},{"@type":"BreadcrumbList","@id":"https:\/\/navegacionpatagonia.com.ar\/producto\/cobertura-por-cancelacion-cancela-tu-excursion-sin-perder-todo-el-valor\/#breadcrumb","itemListElement":[{"@type":"ListItem","position":1,"name":"Inicio","item":"https:\/\/navegacionpatagonia.com.ar\/"},{"@type":"ListItem","position":2,"name":"Tienda","item":"https:\/\/navegacionpatagonia.com.ar\/tienda\/"},{"@type":"ListItem","position":3,"name":"Cobertura por Cancelaci\u00f3n \u2013 Cancel\u00e1 tu excursi\u00f3n sin perder todo el valor"}]},{"@type":"WebSite","@id":"https:\/\/navegacionpatagonia.com.ar\/#website","url":"https:\/\/navegacionpatagonia.com.ar\/","name":"Navega\u00e7\u00e3o na Patag\u00f4nia","description":"","potentialAction":[{"@type":"SearchAction","target":{"@type":"EntryPoint","urlTemplate":"https:\/\/navegacionpatagonia.com.ar\/?s={search_term_string}"},"query-input":{"@type":"PropertyValueSpecification","valueRequired":true,"valueName":"search_term_string"}}],"inLanguage":"pt-BR"}]},"product_price_amount":"15000.00","product_price_currency":"ARS","og_availability":"instock","product_availability":"instock","product_condition":"new"},"_links":{"self":[{"href":"https:\/\/navegacionpatagonia.com.ar\/pt\/wp-json\/wp\/v2\/product\/377995","targetHints":{"allow":["GET"]}}],"collection":[{"href":"https:\/\/navegacionpatagonia.com.ar\/pt\/wp-json\/wp\/v2\/product"}],"about":[{"href":"https:\/\/navegacionpatagonia.com.ar\/pt\/wp-json\/wp\/v2\/types\/product"}],"replies":[{"embeddable":true,"href":"https:\/\/navegacionpatagonia.com.ar\/pt\/wp-json\/wp\/v2\/comments?post=377995"}],"wp:featuredmedia":[{"embeddable":true,"href":"https:\/\/navegacionpatagonia.com.ar\/pt\/wp-json\/wp\/v2\/media\/378277"}],"wp:attachment":[{"href":"https:\/\/navegacionpatagonia.com.ar\/pt\/wp-json\/wp\/v2\/media?parent=377995"}],"wp:term":[{"taxonomy":"product_brand","embeddable":true,"href":"https:\/\/navegacionpatagonia.com.ar\/pt\/wp-json\/wp\/v2\/product_brand?post=377995"},{"taxonomy":"product_cat","embeddable":true,"href":"https:\/\/navegacionpatagonia.com.ar\/pt\/wp-json\/wp\/v2\/product_cat?post=377995"},{"taxonomy":"product_tag","embeddable":true,"href":"https:\/\/navegacionpatagonia.com.ar\/pt\/wp-json\/wp\/v2\/product_tag?post=377995"}],"curies":[{"name":"wp","href":"https:\/\/api.w.org\/{rel}","templated":true}]}}