{"id":377992,"date":"2025-08-21T18:53:18","date_gmt":"2025-08-21T21:53:18","guid":{"rendered":"https:\/\/navegacionpatagonia.com.ar\/producto\/rafting-en-rio-limay-desde-bariloche-paisaje-emocion-y-estepa-patagonica\/"},"modified":"2026-04-28T11:22:10","modified_gmt":"2026-04-28T14:22:10","slug":"rafting-en-rio-limay-desde-bariloche-paisaje-emocion-y-estepa-patagonica","status":"publish","type":"product","link":"https:\/\/navegacionpatagonia.com.ar\/pt\/produto\/rafting-no-rio-limay-saindo-de-bariloche-paisagem-emocionante-e-estepe-patagonica\/","title":{"rendered":"Rafting no rio Limay a partir de Bariloche: paisagem, emo\u00e7\u00e3o e estepe patag\u00f4nica"},"content":{"rendered":"<h2 class=\"ai-optimize-7\">Viva uma aventura exclusiva na Patag\u00f4nia<\/h2>\n<p class=\"ai-optimize-8 ai-optimize-introduction\">Explore o impressionante ambiente natural do Rio Limay com uma excurs\u00e3o de rafting de baixa dificuldade. Esse plano foi criado para aqueles que desejam combinar emo\u00e7\u00e3o, conforto e o prazer de descobrir paisagens patag\u00f4nicas \u00fanicas. Perfeito para fam\u00edlias, grupos e iniciantes que desejam come\u00e7ar a praticar rafting em um ambiente seguro e fascinante.<\/p>\n<h3 class=\"ai-optimize-9\">Recursos excepcionais<\/h3>\n<ul>\n<li class=\"ai-optimize-10\"><strong>Atividade segura e acess\u00edvel:<\/strong> Circuito em corredeiras de classe I\/II, recomendado a partir dos 3 anos de idade.<\/li>\n<li class=\"ai-optimize-11\"><strong>Equipamento completo e transfer\u00eancia:<\/strong> Inclui colete salva-vidas, remos, traslado e ponto de encontro coordenado.<\/li>\n<li class=\"ai-optimize-12\"><strong>Hora de in\u00edcio precisa:<\/strong> A atividade come\u00e7a \u00e0s 13:00, desfrutando de emo\u00e7\u00f5es e momentos \u00fanicos.<\/li>\n<\/ul>\n<h3 class=\"ai-optimize-14\">Um encontro inesquec\u00edvel: conforto e natureza<\/h3>\n<p class=\"ai-optimize-15\">Venha viver uma aventura que combina a calma das \u00e1guas serenas com a adrenalina suave das corredeiras de Limay. Cada momento foi pensado para que voc\u00ea guarde uma experi\u00eancia inesquec\u00edvel, combinando o esplendor da Patag\u00f4nia com o conforto de uma proposta focada em sua seguran\u00e7a e prazer.<\/p>\n<h3 class=\"ai-optimize-16\">Perguntas frequentes (FAQ)<\/h3>\n<ul>\n<li class=\"ai-optimize-17\"><strong>O que est\u00e1 inclu\u00eddo no passeio?<\/strong>A experi\u00eancia inclui o traslado at\u00e9 o ponto de encontro, todo o equipamento necess\u00e1rio (colete e remos) e um caf\u00e9 da manh\u00e3 ou lanche, oferecendo uma proposta completa.<\/li>\n<li class=\"ai-optimize-18\"><strong>\u00c9 adequado para fam\u00edlias e crian\u00e7as?<\/strong>Sim, a caminhada foi projetada para ser apreciada por pessoas de todas as idades, permitindo a participa\u00e7\u00e3o de crian\u00e7as a partir de 3 anos de idade, portanto, \u00e9 perfeita para fam\u00edlias.<\/li>\n<li class=\"ai-optimize-19\"><strong>Qual \u00e9 o grau de dificuldade da rota?<\/strong>A viagem ocorre entre corredeiras de classe I\/II, garantindo um passeio seguro e f\u00e1cil para os iniciantes no rafting.<\/li>\n<li class=\"ai-optimize-20\"><strong>\u00c9 necess\u00e1rio ter experi\u00eancia pr\u00e9via em rafting?<\/strong>N\u00e3o, n\u00e3o \u00e9 necess\u00e1ria nenhuma experi\u00eancia anterior. A excurs\u00e3o \u00e9 voltada para aqueles que querem experimentar o rafting em um ambiente seguro e divertido.<\/li>\n<\/ul>\n<p class=\"ai-optimize-23\"><strong>Aviso importante<\/strong>Este passeio j\u00e1 est\u00e1 dispon\u00edvel para pr\u00e9-reserva. As sa\u00eddas operam de 30 de abril a 30 de setembro, sujeitas ao calend\u00e1rio sazonal.<\/p>","protected":false},"excerpt":{"rendered":"<p class=\"ai-optimize-6\">Conhe\u00e7a o rio Limay com uma aventura tranquila de rafting, projetada para oferecer prote\u00e7\u00e3o e divers\u00e3o exclusiva em uma paisagem natural \u00fanica. Perfeito para grupos familiares e iniciantes.<\/p>","protected":false},"featured_media":378193,"comment_status":"open","ping_status":"closed","template":"","meta":[],"product_brand":[],"product_cat":[62,64,66,67,70,71,73,75,77,82,83],"product_tag":[],"class_list":{"0":"post-377992","1":"product","2":"type-product","3":"status-publish","4":"has-post-thumbnail","6":"product_cat-adultos","7":"product_cat-aventura","8":"product_cat-con-traslado","9":"product_cat-familia","10":"product_cat-jubilados","11":"product_cat-lacustre","12":"product_cat-ninos","13":"product_cat-primavera","14":"product_cat-sin-comida","15":"product_cat-todo-el-ano","16":"product_cat-verano","18":"first","19":"instock","20":"virtual","21":"sold-individually","22":"purchasable","23":"product-type-booking"},"booking_location":"","booking_location_type":"","booking_duration":1,"booking_duration_unit":"hour","booking_buffer":0,"booking_cost":0,"booking_resources":[],"exclude_global_add_ons":false,"addons":[{"name":"ADU | Adulto","type":"input_multiplier","position":0,"required":false,"title_format":"label","default":"","description_enable":false,"description":"","placeholder_enable":false,"placeholder":"","display":"select","restrictions_type":"any_text","adjust_price":true,"price":"99500","price_type":"quantity_based","restrictions":false,"min":"0","max":"0","options":[],"id":1777374429}],"yoast_head":"<!-- This site is optimized with the Yoast SEO Premium plugin v25.2 (Yoast SEO v25.2) - https:\/\/yoast.com\/wordpress\/plugins\/seo\/ -->\n<title>Rafting en el R\u00edo Limay | Aventura en la estepa patag\u00f3nica - Navegacion Patagonia<\/title>\n<meta name=\"description\" content=\"Viv\u00ed el rafting en el R\u00edo Limay desde Bariloche, una excursi\u00f3n por la estepa patag\u00f3nica con gu\u00edas expertos y paisajes \u00fanicos.\" \/>\n<meta name=\"robots\" content=\"index, follow, max-snippet:-1, max-image-preview:large, max-video-preview:-1\" \/>\n<link rel=\"canonical\" href=\"https:\/\/navegacionpatagonia.com.ar\/pt\/produto\/rafting-no-rio-limay-saindo-de-bariloche-paisagem-emocionante-e-estepe-patagonica\/\" \/>\n<meta property=\"og:locale\" content=\"pt_BR\" \/>\n<meta property=\"og:type\" content=\"article\" \/>\n<meta property=\"og:title\" content=\"Rafting en R\u00edo Limay desde Bariloche: Paisaje, Emoci\u00f3n y Estepa Patag\u00f3nica\" \/>\n<meta property=\"og:description\" content=\"Viv\u00ed el rafting en el R\u00edo Limay desde Bariloche, una excursi\u00f3n por la estepa patag\u00f3nica con gu\u00edas expertos y paisajes \u00fanicos.\" \/>\n<meta property=\"og:url\" content=\"https:\/\/navegacionpatagonia.com.ar\/pt\/produto\/rafting-no-rio-limay-saindo-de-bariloche-paisagem-emocionante-e-estepe-patagonica\/\" \/>\n<meta property=\"og:site_name\" content=\"Navegacion Patagonia\" \/>\n<meta property=\"article:modified_time\" content=\"2026-04-28T14:22:10+00:00\" \/>\n<meta property=\"og:image\" content=\"https:\/\/navegacionpatagonia.com.ar\/wp-content\/uploads\/sites\/8\/2025\/08\/7-D-RaftingrioLimay_image4_1140_1620765053-copia.jpg\" \/>\n\t<meta property=\"og:image:width\" content=\"992\" \/>\n\t<meta property=\"og:image:height\" content=\"1323\" \/>\n\t<meta property=\"og:image:type\" content=\"image\/jpeg\" \/>\n<meta name=\"twitter:card\" content=\"summary_large_image\" \/>\n<meta name=\"twitter:label1\" content=\"Pre\u00e7o\" \/>\n\t<meta name=\"twitter:data1\" content=\"&#036;99,500.00\" \/>\n\t<meta name=\"twitter:label2\" content=\"Disponibilidade\" \/>\n\t<meta name=\"twitter:data2\" content=\"Em Estoque\" \/>\n<script type=\"application\/ld+json\" class=\"yoast-schema-graph\">{\"@context\":\"https:\/\/schema.org\",\"@graph\":[{\"@type\":\"WebPage\",\"@id\":\"https:\/\/navegacionpatagonia.com.ar\/producto\/rafting-en-rio-limay-desde-bariloche-paisaje-emocion-y-estepa-patagonica\/\",\"url\":\"https:\/\/navegacionpatagonia.com.ar\/producto\/rafting-en-rio-limay-desde-bariloche-paisaje-emocion-y-estepa-patagonica\/\",\"name\":\"Rafting en el R\u00edo Limay | Aventura en la estepa patag\u00f3nica - Navegacion Patagonia\",\"isPartOf\":{\"@id\":\"https:\/\/navegacionpatagonia.com.ar\/#website\"},\"primaryImageOfPage\":{\"@id\":\"https:\/\/navegacionpatagonia.com.ar\/producto\/rafting-en-rio-limay-desde-bariloche-paisaje-emocion-y-estepa-patagonica\/#primaryimage\"},\"image\":{\"@id\":\"https:\/\/navegacionpatagonia.com.ar\/producto\/rafting-en-rio-limay-desde-bariloche-paisaje-emocion-y-estepa-patagonica\/#primaryimage\"},\"thumbnailUrl\":\"https:\/\/navegacionpatagonia.com.ar\/wp-content\/uploads\/sites\/8\/2025\/08\/7-D-RaftingrioLimay_image4_1140_1620765053-copia.jpg\",\"datePublished\":\"2025-08-21T21:53:18+00:00\",\"dateModified\":\"2026-04-28T14:22:10+00:00\",\"description\":\"Viv\u00ed el rafting en el R\u00edo Limay desde Bariloche, una excursi\u00f3n por la estepa patag\u00f3nica con gu\u00edas expertos y paisajes \u00fanicos.\",\"breadcrumb\":{\"@id\":\"https:\/\/navegacionpatagonia.com.ar\/producto\/rafting-en-rio-limay-desde-bariloche-paisaje-emocion-y-estepa-patagonica\/#breadcrumb\"},\"inLanguage\":\"pt-BR\",\"potentialAction\":[{\"@type\":\"ReadAction\",\"target\":[\"https:\/\/navegacionpatagonia.com.ar\/producto\/rafting-en-rio-limay-desde-bariloche-paisaje-emocion-y-estepa-patagonica\/\"]}]},{\"@type\":\"ImageObject\",\"inLanguage\":\"pt-BR\",\"@id\":\"https:\/\/navegacionpatagonia.com.ar\/producto\/rafting-en-rio-limay-desde-bariloche-paisaje-emocion-y-estepa-patagonica\/#primaryimage\",\"url\":\"https:\/\/navegacionpatagonia.com.ar\/wp-content\/uploads\/sites\/8\/2025\/08\/7-D-RaftingrioLimay_image4_1140_1620765053-copia.jpg\",\"contentUrl\":\"https:\/\/navegacionpatagonia.com.ar\/wp-content\/uploads\/sites\/8\/2025\/08\/7-D-RaftingrioLimay_image4_1140_1620765053-copia.jpg\",\"width\":992,\"height\":1323},{\"@type\":\"BreadcrumbList\",\"@id\":\"https:\/\/navegacionpatagonia.com.ar\/producto\/rafting-en-rio-limay-desde-bariloche-paisaje-emocion-y-estepa-patagonica\/#breadcrumb\",\"itemListElement\":[{\"@type\":\"ListItem\",\"position\":1,\"name\":\"Inicio\",\"item\":\"https:\/\/navegacionpatagonia.com.ar\/\"},{\"@type\":\"ListItem\",\"position\":2,\"name\":\"Tienda\",\"item\":\"https:\/\/navegacionpatagonia.com.ar\/tienda\/\"},{\"@type\":\"ListItem\",\"position\":3,\"name\":\"Rafting en R\u00edo Limay desde Bariloche: Paisaje, Emoci\u00f3n y Estepa Patag\u00f3nica\"}]},{\"@type\":\"WebSite\",\"@id\":\"https:\/\/navegacionpatagonia.com.ar\/#website\",\"url\":\"https:\/\/navegacionpatagonia.com.ar\/\",\"name\":\"Navegacion Patagonia\",\"description\":\"\",\"potentialAction\":[{\"@type\":\"SearchAction\",\"target\":{\"@type\":\"EntryPoint\",\"urlTemplate\":\"https:\/\/navegacionpatagonia.com.ar\/?s={search_term_string}\"},\"query-input\":{\"@type\":\"PropertyValueSpecification\",\"valueRequired\":true,\"valueName\":\"search_term_string\"}}],\"inLanguage\":\"pt-BR\"}]}<\/script>\n<meta property=\"product:price:amount\" content=\"99500.00\" \/>\n<meta property=\"product:price:currency\" content=\"ARS\" \/>\n<meta property=\"og:availability\" content=\"instock\" \/>\n<meta property=\"product:availability\" content=\"instock\" \/>\n<meta property=\"product:retailer_item_id\" content=\"ADV2025RALIPO7XQ4\" \/>\n<meta property=\"product:condition\" content=\"new\" \/>\n<!-- \/ Yoast SEO Premium plugin. -->","yoast_head_json":{"title":"Rafting no rio Limay | Aventura na estepe patag\u00f4nica - Navegacion Patagonia","description":"Experimente o rafting no rio Limay a partir de Bariloche, uma excurs\u00e3o pela estepe patag\u00f4nica com guias especializados e paisagens \u00fanicas.","robots":{"index":"index","follow":"follow","max-snippet":"max-snippet:-1","max-image-preview":"max-image-preview:large","max-video-preview":"max-video-preview:-1"},"canonical":"https:\/\/navegacionpatagonia.com.ar\/pt\/produto\/rafting-no-rio-limay-saindo-de-bariloche-paisagem-emocionante-e-estepe-patagonica\/","og_locale":"pt_BR","og_type":"article","og_title":"Rafting en R\u00edo Limay desde Bariloche: Paisaje, Emoci\u00f3n y Estepa Patag\u00f3nica","og_description":"Viv\u00ed el rafting en el R\u00edo Limay desde Bariloche, una excursi\u00f3n por la estepa patag\u00f3nica con gu\u00edas expertos y paisajes \u00fanicos.","og_url":"https:\/\/navegacionpatagonia.com.ar\/pt\/produto\/rafting-no-rio-limay-saindo-de-bariloche-paisagem-emocionante-e-estepe-patagonica\/","og_site_name":"Navegacion Patagonia","article_modified_time":"2026-04-28T14:22:10+00:00","og_image":[{"width":992,"height":1323,"url":"https:\/\/navegacionpatagonia.com.ar\/wp-content\/uploads\/sites\/8\/2025\/08\/7-D-RaftingrioLimay_image4_1140_1620765053-copia.jpg","type":"image\/jpeg"}],"twitter_card":"summary_large_image","twitter_misc":{"Pre\u00e7o":"&#36;99,500.00","Disponibilidade":"Em Estoque"},"schema":{"@context":"https:\/\/schema.org","@graph":[{"@type":"WebPage","@id":"https:\/\/navegacionpatagonia.com.ar\/producto\/rafting-en-rio-limay-desde-bariloche-paisaje-emocion-y-estepa-patagonica\/","url":"https:\/\/navegacionpatagonia.com.ar\/producto\/rafting-en-rio-limay-desde-bariloche-paisaje-emocion-y-estepa-patagonica\/","name":"Rafting no rio Limay | Aventura na estepe patag\u00f4nica - Navegacion Patagonia","isPartOf":{"@id":"https:\/\/navegacionpatagonia.com.ar\/#website"},"primaryImageOfPage":{"@id":"https:\/\/navegacionpatagonia.com.ar\/producto\/rafting-en-rio-limay-desde-bariloche-paisaje-emocion-y-estepa-patagonica\/#primaryimage"},"image":{"@id":"https:\/\/navegacionpatagonia.com.ar\/producto\/rafting-en-rio-limay-desde-bariloche-paisaje-emocion-y-estepa-patagonica\/#primaryimage"},"thumbnailUrl":"https:\/\/navegacionpatagonia.com.ar\/wp-content\/uploads\/sites\/8\/2025\/08\/7-D-RaftingrioLimay_image4_1140_1620765053-copia.jpg","datePublished":"2025-08-21T21:53:18+00:00","dateModified":"2026-04-28T14:22:10+00:00","description":"Experimente o rafting no rio Limay a partir de Bariloche, uma excurs\u00e3o pela estepe patag\u00f4nica com guias especializados e paisagens \u00fanicas.","breadcrumb":{"@id":"https:\/\/navegacionpatagonia.com.ar\/producto\/rafting-en-rio-limay-desde-bariloche-paisaje-emocion-y-estepa-patagonica\/#breadcrumb"},"inLanguage":"pt-BR","potentialAction":[{"@type":"ReadAction","target":["https:\/\/navegacionpatagonia.com.ar\/producto\/rafting-en-rio-limay-desde-bariloche-paisaje-emocion-y-estepa-patagonica\/"]}]},{"@type":"ImageObject","inLanguage":"pt-BR","@id":"https:\/\/navegacionpatagonia.com.ar\/producto\/rafting-en-rio-limay-desde-bariloche-paisaje-emocion-y-estepa-patagonica\/#primaryimage","url":"https:\/\/navegacionpatagonia.com.ar\/wp-content\/uploads\/sites\/8\/2025\/08\/7-D-RaftingrioLimay_image4_1140_1620765053-copia.jpg","contentUrl":"https:\/\/navegacionpatagonia.com.ar\/wp-content\/uploads\/sites\/8\/2025\/08\/7-D-RaftingrioLimay_image4_1140_1620765053-copia.jpg","width":992,"height":1323},{"@type":"BreadcrumbList","@id":"https:\/\/navegacionpatagonia.com.ar\/producto\/rafting-en-rio-limay-desde-bariloche-paisaje-emocion-y-estepa-patagonica\/#breadcrumb","itemListElement":[{"@type":"ListItem","position":1,"name":"Inicio","item":"https:\/\/navegacionpatagonia.com.ar\/"},{"@type":"ListItem","position":2,"name":"Tienda","item":"https:\/\/navegacionpatagonia.com.ar\/tienda\/"},{"@type":"ListItem","position":3,"name":"Rafting en R\u00edo Limay desde Bariloche: Paisaje, Emoci\u00f3n y Estepa Patag\u00f3nica"}]},{"@type":"WebSite","@id":"https:\/\/navegacionpatagonia.com.ar\/#website","url":"https:\/\/navegacionpatagonia.com.ar\/","name":"Navega\u00e7\u00e3o na Patag\u00f4nia","description":"","potentialAction":[{"@type":"SearchAction","target":{"@type":"EntryPoint","urlTemplate":"https:\/\/navegacionpatagonia.com.ar\/?s={search_term_string}"},"query-input":{"@type":"PropertyValueSpecification","valueRequired":true,"valueName":"search_term_string"}}],"inLanguage":"pt-BR"}]},"product_price_amount":"99500.00","product_price_currency":"ARS","og_availability":"instock","product_availability":"instock","product_retailer_item_id":"ADV2025RALIPO7XQ4","product_condition":"new"},"_links":{"self":[{"href":"https:\/\/navegacionpatagonia.com.ar\/pt\/wp-json\/wp\/v2\/product\/377992","targetHints":{"allow":["GET"]}}],"collection":[{"href":"https:\/\/navegacionpatagonia.com.ar\/pt\/wp-json\/wp\/v2\/product"}],"about":[{"href":"https:\/\/navegacionpatagonia.com.ar\/pt\/wp-json\/wp\/v2\/types\/product"}],"replies":[{"embeddable":true,"href":"https:\/\/navegacionpatagonia.com.ar\/pt\/wp-json\/wp\/v2\/comments?post=377992"}],"wp:featuredmedia":[{"embeddable":true,"href":"https:\/\/navegacionpatagonia.com.ar\/pt\/wp-json\/wp\/v2\/media\/378193"}],"wp:attachment":[{"href":"https:\/\/navegacionpatagonia.com.ar\/pt\/wp-json\/wp\/v2\/media?parent=377992"}],"wp:term":[{"taxonomy":"product_brand","embeddable":true,"href":"https:\/\/navegacionpatagonia.com.ar\/pt\/wp-json\/wp\/v2\/product_brand?post=377992"},{"taxonomy":"product_cat","embeddable":true,"href":"https:\/\/navegacionpatagonia.com.ar\/pt\/wp-json\/wp\/v2\/product_cat?post=377992"},{"taxonomy":"product_tag","embeddable":true,"href":"https:\/\/navegacionpatagonia.com.ar\/pt\/wp-json\/wp\/v2\/product_tag?post=377992"}],"curies":[{"name":"wp","href":"https:\/\/api.w.org\/{rel}","templated":true}]}}