{"id":378264,"date":"2026-01-28T14:30:42","date_gmt":"2026-01-28T17:30:42","guid":{"rendered":"https:\/\/navegacionpatagonia.com.ar\/?post_type=product&#038;p=378264"},"modified":"2026-02-10T16:32:46","modified_gmt":"2026-02-10T19:32:46","slug":"buceo-bautismo-en-bariloche","status":"publish","type":"product","link":"https:\/\/navegacionpatagonia.com.ar\/en\/product\/diving-baptism-in-bariloche\/","title":{"rendered":"Discover Scuba Diving in Bariloche"},"content":{"rendered":"<h2 class=\"ai-optimize-22\">Dive into Moreno Lake and discover Patagonia from a new point of view.<\/h2>\n<p class=\"ai-optimize-24 ai-optimize-introduction\" data-start=\"1003\" data-end=\"1351\">The <em data-start=\"1006\" data-end=\"1035\">Discover Scuba Diving in Bariloche<\/em> invites you to explore the most crystalline waters of the region, surrounded by mountains and forests that reflect the pure essence of Patagonia.<br data-start=\"1174\" data-end=\"1177\" \/>Accompanied by certified instructors and with all the equipment included, you will live your first diving experience in a serene and majestic environment: Moreno Lake.<\/p>\n<p class=\"ai-optimize-25\" data-start=\"1353\" data-end=\"1636\">For approximately two hours - with 20 to 30 minutes of actual immersion - you will feel the magic of moving underwater, in a silent, natural and deeply inspiring landscape.<br data-start=\"1537\" data-end=\"1540\" \/>A unique proposal for those looking to experience Patagonia in a different and memorable way.<\/p>\n<h3 class=\"ai-optimize-26\" data-start=\"1643\" data-end=\"1685\"><strong data-start=\"1650\" data-end=\"1685\">Why choose this experience<\/strong><\/h3>\n<ul data-start=\"1687\" data-end=\"2076\">\n<li class=\"ai-optimize-27\" data-start=\"1687\" data-end=\"1761\">\n<p class=\"ai-optimize-28\" data-start=\"1689\" data-end=\"1761\">A quiet and contemplative experience in the middle of Patagonian nature.<\/p>\n<\/li>\n<li class=\"ai-optimize-29\" data-start=\"1762\" data-end=\"1824\">\n<p class=\"ai-optimize-30\" data-start=\"1764\" data-end=\"1824\">Certified instructors and complete technical equipment.<\/p>\n<\/li>\n<li class=\"ai-optimize-31\" data-start=\"1825\" data-end=\"1913\">\n<p class=\"ai-optimize-32\" data-start=\"1827\" data-end=\"1913\">Exceptional scenery: Lake Moreno, surrounded by the mountain range and the Andean forest.<\/p>\n<\/li>\n<li class=\"ai-optimize-33\" data-start=\"1914\" data-end=\"2006\">\n<p class=\"ai-optimize-34\" data-start=\"1916\" data-end=\"2006\">Activity suitable for beginners, ideal for couples or travelers who enjoy the water.<\/p>\n<\/li>\n<li class=\"ai-optimize-35\" data-start=\"2007\" data-end=\"2076\">\n<p class=\"ai-optimize-36\" data-start=\"2009\" data-end=\"2076\">Perfect to combine with lake tours or nautical trips.<\/p>\n<\/li>\n<\/ul>\n<h3 class=\"ai-optimize-37\" data-start=\"2083\" data-end=\"2110\"><strong data-start=\"2090\" data-end=\"2110\">What your day will be like<\/strong><\/h3>\n<p class=\"ai-optimize-38\" data-start=\"2112\" data-end=\"2357\">The experience starts at the agreed meeting point, from downtown Bariloche to km 8 of Bustillo Avenue.<br data-start=\"2231\" data-end=\"2234\" \/>There, the team of <em data-start=\"2262\" data-end=\"2284\">Patagonia Navigation<\/em>, The equipment is prepared and the instructors are ready to accompany you.<\/p>\n<p class=\"ai-optimize-39\" data-start=\"2359\" data-end=\"2642\">Before entering the water, you will receive a brief introduction to familiarize yourself with the equipment and basic techniques. Then it's time to dive into Moreno Lake: a silent and fascinating experience where the landscape is transformed into lights, reflections and absolute calm.<\/p>\n<p class=\"ai-optimize-40\" data-start=\"2644\" data-end=\"2734\">The complete activity lasts about two hours and includes transportation, equipment and professional guide.<\/p>\n<h3 class=\"ai-optimize-41\" data-start=\"2741\" data-end=\"2772\"><strong data-start=\"2748\" data-end=\"2772\">Practical information<\/strong><\/h3>\n<ul data-start=\"2774\" data-end=\"3312\">\n<li class=\"ai-optimize-42\" data-start=\"2774\" data-end=\"2850\">\n<p class=\"ai-optimize-43\" data-start=\"2776\" data-end=\"2850\"><strong data-start=\"2776\" data-end=\"2789\">Schedules:<\/strong> 11:00 to 15:00 \/ 13:00 to 17:00 (Monday, Wednesday and Sunday).<\/p>\n<\/li>\n<li class=\"ai-optimize-44\" data-start=\"2851\" data-end=\"2908\">\n<p class=\"ai-optimize-45\" data-start=\"2853\" data-end=\"2908\"><strong data-start=\"2853\" data-end=\"2866\">Duration:<\/strong> Approximately 2 hours (20-30 min of immersion).<\/p>\n<\/li>\n<li class=\"ai-optimize-46\" data-start=\"2909\" data-end=\"2936\">\n<p class=\"ai-optimize-47\" data-start=\"2911\" data-end=\"2936\"><strong data-start=\"2911\" data-end=\"2927\">Minimum age:<\/strong> 8 years.<\/p>\n<\/li>\n<li class=\"ai-optimize-48\" data-start=\"2937\" data-end=\"3024\">\n<p class=\"ai-optimize-49\" data-start=\"2939\" data-end=\"3024\"><strong data-start=\"2939\" data-end=\"2962\">Meeting point:<\/strong> from downtown Bariloche to km 8 of Bustillo Av.<\/p>\n<\/li>\n<li class=\"ai-optimize-50\" data-start=\"3025\" data-end=\"3109\">\n<p class=\"ai-optimize-51\" data-start=\"3027\" data-end=\"3109\"><strong data-start=\"3027\" data-end=\"3039\">Includes:<\/strong> certified instructors, complete technical equipment and transportation.<\/p>\n<\/li>\n<li class=\"ai-optimize-52\" data-start=\"3110\" data-end=\"3148\">\n<p class=\"ai-optimize-53\" data-start=\"3112\" data-end=\"3148\"><strong data-start=\"3112\" data-end=\"3127\">Does not include:<\/strong> food and beverages.<\/p>\n<\/li>\n<li class=\"ai-optimize-54\" data-start=\"3149\" data-end=\"3227\">\n<p class=\"ai-optimize-55\" data-start=\"3151\" data-end=\"3227\"><strong data-start=\"3151\" data-end=\"3169\">Recommendation:<\/strong> to carry out the activity at least 12 hours before flying.<\/p>\n<\/li>\n<\/ul>\n<h3 class=\"ai-optimize-58\" data-start=\"3319\" data-end=\"3349\"><strong data-start=\"3325\" data-end=\"3349\">Frequently Asked Questions<\/strong><\/h3>\n<p class=\"ai-optimize-59\" data-start=\"3351\" data-end=\"3465\"><strong data-start=\"3351\" data-end=\"3392\">Is it an activity for beginners?<\/strong><br data-start=\"3392\" data-end=\"3395\" \/>Yes, it is designed for those who live their first diving experience.<\/p>\n<p class=\"ai-optimize-61\" data-start=\"3553\" data-end=\"3639\"><strong data-start=\"3553\" data-end=\"3578\">What do I need to bring?<\/strong><br data-start=\"3578\" data-end=\"3581\" \/>Bathing suit, towel, sunscreen and light coat.<\/p>\n<p class=\"ai-optimize-62\" data-start=\"3641\" data-end=\"3724\"><strong data-start=\"3641\" data-end=\"3663\">Where does it take place?<\/strong><br data-start=\"3663\" data-end=\"3666\" \/>On Moreno Lake, 15 minutes from downtown Bariloche.<\/p>\n<p class=\"ai-optimize-63\" data-start=\"3726\" data-end=\"3844\"><strong data-start=\"3726\" data-end=\"3765\">Is it a group or private activity?<\/strong><br data-start=\"3765\" data-end=\"3768\" \/>It can be done in small groups or privately, according to preference.<\/p>","protected":false},"excerpt":{"rendered":"<p class=\"ai-optimize-64\">Discover Moreno Lake from a new perspective with this diving experience for beginners. Full equipment, instructors and transfer included.<\/p>","protected":false},"featured_media":378265,"comment_status":"open","ping_status":"closed","template":"","meta":[],"product_brand":[],"product_cat":[62,64,66,67,73,77,83],"product_tag":[],"class_list":{"0":"post-378264","1":"product","2":"type-product","3":"status-publish","4":"has-post-thumbnail","6":"product_cat-adultos","7":"product_cat-aventura","8":"product_cat-con-traslado","9":"product_cat-familia","10":"product_cat-ninos","11":"product_cat-sin-comida","12":"product_cat-verano","14":"first","15":"instock","16":"virtual","17":"sold-individually","18":"purchasable","19":"product-type-booking"},"booking_location":"","booking_location_type":"","booking_duration":1,"booking_duration_unit":"hour","booking_buffer":0,"booking_cost":132000,"booking_resources":[],"exclude_global_add_ons":[],"addons":[],"yoast_head":"<!-- This site is optimized with the Yoast SEO Premium plugin v25.2 (Yoast SEO v25.2) - https:\/\/yoast.com\/wordpress\/plugins\/seo\/ -->\n<title>Buceo Bautismo en Bariloche - Navegacion Patagonia<\/title>\n<meta name=\"description\" content=\"Viv\u00ed tu primera inmersi\u00f3n en el Lago Moreno con Navegaci\u00f3n Patagonia. Actividad tranquila, equipo completo e instructores certificados.\" \/>\n<meta name=\"robots\" content=\"index, follow, max-snippet:-1, max-image-preview:large, max-video-preview:-1\" \/>\n<link rel=\"canonical\" href=\"https:\/\/navegacionpatagonia.com.ar\/en\/product\/diving-baptism-in-bariloche\/\" \/>\n<meta property=\"og:locale\" content=\"en_US\" \/>\n<meta property=\"og:type\" content=\"article\" \/>\n<meta property=\"og:title\" content=\"Buceo Bautismo en Bariloche\" \/>\n<meta property=\"og:description\" content=\"Viv\u00ed tu primera inmersi\u00f3n en el Lago Moreno con Navegaci\u00f3n Patagonia. Actividad tranquila, equipo completo e instructores certificados.\" \/>\n<meta property=\"og:url\" content=\"https:\/\/navegacionpatagonia.com.ar\/en\/product\/diving-baptism-in-bariloche\/\" \/>\n<meta property=\"og:site_name\" content=\"Navegacion Patagonia\" \/>\n<meta property=\"article:modified_time\" content=\"2026-02-10T19:32:46+00:00\" \/>\n<meta property=\"og:image\" content=\"https:\/\/navegacionpatagonia.com.ar\/wp-content\/uploads\/sites\/8\/2026\/01\/tikiprincipal.jpeg\" \/>\n\t<meta property=\"og:image:width\" content=\"1120\" \/>\n\t<meta property=\"og:image:height\" content=\"1280\" \/>\n\t<meta property=\"og:image:type\" content=\"image\/jpeg\" \/>\n<meta name=\"twitter:card\" content=\"summary_large_image\" \/>\n<meta name=\"twitter:label1\" content=\"Price\" \/>\n\t<meta name=\"twitter:data1\" content=\"&#036;132,000.00\" \/>\n\t<meta name=\"twitter:label2\" content=\"Availability\" \/>\n\t<meta name=\"twitter:data2\" content=\"In stock\" \/>\n<script type=\"application\/ld+json\" class=\"yoast-schema-graph\">{\"@context\":\"https:\/\/schema.org\",\"@graph\":[{\"@type\":\"WebPage\",\"@id\":\"https:\/\/navegacionpatagonia.com.ar\/producto\/buceo-bautismo-en-bariloche\/\",\"url\":\"https:\/\/navegacionpatagonia.com.ar\/producto\/buceo-bautismo-en-bariloche\/\",\"name\":\"Buceo Bautismo en Bariloche - Navegacion Patagonia\",\"isPartOf\":{\"@id\":\"https:\/\/navegacionpatagonia.com.ar\/#website\"},\"primaryImageOfPage\":{\"@id\":\"https:\/\/navegacionpatagonia.com.ar\/producto\/buceo-bautismo-en-bariloche\/#primaryimage\"},\"image\":{\"@id\":\"https:\/\/navegacionpatagonia.com.ar\/producto\/buceo-bautismo-en-bariloche\/#primaryimage\"},\"thumbnailUrl\":\"https:\/\/navegacionpatagonia.com.ar\/wp-content\/uploads\/sites\/8\/2026\/01\/tikiprincipal.jpeg\",\"datePublished\":\"2026-01-28T17:30:42+00:00\",\"dateModified\":\"2026-02-10T19:32:46+00:00\",\"description\":\"Viv\u00ed tu primera inmersi\u00f3n en el Lago Moreno con Navegaci\u00f3n Patagonia. Actividad tranquila, equipo completo e instructores certificados.\",\"breadcrumb\":{\"@id\":\"https:\/\/navegacionpatagonia.com.ar\/producto\/buceo-bautismo-en-bariloche\/#breadcrumb\"},\"inLanguage\":\"en-US\",\"potentialAction\":[{\"@type\":\"ReadAction\",\"target\":[\"https:\/\/navegacionpatagonia.com.ar\/producto\/buceo-bautismo-en-bariloche\/\"]}]},{\"@type\":\"ImageObject\",\"inLanguage\":\"en-US\",\"@id\":\"https:\/\/navegacionpatagonia.com.ar\/producto\/buceo-bautismo-en-bariloche\/#primaryimage\",\"url\":\"https:\/\/navegacionpatagonia.com.ar\/wp-content\/uploads\/sites\/8\/2026\/01\/tikiprincipal.jpeg\",\"contentUrl\":\"https:\/\/navegacionpatagonia.com.ar\/wp-content\/uploads\/sites\/8\/2026\/01\/tikiprincipal.jpeg\",\"width\":1120,\"height\":1280},{\"@type\":\"BreadcrumbList\",\"@id\":\"https:\/\/navegacionpatagonia.com.ar\/producto\/buceo-bautismo-en-bariloche\/#breadcrumb\",\"itemListElement\":[{\"@type\":\"ListItem\",\"position\":1,\"name\":\"Inicio\",\"item\":\"https:\/\/navegacionpatagonia.com.ar\/\"},{\"@type\":\"ListItem\",\"position\":2,\"name\":\"Tienda\",\"item\":\"https:\/\/navegacionpatagonia.com.ar\/tienda\/\"},{\"@type\":\"ListItem\",\"position\":3,\"name\":\"Buceo Bautismo en Bariloche\"}]},{\"@type\":\"WebSite\",\"@id\":\"https:\/\/navegacionpatagonia.com.ar\/#website\",\"url\":\"https:\/\/navegacionpatagonia.com.ar\/\",\"name\":\"Navegacion Patagonia\",\"description\":\"\",\"potentialAction\":[{\"@type\":\"SearchAction\",\"target\":{\"@type\":\"EntryPoint\",\"urlTemplate\":\"https:\/\/navegacionpatagonia.com.ar\/?s={search_term_string}\"},\"query-input\":{\"@type\":\"PropertyValueSpecification\",\"valueRequired\":true,\"valueName\":\"search_term_string\"}}],\"inLanguage\":\"en-US\"}]}<\/script>\n<meta property=\"product:price:amount\" content=\"132000.00\" \/>\n<meta property=\"product:price:currency\" content=\"ARS\" \/>\n<meta property=\"og:availability\" content=\"instock\" \/>\n<meta property=\"product:availability\" content=\"instock\" \/>\n<meta property=\"product:retailer_item_id\" content=\"ADV2026BABU9T4K\" \/>\n<meta property=\"product:condition\" content=\"new\" \/>\n<!-- \/ Yoast SEO Premium plugin. -->","yoast_head_json":{"title":"Discover Scuba Diving in Bariloche - Navegacion Patagonia","description":"Experience your first dive in Moreno Lake with Patagonia Navigation. Quiet activity, full equipment and certified instructors.","robots":{"index":"index","follow":"follow","max-snippet":"max-snippet:-1","max-image-preview":"max-image-preview:large","max-video-preview":"max-video-preview:-1"},"canonical":"https:\/\/navegacionpatagonia.com.ar\/en\/product\/diving-baptism-in-bariloche\/","og_locale":"en_US","og_type":"article","og_title":"Buceo Bautismo en Bariloche","og_description":"Viv\u00ed tu primera inmersi\u00f3n en el Lago Moreno con Navegaci\u00f3n Patagonia. Actividad tranquila, equipo completo e instructores certificados.","og_url":"https:\/\/navegacionpatagonia.com.ar\/en\/product\/diving-baptism-in-bariloche\/","og_site_name":"Navegacion Patagonia","article_modified_time":"2026-02-10T19:32:46+00:00","og_image":[{"width":1120,"height":1280,"url":"https:\/\/navegacionpatagonia.com.ar\/wp-content\/uploads\/sites\/8\/2026\/01\/tikiprincipal.jpeg","type":"image\/jpeg"}],"twitter_card":"summary_large_image","twitter_misc":{"Price":"&#36;132,000.00","Availability":"In stock"},"schema":{"@context":"https:\/\/schema.org","@graph":[{"@type":"WebPage","@id":"https:\/\/navegacionpatagonia.com.ar\/producto\/buceo-bautismo-en-bariloche\/","url":"https:\/\/navegacionpatagonia.com.ar\/producto\/buceo-bautismo-en-bariloche\/","name":"Discover Scuba Diving in Bariloche - Navegacion Patagonia","isPartOf":{"@id":"https:\/\/navegacionpatagonia.com.ar\/#website"},"primaryImageOfPage":{"@id":"https:\/\/navegacionpatagonia.com.ar\/producto\/buceo-bautismo-en-bariloche\/#primaryimage"},"image":{"@id":"https:\/\/navegacionpatagonia.com.ar\/producto\/buceo-bautismo-en-bariloche\/#primaryimage"},"thumbnailUrl":"https:\/\/navegacionpatagonia.com.ar\/wp-content\/uploads\/sites\/8\/2026\/01\/tikiprincipal.jpeg","datePublished":"2026-01-28T17:30:42+00:00","dateModified":"2026-02-10T19:32:46+00:00","description":"Experience your first dive in Moreno Lake with Patagonia Navigation. Quiet activity, full equipment and certified instructors.","breadcrumb":{"@id":"https:\/\/navegacionpatagonia.com.ar\/producto\/buceo-bautismo-en-bariloche\/#breadcrumb"},"inLanguage":"en-US","potentialAction":[{"@type":"ReadAction","target":["https:\/\/navegacionpatagonia.com.ar\/producto\/buceo-bautismo-en-bariloche\/"]}]},{"@type":"ImageObject","inLanguage":"en-US","@id":"https:\/\/navegacionpatagonia.com.ar\/producto\/buceo-bautismo-en-bariloche\/#primaryimage","url":"https:\/\/navegacionpatagonia.com.ar\/wp-content\/uploads\/sites\/8\/2026\/01\/tikiprincipal.jpeg","contentUrl":"https:\/\/navegacionpatagonia.com.ar\/wp-content\/uploads\/sites\/8\/2026\/01\/tikiprincipal.jpeg","width":1120,"height":1280},{"@type":"BreadcrumbList","@id":"https:\/\/navegacionpatagonia.com.ar\/producto\/buceo-bautismo-en-bariloche\/#breadcrumb","itemListElement":[{"@type":"ListItem","position":1,"name":"Inicio","item":"https:\/\/navegacionpatagonia.com.ar\/"},{"@type":"ListItem","position":2,"name":"Tienda","item":"https:\/\/navegacionpatagonia.com.ar\/tienda\/"},{"@type":"ListItem","position":3,"name":"Buceo Bautismo en Bariloche"}]},{"@type":"WebSite","@id":"https:\/\/navegacionpatagonia.com.ar\/#website","url":"https:\/\/navegacionpatagonia.com.ar\/","name":"Patagonia Navigation","description":"","potentialAction":[{"@type":"SearchAction","target":{"@type":"EntryPoint","urlTemplate":"https:\/\/navegacionpatagonia.com.ar\/?s={search_term_string}"},"query-input":{"@type":"PropertyValueSpecification","valueRequired":true,"valueName":"search_term_string"}}],"inLanguage":"en-US"}]},"product_price_amount":"132000.00","product_price_currency":"ARS","og_availability":"instock","product_availability":"instock","product_retailer_item_id":"ADV2026BABU9T4K","product_condition":"new"},"_links":{"self":[{"href":"https:\/\/navegacionpatagonia.com.ar\/en\/wp-json\/wp\/v2\/product\/378264","targetHints":{"allow":["GET"]}}],"collection":[{"href":"https:\/\/navegacionpatagonia.com.ar\/en\/wp-json\/wp\/v2\/product"}],"about":[{"href":"https:\/\/navegacionpatagonia.com.ar\/en\/wp-json\/wp\/v2\/types\/product"}],"replies":[{"embeddable":true,"href":"https:\/\/navegacionpatagonia.com.ar\/en\/wp-json\/wp\/v2\/comments?post=378264"}],"wp:featuredmedia":[{"embeddable":true,"href":"https:\/\/navegacionpatagonia.com.ar\/en\/wp-json\/wp\/v2\/media\/378265"}],"wp:attachment":[{"href":"https:\/\/navegacionpatagonia.com.ar\/en\/wp-json\/wp\/v2\/media?parent=378264"}],"wp:term":[{"taxonomy":"product_brand","embeddable":true,"href":"https:\/\/navegacionpatagonia.com.ar\/en\/wp-json\/wp\/v2\/product_brand?post=378264"},{"taxonomy":"product_cat","embeddable":true,"href":"https:\/\/navegacionpatagonia.com.ar\/en\/wp-json\/wp\/v2\/product_cat?post=378264"},{"taxonomy":"product_tag","embeddable":true,"href":"https:\/\/navegacionpatagonia.com.ar\/en\/wp-json\/wp\/v2\/product_tag?post=378264"}],"curies":[{"name":"wp","href":"https:\/\/api.w.org\/{rel}","templated":true}]}}