{"id":378219,"date":"2025-10-11T12:54:49","date_gmt":"2025-10-11T15:54:49","guid":{"rendered":"https:\/\/navegacionpatagonia.com.ar\/?post_type=product&#038;p=378219"},"modified":"2026-02-10T16:33:55","modified_gmt":"2026-02-10T19:33:55","slug":"traslado-colonia-suiza-bariloche","status":"publish","type":"product","link":"https:\/\/navegacionpatagonia.com.ar\/en\/product\/transfer-colonia-suiza-bariloche\/","title":{"rendered":"Transfer Colonia Suiza Bariloche: tradition, nature and flavor"},"content":{"rendered":"<h2 class=\"ai-optimize-23\" data-start=\"953\" data-end=\"1034\">An experience between history, craft fair and Patagonian tradition.<\/h2>\n<p class=\"ai-optimize-24 ai-optimize-introduction\" data-start=\"1817\" data-end=\"2047\">The <strong data-start=\"1820\" data-end=\"1856\">transfer Colonia Suiza Bariloche<\/strong> is the most comfortable and safe way to visit one of the most picturesque towns in Patagonia. Without worrying about parking or transportation, you can enjoy your day with total freedom.<\/p>\n<p class=\"ai-optimize-25\" data-start=\"2049\" data-end=\"2300\">We will take you directly from downtown Bariloche to Colonia Suiza, where you will find the <strong data-start=\"2139\" data-end=\"2158\">handicraft fair<\/strong>, local beers, regional sweets, and the traditional <strong data-start=\"2213\" data-end=\"2224\">curanto<\/strong>, a dish cooked underground that reflects the cultural identity of the place.<\/p>\n<p class=\"ai-optimize-26\" data-start=\"2302\" data-end=\"2553\">This tour is designed for you to make the most of your time and explore the town at your own pace. It is ideal for families, couples or groups of friends who want to discover the cultural and gastronomic side of the region.<\/p>\n<p class=\"ai-optimize-27\" data-start=\"2555\" data-end=\"2745\">In addition, you will be able to connect with the history of the first Swiss and German settlers who settled in this area of Bariloche, walk along short trails and admire the natural environment.<\/p>\n<h3 class=\"ai-optimize-28\" data-start=\"2752\" data-end=\"2779\">\u00a0Departure times<\/h3>\n<p class=\"ai-optimize-29\"><em data-start=\"2843\" data-end=\"2878\">(Available Wednesdays and Sundays).<\/em><\/p>\n<ul data-start=\"2780\" data-end=\"2880\">\n<li class=\"ai-optimize-30\" data-start=\"2780\" data-end=\"2800\">\n<p class=\"ai-optimize-31\" data-start=\"2782\" data-end=\"2800\">11:00 a.m. to 3:00 p.m.<\/p>\n<\/li>\n<li class=\"ai-optimize-32\" data-start=\"2801\" data-end=\"2821\">\n<p class=\"ai-optimize-33\" data-start=\"2803\" data-end=\"2821\">13:00 to 17:00 hs.<\/p>\n<\/li>\n<li class=\"ai-optimize-34\" data-start=\"2822\" data-end=\"2880\">\n<p class=\"ai-optimize-35\" data-start=\"2824\" data-end=\"2880\">16:00 to 20:00 hs.<\/p>\n<\/li>\n<\/ul>\n<h3 class=\"ai-optimize-36\" data-start=\"2887\" data-end=\"2914\">\u00a0Meeting point<\/h3>\n<p class=\"ai-optimize-37\" data-start=\"379\" data-end=\"603\">Transfers depart from meeting points coordinated between the <strong data-start=\"446\" data-end=\"469\">downtown Bariloche<\/strong> and up to <strong data-start=\"481\" data-end=\"521\">km 25 of Bustillo Av. or Pioneros Av.<\/strong>. At the time of booking we will confirm the location closest to your accommodation.<\/p>\n<h3 class=\"ai-optimize-38\" data-start=\"3002\" data-end=\"3017\">\u00a0Includes<\/h3>\n<ul data-start=\"3018\" data-end=\"3079\">\n<li class=\"ai-optimize-39\" data-start=\"3018\" data-end=\"3079\">\n<p class=\"ai-optimize-40\" data-start=\"3020\" data-end=\"3079\">Transfer to and from Colonia Suiza.<\/p>\n<\/li>\n<\/ul>\n<h3 class=\"ai-optimize-41\" data-start=\"3086\" data-end=\"3104\">\u00a0Does not include<\/h3>\n<ul data-start=\"3105\" data-end=\"3169\">\n<li class=\"ai-optimize-42\" data-start=\"3105\" data-end=\"3128\">\n<p class=\"ai-optimize-43\" data-start=\"3107\" data-end=\"3128\">Food and beverages.<\/p>\n<\/li>\n<li class=\"ai-optimize-44\" data-start=\"3129\" data-end=\"3169\">\n<p class=\"ai-optimize-45\" data-start=\"3131\" data-end=\"3169\">Activities within Colonia Suiza.<\/p>\n<\/li>\n<\/ul>","protected":false},"excerpt":{"rendered":"<p class=\"ai-optimize-22\">Round trip transfer from Bariloche to Colonia Suiza. Take advantage of the craft fair, the typical gastronomy and the traditional curanto, with 3 comfortable schedules to enjoy at your own pace.<\/p>","protected":false},"featured_media":378232,"comment_status":"open","ping_status":"closed","template":"","meta":[],"product_brand":[],"product_cat":[62,66,67,73,77,80,82],"product_tag":[],"class_list":{"0":"post-378219","1":"product","2":"type-product","3":"status-publish","4":"has-post-thumbnail","6":"product_cat-adultos","7":"product_cat-con-traslado","8":"product_cat-familia","9":"product_cat-ninos","10":"product_cat-sin-comida","11":"product_cat-terrestre","12":"product_cat-todo-el-ano","14":"first","15":"instock","16":"virtual","17":"sold-individually","18":"purchasable","19":"product-type-booking"},"booking_location":"","booking_location_type":"","booking_duration":1,"booking_duration_unit":"hour","booking_buffer":0,"booking_cost":31200,"booking_resources":[],"exclude_global_add_ons":[],"addons":[],"yoast_head":"<!-- This site is optimized with the Yoast SEO Premium plugin v25.2 (Yoast SEO v25.2) - https:\/\/yoast.com\/wordpress\/plugins\/seo\/ -->\n<title>Traslado Colonia Suiza Bariloche: tradici\u00f3n, naturaleza y sabor - Navegacion Patagonia<\/title>\n<meta name=\"description\" content=\"Visit\u00e1 Colonia Suiza Bariloche con traslado ida y vuelta. Feria artesanal, historia y paisajes \u00fanicos en un recorrido lleno de tradici\u00f3n patag\u00f3nica.\" \/>\n<meta name=\"robots\" content=\"index, follow, max-snippet:-1, max-image-preview:large, max-video-preview:-1\" \/>\n<link rel=\"canonical\" href=\"https:\/\/navegacionpatagonia.com.ar\/en\/product\/transfer-colonia-suiza-bariloche\/\" \/>\n<meta property=\"og:locale\" content=\"en_US\" \/>\n<meta property=\"og:type\" content=\"article\" \/>\n<meta property=\"og:title\" content=\"Traslado Colonia Suiza Bariloche: tradici\u00f3n, naturaleza y sabor\" \/>\n<meta property=\"og:description\" content=\"Visit\u00e1 Colonia Suiza Bariloche con traslado ida y vuelta. Feria artesanal, historia y paisajes \u00fanicos en un recorrido lleno de tradici\u00f3n patag\u00f3nica.\" \/>\n<meta property=\"og:url\" content=\"https:\/\/navegacionpatagonia.com.ar\/en\/product\/transfer-colonia-suiza-bariloche\/\" \/>\n<meta property=\"og:site_name\" content=\"Navegacion Patagonia\" \/>\n<meta property=\"article:modified_time\" content=\"2026-02-10T19:33:55+00:00\" \/>\n<meta property=\"og:image\" content=\"https:\/\/navegacionpatagonia.com.ar\/wp-content\/uploads\/sites\/8\/2025\/10\/1-D-IMG_5791-2-1.jpg\" \/>\n\t<meta property=\"og:image:width\" content=\"768\" \/>\n\t<meta property=\"og:image:height\" content=\"1024\" \/>\n\t<meta property=\"og:image:type\" content=\"image\/jpeg\" \/>\n<meta name=\"twitter:card\" content=\"summary_large_image\" \/>\n<meta name=\"twitter:label1\" content=\"Price\" \/>\n\t<meta name=\"twitter:data1\" content=\"&#036;31,200.00\" \/>\n\t<meta name=\"twitter:label2\" content=\"Availability\" \/>\n\t<meta name=\"twitter:data2\" content=\"In stock\" \/>\n<script type=\"application\/ld+json\" class=\"yoast-schema-graph\">{\"@context\":\"https:\/\/schema.org\",\"@graph\":[{\"@type\":\"WebPage\",\"@id\":\"https:\/\/navegacionpatagonia.com.ar\/producto\/traslado-colonia-suiza-bariloche\/\",\"url\":\"https:\/\/navegacionpatagonia.com.ar\/producto\/traslado-colonia-suiza-bariloche\/\",\"name\":\"Traslado Colonia Suiza Bariloche: tradici\u00f3n, naturaleza y sabor - Navegacion Patagonia\",\"isPartOf\":{\"@id\":\"https:\/\/navegacionpatagonia.com.ar\/#website\"},\"primaryImageOfPage\":{\"@id\":\"https:\/\/navegacionpatagonia.com.ar\/producto\/traslado-colonia-suiza-bariloche\/#primaryimage\"},\"image\":{\"@id\":\"https:\/\/navegacionpatagonia.com.ar\/producto\/traslado-colonia-suiza-bariloche\/#primaryimage\"},\"thumbnailUrl\":\"https:\/\/navegacionpatagonia.com.ar\/wp-content\/uploads\/sites\/8\/2025\/10\/1-D-IMG_5791-2-1.jpg\",\"datePublished\":\"2025-10-11T15:54:49+00:00\",\"dateModified\":\"2026-02-10T19:33:55+00:00\",\"description\":\"Visit\u00e1 Colonia Suiza Bariloche con traslado ida y vuelta. Feria artesanal, historia y paisajes \u00fanicos en un recorrido lleno de tradici\u00f3n patag\u00f3nica.\",\"breadcrumb\":{\"@id\":\"https:\/\/navegacionpatagonia.com.ar\/producto\/traslado-colonia-suiza-bariloche\/#breadcrumb\"},\"inLanguage\":\"en-US\",\"potentialAction\":[{\"@type\":\"ReadAction\",\"target\":[\"https:\/\/navegacionpatagonia.com.ar\/producto\/traslado-colonia-suiza-bariloche\/\"]}]},{\"@type\":\"ImageObject\",\"inLanguage\":\"en-US\",\"@id\":\"https:\/\/navegacionpatagonia.com.ar\/producto\/traslado-colonia-suiza-bariloche\/#primaryimage\",\"url\":\"https:\/\/navegacionpatagonia.com.ar\/wp-content\/uploads\/sites\/8\/2025\/10\/1-D-IMG_5791-2-1.jpg\",\"contentUrl\":\"https:\/\/navegacionpatagonia.com.ar\/wp-content\/uploads\/sites\/8\/2025\/10\/1-D-IMG_5791-2-1.jpg\",\"width\":768,\"height\":1024},{\"@type\":\"BreadcrumbList\",\"@id\":\"https:\/\/navegacionpatagonia.com.ar\/producto\/traslado-colonia-suiza-bariloche\/#breadcrumb\",\"itemListElement\":[{\"@type\":\"ListItem\",\"position\":1,\"name\":\"Inicio\",\"item\":\"https:\/\/navegacionpatagonia.com.ar\/\"},{\"@type\":\"ListItem\",\"position\":2,\"name\":\"Tienda\",\"item\":\"https:\/\/navegacionpatagonia.com.ar\/tienda\/\"},{\"@type\":\"ListItem\",\"position\":3,\"name\":\"Traslado Colonia Suiza Bariloche: tradici\u00f3n, naturaleza y sabor\"}]},{\"@type\":\"WebSite\",\"@id\":\"https:\/\/navegacionpatagonia.com.ar\/#website\",\"url\":\"https:\/\/navegacionpatagonia.com.ar\/\",\"name\":\"Navegacion Patagonia\",\"description\":\"\",\"potentialAction\":[{\"@type\":\"SearchAction\",\"target\":{\"@type\":\"EntryPoint\",\"urlTemplate\":\"https:\/\/navegacionpatagonia.com.ar\/?s={search_term_string}\"},\"query-input\":{\"@type\":\"PropertyValueSpecification\",\"valueRequired\":true,\"valueName\":\"search_term_string\"}}],\"inLanguage\":\"en-US\"}]}<\/script>\n<meta property=\"product:price:amount\" content=\"31200.00\" \/>\n<meta property=\"product:price:currency\" content=\"ARS\" \/>\n<meta property=\"og:availability\" content=\"instock\" \/>\n<meta property=\"product:availability\" content=\"instock\" \/>\n<meta property=\"product:retailer_item_id\" content=\"ADV2025TRACOS7KQ9\" \/>\n<meta property=\"product:condition\" content=\"new\" \/>\n<!-- \/ Yoast SEO Premium plugin. -->","yoast_head_json":{"title":"Transfer Colonia Suiza Bariloche: tradition, nature and flavor - Navegacion Patagonia","description":"Visit Colonia Suiza Bariloche with round trip transfer. Craft fair, history and unique landscapes in a tour full of Patagonian tradition.","robots":{"index":"index","follow":"follow","max-snippet":"max-snippet:-1","max-image-preview":"max-image-preview:large","max-video-preview":"max-video-preview:-1"},"canonical":"https:\/\/navegacionpatagonia.com.ar\/en\/product\/transfer-colonia-suiza-bariloche\/","og_locale":"en_US","og_type":"article","og_title":"Traslado Colonia Suiza Bariloche: tradici\u00f3n, naturaleza y sabor","og_description":"Visit\u00e1 Colonia Suiza Bariloche con traslado ida y vuelta. Feria artesanal, historia y paisajes \u00fanicos en un recorrido lleno de tradici\u00f3n patag\u00f3nica.","og_url":"https:\/\/navegacionpatagonia.com.ar\/en\/product\/transfer-colonia-suiza-bariloche\/","og_site_name":"Navegacion Patagonia","article_modified_time":"2026-02-10T19:33:55+00:00","og_image":[{"width":768,"height":1024,"url":"https:\/\/navegacionpatagonia.com.ar\/wp-content\/uploads\/sites\/8\/2025\/10\/1-D-IMG_5791-2-1.jpg","type":"image\/jpeg"}],"twitter_card":"summary_large_image","twitter_misc":{"Price":"&#36;31,200.00","Availability":"In stock"},"schema":{"@context":"https:\/\/schema.org","@graph":[{"@type":"WebPage","@id":"https:\/\/navegacionpatagonia.com.ar\/producto\/traslado-colonia-suiza-bariloche\/","url":"https:\/\/navegacionpatagonia.com.ar\/producto\/traslado-colonia-suiza-bariloche\/","name":"Transfer Colonia Suiza Bariloche: tradition, nature and flavor - Navegacion Patagonia","isPartOf":{"@id":"https:\/\/navegacionpatagonia.com.ar\/#website"},"primaryImageOfPage":{"@id":"https:\/\/navegacionpatagonia.com.ar\/producto\/traslado-colonia-suiza-bariloche\/#primaryimage"},"image":{"@id":"https:\/\/navegacionpatagonia.com.ar\/producto\/traslado-colonia-suiza-bariloche\/#primaryimage"},"thumbnailUrl":"https:\/\/navegacionpatagonia.com.ar\/wp-content\/uploads\/sites\/8\/2025\/10\/1-D-IMG_5791-2-1.jpg","datePublished":"2025-10-11T15:54:49+00:00","dateModified":"2026-02-10T19:33:55+00:00","description":"Visit Colonia Suiza Bariloche with round trip transfer. Craft fair, history and unique landscapes in a tour full of Patagonian tradition.","breadcrumb":{"@id":"https:\/\/navegacionpatagonia.com.ar\/producto\/traslado-colonia-suiza-bariloche\/#breadcrumb"},"inLanguage":"en-US","potentialAction":[{"@type":"ReadAction","target":["https:\/\/navegacionpatagonia.com.ar\/producto\/traslado-colonia-suiza-bariloche\/"]}]},{"@type":"ImageObject","inLanguage":"en-US","@id":"https:\/\/navegacionpatagonia.com.ar\/producto\/traslado-colonia-suiza-bariloche\/#primaryimage","url":"https:\/\/navegacionpatagonia.com.ar\/wp-content\/uploads\/sites\/8\/2025\/10\/1-D-IMG_5791-2-1.jpg","contentUrl":"https:\/\/navegacionpatagonia.com.ar\/wp-content\/uploads\/sites\/8\/2025\/10\/1-D-IMG_5791-2-1.jpg","width":768,"height":1024},{"@type":"BreadcrumbList","@id":"https:\/\/navegacionpatagonia.com.ar\/producto\/traslado-colonia-suiza-bariloche\/#breadcrumb","itemListElement":[{"@type":"ListItem","position":1,"name":"Inicio","item":"https:\/\/navegacionpatagonia.com.ar\/"},{"@type":"ListItem","position":2,"name":"Tienda","item":"https:\/\/navegacionpatagonia.com.ar\/tienda\/"},{"@type":"ListItem","position":3,"name":"Traslado Colonia Suiza Bariloche: tradici\u00f3n, naturaleza y sabor"}]},{"@type":"WebSite","@id":"https:\/\/navegacionpatagonia.com.ar\/#website","url":"https:\/\/navegacionpatagonia.com.ar\/","name":"Patagonia Navigation","description":"","potentialAction":[{"@type":"SearchAction","target":{"@type":"EntryPoint","urlTemplate":"https:\/\/navegacionpatagonia.com.ar\/?s={search_term_string}"},"query-input":{"@type":"PropertyValueSpecification","valueRequired":true,"valueName":"search_term_string"}}],"inLanguage":"en-US"}]},"product_price_amount":"31200.00","product_price_currency":"ARS","og_availability":"instock","product_availability":"instock","product_retailer_item_id":"ADV2025TRACOS7KQ9","product_condition":"new"},"_links":{"self":[{"href":"https:\/\/navegacionpatagonia.com.ar\/en\/wp-json\/wp\/v2\/product\/378219","targetHints":{"allow":["GET"]}}],"collection":[{"href":"https:\/\/navegacionpatagonia.com.ar\/en\/wp-json\/wp\/v2\/product"}],"about":[{"href":"https:\/\/navegacionpatagonia.com.ar\/en\/wp-json\/wp\/v2\/types\/product"}],"replies":[{"embeddable":true,"href":"https:\/\/navegacionpatagonia.com.ar\/en\/wp-json\/wp\/v2\/comments?post=378219"}],"wp:featuredmedia":[{"embeddable":true,"href":"https:\/\/navegacionpatagonia.com.ar\/en\/wp-json\/wp\/v2\/media\/378232"}],"wp:attachment":[{"href":"https:\/\/navegacionpatagonia.com.ar\/en\/wp-json\/wp\/v2\/media?parent=378219"}],"wp:term":[{"taxonomy":"product_brand","embeddable":true,"href":"https:\/\/navegacionpatagonia.com.ar\/en\/wp-json\/wp\/v2\/product_brand?post=378219"},{"taxonomy":"product_cat","embeddable":true,"href":"https:\/\/navegacionpatagonia.com.ar\/en\/wp-json\/wp\/v2\/product_cat?post=378219"},{"taxonomy":"product_tag","embeddable":true,"href":"https:\/\/navegacionpatagonia.com.ar\/en\/wp-json\/wp\/v2\/product_tag?post=378219"}],"curies":[{"name":"wp","href":"https:\/\/api.w.org\/{rel}","templated":true}]}}