{"id":378021,"date":"2025-08-21T19:09:04","date_gmt":"2025-08-21T22:09:04","guid":{"rendered":"https:\/\/navegacionpatagonia.com.ar\/producto\/puerto-blest-con-cascada-los-cantaros-lago-frias-sin-traslado\/"},"modified":"2026-04-06T10:26:46","modified_gmt":"2026-04-06T13:26:46","slug":"puerto-blest-con-cascada-los-cantaros-lago-frias-sin-traslado","status":"publish","type":"product","link":"https:\/\/navegacionpatagonia.com.ar\/en\/product\/puerto-blest-with-waterfall-los-cantaros-lake-frias-without-transfer\/","title":{"rendered":"Puerto Blest with \u201cLos Cantaros\u201d Waterfall + Frias Lake without Transfer"},"content":{"rendered":"<h2 class=\"ai-optimize-6\">Discover the Tranquility of Puerto Blest and the Waterfall of Los C\u00e1ntaros<\/h2>\n<p class=\"ai-optimize-7 ai-optimize-introduction\">I left from <strong>Puerto Pa\u00f1uelo<\/strong>, located only 25 km from <strong>San Carlos de Bariloche<\/strong>, and experience a unique voyage on the waters of the <strong>Nahuel Huapi Lake<\/strong>. On the way, contemplate the <strong>Sentinel Islet<\/strong>, where the renowned <strong>Perito Moreno<\/strong>, and walk along incredible walkways that will take you to the majestic <strong>Los C\u00e1ntaros Waterfall<\/strong>, surrounded by huge granite walls.<\/p>\n<h3 class=\"ai-optimize-8\">A Walk of Connection with the Natural Environment<\/h3>\n<p class=\"ai-optimize-9\">During the navigation, you will appreciate the magnificent scenery of the <strong>Andes mountain range<\/strong> and the islands that stand out in this stunning area. At <strong>Puerto Blest<\/strong>, I discovered the calmness of the <strong>Bay<\/strong> and watch the green waters of the <strong>Lake Frias<\/strong>, stained by the action of the glaciers of the <strong>Cerro Tronador<\/strong>.<\/p>\n<h3 class=\"ai-optimize-10\">Adventure Options<\/h3>\n<ul>\n<li class=\"ai-optimize-11\"><strong>Guided walks<\/strong> in the exuberant Valdivian rainforest, home to a great diversity of species.<\/li>\n<li class=\"ai-optimize-12\"><strong>Trails<\/strong> adjusted to different capacities, so you can explore at your own pace.<\/li>\n<\/ul>\n<h2 class=\"ai-optimize-13\">Navigation and Services<\/h2>\n<p class=\"ai-optimize-14\">The return to <strong>Puerto Pa\u00f1uelo<\/strong> by the <strong>Blest Arm<\/strong> provides a view of the <strong>Cerro Tronador<\/strong> with an enchanting sunset. If you add the walk to the <strong>Lake Frias<\/strong>, includes a short bus ride of 3 km to <strong>Puerto Alegre<\/strong>, The boat will depart in a modern boat to enjoy this impressive lake.<\/p>\n<h3 class=\"ai-optimize-15\">Relevant Information<\/h3>\n<ul>\n<li class=\"ai-optimize-16\"><strong>Duration: <\/strong>9:00 a.m. to 5:00 p.m.<\/li>\n<li class=\"ai-optimize-17\"><strong>Includes:<\/strong> Guided nautical excursions, walks in the forest, sailing on Lake Frias.<\/li>\n<li class=\"ai-optimize-18\"><strong>Does not include:<\/strong> Transfer to <strong>Puerto Pa\u00f1uelo<\/strong>, meals (paradors are available) and National Park access fees.<\/li>\n<\/ul>\n<h2 class=\"ai-optimize-19\">Frequently Asked Questions<\/h2>\n<ul>\n<li class=\"ai-optimize-20\"><strong>Where do I pay the National Park entrance and boarding fee?<\/strong><br \/>\nThese fees are payable at <strong>Puerto Pa\u00f1uelo<\/strong>, The price is in cash and Argentine pesos on the same day of the tour. Residents of <strong>San Carlos de Bariloche<\/strong>, The fee is waived for people with disabilities, people under five years of age and retirees.<\/li>\n<li class=\"ai-optimize-21\"><strong>Is the discount for retirees exclusive for Argentines?<\/strong><br \/>\nCorrect, the special rate is only for Argentinean retirees, presenting the corresponding card when boarding.<\/li>\n<li class=\"ai-optimize-22\"><strong>How long are the walks?<\/strong><br \/>\nThe walks in <strong>Puerto Blest<\/strong> offer different difficulties. The journey to the <strong>Los C\u00e1ntaros Waterfall<\/strong> It totals approximately 700 steps, with viewpoints and spaces to rest.<\/li>\n<\/ul>","protected":false},"excerpt":{"rendered":"<h2 class=\"ai-optimize-6\">Tour of Puerto Blest and \u00abLos C\u00e1ntaros\u00bb waterfall.\u00bb<\/h2>\n<p class=\"ai-optimize-7\">Exit from <strong>Puerto Pa\u00f1uelo<\/strong> on a unique adventure to the <strong>Los C\u00e1ntaros Waterfall<\/strong>, crossing the calm waters of the <strong>Nahuel Huapi Lake<\/strong>. Explore the mysterious <strong>Lake Frias<\/strong> and travel the roads of the <strong>valdivian rainforest<\/strong> under the imposing surroundings of the <strong>Andes mountain range<\/strong>.<\/p>","protected":false},"featured_media":377136,"comment_status":"open","ping_status":"closed","template":"","meta":[],"product_brand":[],"product_cat":[62,67,70,71,73,77,78,82],"product_tag":[],"class_list":{"0":"post-378021","1":"product","2":"type-product","3":"status-publish","4":"has-post-thumbnail","6":"product_cat-adultos","7":"product_cat-familia","8":"product_cat-jubilados","9":"product_cat-lacustre","10":"product_cat-ninos","11":"product_cat-sin-comida","12":"product_cat-sin-traslado","13":"product_cat-todo-el-ano","15":"first","16":"instock","17":"virtual","18":"sold-individually","19":"purchasable","20":"product-type-booking"},"booking_location":"","booking_location_type":"","booking_duration":60,"booking_duration_unit":"minute","booking_buffer":0,"booking_cost":0,"booking_resources":[],"exclude_global_add_ons":false,"addons":[{"name":"ADU | Adult","type":"input_multiplier","position":0,"required":false,"title_format":"label","default":"","description_enable":false,"description":"","placeholder_enable":false,"placeholder":"","display":"select","restrictions_type":"any_text","adjust_price":true,"price":"190000","price_type":"quantity_based","restrictions":false,"min":"0","max":"0","options":[],"id":1775470803},{"name":"MEN512 | from 5 to 12","type":"input_multiplier","position":1,"required":false,"title_format":"label","default":"","description_enable":false,"description":"","placeholder_enable":false,"placeholder":"","display":"select","restrictions_type":"any_text","adjust_price":true,"price":"97000","price_type":"quantity_based","restrictions":false,"min":"0","max":"0","options":[],"id":1775470804},{"name":"ADUJ : Retired","type":"input_multiplier","position":2,"required":false,"title_format":"label","default":"","description_enable":false,"description":"","placeholder_enable":false,"placeholder":"","display":"select","restrictions_type":"any_text","adjust_price":true,"price":"97000","price_type":"quantity_based","restrictions":false,"min":"0","max":"0","options":[],"id":1775471020}],"yoast_head":"<!-- This site is optimized with the Yoast SEO Premium plugin v25.2 (Yoast SEO v25.2) - https:\/\/yoast.com\/wordpress\/plugins\/seo\/ -->\n<title>Puerto Blest, Cascada Los C\u00e1ntaros y Lago Frias - Navegacion Patagonia<\/title>\n<meta name=\"description\" content=\"Naveg\u00e1 a Puerto Blest, la Cascada Los C\u00e1ntaros y el Lago Fr\u00edas. Excursi\u00f3n en barco por el Nahuel Huapi para descubrir paisajes \u00fanicos de la Patagonia.\" \/>\n<meta name=\"robots\" content=\"index, follow, max-snippet:-1, max-image-preview:large, max-video-preview:-1\" \/>\n<link rel=\"canonical\" href=\"https:\/\/navegacionpatagonia.com.ar\/en\/product\/puerto-blest-with-waterfall-los-cantaros-lake-frias-without-transfer\/\" \/>\n<meta property=\"og:locale\" content=\"en_US\" \/>\n<meta property=\"og:type\" content=\"article\" \/>\n<meta property=\"og:title\" content=\"Puerto Blest con Cascada \u201cLos Cantaros\u201d + Lago Frias sin Traslado\" \/>\n<meta property=\"og:description\" content=\"Naveg\u00e1 a Puerto Blest, la Cascada Los C\u00e1ntaros y el Lago Fr\u00edas. Excursi\u00f3n en barco por el Nahuel Huapi para descubrir paisajes \u00fanicos de la Patagonia.\" \/>\n<meta property=\"og:url\" content=\"https:\/\/navegacionpatagonia.com.ar\/en\/product\/puerto-blest-with-waterfall-los-cantaros-lake-frias-without-transfer\/\" \/>\n<meta property=\"og:site_name\" content=\"Navegacion Patagonia\" \/>\n<meta property=\"article:modified_time\" content=\"2026-04-06T13:26:46+00:00\" \/>\n<meta property=\"og:image\" content=\"https:\/\/navegacionpatagonia.com.ar\/wp-content\/uploads\/sites\/8\/2025\/03\/PuertoblestyCascadadelosCntaros_icon_1140_1601570037.jpg\" \/>\n\t<meta property=\"og:image:width\" content=\"1140\" \/>\n\t<meta property=\"og:image:height\" content=\"855\" \/>\n\t<meta property=\"og:image:type\" content=\"image\/jpeg\" \/>\n<meta name=\"twitter:card\" content=\"summary_large_image\" \/>\n<meta name=\"twitter:label1\" content=\"Price\" \/>\n\t<meta name=\"twitter:data1\" content=\"&#036;228,000.00\" \/>\n\t<meta name=\"twitter:label2\" content=\"Availability\" \/>\n\t<meta name=\"twitter:data2\" content=\"In stock\" \/>\n<script type=\"application\/ld+json\" class=\"yoast-schema-graph\">{\"@context\":\"https:\/\/schema.org\",\"@graph\":[{\"@type\":\"WebPage\",\"@id\":\"https:\/\/navegacionpatagonia.com.ar\/producto\/puerto-blest-con-cascada-los-cantaros-lago-frias-sin-traslado\/\",\"url\":\"https:\/\/navegacionpatagonia.com.ar\/producto\/puerto-blest-con-cascada-los-cantaros-lago-frias-sin-traslado\/\",\"name\":\"Puerto Blest, Cascada Los C\u00e1ntaros y Lago Frias - Navegacion Patagonia\",\"isPartOf\":{\"@id\":\"https:\/\/navegacionpatagonia.com.ar\/#website\"},\"primaryImageOfPage\":{\"@id\":\"https:\/\/navegacionpatagonia.com.ar\/producto\/puerto-blest-con-cascada-los-cantaros-lago-frias-sin-traslado\/#primaryimage\"},\"image\":{\"@id\":\"https:\/\/navegacionpatagonia.com.ar\/producto\/puerto-blest-con-cascada-los-cantaros-lago-frias-sin-traslado\/#primaryimage\"},\"thumbnailUrl\":\"https:\/\/navegacionpatagonia.com.ar\/wp-content\/uploads\/sites\/8\/2025\/03\/PuertoblestyCascadadelosCntaros_icon_1140_1601570037.jpg\",\"datePublished\":\"2025-08-21T22:09:04+00:00\",\"dateModified\":\"2026-04-06T13:26:46+00:00\",\"description\":\"Naveg\u00e1 a Puerto Blest, la Cascada Los C\u00e1ntaros y el Lago Fr\u00edas. Excursi\u00f3n en barco por el Nahuel Huapi para descubrir paisajes \u00fanicos de la Patagonia.\",\"breadcrumb\":{\"@id\":\"https:\/\/navegacionpatagonia.com.ar\/producto\/puerto-blest-con-cascada-los-cantaros-lago-frias-sin-traslado\/#breadcrumb\"},\"inLanguage\":\"en-US\",\"potentialAction\":[{\"@type\":\"ReadAction\",\"target\":[\"https:\/\/navegacionpatagonia.com.ar\/producto\/puerto-blest-con-cascada-los-cantaros-lago-frias-sin-traslado\/\"]}]},{\"@type\":\"ImageObject\",\"inLanguage\":\"en-US\",\"@id\":\"https:\/\/navegacionpatagonia.com.ar\/producto\/puerto-blest-con-cascada-los-cantaros-lago-frias-sin-traslado\/#primaryimage\",\"url\":\"https:\/\/navegacionpatagonia.com.ar\/wp-content\/uploads\/sites\/8\/2025\/03\/PuertoblestyCascadadelosCntaros_icon_1140_1601570037.jpg\",\"contentUrl\":\"https:\/\/navegacionpatagonia.com.ar\/wp-content\/uploads\/sites\/8\/2025\/03\/PuertoblestyCascadadelosCntaros_icon_1140_1601570037.jpg\",\"width\":1140,\"height\":855},{\"@type\":\"BreadcrumbList\",\"@id\":\"https:\/\/navegacionpatagonia.com.ar\/producto\/puerto-blest-con-cascada-los-cantaros-lago-frias-sin-traslado\/#breadcrumb\",\"itemListElement\":[{\"@type\":\"ListItem\",\"position\":1,\"name\":\"Inicio\",\"item\":\"https:\/\/navegacionpatagonia.com.ar\/\"},{\"@type\":\"ListItem\",\"position\":2,\"name\":\"Tienda\",\"item\":\"https:\/\/navegacionpatagonia.com.ar\/tienda\/\"},{\"@type\":\"ListItem\",\"position\":3,\"name\":\"Puerto Blest con Cascada \u201cLos Cantaros\u201d + Lago Frias sin Traslado\"}]},{\"@type\":\"WebSite\",\"@id\":\"https:\/\/navegacionpatagonia.com.ar\/#website\",\"url\":\"https:\/\/navegacionpatagonia.com.ar\/\",\"name\":\"Navegacion Patagonia\",\"description\":\"\",\"potentialAction\":[{\"@type\":\"SearchAction\",\"target\":{\"@type\":\"EntryPoint\",\"urlTemplate\":\"https:\/\/navegacionpatagonia.com.ar\/?s={search_term_string}\"},\"query-input\":{\"@type\":\"PropertyValueSpecification\",\"valueRequired\":true,\"valueName\":\"search_term_string\"}}],\"inLanguage\":\"en-US\"}]}<\/script>\n<meta property=\"product:price:amount\" content=\"228000.00\" \/>\n<meta property=\"product:price:currency\" content=\"ARS\" \/>\n<meta property=\"og:availability\" content=\"instock\" \/>\n<meta property=\"product:availability\" content=\"instock\" \/>\n<meta property=\"product:retailer_item_id\" content=\"ADV2025PUBLYC33V7\" \/>\n<meta property=\"product:condition\" content=\"new\" \/>\n<!-- \/ Yoast SEO Premium plugin. -->","yoast_head_json":{"title":"Puerto Blest, Los C\u00e1ntaros Waterfall and Frias Lake - Patagonia Navigation","description":"Sail to Puerto Blest, Los C\u00e1ntaros Waterfall and Fr\u00edas Lake. Excursion by boat on the Nahuel Huapi to discover unique landscapes of Patagonia.","robots":{"index":"index","follow":"follow","max-snippet":"max-snippet:-1","max-image-preview":"max-image-preview:large","max-video-preview":"max-video-preview:-1"},"canonical":"https:\/\/navegacionpatagonia.com.ar\/en\/product\/puerto-blest-with-waterfall-los-cantaros-lake-frias-without-transfer\/","og_locale":"en_US","og_type":"article","og_title":"Puerto Blest con Cascada \u201cLos Cantaros\u201d + Lago Frias sin Traslado","og_description":"Naveg\u00e1 a Puerto Blest, la Cascada Los C\u00e1ntaros y el Lago Fr\u00edas. Excursi\u00f3n en barco por el Nahuel Huapi para descubrir paisajes \u00fanicos de la Patagonia.","og_url":"https:\/\/navegacionpatagonia.com.ar\/en\/product\/puerto-blest-with-waterfall-los-cantaros-lake-frias-without-transfer\/","og_site_name":"Navegacion Patagonia","article_modified_time":"2026-04-06T13:26:46+00:00","og_image":[{"width":1140,"height":855,"url":"https:\/\/navegacionpatagonia.com.ar\/wp-content\/uploads\/sites\/8\/2025\/03\/PuertoblestyCascadadelosCntaros_icon_1140_1601570037.jpg","type":"image\/jpeg"}],"twitter_card":"summary_large_image","twitter_misc":{"Price":"&#36;228,000.00","Availability":"In stock"},"schema":{"@context":"https:\/\/schema.org","@graph":[{"@type":"WebPage","@id":"https:\/\/navegacionpatagonia.com.ar\/producto\/puerto-blest-con-cascada-los-cantaros-lago-frias-sin-traslado\/","url":"https:\/\/navegacionpatagonia.com.ar\/producto\/puerto-blest-con-cascada-los-cantaros-lago-frias-sin-traslado\/","name":"Puerto Blest, Los C\u00e1ntaros Waterfall and Frias Lake - Patagonia Navigation","isPartOf":{"@id":"https:\/\/navegacionpatagonia.com.ar\/#website"},"primaryImageOfPage":{"@id":"https:\/\/navegacionpatagonia.com.ar\/producto\/puerto-blest-con-cascada-los-cantaros-lago-frias-sin-traslado\/#primaryimage"},"image":{"@id":"https:\/\/navegacionpatagonia.com.ar\/producto\/puerto-blest-con-cascada-los-cantaros-lago-frias-sin-traslado\/#primaryimage"},"thumbnailUrl":"https:\/\/navegacionpatagonia.com.ar\/wp-content\/uploads\/sites\/8\/2025\/03\/PuertoblestyCascadadelosCntaros_icon_1140_1601570037.jpg","datePublished":"2025-08-21T22:09:04+00:00","dateModified":"2026-04-06T13:26:46+00:00","description":"Sail to Puerto Blest, Los C\u00e1ntaros Waterfall and Fr\u00edas Lake. Excursion by boat on the Nahuel Huapi to discover unique landscapes of Patagonia.","breadcrumb":{"@id":"https:\/\/navegacionpatagonia.com.ar\/producto\/puerto-blest-con-cascada-los-cantaros-lago-frias-sin-traslado\/#breadcrumb"},"inLanguage":"en-US","potentialAction":[{"@type":"ReadAction","target":["https:\/\/navegacionpatagonia.com.ar\/producto\/puerto-blest-con-cascada-los-cantaros-lago-frias-sin-traslado\/"]}]},{"@type":"ImageObject","inLanguage":"en-US","@id":"https:\/\/navegacionpatagonia.com.ar\/producto\/puerto-blest-con-cascada-los-cantaros-lago-frias-sin-traslado\/#primaryimage","url":"https:\/\/navegacionpatagonia.com.ar\/wp-content\/uploads\/sites\/8\/2025\/03\/PuertoblestyCascadadelosCntaros_icon_1140_1601570037.jpg","contentUrl":"https:\/\/navegacionpatagonia.com.ar\/wp-content\/uploads\/sites\/8\/2025\/03\/PuertoblestyCascadadelosCntaros_icon_1140_1601570037.jpg","width":1140,"height":855},{"@type":"BreadcrumbList","@id":"https:\/\/navegacionpatagonia.com.ar\/producto\/puerto-blest-con-cascada-los-cantaros-lago-frias-sin-traslado\/#breadcrumb","itemListElement":[{"@type":"ListItem","position":1,"name":"Inicio","item":"https:\/\/navegacionpatagonia.com.ar\/"},{"@type":"ListItem","position":2,"name":"Tienda","item":"https:\/\/navegacionpatagonia.com.ar\/tienda\/"},{"@type":"ListItem","position":3,"name":"Puerto Blest con Cascada \u201cLos Cantaros\u201d + Lago Frias sin Traslado"}]},{"@type":"WebSite","@id":"https:\/\/navegacionpatagonia.com.ar\/#website","url":"https:\/\/navegacionpatagonia.com.ar\/","name":"Patagonia Navigation","description":"","potentialAction":[{"@type":"SearchAction","target":{"@type":"EntryPoint","urlTemplate":"https:\/\/navegacionpatagonia.com.ar\/?s={search_term_string}"},"query-input":{"@type":"PropertyValueSpecification","valueRequired":true,"valueName":"search_term_string"}}],"inLanguage":"en-US"}]},"product_price_amount":"228000.00","product_price_currency":"ARS","og_availability":"instock","product_availability":"instock","product_retailer_item_id":"ADV2025PUBLYC33V7","product_condition":"new"},"_links":{"self":[{"href":"https:\/\/navegacionpatagonia.com.ar\/en\/wp-json\/wp\/v2\/product\/378021","targetHints":{"allow":["GET"]}}],"collection":[{"href":"https:\/\/navegacionpatagonia.com.ar\/en\/wp-json\/wp\/v2\/product"}],"about":[{"href":"https:\/\/navegacionpatagonia.com.ar\/en\/wp-json\/wp\/v2\/types\/product"}],"replies":[{"embeddable":true,"href":"https:\/\/navegacionpatagonia.com.ar\/en\/wp-json\/wp\/v2\/comments?post=378021"}],"wp:featuredmedia":[{"embeddable":true,"href":"https:\/\/navegacionpatagonia.com.ar\/en\/wp-json\/wp\/v2\/media\/377136"}],"wp:attachment":[{"href":"https:\/\/navegacionpatagonia.com.ar\/en\/wp-json\/wp\/v2\/media?parent=378021"}],"wp:term":[{"taxonomy":"product_brand","embeddable":true,"href":"https:\/\/navegacionpatagonia.com.ar\/en\/wp-json\/wp\/v2\/product_brand?post=378021"},{"taxonomy":"product_cat","embeddable":true,"href":"https:\/\/navegacionpatagonia.com.ar\/en\/wp-json\/wp\/v2\/product_cat?post=378021"},{"taxonomy":"product_tag","embeddable":true,"href":"https:\/\/navegacionpatagonia.com.ar\/en\/wp-json\/wp\/v2\/product_tag?post=378021"}],"curies":[{"name":"wp","href":"https:\/\/api.w.org\/{rel}","templated":true}]}}