{"id":378019,"date":"2025-08-21T19:07:57","date_gmt":"2025-08-21T22:07:57","guid":{"rendered":"https:\/\/navegacionpatagonia.com.ar\/producto\/navegacion-por-nahuel-huapi-isla-victoria-y-bosque-de-arrayanes-sin-transporte\/"},"modified":"2026-04-06T10:26:41","modified_gmt":"2026-04-06T13:26:41","slug":"navegacion-por-nahuel-huapi-isla-victoria-y-bosque-de-arrayanes-sin-transporte","status":"publish","type":"product","link":"https:\/\/navegacionpatagonia.com.ar\/en\/product\/navigation-on-nahuel-huapi-victoria-island-and-myrtle-forest-without-transportation\/","title":{"rendered":"Navigation in Nahuel Huapi: Victoria Island and Arrayanes Forest without transport"},"content":{"rendered":"<h3 class=\"ai-optimize-6\" data-start=\"304\" data-end=\"381\">An unmissable Patagonian experience, supported by Bariloche Excursiones<\/h3>\n<p class=\"ai-optimize-7 ai-optimize-introduction\" data-start=\"383\" data-end=\"761\">Cross the Nahuel Huapi Lake and connect with the essence of two regional icons: the majestic Victoria Island and the legendary Arrayanes Forest. This alternative, designed for those who are in Bariloche and choose to reach Puerto Pa\u00f1uelo by their own means, offers total flexibility and assures you the professional treatment of our expert team.<\/p>\n<h3 class=\"ai-optimize-8\" data-start=\"763\" data-end=\"808\">Tour and main points of interest<\/h3>\n<p class=\"ai-optimize-9\" data-start=\"810\" data-end=\"1136\">The tour starts at <strong data-start=\"832\" data-end=\"850\">Puerto Pa\u00f1uelo<\/strong>, at km 25 of Bustillo Avenue. There you get on a panoramic catamaran and the crossing of the Nahuel Huapi Lake begins. The first point is the <strong data-start=\"1006\" data-end=\"1032\">Quetrihu\u00e9 Peninsula<\/strong>, where you can walk along well-maintained trails in the only existing myrtle forest.<\/p>\n<p class=\"ai-optimize-10\" data-start=\"1138\" data-end=\"1365\">The visit continues to <strong data-start=\"1166\" data-end=\"1183\">Victoria Island<\/strong>, an exceptional natural site with trails to explore all the way to the <strong data-start=\"1246\" data-end=\"1264\">El Toro Beach<\/strong>, The area is a unique environment with volcanic sands and ancestral vestiges, such as cave paintings.<\/p>\n<h3 class=\"ai-optimize-11\" data-start=\"1367\" data-end=\"1387\">Useful information<\/h3>\n<ul data-start=\"1389\" data-end=\"1663\">\n<li class=\"ai-optimize-12\" data-start=\"1389\" data-end=\"1435\">\n<p class=\"ai-optimize-13\" data-start=\"1391\" data-end=\"1435\"><strong data-start=\"1391\" data-end=\"1412\">Estimated duration<\/strong>: from 13:00 to 18:30 hs.<\/p>\n<\/li>\n<li class=\"ai-optimize-14\" data-start=\"1436\" data-end=\"1521\">\n<p class=\"ai-optimize-15\" data-start=\"1438\" data-end=\"1521\"><strong data-start=\"1438\" data-end=\"1449\">Includes<\/strong>Catamaran trip and professional guide accompaniment during the whole experience.<\/p>\n<\/li>\n<li class=\"ai-optimize-16\" data-start=\"1522\" data-end=\"1663\">\n<p class=\"ai-optimize-17\" data-start=\"1524\" data-end=\"1663\"><strong data-start=\"1524\" data-end=\"1538\">Does not include<\/strong>Transportation to Puerto Pa\u00f1uelo, boarding fees and entrance fee to the National Park, meals (there are alternatives on the boat and on the island).<\/p>\n<\/li>\n<\/ul>\n<h3 class=\"ai-optimize-18\" data-start=\"1665\" data-end=\"1694\">How to get there on your own<\/h3>\n<p class=\"ai-optimize-19\" data-start=\"1696\" data-end=\"1943\">Puerto Pa\u00f1uelo is only 30 minutes from downtown Bariloche, on km 25 of Bustillo Avenue. You have the option of going by car, remis or bus. When booking, we provide you with the information to make the access simple and practical.<\/p>\n<h3 class=\"ai-optimize-20\" data-start=\"1950\" data-end=\"1974\">Frequently Asked Questions<\/h3>\n<p class=\"ai-optimize-21\" data-start=\"1976\" data-end=\"2212\"><strong data-start=\"1976\" data-end=\"2028\">Where do I pay the Park and boarding fees?<\/strong><br data-start=\"2028\" data-end=\"2031\" \/>They are paid in cash the same day you arrive at Puerto Pa\u00f1uelo. Exempted are the inhabitants of Bariloche, people with disabilities, children under 6 years old and Argentinean pensioners.<\/p>\n<p class=\"ai-optimize-22\" data-start=\"2214\" data-end=\"2368\"><strong data-start=\"2214\" data-end=\"2260\">Are there any benefits for foreign tourists?<\/strong><br data-start=\"2260\" data-end=\"2263\" \/>No. Discounts on fees apply only to residents of Argentina who present the corresponding accreditation.<\/p>\n<p class=\"ai-optimize-23\" data-start=\"2370\" data-end=\"2524\"><strong data-start=\"2370\" data-end=\"2402\">Which vessel is used?<\/strong><br data-start=\"2402\" data-end=\"2405\" \/>It is usually navigated in the classic <strong data-start=\"2457\" data-end=\"2477\">Modesta Victoria<\/strong>, although it may vary according to availability.<\/p>\n<p class=\"ai-optimize-24\" data-start=\"2526\" data-end=\"2689\"><strong data-start=\"2526\" data-end=\"2587\">Can I bring food or are there options during the tour?<\/strong><br data-start=\"2587\" data-end=\"2590\" \/>You can bring your own lunch or buy food and beverages on the catamaran or at Victoria Island.<\/p>","protected":false},"excerpt":{"rendered":"<p class=\"ai-optimize-6\">I lived an unforgettable experience in the <strong>Victoria Island<\/strong> and the <strong>Arrayanes Forest<\/strong>, located in the imposing Patagonia. Admire the splendor of the <strong>Nahuel Huapi Lake<\/strong> walking through trails surrounded by nature and discovering traces of ancient cultures. Take advantage of this unique opportunity in a dreamed environment.<\/p>","protected":false},"featured_media":377132,"comment_status":"open","ping_status":"closed","template":"","meta":[],"product_brand":[],"product_cat":[62,67,70,71,73,77,78,82],"product_tag":[],"class_list":{"0":"post-378019","1":"product","2":"type-product","3":"status-publish","4":"has-post-thumbnail","6":"product_cat-adultos","7":"product_cat-familia","8":"product_cat-jubilados","9":"product_cat-lacustre","10":"product_cat-ninos","11":"product_cat-sin-comida","12":"product_cat-sin-traslado","13":"product_cat-todo-el-ano","15":"first","16":"instock","17":"virtual","18":"sold-individually","19":"purchasable","20":"product-type-booking"},"booking_location":"","booking_location_type":"","booking_duration":60,"booking_duration_unit":"minute","booking_buffer":0,"booking_cost":0,"booking_resources":[],"exclude_global_add_ons":false,"addons":[{"name":"ADU | Adult","type":"input_multiplier","position":0,"required":false,"title_format":"label","default":"","description_enable":false,"description":"","placeholder_enable":false,"placeholder":"","display":"select","restrictions_type":"any_text","adjust_price":true,"price":"136000","price_type":"quantity_based","restrictions":false,"min":"0","max":"0","options":[],"id":1775471201},{"name":"MEN512 | from 5 to 12","type":"input_multiplier","position":1,"required":false,"title_format":"label","default":"","description_enable":false,"description":"","placeholder_enable":false,"placeholder":"","display":"select","restrictions_type":"any_text","adjust_price":true,"price":"70000","price_type":"quantity_based","restrictions":false,"min":"0","max":"0","options":[],"id":1775471202},{"name":"ADUJ : Retired","type":"input_multiplier","position":2,"required":false,"title_format":"label","default":"","description_enable":false,"description":"","placeholder_enable":false,"placeholder":"","display":"select","restrictions_type":"any_text","adjust_price":true,"price":"70000","price_type":"quantity_based","restrictions":false,"min":"0","max":"0","options":[],"id":1775471203}],"yoast_head":"<!-- This site is optimized with the Yoast SEO Premium plugin v25.2 (Yoast SEO v25.2) - https:\/\/yoast.com\/wordpress\/plugins\/seo\/ -->\n<title>Isla Victoria y Bosque de Arrayanes | Navegaci\u00f3n Nahuel Huapi - Navegacion Patagonia<\/title>\n<meta name=\"description\" content=\"Naveg\u00e1 el Nahuel Huapi hacia Isla Victoria y el Bosque de Arrayanes. Una excursi\u00f3n \u00fanica entre paisajes patag\u00f3nicos sin transporte incluido.\" \/>\n<meta name=\"robots\" content=\"index, follow, max-snippet:-1, max-image-preview:large, max-video-preview:-1\" \/>\n<link rel=\"canonical\" href=\"https:\/\/navegacionpatagonia.com.ar\/en\/product\/navigation-on-nahuel-huapi-victoria-island-and-myrtle-forest-without-transportation\/\" \/>\n<meta property=\"og:locale\" content=\"en_US\" \/>\n<meta property=\"og:type\" content=\"article\" \/>\n<meta property=\"og:title\" content=\"Navegaci\u00f3n por Nahuel Huapi: Isla Victoria y Bosque de Arrayanes sin transporte\" \/>\n<meta property=\"og:description\" content=\"Naveg\u00e1 el Nahuel Huapi hacia Isla Victoria y el Bosque de Arrayanes. Una excursi\u00f3n \u00fanica entre paisajes patag\u00f3nicos sin transporte incluido.\" \/>\n<meta property=\"og:url\" content=\"https:\/\/navegacionpatagonia.com.ar\/en\/product\/navigation-on-nahuel-huapi-victoria-island-and-myrtle-forest-without-transportation\/\" \/>\n<meta property=\"og:site_name\" content=\"Navegacion Patagonia\" \/>\n<meta property=\"article:modified_time\" content=\"2026-04-06T13:26:41+00:00\" \/>\n<meta property=\"og:image\" content=\"https:\/\/navegacionpatagonia.com.ar\/wp-content\/uploads\/sites\/8\/2025\/03\/IslaVictoriayBosquedeArrayanes_image4_1140_1601416939.jpg\" \/>\n\t<meta property=\"og:image:width\" content=\"1140\" \/>\n\t<meta property=\"og:image:height\" content=\"855\" \/>\n\t<meta property=\"og:image:type\" content=\"image\/jpeg\" \/>\n<meta name=\"twitter:card\" content=\"summary_large_image\" \/>\n<meta name=\"twitter:label1\" content=\"Price\" \/>\n\t<meta name=\"twitter:data1\" content=\"&#036;163,200.00\" \/>\n\t<meta name=\"twitter:label2\" content=\"Availability\" \/>\n\t<meta name=\"twitter:data2\" content=\"In stock\" \/>\n<script type=\"application\/ld+json\" class=\"yoast-schema-graph\">{\"@context\":\"https:\/\/schema.org\",\"@graph\":[{\"@type\":\"WebPage\",\"@id\":\"https:\/\/navegacionpatagonia.com.ar\/producto\/navegacion-por-nahuel-huapi-isla-victoria-y-bosque-de-arrayanes-sin-transporte\/\",\"url\":\"https:\/\/navegacionpatagonia.com.ar\/producto\/navegacion-por-nahuel-huapi-isla-victoria-y-bosque-de-arrayanes-sin-transporte\/\",\"name\":\"Isla Victoria y Bosque de Arrayanes | Navegaci\u00f3n Nahuel Huapi - Navegacion Patagonia\",\"isPartOf\":{\"@id\":\"https:\/\/navegacionpatagonia.com.ar\/#website\"},\"primaryImageOfPage\":{\"@id\":\"https:\/\/navegacionpatagonia.com.ar\/producto\/navegacion-por-nahuel-huapi-isla-victoria-y-bosque-de-arrayanes-sin-transporte\/#primaryimage\"},\"image\":{\"@id\":\"https:\/\/navegacionpatagonia.com.ar\/producto\/navegacion-por-nahuel-huapi-isla-victoria-y-bosque-de-arrayanes-sin-transporte\/#primaryimage\"},\"thumbnailUrl\":\"https:\/\/navegacionpatagonia.com.ar\/wp-content\/uploads\/sites\/8\/2025\/03\/IslaVictoriayBosquedeArrayanes_image4_1140_1601416939.jpg\",\"datePublished\":\"2025-08-21T22:07:57+00:00\",\"dateModified\":\"2026-04-06T13:26:41+00:00\",\"description\":\"Naveg\u00e1 el Nahuel Huapi hacia Isla Victoria y el Bosque de Arrayanes. Una excursi\u00f3n \u00fanica entre paisajes patag\u00f3nicos sin transporte incluido.\",\"breadcrumb\":{\"@id\":\"https:\/\/navegacionpatagonia.com.ar\/producto\/navegacion-por-nahuel-huapi-isla-victoria-y-bosque-de-arrayanes-sin-transporte\/#breadcrumb\"},\"inLanguage\":\"en-US\",\"potentialAction\":[{\"@type\":\"ReadAction\",\"target\":[\"https:\/\/navegacionpatagonia.com.ar\/producto\/navegacion-por-nahuel-huapi-isla-victoria-y-bosque-de-arrayanes-sin-transporte\/\"]}]},{\"@type\":\"ImageObject\",\"inLanguage\":\"en-US\",\"@id\":\"https:\/\/navegacionpatagonia.com.ar\/producto\/navegacion-por-nahuel-huapi-isla-victoria-y-bosque-de-arrayanes-sin-transporte\/#primaryimage\",\"url\":\"https:\/\/navegacionpatagonia.com.ar\/wp-content\/uploads\/sites\/8\/2025\/03\/IslaVictoriayBosquedeArrayanes_image4_1140_1601416939.jpg\",\"contentUrl\":\"https:\/\/navegacionpatagonia.com.ar\/wp-content\/uploads\/sites\/8\/2025\/03\/IslaVictoriayBosquedeArrayanes_image4_1140_1601416939.jpg\",\"width\":1140,\"height\":855},{\"@type\":\"BreadcrumbList\",\"@id\":\"https:\/\/navegacionpatagonia.com.ar\/producto\/navegacion-por-nahuel-huapi-isla-victoria-y-bosque-de-arrayanes-sin-transporte\/#breadcrumb\",\"itemListElement\":[{\"@type\":\"ListItem\",\"position\":1,\"name\":\"Inicio\",\"item\":\"https:\/\/navegacionpatagonia.com.ar\/\"},{\"@type\":\"ListItem\",\"position\":2,\"name\":\"Tienda\",\"item\":\"https:\/\/navegacionpatagonia.com.ar\/tienda\/\"},{\"@type\":\"ListItem\",\"position\":3,\"name\":\"Navegaci\u00f3n por Nahuel Huapi: Isla Victoria y Bosque de Arrayanes sin transporte\"}]},{\"@type\":\"WebSite\",\"@id\":\"https:\/\/navegacionpatagonia.com.ar\/#website\",\"url\":\"https:\/\/navegacionpatagonia.com.ar\/\",\"name\":\"Navegacion Patagonia\",\"description\":\"\",\"potentialAction\":[{\"@type\":\"SearchAction\",\"target\":{\"@type\":\"EntryPoint\",\"urlTemplate\":\"https:\/\/navegacionpatagonia.com.ar\/?s={search_term_string}\"},\"query-input\":{\"@type\":\"PropertyValueSpecification\",\"valueRequired\":true,\"valueName\":\"search_term_string\"}}],\"inLanguage\":\"en-US\"}]}<\/script>\n<meta property=\"product:price:amount\" content=\"163200.00\" \/>\n<meta property=\"product:price:currency\" content=\"ARS\" \/>\n<meta property=\"og:availability\" content=\"instock\" \/>\n<meta property=\"product:availability\" content=\"instock\" \/>\n<meta property=\"product:retailer_item_id\" content=\"ADV2025ISVIYB4A10\" \/>\n<meta property=\"product:condition\" content=\"new\" \/>\n<!-- \/ Yoast SEO Premium plugin. -->","yoast_head_json":{"title":"Victoria Island and Arrayanes Forest | Nahuel Huapi Navigation - Patagonia Navigation","description":"Navigate the Nahuel Huapi towards Victoria Island and the Arrayanes Forest. A unique excursion among Patagonian landscapes without transportation included.","robots":{"index":"index","follow":"follow","max-snippet":"max-snippet:-1","max-image-preview":"max-image-preview:large","max-video-preview":"max-video-preview:-1"},"canonical":"https:\/\/navegacionpatagonia.com.ar\/en\/product\/navigation-on-nahuel-huapi-victoria-island-and-myrtle-forest-without-transportation\/","og_locale":"en_US","og_type":"article","og_title":"Navegaci\u00f3n por Nahuel Huapi: Isla Victoria y Bosque de Arrayanes sin transporte","og_description":"Naveg\u00e1 el Nahuel Huapi hacia Isla Victoria y el Bosque de Arrayanes. Una excursi\u00f3n \u00fanica entre paisajes patag\u00f3nicos sin transporte incluido.","og_url":"https:\/\/navegacionpatagonia.com.ar\/en\/product\/navigation-on-nahuel-huapi-victoria-island-and-myrtle-forest-without-transportation\/","og_site_name":"Navegacion Patagonia","article_modified_time":"2026-04-06T13:26:41+00:00","og_image":[{"width":1140,"height":855,"url":"https:\/\/navegacionpatagonia.com.ar\/wp-content\/uploads\/sites\/8\/2025\/03\/IslaVictoriayBosquedeArrayanes_image4_1140_1601416939.jpg","type":"image\/jpeg"}],"twitter_card":"summary_large_image","twitter_misc":{"Price":"&#36;163,200.00","Availability":"In stock"},"schema":{"@context":"https:\/\/schema.org","@graph":[{"@type":"WebPage","@id":"https:\/\/navegacionpatagonia.com.ar\/producto\/navegacion-por-nahuel-huapi-isla-victoria-y-bosque-de-arrayanes-sin-transporte\/","url":"https:\/\/navegacionpatagonia.com.ar\/producto\/navegacion-por-nahuel-huapi-isla-victoria-y-bosque-de-arrayanes-sin-transporte\/","name":"Victoria Island and Arrayanes Forest | Nahuel Huapi Navigation - Patagonia Navigation","isPartOf":{"@id":"https:\/\/navegacionpatagonia.com.ar\/#website"},"primaryImageOfPage":{"@id":"https:\/\/navegacionpatagonia.com.ar\/producto\/navegacion-por-nahuel-huapi-isla-victoria-y-bosque-de-arrayanes-sin-transporte\/#primaryimage"},"image":{"@id":"https:\/\/navegacionpatagonia.com.ar\/producto\/navegacion-por-nahuel-huapi-isla-victoria-y-bosque-de-arrayanes-sin-transporte\/#primaryimage"},"thumbnailUrl":"https:\/\/navegacionpatagonia.com.ar\/wp-content\/uploads\/sites\/8\/2025\/03\/IslaVictoriayBosquedeArrayanes_image4_1140_1601416939.jpg","datePublished":"2025-08-21T22:07:57+00:00","dateModified":"2026-04-06T13:26:41+00:00","description":"Navigate the Nahuel Huapi towards Victoria Island and the Arrayanes Forest. A unique excursion among Patagonian landscapes without transportation included.","breadcrumb":{"@id":"https:\/\/navegacionpatagonia.com.ar\/producto\/navegacion-por-nahuel-huapi-isla-victoria-y-bosque-de-arrayanes-sin-transporte\/#breadcrumb"},"inLanguage":"en-US","potentialAction":[{"@type":"ReadAction","target":["https:\/\/navegacionpatagonia.com.ar\/producto\/navegacion-por-nahuel-huapi-isla-victoria-y-bosque-de-arrayanes-sin-transporte\/"]}]},{"@type":"ImageObject","inLanguage":"en-US","@id":"https:\/\/navegacionpatagonia.com.ar\/producto\/navegacion-por-nahuel-huapi-isla-victoria-y-bosque-de-arrayanes-sin-transporte\/#primaryimage","url":"https:\/\/navegacionpatagonia.com.ar\/wp-content\/uploads\/sites\/8\/2025\/03\/IslaVictoriayBosquedeArrayanes_image4_1140_1601416939.jpg","contentUrl":"https:\/\/navegacionpatagonia.com.ar\/wp-content\/uploads\/sites\/8\/2025\/03\/IslaVictoriayBosquedeArrayanes_image4_1140_1601416939.jpg","width":1140,"height":855},{"@type":"BreadcrumbList","@id":"https:\/\/navegacionpatagonia.com.ar\/producto\/navegacion-por-nahuel-huapi-isla-victoria-y-bosque-de-arrayanes-sin-transporte\/#breadcrumb","itemListElement":[{"@type":"ListItem","position":1,"name":"Inicio","item":"https:\/\/navegacionpatagonia.com.ar\/"},{"@type":"ListItem","position":2,"name":"Tienda","item":"https:\/\/navegacionpatagonia.com.ar\/tienda\/"},{"@type":"ListItem","position":3,"name":"Navegaci\u00f3n por Nahuel Huapi: Isla Victoria y Bosque de Arrayanes sin transporte"}]},{"@type":"WebSite","@id":"https:\/\/navegacionpatagonia.com.ar\/#website","url":"https:\/\/navegacionpatagonia.com.ar\/","name":"Patagonia Navigation","description":"","potentialAction":[{"@type":"SearchAction","target":{"@type":"EntryPoint","urlTemplate":"https:\/\/navegacionpatagonia.com.ar\/?s={search_term_string}"},"query-input":{"@type":"PropertyValueSpecification","valueRequired":true,"valueName":"search_term_string"}}],"inLanguage":"en-US"}]},"product_price_amount":"163200.00","product_price_currency":"ARS","og_availability":"instock","product_availability":"instock","product_retailer_item_id":"ADV2025ISVIYB4A10","product_condition":"new"},"_links":{"self":[{"href":"https:\/\/navegacionpatagonia.com.ar\/en\/wp-json\/wp\/v2\/product\/378019","targetHints":{"allow":["GET"]}}],"collection":[{"href":"https:\/\/navegacionpatagonia.com.ar\/en\/wp-json\/wp\/v2\/product"}],"about":[{"href":"https:\/\/navegacionpatagonia.com.ar\/en\/wp-json\/wp\/v2\/types\/product"}],"replies":[{"embeddable":true,"href":"https:\/\/navegacionpatagonia.com.ar\/en\/wp-json\/wp\/v2\/comments?post=378019"}],"wp:featuredmedia":[{"embeddable":true,"href":"https:\/\/navegacionpatagonia.com.ar\/en\/wp-json\/wp\/v2\/media\/377132"}],"wp:attachment":[{"href":"https:\/\/navegacionpatagonia.com.ar\/en\/wp-json\/wp\/v2\/media?parent=378019"}],"wp:term":[{"taxonomy":"product_brand","embeddable":true,"href":"https:\/\/navegacionpatagonia.com.ar\/en\/wp-json\/wp\/v2\/product_brand?post=378019"},{"taxonomy":"product_cat","embeddable":true,"href":"https:\/\/navegacionpatagonia.com.ar\/en\/wp-json\/wp\/v2\/product_cat?post=378019"},{"taxonomy":"product_tag","embeddable":true,"href":"https:\/\/navegacionpatagonia.com.ar\/en\/wp-json\/wp\/v2\/product_tag?post=378019"}],"curies":[{"name":"wp","href":"https:\/\/api.w.org\/{rel}","templated":true}]}}