{"id":378009,"date":"2025-08-21T19:01:21","date_gmt":"2025-08-21T22:01:21","guid":{"rendered":"https:\/\/navegacionpatagonia.com.ar\/producto\/rafting-en-frontera-con-chile-con-traslado\/"},"modified":"2026-03-09T16:20:37","modified_gmt":"2026-03-09T19:20:37","slug":"rafting-en-frontera-con-chile-con-traslado","status":"publish","type":"product","link":"https:\/\/navegacionpatagonia.com.ar\/en\/product\/rafting-in-border-with-chile-with-transfer\/","title":{"rendered":"Rafting on the Chilean border with transfer"},"content":{"rendered":"<h2 class=\"ai-optimize-6\">Live an Unforgettable Rafting Adventure in the Manso River<\/h2>\n<p class=\"ai-optimize-7 ai-optimize-introduction\">I felt the <strong>intense thrill of rafting<\/strong> while you travel along the majestic Manso River, a scenery of <strong>natural landscapes<\/strong> and constant challenge. This crossing, with rapids of levels 3 and 4, ends at the <strong>border with Chile<\/strong>, generating an exceptional experience full of adrenaline and unique views.<\/p>\n<h3 class=\"ai-optimize-8\">Activity Plan<\/h3>\n<ul>\n<li class=\"ai-optimize-9\"><strong>Start time:<\/strong> Departure starts at 8:00 a.m. from downtown San Carlos de Bariloche.<\/li>\n<li class=\"ai-optimize-11\"><strong>Provision of equipment:<\/strong> We provide you with wetsuits, helmets and life jackets, delivered by our professional guides.<\/li>\n<li class=\"ai-optimize-12\"><strong>Duration of the tour:<\/strong> You will paddle against the rapids in a stretch of 11 km, with an approximate duration of 2 hours.<\/li>\n<li class=\"ai-optimize-13\"><strong>Lunch option:<\/strong> At the end of the rafting, opt for a barbecue or different salads, subject to additional cost.<\/li>\n<li class=\"ai-optimize-14\"><strong>Guaranteed safety:<\/strong> Safety kayakers accompany you throughout the tour for peace of mind.<\/li>\n<\/ul>\n<h3 class=\"ai-optimize-15\">Essential Information<\/h3>\n<ul>\n<li class=\"ai-optimize-16\"><strong>Recommendations:<\/strong> We recommend bringing a towel and a change of clothes.<\/li>\n<li class=\"ai-optimize-17\"><strong>Age restriction:<\/strong> This activity is open to people from 14 years of age.<\/li>\n<\/ul>\n<h3 class=\"ai-optimize-18\">Schedules<\/h3>\n<p class=\"ai-optimize-19\">The tour starts at 8:00 am and ends at approximately 6:00 pm.<\/p>\n<h3 class=\"ai-optimize-20\">Includes<\/h3>\n<ul>\n<li class=\"ai-optimize-21\">Rafting from start to finish<\/li>\n<li class=\"ai-optimize-23\">Equipment included: wetsuit, safety vest, waterproof jacket, neoprene boots, paddles and helmets.<\/li>\n<\/ul>\n<h3 class=\"ai-optimize-24\">Frequently Asked Questions<\/h3>\n<h4 class=\"ai-optimize-25\">Is it possible to arrive on my own?<\/h4>\n<div class=\"post__header\"><\/div>\n<div id=\"965rk1tqybbdtxwubw3trm1z4h_message\" class=\"post__body\">\n<div class=\"AutoHeight\">\n<div>\n<div class=\"post-message post-message--collapsed\">\n<div class=\"post-message__text-container\">\n<div id=\"postMessageText_965rk1tqybbdtxwubw3trm1z4h\" class=\"post-message__text\" dir=\"auto\">\n<p class=\"ai-optimize-6\">If you decide to hire the option without transfer, you must show up at our stop where the rafting excursion takes place at the Villegas Base, Route 83 Km 1. <a class=\"theme markdown__link\" href=\"https:\/\/maps.app.goo.gl\/NqbsUN6VB5Fnt7hVA\" target=\"_blank\" rel=\"noopener noreferrer\">https:\/\/maps.app.goo.gl\/NqbsUN6VB5Fnt7hVA<\/a> this is the link to the location of the parador.<\/p>\n<\/div>\n<\/div>\n<\/div>\n<\/div>\n<\/div>\n<\/div>\n<h4 class=\"ai-optimize-27\">Are non-participating companions allowed to attend?<\/h4>\n<p class=\"ai-optimize-28\">Yes, those accompanying can spend the day by the river paying only the 50% fee, no rafting required.<\/p>","protected":false},"excerpt":{"rendered":"<p class=\"ai-optimize-29\">Viva una <strong>unique rafting experience<\/strong> on the border with Chile. Dare to ride the thrilling rapids of the <strong>Manso River<\/strong> and take advantage of an energetic breakfast, complete equipment and the protection of expert kayak guides. Ideal for those who want a deep experience with nature.<\/p>","protected":false},"featured_media":377822,"comment_status":"open","ping_status":"closed","template":"","meta":[],"product_brand":[],"product_cat":[62,64,66,67,74,75,77,83],"product_tag":[],"class_list":{"0":"post-378009","1":"product","2":"type-product","3":"status-publish","4":"has-post-thumbnail","6":"product_cat-adultos","7":"product_cat-aventura","8":"product_cat-con-traslado","9":"product_cat-familia","10":"product_cat-otono","11":"product_cat-primavera","12":"product_cat-sin-comida","13":"product_cat-verano","15":"first","16":"instock","17":"virtual","18":"sold-individually","19":"purchasable","20":"product-type-booking"},"booking_location":"","booking_location_type":"","booking_duration":1,"booking_duration_unit":"hour","booking_buffer":0,"booking_cost":0,"booking_resources":[],"exclude_global_add_ons":[],"addons":[],"yoast_head":"<!-- This site is optimized with the Yoast SEO Premium plugin v25.2 (Yoast SEO v25.2) - https:\/\/yoast.com\/wordpress\/plugins\/seo\/ -->\n<title>Rafting en frontera con Chile con traslado - Navegacion Patagonia<\/title>\n<meta name=\"description\" content=\"Viv\u00ed la aventura del rafting hasta la frontera con Chile. Excursi\u00f3n desde Bariloche con r\u00e1pidos emocionantes, gu\u00edas expertos y paisajes \u00fanicos.\" \/>\n<meta name=\"robots\" content=\"index, follow, max-snippet:-1, max-image-preview:large, max-video-preview:-1\" \/>\n<link rel=\"canonical\" href=\"https:\/\/navegacionpatagonia.com.ar\/en\/product\/rafting-in-border-with-chile-with-transfer\/\" \/>\n<meta property=\"og:locale\" content=\"en_US\" \/>\n<meta property=\"og:type\" content=\"article\" \/>\n<meta property=\"og:title\" content=\"Rafting en frontera con Chile con traslado\" \/>\n<meta property=\"og:description\" content=\"Viv\u00ed la aventura del rafting hasta la frontera con Chile. Excursi\u00f3n desde Bariloche con r\u00e1pidos emocionantes, gu\u00edas expertos y paisajes \u00fanicos.\" \/>\n<meta property=\"og:url\" content=\"https:\/\/navegacionpatagonia.com.ar\/en\/product\/rafting-in-border-with-chile-with-transfer\/\" \/>\n<meta property=\"og:site_name\" content=\"Navegacion Patagonia\" \/>\n<meta property=\"article:modified_time\" content=\"2026-03-09T19:20:37+00:00\" \/>\n<meta property=\"og:image\" content=\"https:\/\/navegacionpatagonia.com.ar\/wp-content\/uploads\/sites\/8\/2025\/03\/RaftingLightrioManso_image4_1140_1601836150.jpg\" \/>\n\t<meta property=\"og:image:width\" content=\"1140\" \/>\n\t<meta property=\"og:image:height\" content=\"855\" \/>\n\t<meta property=\"og:image:type\" content=\"image\/jpeg\" \/>\n<meta name=\"twitter:card\" content=\"summary_large_image\" \/>\n<meta name=\"twitter:label1\" content=\"Price\" \/>\n\t<meta name=\"twitter:data1\" content=\"&#036;155,400.00\" \/>\n\t<meta name=\"twitter:label2\" content=\"Availability\" \/>\n\t<meta name=\"twitter:data2\" content=\"In stock\" \/>\n<script type=\"application\/ld+json\" class=\"yoast-schema-graph\">{\"@context\":\"https:\/\/schema.org\",\"@graph\":[{\"@type\":\"WebPage\",\"@id\":\"https:\/\/navegacionpatagonia.com.ar\/producto\/rafting-en-frontera-con-chile-con-traslado\/\",\"url\":\"https:\/\/navegacionpatagonia.com.ar\/producto\/rafting-en-frontera-con-chile-con-traslado\/\",\"name\":\"Rafting en frontera con Chile con traslado - Navegacion Patagonia\",\"isPartOf\":{\"@id\":\"https:\/\/navegacionpatagonia.com.ar\/#website\"},\"primaryImageOfPage\":{\"@id\":\"https:\/\/navegacionpatagonia.com.ar\/producto\/rafting-en-frontera-con-chile-con-traslado\/#primaryimage\"},\"image\":{\"@id\":\"https:\/\/navegacionpatagonia.com.ar\/producto\/rafting-en-frontera-con-chile-con-traslado\/#primaryimage\"},\"thumbnailUrl\":\"https:\/\/navegacionpatagonia.com.ar\/wp-content\/uploads\/sites\/8\/2025\/03\/RaftingLightrioManso_image4_1140_1601836150.jpg\",\"datePublished\":\"2025-08-21T22:01:21+00:00\",\"dateModified\":\"2026-03-09T19:20:37+00:00\",\"description\":\"Viv\u00ed la aventura del rafting hasta la frontera con Chile. Excursi\u00f3n desde Bariloche con r\u00e1pidos emocionantes, gu\u00edas expertos y paisajes \u00fanicos.\",\"breadcrumb\":{\"@id\":\"https:\/\/navegacionpatagonia.com.ar\/producto\/rafting-en-frontera-con-chile-con-traslado\/#breadcrumb\"},\"inLanguage\":\"en-US\",\"potentialAction\":[{\"@type\":\"ReadAction\",\"target\":[\"https:\/\/navegacionpatagonia.com.ar\/producto\/rafting-en-frontera-con-chile-con-traslado\/\"]}]},{\"@type\":\"ImageObject\",\"inLanguage\":\"en-US\",\"@id\":\"https:\/\/navegacionpatagonia.com.ar\/producto\/rafting-en-frontera-con-chile-con-traslado\/#primaryimage\",\"url\":\"https:\/\/navegacionpatagonia.com.ar\/wp-content\/uploads\/sites\/8\/2025\/03\/RaftingLightrioManso_image4_1140_1601836150.jpg\",\"contentUrl\":\"https:\/\/navegacionpatagonia.com.ar\/wp-content\/uploads\/sites\/8\/2025\/03\/RaftingLightrioManso_image4_1140_1601836150.jpg\",\"width\":1140,\"height\":855},{\"@type\":\"BreadcrumbList\",\"@id\":\"https:\/\/navegacionpatagonia.com.ar\/producto\/rafting-en-frontera-con-chile-con-traslado\/#breadcrumb\",\"itemListElement\":[{\"@type\":\"ListItem\",\"position\":1,\"name\":\"Inicio\",\"item\":\"https:\/\/navegacionpatagonia.com.ar\/\"},{\"@type\":\"ListItem\",\"position\":2,\"name\":\"Tienda\",\"item\":\"https:\/\/navegacionpatagonia.com.ar\/tienda\/\"},{\"@type\":\"ListItem\",\"position\":3,\"name\":\"Rafting en frontera con Chile con traslado\"}]},{\"@type\":\"WebSite\",\"@id\":\"https:\/\/navegacionpatagonia.com.ar\/#website\",\"url\":\"https:\/\/navegacionpatagonia.com.ar\/\",\"name\":\"Navegacion Patagonia\",\"description\":\"\",\"potentialAction\":[{\"@type\":\"SearchAction\",\"target\":{\"@type\":\"EntryPoint\",\"urlTemplate\":\"https:\/\/navegacionpatagonia.com.ar\/?s={search_term_string}\"},\"query-input\":{\"@type\":\"PropertyValueSpecification\",\"valueRequired\":true,\"valueName\":\"search_term_string\"}}],\"inLanguage\":\"en-US\"}]}<\/script>\n<meta property=\"product:price:amount\" content=\"155400.00\" \/>\n<meta property=\"product:price:currency\" content=\"ARS\" \/>\n<meta property=\"og:availability\" content=\"instock\" \/>\n<meta property=\"product:availability\" content=\"instock\" \/>\n<meta property=\"product:retailer_item_id\" content=\"ADV2025RAALL\u00cd7HIR\" \/>\n<meta property=\"product:condition\" content=\"new\" \/>\n<!-- \/ Yoast SEO Premium plugin. -->","yoast_head_json":{"title":"Rafting on the Chilean border with transfer - Navegacion Patagonia","description":"Live the adventure of rafting to the border with Chile. Excursion from Bariloche with exciting rapids, expert guides and unique landscapes.","robots":{"index":"index","follow":"follow","max-snippet":"max-snippet:-1","max-image-preview":"max-image-preview:large","max-video-preview":"max-video-preview:-1"},"canonical":"https:\/\/navegacionpatagonia.com.ar\/en\/product\/rafting-in-border-with-chile-with-transfer\/","og_locale":"en_US","og_type":"article","og_title":"Rafting en frontera con Chile con traslado","og_description":"Viv\u00ed la aventura del rafting hasta la frontera con Chile. Excursi\u00f3n desde Bariloche con r\u00e1pidos emocionantes, gu\u00edas expertos y paisajes \u00fanicos.","og_url":"https:\/\/navegacionpatagonia.com.ar\/en\/product\/rafting-in-border-with-chile-with-transfer\/","og_site_name":"Navegacion Patagonia","article_modified_time":"2026-03-09T19:20:37+00:00","og_image":[{"width":1140,"height":855,"url":"https:\/\/navegacionpatagonia.com.ar\/wp-content\/uploads\/sites\/8\/2025\/03\/RaftingLightrioManso_image4_1140_1601836150.jpg","type":"image\/jpeg"}],"twitter_card":"summary_large_image","twitter_misc":{"Price":"&#36;155,400.00","Availability":"In stock"},"schema":{"@context":"https:\/\/schema.org","@graph":[{"@type":"WebPage","@id":"https:\/\/navegacionpatagonia.com.ar\/producto\/rafting-en-frontera-con-chile-con-traslado\/","url":"https:\/\/navegacionpatagonia.com.ar\/producto\/rafting-en-frontera-con-chile-con-traslado\/","name":"Rafting on the Chilean border with transfer - Navegacion Patagonia","isPartOf":{"@id":"https:\/\/navegacionpatagonia.com.ar\/#website"},"primaryImageOfPage":{"@id":"https:\/\/navegacionpatagonia.com.ar\/producto\/rafting-en-frontera-con-chile-con-traslado\/#primaryimage"},"image":{"@id":"https:\/\/navegacionpatagonia.com.ar\/producto\/rafting-en-frontera-con-chile-con-traslado\/#primaryimage"},"thumbnailUrl":"https:\/\/navegacionpatagonia.com.ar\/wp-content\/uploads\/sites\/8\/2025\/03\/RaftingLightrioManso_image4_1140_1601836150.jpg","datePublished":"2025-08-21T22:01:21+00:00","dateModified":"2026-03-09T19:20:37+00:00","description":"Live the adventure of rafting to the border with Chile. Excursion from Bariloche with exciting rapids, expert guides and unique landscapes.","breadcrumb":{"@id":"https:\/\/navegacionpatagonia.com.ar\/producto\/rafting-en-frontera-con-chile-con-traslado\/#breadcrumb"},"inLanguage":"en-US","potentialAction":[{"@type":"ReadAction","target":["https:\/\/navegacionpatagonia.com.ar\/producto\/rafting-en-frontera-con-chile-con-traslado\/"]}]},{"@type":"ImageObject","inLanguage":"en-US","@id":"https:\/\/navegacionpatagonia.com.ar\/producto\/rafting-en-frontera-con-chile-con-traslado\/#primaryimage","url":"https:\/\/navegacionpatagonia.com.ar\/wp-content\/uploads\/sites\/8\/2025\/03\/RaftingLightrioManso_image4_1140_1601836150.jpg","contentUrl":"https:\/\/navegacionpatagonia.com.ar\/wp-content\/uploads\/sites\/8\/2025\/03\/RaftingLightrioManso_image4_1140_1601836150.jpg","width":1140,"height":855},{"@type":"BreadcrumbList","@id":"https:\/\/navegacionpatagonia.com.ar\/producto\/rafting-en-frontera-con-chile-con-traslado\/#breadcrumb","itemListElement":[{"@type":"ListItem","position":1,"name":"Inicio","item":"https:\/\/navegacionpatagonia.com.ar\/"},{"@type":"ListItem","position":2,"name":"Tienda","item":"https:\/\/navegacionpatagonia.com.ar\/tienda\/"},{"@type":"ListItem","position":3,"name":"Rafting en frontera con Chile con traslado"}]},{"@type":"WebSite","@id":"https:\/\/navegacionpatagonia.com.ar\/#website","url":"https:\/\/navegacionpatagonia.com.ar\/","name":"Patagonia Navigation","description":"","potentialAction":[{"@type":"SearchAction","target":{"@type":"EntryPoint","urlTemplate":"https:\/\/navegacionpatagonia.com.ar\/?s={search_term_string}"},"query-input":{"@type":"PropertyValueSpecification","valueRequired":true,"valueName":"search_term_string"}}],"inLanguage":"en-US"}]},"product_price_amount":"155400.00","product_price_currency":"ARS","og_availability":"instock","product_availability":"instock","product_retailer_item_id":"ADV2025RAALL\u00cd7HIR","product_condition":"new"},"_links":{"self":[{"href":"https:\/\/navegacionpatagonia.com.ar\/en\/wp-json\/wp\/v2\/product\/378009","targetHints":{"allow":["GET"]}}],"collection":[{"href":"https:\/\/navegacionpatagonia.com.ar\/en\/wp-json\/wp\/v2\/product"}],"about":[{"href":"https:\/\/navegacionpatagonia.com.ar\/en\/wp-json\/wp\/v2\/types\/product"}],"replies":[{"embeddable":true,"href":"https:\/\/navegacionpatagonia.com.ar\/en\/wp-json\/wp\/v2\/comments?post=378009"}],"wp:featuredmedia":[{"embeddable":true,"href":"https:\/\/navegacionpatagonia.com.ar\/en\/wp-json\/wp\/v2\/media\/377822"}],"wp:attachment":[{"href":"https:\/\/navegacionpatagonia.com.ar\/en\/wp-json\/wp\/v2\/media?parent=378009"}],"wp:term":[{"taxonomy":"product_brand","embeddable":true,"href":"https:\/\/navegacionpatagonia.com.ar\/en\/wp-json\/wp\/v2\/product_brand?post=378009"},{"taxonomy":"product_cat","embeddable":true,"href":"https:\/\/navegacionpatagonia.com.ar\/en\/wp-json\/wp\/v2\/product_cat?post=378009"},{"taxonomy":"product_tag","embeddable":true,"href":"https:\/\/navegacionpatagonia.com.ar\/en\/wp-json\/wp\/v2\/product_tag?post=378009"}],"curies":[{"name":"wp","href":"https:\/\/api.w.org\/{rel}","templated":true}]}}