{"id":378008,"date":"2025-08-21T19:00:49","date_gmt":"2025-08-21T22:00:49","guid":{"rendered":"https:\/\/navegacionpatagonia.com.ar\/producto\/descenso-suave-en-el-rio-manso-sin-traslado\/"},"modified":"2026-03-09T16:20:55","modified_gmt":"2026-03-09T19:20:55","slug":"descenso-suave-en-el-rio-manso-sin-traslado","status":"publish","type":"product","link":"https:\/\/navegacionpatagonia.com.ar\/en\/product\/gentle-descent-on-the-manso-river-without-transfer\/","title":{"rendered":"Gentle Descent on the Manso River without Transfer"},"content":{"rendered":"<h2 class=\"ai-optimize-6\">Family Adventure on the Manso River<\/h2>\n<p class=\"ai-optimize-7 ai-optimize-introduction\">I lived a different experience with our option of <strong>light rafting on the Manso River<\/strong>, specially designed to share with the family. This water ride is safe and accessible, ideal for children from 5 years old. The gentle category 1 and 2 rapids ensure excitement in a controlled environment, perfect for rafting beginners or those seeking tranquility connecting with nature.<\/p>\n<h3 class=\"ai-optimize-8\">Activity Information<\/h3>\n<ul>\n<li class=\"ai-optimize-9\"><strong>Duration:<\/strong> About 90 minutes full of fun and adventure.<\/li>\n<li class=\"ai-optimize-10\"><strong>Route:<\/strong> We traveled 40 km through natural landscapes and gentle rapids that offer an unforgettable experience.<\/li>\n<li class=\"ai-optimize-11\"><strong>Equipment provided:<\/strong> Includes complete safety kit: wetsuit, helmet and life jacket.<\/li>\n<\/ul>\n<h3 class=\"ai-optimize-12\">Beginning of the Tour<\/h3>\n<p class=\"ai-optimize-13\">When you arrive at the meeting point, our staff will welcome you and will explain clearly the handling of the raft. The proposal is oriented so that you can enjoy without worrying about your previous experience.<\/p>\n<h3 class=\"ai-optimize-14\">Suggestions<\/h3>\n<p class=\"ai-optimize-15\">We recommend you bring:<\/p>\n<ul>\n<li class=\"ai-optimize-16\">Personal towel.<\/li>\n<li class=\"ai-optimize-17\">Dry clothes to change into after the activity.<\/li>\n<li class=\"ai-optimize-18\">Footwear that can get wet without problems.<\/li>\n<\/ul>\n<h3 class=\"ai-optimize-19\">Independent Access<\/h3>\n<p class=\"ai-optimize-20\">If you come on your own, the appointment is at the <strong>Villegas Base <\/strong>located in the<strong> Route 83 Km 1.<\/strong> <a class=\"theme markdown__link\" href=\"https:\/\/maps.app.goo.gl\/NqbsUN6VB5Fnt7hVA\" target=\"_blank\" rel=\"noopener noreferrer\">https:\/\/maps.app.goo.gl\/NqbsUN6VB5Fnt7hVA<\/a> this is the link to the location of the parador.<\/p>\n<h3 class=\"ai-optimize-21\">What's Included and What's Not<\/h3>\n<ul>\n<li class=\"ai-optimize-22\"><strong>Includes:<\/strong> Rafting activity plus all necessary equipment: wetsuit, life jacket, dry jacket, neoprene boots, paddles and helmet.<\/li>\n<li class=\"ai-optimize-23\"><strong>Does not include:<\/strong> Transportation, meals (lunch, snack or breakfast).<\/li>\n<\/ul>\n<h3 class=\"ai-optimize-24\">Activity Schedule<\/h3>\n<p class=\"ai-optimize-25\">The first rafting schedule runs from <strong>09:30 to 14:00 hs<\/strong>.<\/p>\n<h2 class=\"ai-optimize-26\">Frequently Asked Questions<\/h2>\n<h3 class=\"ai-optimize-27\">How is it organized if I choose the option without transfer?<\/h3>\n<p class=\"ai-optimize-28\" data-pm-slice=\"1 1 []\">If you opt for the modality without transfer, you must present yourself at our base where the rafting takes place on the <strong>Villegas Base Route 83 Km 1.<\/strong><\/p>\n<h3 class=\"ai-optimize-29\">Is it possible to include someone who will not participate in the rafting?<\/h3>\n<p class=\"ai-optimize-30\">Of course, you can come with a companion, who will have to pay the <strong>50% of cost<\/strong> of the activity.<\/p>","protected":false},"excerpt":{"rendered":"<h2 class=\"ai-optimize-6\">Live the Adventure of Rafting in the Manso River<\/h2>\n<p class=\"ai-optimize-7\">Spend a memorable day doing quiet rafting on the Manso River, perfect for family groups and children from 5 years old. Experience the peace and natural scenery, paddling class 1 and 2 rapids. If you arrive independently, meet us at the YPF-ACA station. Join us for this experience!<\/p>","protected":false},"featured_media":378203,"comment_status":"open","ping_status":"closed","template":"","meta":[],"product_brand":[],"product_cat":[62,64,67,73,75,77,78,83],"product_tag":[],"class_list":{"0":"post-378008","1":"product","2":"type-product","3":"status-publish","4":"has-post-thumbnail","6":"product_cat-adultos","7":"product_cat-aventura","8":"product_cat-familia","9":"product_cat-ninos","10":"product_cat-primavera","11":"product_cat-sin-comida","12":"product_cat-sin-traslado","13":"product_cat-verano","15":"first","16":"instock","17":"virtual","18":"sold-individually","19":"purchasable","20":"product-type-booking"},"booking_location":"","booking_location_type":"","booking_duration":1,"booking_duration_unit":"hour","booking_buffer":0,"booking_cost":0,"booking_resources":[],"exclude_global_add_ons":[],"addons":[],"yoast_head":"<!-- This site is optimized with the Yoast SEO Premium plugin v25.2 (Yoast SEO v25.2) - https:\/\/yoast.com\/wordpress\/plugins\/seo\/ -->\n<title>Rafting suave en el R\u00edo Manso sin traslado desde Bariloche - Navegacion Patagonia<\/title>\n<meta name=\"description\" content=\"Viv\u00ed el rafting light en el R\u00edo Manso sin traslado. Una experiencia \u00fanica desde Bariloche, ideal para familias y amantes de la naturaleza.\" \/>\n<meta name=\"robots\" content=\"index, follow, max-snippet:-1, max-image-preview:large, max-video-preview:-1\" \/>\n<link rel=\"canonical\" href=\"https:\/\/navegacionpatagonia.com.ar\/en\/product\/gentle-descent-on-the-manso-river-without-transfer\/\" \/>\n<meta property=\"og:locale\" content=\"en_US\" \/>\n<meta property=\"og:type\" content=\"article\" \/>\n<meta property=\"og:title\" content=\"Descenso Suave en el R\u00edo Manso sin Traslado\" \/>\n<meta property=\"og:description\" content=\"Viv\u00ed el rafting light en el R\u00edo Manso sin traslado. Una experiencia \u00fanica desde Bariloche, ideal para familias y amantes de la naturaleza.\" \/>\n<meta property=\"og:url\" content=\"https:\/\/navegacionpatagonia.com.ar\/en\/product\/gentle-descent-on-the-manso-river-without-transfer\/\" \/>\n<meta property=\"og:site_name\" content=\"Navegacion Patagonia\" \/>\n<meta property=\"article:modified_time\" content=\"2026-03-09T19:20:55+00:00\" \/>\n<meta property=\"og:image\" content=\"https:\/\/navegacionpatagonia.com.ar\/wp-content\/uploads\/sites\/8\/2025\/08\/2-A-rafting-light-1-1-scaled.jpg\" \/>\n\t<meta property=\"og:image:width\" content=\"1920\" \/>\n\t<meta property=\"og:image:height\" content=\"2560\" \/>\n\t<meta property=\"og:image:type\" content=\"image\/jpeg\" \/>\n<meta name=\"twitter:card\" content=\"summary_large_image\" \/>\n<meta name=\"twitter:label1\" content=\"Price\" \/>\n\t<meta name=\"twitter:data1\" content=\"&#036;75,000.00\" \/>\n\t<meta name=\"twitter:label2\" content=\"Availability\" \/>\n\t<meta name=\"twitter:data2\" content=\"In stock\" \/>\n<script type=\"application\/ld+json\" class=\"yoast-schema-graph\">{\"@context\":\"https:\/\/schema.org\",\"@graph\":[{\"@type\":\"WebPage\",\"@id\":\"https:\/\/navegacionpatagonia.com.ar\/producto\/descenso-suave-en-el-rio-manso-sin-traslado\/\",\"url\":\"https:\/\/navegacionpatagonia.com.ar\/producto\/descenso-suave-en-el-rio-manso-sin-traslado\/\",\"name\":\"Rafting suave en el R\u00edo Manso sin traslado desde Bariloche - Navegacion Patagonia\",\"isPartOf\":{\"@id\":\"https:\/\/navegacionpatagonia.com.ar\/#website\"},\"primaryImageOfPage\":{\"@id\":\"https:\/\/navegacionpatagonia.com.ar\/producto\/descenso-suave-en-el-rio-manso-sin-traslado\/#primaryimage\"},\"image\":{\"@id\":\"https:\/\/navegacionpatagonia.com.ar\/producto\/descenso-suave-en-el-rio-manso-sin-traslado\/#primaryimage\"},\"thumbnailUrl\":\"https:\/\/navegacionpatagonia.com.ar\/wp-content\/uploads\/sites\/8\/2025\/08\/2-A-rafting-light-1-1-scaled.jpg\",\"datePublished\":\"2025-08-21T22:00:49+00:00\",\"dateModified\":\"2026-03-09T19:20:55+00:00\",\"description\":\"Viv\u00ed el rafting light en el R\u00edo Manso sin traslado. Una experiencia \u00fanica desde Bariloche, ideal para familias y amantes de la naturaleza.\",\"breadcrumb\":{\"@id\":\"https:\/\/navegacionpatagonia.com.ar\/producto\/descenso-suave-en-el-rio-manso-sin-traslado\/#breadcrumb\"},\"inLanguage\":\"en-US\",\"potentialAction\":[{\"@type\":\"ReadAction\",\"target\":[\"https:\/\/navegacionpatagonia.com.ar\/producto\/descenso-suave-en-el-rio-manso-sin-traslado\/\"]}]},{\"@type\":\"ImageObject\",\"inLanguage\":\"en-US\",\"@id\":\"https:\/\/navegacionpatagonia.com.ar\/producto\/descenso-suave-en-el-rio-manso-sin-traslado\/#primaryimage\",\"url\":\"https:\/\/navegacionpatagonia.com.ar\/wp-content\/uploads\/sites\/8\/2025\/08\/2-A-rafting-light-1-1-scaled.jpg\",\"contentUrl\":\"https:\/\/navegacionpatagonia.com.ar\/wp-content\/uploads\/sites\/8\/2025\/08\/2-A-rafting-light-1-1-scaled.jpg\",\"width\":1920,\"height\":2560},{\"@type\":\"BreadcrumbList\",\"@id\":\"https:\/\/navegacionpatagonia.com.ar\/producto\/descenso-suave-en-el-rio-manso-sin-traslado\/#breadcrumb\",\"itemListElement\":[{\"@type\":\"ListItem\",\"position\":1,\"name\":\"Inicio\",\"item\":\"https:\/\/navegacionpatagonia.com.ar\/\"},{\"@type\":\"ListItem\",\"position\":2,\"name\":\"Tienda\",\"item\":\"https:\/\/navegacionpatagonia.com.ar\/tienda\/\"},{\"@type\":\"ListItem\",\"position\":3,\"name\":\"Descenso Suave en el R\u00edo Manso sin Traslado\"}]},{\"@type\":\"WebSite\",\"@id\":\"https:\/\/navegacionpatagonia.com.ar\/#website\",\"url\":\"https:\/\/navegacionpatagonia.com.ar\/\",\"name\":\"Navegacion Patagonia\",\"description\":\"\",\"potentialAction\":[{\"@type\":\"SearchAction\",\"target\":{\"@type\":\"EntryPoint\",\"urlTemplate\":\"https:\/\/navegacionpatagonia.com.ar\/?s={search_term_string}\"},\"query-input\":{\"@type\":\"PropertyValueSpecification\",\"valueRequired\":true,\"valueName\":\"search_term_string\"}}],\"inLanguage\":\"en-US\"}]}<\/script>\n<meta property=\"product:price:amount\" content=\"75000.00\" \/>\n<meta property=\"product:price:currency\" content=\"ARS\" \/>\n<meta property=\"og:availability\" content=\"instock\" \/>\n<meta property=\"product:availability\" content=\"instock\" \/>\n<meta property=\"product:retailer_item_id\" content=\"ADV2025RALIENTUFA\" \/>\n<meta property=\"product:condition\" content=\"new\" \/>\n<!-- \/ Yoast SEO Premium plugin. -->","yoast_head_json":{"title":"Gentle rafting on the Manso River without transfer from Bariloche - Navegacion Patagonia","description":"Experience light rafting on the Manso River without transfer. A unique experience from Bariloche, ideal for families and nature lovers.","robots":{"index":"index","follow":"follow","max-snippet":"max-snippet:-1","max-image-preview":"max-image-preview:large","max-video-preview":"max-video-preview:-1"},"canonical":"https:\/\/navegacionpatagonia.com.ar\/en\/product\/gentle-descent-on-the-manso-river-without-transfer\/","og_locale":"en_US","og_type":"article","og_title":"Descenso Suave en el R\u00edo Manso sin Traslado","og_description":"Viv\u00ed el rafting light en el R\u00edo Manso sin traslado. Una experiencia \u00fanica desde Bariloche, ideal para familias y amantes de la naturaleza.","og_url":"https:\/\/navegacionpatagonia.com.ar\/en\/product\/gentle-descent-on-the-manso-river-without-transfer\/","og_site_name":"Navegacion Patagonia","article_modified_time":"2026-03-09T19:20:55+00:00","og_image":[{"width":1920,"height":2560,"url":"https:\/\/navegacionpatagonia.com.ar\/wp-content\/uploads\/sites\/8\/2025\/08\/2-A-rafting-light-1-1-scaled.jpg","type":"image\/jpeg"}],"twitter_card":"summary_large_image","twitter_misc":{"Price":"&#36;75,000.00","Availability":"In stock"},"schema":{"@context":"https:\/\/schema.org","@graph":[{"@type":"WebPage","@id":"https:\/\/navegacionpatagonia.com.ar\/producto\/descenso-suave-en-el-rio-manso-sin-traslado\/","url":"https:\/\/navegacionpatagonia.com.ar\/producto\/descenso-suave-en-el-rio-manso-sin-traslado\/","name":"Gentle rafting on the Manso River without transfer from Bariloche - Navegacion Patagonia","isPartOf":{"@id":"https:\/\/navegacionpatagonia.com.ar\/#website"},"primaryImageOfPage":{"@id":"https:\/\/navegacionpatagonia.com.ar\/producto\/descenso-suave-en-el-rio-manso-sin-traslado\/#primaryimage"},"image":{"@id":"https:\/\/navegacionpatagonia.com.ar\/producto\/descenso-suave-en-el-rio-manso-sin-traslado\/#primaryimage"},"thumbnailUrl":"https:\/\/navegacionpatagonia.com.ar\/wp-content\/uploads\/sites\/8\/2025\/08\/2-A-rafting-light-1-1-scaled.jpg","datePublished":"2025-08-21T22:00:49+00:00","dateModified":"2026-03-09T19:20:55+00:00","description":"Experience light rafting on the Manso River without transfer. A unique experience from Bariloche, ideal for families and nature lovers.","breadcrumb":{"@id":"https:\/\/navegacionpatagonia.com.ar\/producto\/descenso-suave-en-el-rio-manso-sin-traslado\/#breadcrumb"},"inLanguage":"en-US","potentialAction":[{"@type":"ReadAction","target":["https:\/\/navegacionpatagonia.com.ar\/producto\/descenso-suave-en-el-rio-manso-sin-traslado\/"]}]},{"@type":"ImageObject","inLanguage":"en-US","@id":"https:\/\/navegacionpatagonia.com.ar\/producto\/descenso-suave-en-el-rio-manso-sin-traslado\/#primaryimage","url":"https:\/\/navegacionpatagonia.com.ar\/wp-content\/uploads\/sites\/8\/2025\/08\/2-A-rafting-light-1-1-scaled.jpg","contentUrl":"https:\/\/navegacionpatagonia.com.ar\/wp-content\/uploads\/sites\/8\/2025\/08\/2-A-rafting-light-1-1-scaled.jpg","width":1920,"height":2560},{"@type":"BreadcrumbList","@id":"https:\/\/navegacionpatagonia.com.ar\/producto\/descenso-suave-en-el-rio-manso-sin-traslado\/#breadcrumb","itemListElement":[{"@type":"ListItem","position":1,"name":"Inicio","item":"https:\/\/navegacionpatagonia.com.ar\/"},{"@type":"ListItem","position":2,"name":"Tienda","item":"https:\/\/navegacionpatagonia.com.ar\/tienda\/"},{"@type":"ListItem","position":3,"name":"Descenso Suave en el R\u00edo Manso sin Traslado"}]},{"@type":"WebSite","@id":"https:\/\/navegacionpatagonia.com.ar\/#website","url":"https:\/\/navegacionpatagonia.com.ar\/","name":"Patagonia Navigation","description":"","potentialAction":[{"@type":"SearchAction","target":{"@type":"EntryPoint","urlTemplate":"https:\/\/navegacionpatagonia.com.ar\/?s={search_term_string}"},"query-input":{"@type":"PropertyValueSpecification","valueRequired":true,"valueName":"search_term_string"}}],"inLanguage":"en-US"}]},"product_price_amount":"75000.00","product_price_currency":"ARS","og_availability":"instock","product_availability":"instock","product_retailer_item_id":"ADV2025RALIENTUFA","product_condition":"new"},"_links":{"self":[{"href":"https:\/\/navegacionpatagonia.com.ar\/en\/wp-json\/wp\/v2\/product\/378008","targetHints":{"allow":["GET"]}}],"collection":[{"href":"https:\/\/navegacionpatagonia.com.ar\/en\/wp-json\/wp\/v2\/product"}],"about":[{"href":"https:\/\/navegacionpatagonia.com.ar\/en\/wp-json\/wp\/v2\/types\/product"}],"replies":[{"embeddable":true,"href":"https:\/\/navegacionpatagonia.com.ar\/en\/wp-json\/wp\/v2\/comments?post=378008"}],"wp:featuredmedia":[{"embeddable":true,"href":"https:\/\/navegacionpatagonia.com.ar\/en\/wp-json\/wp\/v2\/media\/378203"}],"wp:attachment":[{"href":"https:\/\/navegacionpatagonia.com.ar\/en\/wp-json\/wp\/v2\/media?parent=378008"}],"wp:term":[{"taxonomy":"product_brand","embeddable":true,"href":"https:\/\/navegacionpatagonia.com.ar\/en\/wp-json\/wp\/v2\/product_brand?post=378008"},{"taxonomy":"product_cat","embeddable":true,"href":"https:\/\/navegacionpatagonia.com.ar\/en\/wp-json\/wp\/v2\/product_cat?post=378008"},{"taxonomy":"product_tag","embeddable":true,"href":"https:\/\/navegacionpatagonia.com.ar\/en\/wp-json\/wp\/v2\/product_tag?post=378008"}],"curies":[{"name":"wp","href":"https:\/\/api.w.org\/{rel}","templated":true}]}}