{"id":378007,"date":"2025-08-21T19:00:25","date_gmt":"2025-08-21T22:00:25","guid":{"rendered":"https:\/\/navegacionpatagonia.com.ar\/producto\/rafting-suave-en-el-rio-manso-con-traslado\/"},"modified":"2026-03-09T16:21:10","modified_gmt":"2026-03-09T19:21:10","slug":"rafting-suave-en-el-rio-manso-con-traslado","status":"publish","type":"product","link":"https:\/\/navegacionpatagonia.com.ar\/en\/product\/soft-rafting-on-the-manso-river-with-transfer\/","title":{"rendered":"Gentle rafting on the Manso River with transfer"},"content":{"rendered":"<h2 class=\"ai-optimize-6\">Experience the Energy of the Manso River with Security<\/h2>\n<p class=\"ai-optimize-7 ai-optimize-introduction\">I felt the <strong>fascinating rafting<\/strong> in the wonderful <strong>Manso River<\/strong>, where fun and nature come together in harmony. This <strong>calm rafting<\/strong> is ideal for family groups and suitable for children from 5 years old, providing a safe and easy alternative to enjoy the natural environment. We tour <strong>6 kilometers<\/strong> by waters of <strong>grade 1 and 2<\/strong>, perfect for beginners or those who want a relaxing day on the river.<\/p>\n<h3 class=\"ai-optimize-8\">Live a Different Experience<\/h3>\n<p class=\"ai-optimize-9\">At the agreed location, our <strong>trained guides<\/strong> will be waiting for you to start this incredible experience together.<\/p>\n<ul>\n<li class=\"ai-optimize-10\"><strong>Includes all necessary equipment:<\/strong> wetsuit, helmet, life jacket and other essentials.<\/li>\n<li class=\"ai-optimize-11\"><strong>Safety talk:<\/strong> You will receive a brief training beforehand to make the rafting safe and fun.<\/li>\n<\/ul>\n<p class=\"ai-optimize-12\">During the trip, you will contemplate spectacular views and feel an intense connection with the river. The tour lasts about <strong>of an hour and a half<\/strong>, ensuring a complete experience in the middle of nature.<\/p>\n<h3 class=\"ai-optimize-13\">Exit point<\/h3>\n<p class=\"ai-optimize-14\" data-pm-slice=\"1 1 []\">If you book a transfer, we leave from downtown Bariloche or the meeting point we agree on together, depending on your accommodation.<\/p>\n<p class=\"ai-optimize-21\">If you decide to hire the option without transfer, you must show up at our stop where the rafting excursion takes place at the Villegas Base, Route 83 Km 1.<\/p>\n<p class=\"ai-optimize-22\"><a class=\"theme markdown__link\" href=\"https:\/\/maps.app.goo.gl\/NqbsUN6VB5Fnt7hVA\" target=\"_blank\" rel=\"noopener noreferrer\">https:\/\/maps.app.goo.gl\/NqbsUN6VB5Fnt7hVA<\/a> this is the link to the location of the parador.<\/p>\n<h3 class=\"ai-optimize-15\">Rest and Friendship<\/h3>\n<p class=\"ai-optimize-16\">At the end of the tour, you will return to the hostel, where you can relax, share your sensations with the group and recharge your batteries.<\/p>\n<h3 class=\"ai-optimize-17\">Tips for your Journey<\/h3>\n<ul>\n<li class=\"ai-optimize-18\"><strong>Take away:<\/strong> towel, change of clothes and footwear suitable for wet conditions.<\/li>\n<li class=\"ai-optimize-19\"><strong>Remember:<\/strong> during the activity may splash some water.<\/li>\n<\/ul>\n<p class=\"ai-optimize-20\">Discover Argentina's nature in a different way, we hope to see you soon!<\/p>","protected":false},"excerpt":{"rendered":"<p class=\"ai-optimize-6\">Experience a unique adventure of quiet rafting on the Manso River. Designed for family groups and beginners, this proposal offers a safe and entertaining ride through 6 kilometers of breathtaking scenery.<\/p>","protected":false},"featured_media":378202,"comment_status":"open","ping_status":"closed","template":"","meta":[],"product_brand":[],"product_cat":[62,64,66,67,73,75,77,83],"product_tag":[],"class_list":{"0":"post-378007","1":"product","2":"type-product","3":"status-publish","4":"has-post-thumbnail","6":"product_cat-adultos","7":"product_cat-aventura","8":"product_cat-con-traslado","9":"product_cat-familia","10":"product_cat-ninos","11":"product_cat-primavera","12":"product_cat-sin-comida","13":"product_cat-verano","15":"first","16":"instock","17":"virtual","18":"sold-individually","19":"purchasable","20":"product-type-booking"},"booking_location":"","booking_location_type":"","booking_duration":1,"booking_duration_unit":"hour","booking_buffer":0,"booking_cost":0,"booking_resources":[],"exclude_global_add_ons":[],"addons":[],"yoast_head":"<!-- This site is optimized with the Yoast SEO Premium plugin v25.2 (Yoast SEO v25.2) - https:\/\/yoast.com\/wordpress\/plugins\/seo\/ -->\n<title>Rafting suave en el R\u00edo Manso con traslado desde Bariloche - Navegacion Patagonia<\/title>\n<meta name=\"description\" content=\"Disfrut\u00e1 del rafting light en el R\u00edo Manso con traslado incluido desde Bariloche. Una experiencia ideal para familias y amantes de la naturaleza.\" \/>\n<meta name=\"robots\" content=\"index, follow, max-snippet:-1, max-image-preview:large, max-video-preview:-1\" \/>\n<link rel=\"canonical\" href=\"https:\/\/navegacionpatagonia.com.ar\/en\/product\/soft-rafting-on-the-manso-river-with-transfer\/\" \/>\n<meta property=\"og:locale\" content=\"en_US\" \/>\n<meta property=\"og:type\" content=\"article\" \/>\n<meta property=\"og:title\" content=\"Rafting suave en el r\u00edo Manso con traslado\" \/>\n<meta property=\"og:description\" content=\"Disfrut\u00e1 del rafting light en el R\u00edo Manso con traslado incluido desde Bariloche. Una experiencia ideal para familias y amantes de la naturaleza.\" \/>\n<meta property=\"og:url\" content=\"https:\/\/navegacionpatagonia.com.ar\/en\/product\/soft-rafting-on-the-manso-river-with-transfer\/\" \/>\n<meta property=\"og:site_name\" content=\"Navegacion Patagonia\" \/>\n<meta property=\"article:modified_time\" content=\"2026-03-09T19:21:10+00:00\" \/>\n<meta property=\"og:image\" content=\"https:\/\/navegacionpatagonia.com.ar\/wp-content\/uploads\/sites\/8\/2025\/08\/8-A-rafting-1-copia-1-scaled.jpg\" \/>\n\t<meta property=\"og:image:width\" content=\"1920\" \/>\n\t<meta property=\"og:image:height\" content=\"2560\" \/>\n\t<meta property=\"og:image:type\" content=\"image\/jpeg\" \/>\n<meta name=\"twitter:card\" content=\"summary_large_image\" \/>\n<meta name=\"twitter:label1\" content=\"Price\" \/>\n\t<meta name=\"twitter:data1\" content=\"&#036;90,000.00\" \/>\n\t<meta name=\"twitter:label2\" content=\"Availability\" \/>\n\t<meta name=\"twitter:data2\" content=\"In stock\" \/>\n<script type=\"application\/ld+json\" class=\"yoast-schema-graph\">{\"@context\":\"https:\/\/schema.org\",\"@graph\":[{\"@type\":\"WebPage\",\"@id\":\"https:\/\/navegacionpatagonia.com.ar\/producto\/rafting-suave-en-el-rio-manso-con-traslado\/\",\"url\":\"https:\/\/navegacionpatagonia.com.ar\/producto\/rafting-suave-en-el-rio-manso-con-traslado\/\",\"name\":\"Rafting suave en el R\u00edo Manso con traslado desde Bariloche - Navegacion Patagonia\",\"isPartOf\":{\"@id\":\"https:\/\/navegacionpatagonia.com.ar\/#website\"},\"primaryImageOfPage\":{\"@id\":\"https:\/\/navegacionpatagonia.com.ar\/producto\/rafting-suave-en-el-rio-manso-con-traslado\/#primaryimage\"},\"image\":{\"@id\":\"https:\/\/navegacionpatagonia.com.ar\/producto\/rafting-suave-en-el-rio-manso-con-traslado\/#primaryimage\"},\"thumbnailUrl\":\"https:\/\/navegacionpatagonia.com.ar\/wp-content\/uploads\/sites\/8\/2025\/08\/8-A-rafting-1-copia-1-scaled.jpg\",\"datePublished\":\"2025-08-21T22:00:25+00:00\",\"dateModified\":\"2026-03-09T19:21:10+00:00\",\"description\":\"Disfrut\u00e1 del rafting light en el R\u00edo Manso con traslado incluido desde Bariloche. Una experiencia ideal para familias y amantes de la naturaleza.\",\"breadcrumb\":{\"@id\":\"https:\/\/navegacionpatagonia.com.ar\/producto\/rafting-suave-en-el-rio-manso-con-traslado\/#breadcrumb\"},\"inLanguage\":\"en-US\",\"potentialAction\":[{\"@type\":\"ReadAction\",\"target\":[\"https:\/\/navegacionpatagonia.com.ar\/producto\/rafting-suave-en-el-rio-manso-con-traslado\/\"]}]},{\"@type\":\"ImageObject\",\"inLanguage\":\"en-US\",\"@id\":\"https:\/\/navegacionpatagonia.com.ar\/producto\/rafting-suave-en-el-rio-manso-con-traslado\/#primaryimage\",\"url\":\"https:\/\/navegacionpatagonia.com.ar\/wp-content\/uploads\/sites\/8\/2025\/08\/8-A-rafting-1-copia-1-scaled.jpg\",\"contentUrl\":\"https:\/\/navegacionpatagonia.com.ar\/wp-content\/uploads\/sites\/8\/2025\/08\/8-A-rafting-1-copia-1-scaled.jpg\",\"width\":1920,\"height\":2560},{\"@type\":\"BreadcrumbList\",\"@id\":\"https:\/\/navegacionpatagonia.com.ar\/producto\/rafting-suave-en-el-rio-manso-con-traslado\/#breadcrumb\",\"itemListElement\":[{\"@type\":\"ListItem\",\"position\":1,\"name\":\"Inicio\",\"item\":\"https:\/\/navegacionpatagonia.com.ar\/\"},{\"@type\":\"ListItem\",\"position\":2,\"name\":\"Tienda\",\"item\":\"https:\/\/navegacionpatagonia.com.ar\/tienda\/\"},{\"@type\":\"ListItem\",\"position\":3,\"name\":\"Rafting suave en el r\u00edo Manso con traslado\"}]},{\"@type\":\"WebSite\",\"@id\":\"https:\/\/navegacionpatagonia.com.ar\/#website\",\"url\":\"https:\/\/navegacionpatagonia.com.ar\/\",\"name\":\"Navegacion Patagonia\",\"description\":\"\",\"potentialAction\":[{\"@type\":\"SearchAction\",\"target\":{\"@type\":\"EntryPoint\",\"urlTemplate\":\"https:\/\/navegacionpatagonia.com.ar\/?s={search_term_string}\"},\"query-input\":{\"@type\":\"PropertyValueSpecification\",\"valueRequired\":true,\"valueName\":\"search_term_string\"}}],\"inLanguage\":\"en-US\"}]}<\/script>\n<meta property=\"product:price:amount\" content=\"90000.00\" \/>\n<meta property=\"product:price:currency\" content=\"ARS\" \/>\n<meta property=\"og:availability\" content=\"instock\" \/>\n<meta property=\"product:availability\" content=\"instock\" \/>\n<meta property=\"product:retailer_item_id\" content=\"ADV2025RALIENP3DA\" \/>\n<meta property=\"product:condition\" content=\"new\" \/>\n<!-- \/ Yoast SEO Premium plugin. -->","yoast_head_json":{"title":"Gentle rafting on the Manso River with transfer from Bariloche - Navegacion Patagonia","description":"Enjoy light rafting on the Manso River with transfer included from Bariloche. An ideal experience for families and nature lovers.","robots":{"index":"index","follow":"follow","max-snippet":"max-snippet:-1","max-image-preview":"max-image-preview:large","max-video-preview":"max-video-preview:-1"},"canonical":"https:\/\/navegacionpatagonia.com.ar\/en\/product\/soft-rafting-on-the-manso-river-with-transfer\/","og_locale":"en_US","og_type":"article","og_title":"Rafting suave en el r\u00edo Manso con traslado","og_description":"Disfrut\u00e1 del rafting light en el R\u00edo Manso con traslado incluido desde Bariloche. Una experiencia ideal para familias y amantes de la naturaleza.","og_url":"https:\/\/navegacionpatagonia.com.ar\/en\/product\/soft-rafting-on-the-manso-river-with-transfer\/","og_site_name":"Navegacion Patagonia","article_modified_time":"2026-03-09T19:21:10+00:00","og_image":[{"width":1920,"height":2560,"url":"https:\/\/navegacionpatagonia.com.ar\/wp-content\/uploads\/sites\/8\/2025\/08\/8-A-rafting-1-copia-1-scaled.jpg","type":"image\/jpeg"}],"twitter_card":"summary_large_image","twitter_misc":{"Price":"&#36;90,000.00","Availability":"In stock"},"schema":{"@context":"https:\/\/schema.org","@graph":[{"@type":"WebPage","@id":"https:\/\/navegacionpatagonia.com.ar\/producto\/rafting-suave-en-el-rio-manso-con-traslado\/","url":"https:\/\/navegacionpatagonia.com.ar\/producto\/rafting-suave-en-el-rio-manso-con-traslado\/","name":"Gentle rafting on the Manso River with transfer from Bariloche - Navegacion Patagonia","isPartOf":{"@id":"https:\/\/navegacionpatagonia.com.ar\/#website"},"primaryImageOfPage":{"@id":"https:\/\/navegacionpatagonia.com.ar\/producto\/rafting-suave-en-el-rio-manso-con-traslado\/#primaryimage"},"image":{"@id":"https:\/\/navegacionpatagonia.com.ar\/producto\/rafting-suave-en-el-rio-manso-con-traslado\/#primaryimage"},"thumbnailUrl":"https:\/\/navegacionpatagonia.com.ar\/wp-content\/uploads\/sites\/8\/2025\/08\/8-A-rafting-1-copia-1-scaled.jpg","datePublished":"2025-08-21T22:00:25+00:00","dateModified":"2026-03-09T19:21:10+00:00","description":"Enjoy light rafting on the Manso River with transfer included from Bariloche. An ideal experience for families and nature lovers.","breadcrumb":{"@id":"https:\/\/navegacionpatagonia.com.ar\/producto\/rafting-suave-en-el-rio-manso-con-traslado\/#breadcrumb"},"inLanguage":"en-US","potentialAction":[{"@type":"ReadAction","target":["https:\/\/navegacionpatagonia.com.ar\/producto\/rafting-suave-en-el-rio-manso-con-traslado\/"]}]},{"@type":"ImageObject","inLanguage":"en-US","@id":"https:\/\/navegacionpatagonia.com.ar\/producto\/rafting-suave-en-el-rio-manso-con-traslado\/#primaryimage","url":"https:\/\/navegacionpatagonia.com.ar\/wp-content\/uploads\/sites\/8\/2025\/08\/8-A-rafting-1-copia-1-scaled.jpg","contentUrl":"https:\/\/navegacionpatagonia.com.ar\/wp-content\/uploads\/sites\/8\/2025\/08\/8-A-rafting-1-copia-1-scaled.jpg","width":1920,"height":2560},{"@type":"BreadcrumbList","@id":"https:\/\/navegacionpatagonia.com.ar\/producto\/rafting-suave-en-el-rio-manso-con-traslado\/#breadcrumb","itemListElement":[{"@type":"ListItem","position":1,"name":"Inicio","item":"https:\/\/navegacionpatagonia.com.ar\/"},{"@type":"ListItem","position":2,"name":"Tienda","item":"https:\/\/navegacionpatagonia.com.ar\/tienda\/"},{"@type":"ListItem","position":3,"name":"Rafting suave en el r\u00edo Manso con traslado"}]},{"@type":"WebSite","@id":"https:\/\/navegacionpatagonia.com.ar\/#website","url":"https:\/\/navegacionpatagonia.com.ar\/","name":"Patagonia Navigation","description":"","potentialAction":[{"@type":"SearchAction","target":{"@type":"EntryPoint","urlTemplate":"https:\/\/navegacionpatagonia.com.ar\/?s={search_term_string}"},"query-input":{"@type":"PropertyValueSpecification","valueRequired":true,"valueName":"search_term_string"}}],"inLanguage":"en-US"}]},"product_price_amount":"90000.00","product_price_currency":"ARS","og_availability":"instock","product_availability":"instock","product_retailer_item_id":"ADV2025RALIENP3DA","product_condition":"new"},"_links":{"self":[{"href":"https:\/\/navegacionpatagonia.com.ar\/en\/wp-json\/wp\/v2\/product\/378007","targetHints":{"allow":["GET"]}}],"collection":[{"href":"https:\/\/navegacionpatagonia.com.ar\/en\/wp-json\/wp\/v2\/product"}],"about":[{"href":"https:\/\/navegacionpatagonia.com.ar\/en\/wp-json\/wp\/v2\/types\/product"}],"replies":[{"embeddable":true,"href":"https:\/\/navegacionpatagonia.com.ar\/en\/wp-json\/wp\/v2\/comments?post=378007"}],"wp:featuredmedia":[{"embeddable":true,"href":"https:\/\/navegacionpatagonia.com.ar\/en\/wp-json\/wp\/v2\/media\/378202"}],"wp:attachment":[{"href":"https:\/\/navegacionpatagonia.com.ar\/en\/wp-json\/wp\/v2\/media?parent=378007"}],"wp:term":[{"taxonomy":"product_brand","embeddable":true,"href":"https:\/\/navegacionpatagonia.com.ar\/en\/wp-json\/wp\/v2\/product_brand?post=378007"},{"taxonomy":"product_cat","embeddable":true,"href":"https:\/\/navegacionpatagonia.com.ar\/en\/wp-json\/wp\/v2\/product_cat?post=378007"},{"taxonomy":"product_tag","embeddable":true,"href":"https:\/\/navegacionpatagonia.com.ar\/en\/wp-json\/wp\/v2\/product_tag?post=378007"}],"curies":[{"name":"wp","href":"https:\/\/api.w.org\/{rel}","templated":true}]}}