{"id":378006,"date":"2025-08-21T19:00:02","date_gmt":"2025-08-21T22:00:02","guid":{"rendered":"https:\/\/navegacionpatagonia.com.ar\/producto\/circuito-chico-y-cerro-campanario-descubri-bariloche-de-forma-distinta\/"},"modified":"2026-02-16T09:31:38","modified_gmt":"2026-02-16T12:31:38","slug":"circuito-chico-y-cerro-campanario-descubri-bariloche-de-forma-distinta","status":"publish","type":"product","link":"https:\/\/navegacionpatagonia.com.ar\/en\/product\/circuito-chico-and-cerro-campanario-discover-bariloche-in-a-different-way\/","title":{"rendered":"Circuito Chico and Cerro Campanario: discovering Bariloche in a different way"},"content":{"rendered":"<h3 class=\"ai-optimize-22\" data-start=\"417\" data-end=\"500\"><strong data-start=\"421\" data-end=\"500\">Stunning scenery, legendary trails and breathtaking panoramas.<\/strong><\/h3>\n<p class=\"ai-optimize-23 ai-optimize-introduction\" data-start=\"502\" data-end=\"756\">Experience the main natural icons of Bariloche in just half a day with this tour, ideal for those who are looking for nature, history and spectacular images. The <strong data-start=\"677\" data-end=\"695\">Small Circuit<\/strong> marks the perfect start to your experience in the city.<\/p>\n<p class=\"ai-optimize-24\" data-start=\"758\" data-end=\"1088\">The tour starts at the meeting points between downtown and km 8 of Bustillo Av. or Pioneros Av. During the route, you will go around the <strong data-start=\"910\" data-end=\"931\">Nahuel Huapi Lake<\/strong>, admire the majestic <strong data-start=\"957\" data-end=\"976\">Hotel Llao Llao<\/strong>, the typical <strong data-start=\"993\" data-end=\"1016\">St. Edward's Chapel<\/strong> and the <strong data-start=\"1022\" data-end=\"1040\">Puerto Pa\u00f1uelo<\/strong>, The access door to boat rides.<\/p>\n<p class=\"ai-optimize-25\" data-start=\"1090\" data-end=\"1241\">You will also add postcards of places such as <strong data-start=\"1125\" data-end=\"1140\">Villa Tacul<\/strong>, the <strong data-start=\"1145\" data-end=\"1163\">Hidden Lake<\/strong> and the <strong data-start=\"1169\" data-end=\"1184\">Cerro Lopez<\/strong>, with breaks designed to take pictures and connect with nature.<\/p>\n<p class=\"ai-optimize-26\" data-start=\"1243\" data-end=\"1484\">The end is lived in the <strong data-start=\"1272\" data-end=\"1292\">Cerro Campanario<\/strong>, where you can take a chairlift up to one of the most renowned viewpoints on the planet. From the top, the landscapes of mountains, water mirrors and valleys are incomparable.<\/p>\n<p class=\"ai-optimize-27\" data-start=\"1486\" data-end=\"1665\">Departure is from 8:30 a.m. to 12:30 p.m. or from 2:30 p.m. to 7:00 p.m. approximately. Includes transfers and specialized guide in Spanish (optional bilingual). It does not include a ticket for the chairlift or meals.<\/p>\n<h3 class=\"ai-optimize-28\" data-start=\"1672\" data-end=\"1700\"><strong data-start=\"1676\" data-end=\"1700\">Frequently asked questions<\/strong><\/h3>\n<p class=\"ai-optimize-29\" data-start=\"1702\" data-end=\"1844\"><strong data-start=\"1702\" data-end=\"1746\">Can I combine this tour with another tour?<\/strong><br data-start=\"1746\" data-end=\"1749\" \/>Of course, it's perfect for adding a visit to the <strong data-start=\"1787\" data-end=\"1805\">Cerro Catedral<\/strong> or the <strong data-start=\"1813\" data-end=\"1830\">Victoria Island<\/strong> in the afternoon.<\/p>\n<p class=\"ai-optimize-30\" data-start=\"1846\" data-end=\"1951\"><strong data-start=\"1846\" data-end=\"1878\">Is the chairlift included?<\/strong><br data-start=\"1878\" data-end=\"1881\" \/>No, the climb to Cerro Campanario is optional and is paid on site.<\/p>\n<p class=\"ai-optimize-31\" data-start=\"1953\" data-end=\"2056\"><strong data-start=\"1953\" data-end=\"1986\">Can I enter the Llao Llao Llao Hotel?<\/strong><br data-start=\"1986\" data-end=\"1989\" \/>No. The activity allows you to appreciate the hotel and its wonderful natural environment from the outside.<\/p>\n<p class=\"ai-optimize-32\" data-start=\"2058\" data-end=\"2192\"><strong data-start=\"2058\" data-end=\"2082\">Is it a physical walk?<\/strong><br data-start=\"2082\" data-end=\"2085\" \/>The experience does not require physical effort. It is suitable for anyone and highly recommended to discover Bariloche for the first time.<\/p>","protected":false},"excerpt":{"rendered":"<p class=\"ai-optimize-6\">Explore Bariloche through the Circuito Chico and the climb to Cerro Campanario. Stroll through the picturesque <strong>Bustillo Avenue<\/strong>, contemplate the majestic <strong>Hotel Llao Llao<\/strong> and ascend to the <strong>Cerro Campanario<\/strong> to enjoy an exceptional view. A ride of landscapes, comfort and unsurpassed adventure.<\/p>","protected":false},"featured_media":377431,"comment_status":"open","ping_status":"closed","template":"","meta":[],"product_brand":[],"product_cat":[62,66,67,73,77,80,82],"product_tag":[],"class_list":{"0":"post-378006","1":"product","2":"type-product","3":"status-publish","4":"has-post-thumbnail","6":"product_cat-adultos","7":"product_cat-con-traslado","8":"product_cat-familia","9":"product_cat-ninos","10":"product_cat-sin-comida","11":"product_cat-terrestre","12":"product_cat-todo-el-ano","14":"first","15":"instock","16":"virtual","17":"sold-individually","18":"purchasable","19":"product-type-booking"},"booking_location":"","booking_location_type":"","booking_duration":1,"booking_duration_unit":"hour","booking_buffer":0,"booking_cost":26000,"booking_resources":[],"exclude_global_add_ons":[],"addons":[],"yoast_head":"<!-- This site is optimized with the Yoast SEO Premium plugin v25.2 (Yoast SEO v25.2) - https:\/\/yoast.com\/wordpress\/plugins\/seo\/ -->\n<title>Circuito Chico y Cerro Campanario en Bariloche | Excursi\u00f3n cl\u00e1sica - Navegacion Patagonia<\/title>\n<meta name=\"description\" content=\"Excursi\u00f3n Circuito Chico y Cerro Campanario en Bariloche. Vistas al Lago Nahuel Huapi, naturaleza y tradici\u00f3n. Ideal para familias y viajeros.\" \/>\n<meta name=\"robots\" content=\"index, follow, max-snippet:-1, max-image-preview:large, max-video-preview:-1\" \/>\n<link rel=\"canonical\" href=\"https:\/\/navegacionpatagonia.com.ar\/en\/product\/circuito-chico-and-cerro-campanario-discover-bariloche-in-a-different-way\/\" \/>\n<meta property=\"og:locale\" content=\"en_US\" \/>\n<meta property=\"og:type\" content=\"article\" \/>\n<meta property=\"og:title\" content=\"Circuito Chico y Cerro Campanario: descubr\u00ed Bariloche de forma distinta\" \/>\n<meta property=\"og:description\" content=\"Excursi\u00f3n Circuito Chico y Cerro Campanario en Bariloche. Vistas al Lago Nahuel Huapi, naturaleza y tradici\u00f3n. Ideal para familias y viajeros.\" \/>\n<meta property=\"og:url\" content=\"https:\/\/navegacionpatagonia.com.ar\/en\/product\/circuito-chico-and-cerro-campanario-discover-bariloche-in-a-different-way\/\" \/>\n<meta property=\"og:site_name\" content=\"Navegacion Patagonia\" \/>\n<meta property=\"article:modified_time\" content=\"2026-02-16T12:31:38+00:00\" \/>\n<meta property=\"og:image\" content=\"https:\/\/navegacionpatagonia.com.ar\/wp-content\/uploads\/sites\/8\/2025\/03\/CircuitoChico_image5_1140_1601385625-1.jpg\" \/>\n\t<meta property=\"og:image:width\" content=\"1140\" \/>\n\t<meta property=\"og:image:height\" content=\"855\" \/>\n\t<meta property=\"og:image:type\" content=\"image\/jpeg\" \/>\n<meta name=\"twitter:card\" content=\"summary_large_image\" \/>\n<meta name=\"twitter:label1\" content=\"Price\" \/>\n\t<meta name=\"twitter:data1\" content=\"&#036;26,000.00\" \/>\n\t<meta name=\"twitter:label2\" content=\"Availability\" \/>\n\t<meta name=\"twitter:data2\" content=\"In stock\" \/>\n<script type=\"application\/ld+json\" class=\"yoast-schema-graph\">{\"@context\":\"https:\/\/schema.org\",\"@graph\":[{\"@type\":\"WebPage\",\"@id\":\"https:\/\/navegacionpatagonia.com.ar\/producto\/circuito-chico-y-cerro-campanario-descubri-bariloche-de-forma-distinta\/\",\"url\":\"https:\/\/navegacionpatagonia.com.ar\/producto\/circuito-chico-y-cerro-campanario-descubri-bariloche-de-forma-distinta\/\",\"name\":\"Circuito Chico y Cerro Campanario en Bariloche | Excursi\u00f3n cl\u00e1sica - Navegacion Patagonia\",\"isPartOf\":{\"@id\":\"https:\/\/navegacionpatagonia.com.ar\/#website\"},\"primaryImageOfPage\":{\"@id\":\"https:\/\/navegacionpatagonia.com.ar\/producto\/circuito-chico-y-cerro-campanario-descubri-bariloche-de-forma-distinta\/#primaryimage\"},\"image\":{\"@id\":\"https:\/\/navegacionpatagonia.com.ar\/producto\/circuito-chico-y-cerro-campanario-descubri-bariloche-de-forma-distinta\/#primaryimage\"},\"thumbnailUrl\":\"https:\/\/navegacionpatagonia.com.ar\/wp-content\/uploads\/sites\/8\/2025\/03\/CircuitoChico_image5_1140_1601385625-1.jpg\",\"datePublished\":\"2025-08-21T22:00:02+00:00\",\"dateModified\":\"2026-02-16T12:31:38+00:00\",\"description\":\"Excursi\u00f3n Circuito Chico y Cerro Campanario en Bariloche. Vistas al Lago Nahuel Huapi, naturaleza y tradici\u00f3n. Ideal para familias y viajeros.\",\"breadcrumb\":{\"@id\":\"https:\/\/navegacionpatagonia.com.ar\/producto\/circuito-chico-y-cerro-campanario-descubri-bariloche-de-forma-distinta\/#breadcrumb\"},\"inLanguage\":\"en-US\",\"potentialAction\":[{\"@type\":\"ReadAction\",\"target\":[\"https:\/\/navegacionpatagonia.com.ar\/producto\/circuito-chico-y-cerro-campanario-descubri-bariloche-de-forma-distinta\/\"]}]},{\"@type\":\"ImageObject\",\"inLanguage\":\"en-US\",\"@id\":\"https:\/\/navegacionpatagonia.com.ar\/producto\/circuito-chico-y-cerro-campanario-descubri-bariloche-de-forma-distinta\/#primaryimage\",\"url\":\"https:\/\/navegacionpatagonia.com.ar\/wp-content\/uploads\/sites\/8\/2025\/03\/CircuitoChico_image5_1140_1601385625-1.jpg\",\"contentUrl\":\"https:\/\/navegacionpatagonia.com.ar\/wp-content\/uploads\/sites\/8\/2025\/03\/CircuitoChico_image5_1140_1601385625-1.jpg\",\"width\":1140,\"height\":855},{\"@type\":\"BreadcrumbList\",\"@id\":\"https:\/\/navegacionpatagonia.com.ar\/producto\/circuito-chico-y-cerro-campanario-descubri-bariloche-de-forma-distinta\/#breadcrumb\",\"itemListElement\":[{\"@type\":\"ListItem\",\"position\":1,\"name\":\"Inicio\",\"item\":\"https:\/\/navegacionpatagonia.com.ar\/\"},{\"@type\":\"ListItem\",\"position\":2,\"name\":\"Tienda\",\"item\":\"https:\/\/navegacionpatagonia.com.ar\/tienda\/\"},{\"@type\":\"ListItem\",\"position\":3,\"name\":\"Circuito Chico y Cerro Campanario: descubr\u00ed Bariloche de forma distinta\"}]},{\"@type\":\"WebSite\",\"@id\":\"https:\/\/navegacionpatagonia.com.ar\/#website\",\"url\":\"https:\/\/navegacionpatagonia.com.ar\/\",\"name\":\"Navegacion Patagonia\",\"description\":\"\",\"potentialAction\":[{\"@type\":\"SearchAction\",\"target\":{\"@type\":\"EntryPoint\",\"urlTemplate\":\"https:\/\/navegacionpatagonia.com.ar\/?s={search_term_string}\"},\"query-input\":{\"@type\":\"PropertyValueSpecification\",\"valueRequired\":true,\"valueName\":\"search_term_string\"}}],\"inLanguage\":\"en-US\"}]}<\/script>\n<meta property=\"product:price:amount\" content=\"26000.00\" \/>\n<meta property=\"product:price:currency\" content=\"ARS\" \/>\n<meta property=\"og:availability\" content=\"instock\" \/>\n<meta property=\"product:availability\" content=\"instock\" \/>\n<meta property=\"product:retailer_item_id\" content=\"ADV2025CICHYC1KOR\" \/>\n<meta property=\"product:condition\" content=\"new\" \/>\n<!-- \/ Yoast SEO Premium plugin. -->","yoast_head_json":{"title":"Circuito Chico and Cerro Campanario in Bariloche | Classic Excursion - Navegacion Patagonia","description":"Excursion to Circuito Chico and Cerro Campanario in Bariloche. Views to the Nahuel Huapi Lake, nature and tradition. Ideal for families and travelers.","robots":{"index":"index","follow":"follow","max-snippet":"max-snippet:-1","max-image-preview":"max-image-preview:large","max-video-preview":"max-video-preview:-1"},"canonical":"https:\/\/navegacionpatagonia.com.ar\/en\/product\/circuito-chico-and-cerro-campanario-discover-bariloche-in-a-different-way\/","og_locale":"en_US","og_type":"article","og_title":"Circuito Chico y Cerro Campanario: descubr\u00ed Bariloche de forma distinta","og_description":"Excursi\u00f3n Circuito Chico y Cerro Campanario en Bariloche. Vistas al Lago Nahuel Huapi, naturaleza y tradici\u00f3n. Ideal para familias y viajeros.","og_url":"https:\/\/navegacionpatagonia.com.ar\/en\/product\/circuito-chico-and-cerro-campanario-discover-bariloche-in-a-different-way\/","og_site_name":"Navegacion Patagonia","article_modified_time":"2026-02-16T12:31:38+00:00","og_image":[{"width":1140,"height":855,"url":"https:\/\/navegacionpatagonia.com.ar\/wp-content\/uploads\/sites\/8\/2025\/03\/CircuitoChico_image5_1140_1601385625-1.jpg","type":"image\/jpeg"}],"twitter_card":"summary_large_image","twitter_misc":{"Price":"&#36;26,000.00","Availability":"In stock"},"schema":{"@context":"https:\/\/schema.org","@graph":[{"@type":"WebPage","@id":"https:\/\/navegacionpatagonia.com.ar\/producto\/circuito-chico-y-cerro-campanario-descubri-bariloche-de-forma-distinta\/","url":"https:\/\/navegacionpatagonia.com.ar\/producto\/circuito-chico-y-cerro-campanario-descubri-bariloche-de-forma-distinta\/","name":"Circuito Chico and Cerro Campanario in Bariloche | Classic Excursion - Navegacion Patagonia","isPartOf":{"@id":"https:\/\/navegacionpatagonia.com.ar\/#website"},"primaryImageOfPage":{"@id":"https:\/\/navegacionpatagonia.com.ar\/producto\/circuito-chico-y-cerro-campanario-descubri-bariloche-de-forma-distinta\/#primaryimage"},"image":{"@id":"https:\/\/navegacionpatagonia.com.ar\/producto\/circuito-chico-y-cerro-campanario-descubri-bariloche-de-forma-distinta\/#primaryimage"},"thumbnailUrl":"https:\/\/navegacionpatagonia.com.ar\/wp-content\/uploads\/sites\/8\/2025\/03\/CircuitoChico_image5_1140_1601385625-1.jpg","datePublished":"2025-08-21T22:00:02+00:00","dateModified":"2026-02-16T12:31:38+00:00","description":"Excursion to Circuito Chico and Cerro Campanario in Bariloche. Views to the Nahuel Huapi Lake, nature and tradition. Ideal for families and travelers.","breadcrumb":{"@id":"https:\/\/navegacionpatagonia.com.ar\/producto\/circuito-chico-y-cerro-campanario-descubri-bariloche-de-forma-distinta\/#breadcrumb"},"inLanguage":"en-US","potentialAction":[{"@type":"ReadAction","target":["https:\/\/navegacionpatagonia.com.ar\/producto\/circuito-chico-y-cerro-campanario-descubri-bariloche-de-forma-distinta\/"]}]},{"@type":"ImageObject","inLanguage":"en-US","@id":"https:\/\/navegacionpatagonia.com.ar\/producto\/circuito-chico-y-cerro-campanario-descubri-bariloche-de-forma-distinta\/#primaryimage","url":"https:\/\/navegacionpatagonia.com.ar\/wp-content\/uploads\/sites\/8\/2025\/03\/CircuitoChico_image5_1140_1601385625-1.jpg","contentUrl":"https:\/\/navegacionpatagonia.com.ar\/wp-content\/uploads\/sites\/8\/2025\/03\/CircuitoChico_image5_1140_1601385625-1.jpg","width":1140,"height":855},{"@type":"BreadcrumbList","@id":"https:\/\/navegacionpatagonia.com.ar\/producto\/circuito-chico-y-cerro-campanario-descubri-bariloche-de-forma-distinta\/#breadcrumb","itemListElement":[{"@type":"ListItem","position":1,"name":"Inicio","item":"https:\/\/navegacionpatagonia.com.ar\/"},{"@type":"ListItem","position":2,"name":"Tienda","item":"https:\/\/navegacionpatagonia.com.ar\/tienda\/"},{"@type":"ListItem","position":3,"name":"Circuito Chico y Cerro Campanario: descubr\u00ed Bariloche de forma distinta"}]},{"@type":"WebSite","@id":"https:\/\/navegacionpatagonia.com.ar\/#website","url":"https:\/\/navegacionpatagonia.com.ar\/","name":"Patagonia Navigation","description":"","potentialAction":[{"@type":"SearchAction","target":{"@type":"EntryPoint","urlTemplate":"https:\/\/navegacionpatagonia.com.ar\/?s={search_term_string}"},"query-input":{"@type":"PropertyValueSpecification","valueRequired":true,"valueName":"search_term_string"}}],"inLanguage":"en-US"}]},"product_price_amount":"26000.00","product_price_currency":"ARS","og_availability":"instock","product_availability":"instock","product_retailer_item_id":"ADV2025CICHYC1KOR","product_condition":"new"},"_links":{"self":[{"href":"https:\/\/navegacionpatagonia.com.ar\/en\/wp-json\/wp\/v2\/product\/378006","targetHints":{"allow":["GET"]}}],"collection":[{"href":"https:\/\/navegacionpatagonia.com.ar\/en\/wp-json\/wp\/v2\/product"}],"about":[{"href":"https:\/\/navegacionpatagonia.com.ar\/en\/wp-json\/wp\/v2\/types\/product"}],"replies":[{"embeddable":true,"href":"https:\/\/navegacionpatagonia.com.ar\/en\/wp-json\/wp\/v2\/comments?post=378006"}],"wp:featuredmedia":[{"embeddable":true,"href":"https:\/\/navegacionpatagonia.com.ar\/en\/wp-json\/wp\/v2\/media\/377431"}],"wp:attachment":[{"href":"https:\/\/navegacionpatagonia.com.ar\/en\/wp-json\/wp\/v2\/media?parent=378006"}],"wp:term":[{"taxonomy":"product_brand","embeddable":true,"href":"https:\/\/navegacionpatagonia.com.ar\/en\/wp-json\/wp\/v2\/product_brand?post=378006"},{"taxonomy":"product_cat","embeddable":true,"href":"https:\/\/navegacionpatagonia.com.ar\/en\/wp-json\/wp\/v2\/product_cat?post=378006"},{"taxonomy":"product_tag","embeddable":true,"href":"https:\/\/navegacionpatagonia.com.ar\/en\/wp-json\/wp\/v2\/product_tag?post=378006"}],"curies":[{"name":"wp","href":"https:\/\/api.w.org\/{rel}","templated":true}]}}