{"id":378005,"date":"2025-08-21T18:59:19","date_gmt":"2025-08-21T21:59:19","guid":{"rendered":"https:\/\/navegacionpatagonia.com.ar\/producto\/san-martin-de-los-andes-por-los-7-lagos-paisaje-panoramas-y-instantaneas-singulares-de-la-patagonia\/"},"modified":"2025-10-18T12:08:42","modified_gmt":"2025-10-18T15:08:42","slug":"san-martin-de-los-andes-por-los-7-lagos-paisaje-panoramas-y-instantaneas-singulares-de-la-patagonia","status":"publish","type":"product","link":"https:\/\/navegacionpatagonia.com.ar\/en\/product\/san-martin-de-los-andes-by-the-7-lakes-landscape-panoramas-and-unique-snapshots-of-patagonia\/","title":{"rendered":"San Mart\u00edn de los Andes by the 7 Lakes: Landscape, Panoramas and Singular Snapshots of Patagonia"},"content":{"rendered":"<h2 class=\"ai-optimize-6\">Live the unforgettable adventure on the way to San Mart\u00edn de los Andes<\/h2>\n<p class=\"ai-optimize-7 ai-optimize-introduction\">Let yourself be enveloped by a unique journey starting in Bariloche and going all the way to the beautiful San Martin de los Andes. This journey through the <strong>National Route 40<\/strong> immerses you in dreamlike landscapes: the enchanting <strong>Dina Huapi<\/strong>, crossing the river <strong>Limay<\/strong> and entering into the natural immensity of the <strong>Nahuel Huapi National Park<\/strong>.<\/p>\n<h3 class=\"ai-optimize-8\">An incomparable natural environment<\/h3>\n<p class=\"ai-optimize-9\">Along the way, you will contemplate the marvelous panoramic views of the <strong>lakes Espejo, Correntoso, Escondido, Villarino, Falkner, Mach\u00f3nico<\/strong> and the imposing <strong>Lake L\u00e1car<\/strong>, located in the heart of the <strong>Lan\u00edn National Park<\/strong>. Each stop allows you to absorb the freshness of Patagonia and capture unforgettable moments.<\/p>\n<h3 class=\"ai-optimize-10\">The essence of San Mart\u00edn de los Andes<\/h3>\n<p class=\"ai-optimize-11\">When you arrive in San Martin de los Andes, you will be surprised by a charming city, surrounded by hills and pristine lakes. Stroll through its colorful streets, discover local handicrafts or relax in a coffee shop with a <strong>amazing view<\/strong> towards Lake L\u00e1car.<\/p>\n<h3 class=\"ai-optimize-12\">Itinerary details<\/h3>\n<ul>\n<li class=\"ai-optimize-13\"><strong>Route:<\/strong> Guided tour by road including Villa La Angostura and the Route of the 7 lakes.<\/li>\n<li class=\"ai-optimize-14\"><strong>Schedule:<\/strong> From 8:00 am to approximately 6:30 pm.<\/li>\n<li class=\"ai-optimize-15\"><strong>Service Included:<\/strong> Transfers and guide accompaniment in Spanish (bilingual option with extra cost).<\/li>\n<li class=\"ai-optimize-16\"><strong>Not included:<\/strong> Meals (there are inns along the way).<\/li>\n<\/ul>\n<p class=\"ai-optimize-17\">Don't miss the opportunity to explore Patagonia in all its splendor.<\/p>\n<h2 class=\"ai-optimize-18\">Frequently Asked Questions<\/h2>\n<ul>\n<li class=\"ai-optimize-19\"><strong>What happens if it rains or snows during the excursion?<\/strong><br \/>\nThe tour is also available in case of rain or snow, as these are frequent situations in Patagonia.<\/li>\n<li class=\"ai-optimize-20\"><strong>Does the excursion include navigation on the lakes?<\/strong><br \/>\nNo, the tour is completely overland by minibus, with photographic stops and visits in San Mart\u00edn de los Andes and Villa La Angostura.<\/li>\n<li class=\"ai-optimize-21\"><strong>Will there be stops along the way?<\/strong><br \/>\nYes, there are intermediate stops and an important one in San Martin de los Andes for lunch and sightseeing.<\/li>\n<li class=\"ai-optimize-22\"><strong>Is it possible to finish my trip at another destination?<\/strong><br \/>\nYes, you can choose to end up in Villa La Angostura or San Mart\u00edn de los Andes, taking your luggage with you.<\/li>\n<li class=\"ai-optimize-23\"><strong>Is it possible to come back the next day?<\/strong><br \/>\nThe tour ends on the same day. If you want to stay, you will have to arrange and pay for your return trip again.<\/li>\n<\/ul>","protected":false},"excerpt":{"rendered":"<h2 class=\"ai-optimize-6\">An unforgettable adventure awaits you<\/h2>\n<p class=\"ai-optimize-7 ai-optimize-introduction\">Let the surroundings dazzle you as you travel through the <strong>route of the 7 lakes<\/strong> heading to San Martin de los Andes. Discover amazing sceneries and enjoy a magical city surrounded by a natural environment, book your trip and enjoy this special experience!<\/p>","protected":false},"featured_media":378206,"comment_status":"open","ping_status":"closed","template":"","meta":[],"product_brand":[],"product_cat":[62,66,67,73,77,80,82],"product_tag":[],"class_list":{"0":"post-378005","1":"product","2":"type-product","3":"status-publish","4":"has-post-thumbnail","6":"product_cat-adultos","7":"product_cat-con-traslado","8":"product_cat-familia","9":"product_cat-ninos","10":"product_cat-sin-comida","11":"product_cat-terrestre","12":"product_cat-todo-el-ano","14":"first","15":"instock","16":"virtual","17":"sold-individually","18":"purchasable","19":"product-type-booking"},"booking_location":"","booking_location_type":"","booking_duration":1,"booking_duration_unit":"hour","booking_buffer":0,"booking_cost":71400,"booking_resources":[],"exclude_global_add_ons":[],"addons":[],"yoast_head":"<!-- This site is optimized with the Yoast SEO Premium plugin v25.2 (Yoast SEO v25.2) - https:\/\/yoast.com\/wordpress\/plugins\/seo\/ -->\n<title>San Mart\u00edn de los Andes por 7 Lagos | Excursi\u00f3n desde Bariloche - Navegacion Patagonia<\/title>\n<meta name=\"description\" content=\"Recorr\u00e9 la Ruta de los 7 Lagos desde Bariloche hasta San Mart\u00edn de los Andes, con paradas en miradores, lagos y rincones patag\u00f3nicos imperdibles.\" \/>\n<meta name=\"robots\" content=\"index, follow, max-snippet:-1, max-image-preview:large, max-video-preview:-1\" \/>\n<link rel=\"canonical\" href=\"https:\/\/navegacionpatagonia.com.ar\/en\/product\/san-martin-de-los-andes-by-the-7-lakes-landscape-panoramas-and-unique-snapshots-of-patagonia\/\" \/>\n<meta property=\"og:locale\" content=\"en_US\" \/>\n<meta property=\"og:type\" content=\"article\" \/>\n<meta property=\"og:title\" content=\"San Mart\u00edn de los Andes por los 7 Lagos: Paisaje, Panoramas y Instant\u00e1neas Singulares de la Patagonia\" \/>\n<meta property=\"og:description\" content=\"Recorr\u00e9 la Ruta de los 7 Lagos desde Bariloche hasta San Mart\u00edn de los Andes, con paradas en miradores, lagos y rincones patag\u00f3nicos imperdibles.\" \/>\n<meta property=\"og:url\" content=\"https:\/\/navegacionpatagonia.com.ar\/en\/product\/san-martin-de-los-andes-by-the-7-lakes-landscape-panoramas-and-unique-snapshots-of-patagonia\/\" \/>\n<meta property=\"og:site_name\" content=\"Navegacion Patagonia\" \/>\n<meta property=\"article:modified_time\" content=\"2025-10-18T15:08:42+00:00\" \/>\n<meta property=\"og:image\" content=\"https:\/\/navegacionpatagonia.com.ar\/wp-content\/uploads\/sites\/8\/2025\/08\/10-D-IMG_2726.jpg\" \/>\n\t<meta property=\"og:image:width\" content=\"850\" \/>\n\t<meta property=\"og:image:height\" content=\"1133\" \/>\n\t<meta property=\"og:image:type\" content=\"image\/jpeg\" \/>\n<meta name=\"twitter:card\" content=\"summary_large_image\" \/>\n<meta name=\"twitter:label1\" content=\"Price\" \/>\n\t<meta name=\"twitter:data1\" content=\"&#036;71,400.00\" \/>\n\t<meta name=\"twitter:label2\" content=\"Availability\" \/>\n\t<meta name=\"twitter:data2\" content=\"In stock\" \/>\n<script type=\"application\/ld+json\" class=\"yoast-schema-graph\">{\"@context\":\"https:\/\/schema.org\",\"@graph\":[{\"@type\":\"WebPage\",\"@id\":\"https:\/\/navegacionpatagonia.com.ar\/producto\/san-martin-de-los-andes-por-los-7-lagos-paisaje-panoramas-y-instantaneas-singulares-de-la-patagonia\/\",\"url\":\"https:\/\/navegacionpatagonia.com.ar\/producto\/san-martin-de-los-andes-por-los-7-lagos-paisaje-panoramas-y-instantaneas-singulares-de-la-patagonia\/\",\"name\":\"San Mart\u00edn de los Andes por 7 Lagos | Excursi\u00f3n desde Bariloche - Navegacion Patagonia\",\"isPartOf\":{\"@id\":\"https:\/\/navegacionpatagonia.com.ar\/#website\"},\"primaryImageOfPage\":{\"@id\":\"https:\/\/navegacionpatagonia.com.ar\/producto\/san-martin-de-los-andes-por-los-7-lagos-paisaje-panoramas-y-instantaneas-singulares-de-la-patagonia\/#primaryimage\"},\"image\":{\"@id\":\"https:\/\/navegacionpatagonia.com.ar\/producto\/san-martin-de-los-andes-por-los-7-lagos-paisaje-panoramas-y-instantaneas-singulares-de-la-patagonia\/#primaryimage\"},\"thumbnailUrl\":\"https:\/\/navegacionpatagonia.com.ar\/wp-content\/uploads\/sites\/8\/2025\/08\/10-D-IMG_2726.jpg\",\"datePublished\":\"2025-08-21T21:59:19+00:00\",\"dateModified\":\"2025-10-18T15:08:42+00:00\",\"description\":\"Recorr\u00e9 la Ruta de los 7 Lagos desde Bariloche hasta San Mart\u00edn de los Andes, con paradas en miradores, lagos y rincones patag\u00f3nicos imperdibles.\",\"breadcrumb\":{\"@id\":\"https:\/\/navegacionpatagonia.com.ar\/producto\/san-martin-de-los-andes-por-los-7-lagos-paisaje-panoramas-y-instantaneas-singulares-de-la-patagonia\/#breadcrumb\"},\"inLanguage\":\"en-US\",\"potentialAction\":[{\"@type\":\"ReadAction\",\"target\":[\"https:\/\/navegacionpatagonia.com.ar\/producto\/san-martin-de-los-andes-por-los-7-lagos-paisaje-panoramas-y-instantaneas-singulares-de-la-patagonia\/\"]}]},{\"@type\":\"ImageObject\",\"inLanguage\":\"en-US\",\"@id\":\"https:\/\/navegacionpatagonia.com.ar\/producto\/san-martin-de-los-andes-por-los-7-lagos-paisaje-panoramas-y-instantaneas-singulares-de-la-patagonia\/#primaryimage\",\"url\":\"https:\/\/navegacionpatagonia.com.ar\/wp-content\/uploads\/sites\/8\/2025\/08\/10-D-IMG_2726.jpg\",\"contentUrl\":\"https:\/\/navegacionpatagonia.com.ar\/wp-content\/uploads\/sites\/8\/2025\/08\/10-D-IMG_2726.jpg\",\"width\":850,\"height\":1133},{\"@type\":\"BreadcrumbList\",\"@id\":\"https:\/\/navegacionpatagonia.com.ar\/producto\/san-martin-de-los-andes-por-los-7-lagos-paisaje-panoramas-y-instantaneas-singulares-de-la-patagonia\/#breadcrumb\",\"itemListElement\":[{\"@type\":\"ListItem\",\"position\":1,\"name\":\"Inicio\",\"item\":\"https:\/\/navegacionpatagonia.com.ar\/\"},{\"@type\":\"ListItem\",\"position\":2,\"name\":\"Tienda\",\"item\":\"https:\/\/navegacionpatagonia.com.ar\/tienda\/\"},{\"@type\":\"ListItem\",\"position\":3,\"name\":\"San Mart\u00edn de los Andes por los 7 Lagos: Paisaje, Panoramas y Instant\u00e1neas Singulares de la Patagonia\"}]},{\"@type\":\"WebSite\",\"@id\":\"https:\/\/navegacionpatagonia.com.ar\/#website\",\"url\":\"https:\/\/navegacionpatagonia.com.ar\/\",\"name\":\"Navegacion Patagonia\",\"description\":\"\",\"potentialAction\":[{\"@type\":\"SearchAction\",\"target\":{\"@type\":\"EntryPoint\",\"urlTemplate\":\"https:\/\/navegacionpatagonia.com.ar\/?s={search_term_string}\"},\"query-input\":{\"@type\":\"PropertyValueSpecification\",\"valueRequired\":true,\"valueName\":\"search_term_string\"}}],\"inLanguage\":\"en-US\"}]}<\/script>\n<meta property=\"product:price:amount\" content=\"71400.00\" \/>\n<meta property=\"product:price:currency\" content=\"ARS\" \/>\n<meta property=\"og:availability\" content=\"instock\" \/>\n<meta property=\"product:availability\" content=\"instock\" \/>\n<meta property=\"product:retailer_item_id\" content=\"ADV2025SAMADEQ219\" \/>\n<meta property=\"product:condition\" content=\"new\" \/>\n<!-- \/ Yoast SEO Premium plugin. -->","yoast_head_json":{"title":"San Mart\u00edn de los Andes by 7 Lakes | Excursion from Bariloche - Navegacion Patagonia","description":"Travel the 7 Lakes Route from Bariloche to San Martin de los Andes, with stops at viewpoints, lakes and Patagonian corners not to be missed.","robots":{"index":"index","follow":"follow","max-snippet":"max-snippet:-1","max-image-preview":"max-image-preview:large","max-video-preview":"max-video-preview:-1"},"canonical":"https:\/\/navegacionpatagonia.com.ar\/en\/product\/san-martin-de-los-andes-by-the-7-lakes-landscape-panoramas-and-unique-snapshots-of-patagonia\/","og_locale":"en_US","og_type":"article","og_title":"San Mart\u00edn de los Andes por los 7 Lagos: Paisaje, Panoramas y Instant\u00e1neas Singulares de la Patagonia","og_description":"Recorr\u00e9 la Ruta de los 7 Lagos desde Bariloche hasta San Mart\u00edn de los Andes, con paradas en miradores, lagos y rincones patag\u00f3nicos imperdibles.","og_url":"https:\/\/navegacionpatagonia.com.ar\/en\/product\/san-martin-de-los-andes-by-the-7-lakes-landscape-panoramas-and-unique-snapshots-of-patagonia\/","og_site_name":"Navegacion Patagonia","article_modified_time":"2025-10-18T15:08:42+00:00","og_image":[{"width":850,"height":1133,"url":"https:\/\/navegacionpatagonia.com.ar\/wp-content\/uploads\/sites\/8\/2025\/08\/10-D-IMG_2726.jpg","type":"image\/jpeg"}],"twitter_card":"summary_large_image","twitter_misc":{"Price":"&#36;71,400.00","Availability":"In stock"},"schema":{"@context":"https:\/\/schema.org","@graph":[{"@type":"WebPage","@id":"https:\/\/navegacionpatagonia.com.ar\/producto\/san-martin-de-los-andes-por-los-7-lagos-paisaje-panoramas-y-instantaneas-singulares-de-la-patagonia\/","url":"https:\/\/navegacionpatagonia.com.ar\/producto\/san-martin-de-los-andes-por-los-7-lagos-paisaje-panoramas-y-instantaneas-singulares-de-la-patagonia\/","name":"San Mart\u00edn de los Andes by 7 Lakes | Excursion from Bariloche - Navegacion Patagonia","isPartOf":{"@id":"https:\/\/navegacionpatagonia.com.ar\/#website"},"primaryImageOfPage":{"@id":"https:\/\/navegacionpatagonia.com.ar\/producto\/san-martin-de-los-andes-por-los-7-lagos-paisaje-panoramas-y-instantaneas-singulares-de-la-patagonia\/#primaryimage"},"image":{"@id":"https:\/\/navegacionpatagonia.com.ar\/producto\/san-martin-de-los-andes-por-los-7-lagos-paisaje-panoramas-y-instantaneas-singulares-de-la-patagonia\/#primaryimage"},"thumbnailUrl":"https:\/\/navegacionpatagonia.com.ar\/wp-content\/uploads\/sites\/8\/2025\/08\/10-D-IMG_2726.jpg","datePublished":"2025-08-21T21:59:19+00:00","dateModified":"2025-10-18T15:08:42+00:00","description":"Travel the 7 Lakes Route from Bariloche to San Martin de los Andes, with stops at viewpoints, lakes and Patagonian corners not to be missed.","breadcrumb":{"@id":"https:\/\/navegacionpatagonia.com.ar\/producto\/san-martin-de-los-andes-por-los-7-lagos-paisaje-panoramas-y-instantaneas-singulares-de-la-patagonia\/#breadcrumb"},"inLanguage":"en-US","potentialAction":[{"@type":"ReadAction","target":["https:\/\/navegacionpatagonia.com.ar\/producto\/san-martin-de-los-andes-por-los-7-lagos-paisaje-panoramas-y-instantaneas-singulares-de-la-patagonia\/"]}]},{"@type":"ImageObject","inLanguage":"en-US","@id":"https:\/\/navegacionpatagonia.com.ar\/producto\/san-martin-de-los-andes-por-los-7-lagos-paisaje-panoramas-y-instantaneas-singulares-de-la-patagonia\/#primaryimage","url":"https:\/\/navegacionpatagonia.com.ar\/wp-content\/uploads\/sites\/8\/2025\/08\/10-D-IMG_2726.jpg","contentUrl":"https:\/\/navegacionpatagonia.com.ar\/wp-content\/uploads\/sites\/8\/2025\/08\/10-D-IMG_2726.jpg","width":850,"height":1133},{"@type":"BreadcrumbList","@id":"https:\/\/navegacionpatagonia.com.ar\/producto\/san-martin-de-los-andes-por-los-7-lagos-paisaje-panoramas-y-instantaneas-singulares-de-la-patagonia\/#breadcrumb","itemListElement":[{"@type":"ListItem","position":1,"name":"Inicio","item":"https:\/\/navegacionpatagonia.com.ar\/"},{"@type":"ListItem","position":2,"name":"Tienda","item":"https:\/\/navegacionpatagonia.com.ar\/tienda\/"},{"@type":"ListItem","position":3,"name":"San Mart\u00edn de los Andes por los 7 Lagos: Paisaje, Panoramas y Instant\u00e1neas Singulares de la Patagonia"}]},{"@type":"WebSite","@id":"https:\/\/navegacionpatagonia.com.ar\/#website","url":"https:\/\/navegacionpatagonia.com.ar\/","name":"Patagonia Navigation","description":"","potentialAction":[{"@type":"SearchAction","target":{"@type":"EntryPoint","urlTemplate":"https:\/\/navegacionpatagonia.com.ar\/?s={search_term_string}"},"query-input":{"@type":"PropertyValueSpecification","valueRequired":true,"valueName":"search_term_string"}}],"inLanguage":"en-US"}]},"product_price_amount":"71400.00","product_price_currency":"ARS","og_availability":"instock","product_availability":"instock","product_retailer_item_id":"ADV2025SAMADEQ219","product_condition":"new"},"_links":{"self":[{"href":"https:\/\/navegacionpatagonia.com.ar\/en\/wp-json\/wp\/v2\/product\/378005","targetHints":{"allow":["GET"]}}],"collection":[{"href":"https:\/\/navegacionpatagonia.com.ar\/en\/wp-json\/wp\/v2\/product"}],"about":[{"href":"https:\/\/navegacionpatagonia.com.ar\/en\/wp-json\/wp\/v2\/types\/product"}],"replies":[{"embeddable":true,"href":"https:\/\/navegacionpatagonia.com.ar\/en\/wp-json\/wp\/v2\/comments?post=378005"}],"wp:featuredmedia":[{"embeddable":true,"href":"https:\/\/navegacionpatagonia.com.ar\/en\/wp-json\/wp\/v2\/media\/378206"}],"wp:attachment":[{"href":"https:\/\/navegacionpatagonia.com.ar\/en\/wp-json\/wp\/v2\/media?parent=378005"}],"wp:term":[{"taxonomy":"product_brand","embeddable":true,"href":"https:\/\/navegacionpatagonia.com.ar\/en\/wp-json\/wp\/v2\/product_brand?post=378005"},{"taxonomy":"product_cat","embeddable":true,"href":"https:\/\/navegacionpatagonia.com.ar\/en\/wp-json\/wp\/v2\/product_cat?post=378005"},{"taxonomy":"product_tag","embeddable":true,"href":"https:\/\/navegacionpatagonia.com.ar\/en\/wp-json\/wp\/v2\/product_tag?post=378005"}],"curies":[{"name":"wp","href":"https:\/\/api.w.org\/{rel}","templated":true}]}}