{"id":378004,"date":"2025-08-21T18:58:40","date_gmt":"2025-08-21T21:58:40","guid":{"rendered":"https:\/\/navegacionpatagonia.com.ar\/producto\/cerro-tronador-y-ventisquero-negro-travesia-completa-por-el-corazon-de-la-patagonia\/"},"modified":"2025-10-13T11:06:04","modified_gmt":"2025-10-13T14:06:04","slug":"cerro-tronador-y-ventisquero-negro-travesia-completa-por-el-corazon-de-la-patagonia","status":"publish","type":"product","link":"https:\/\/navegacionpatagonia.com.ar\/en\/product\/cerro-tronador-and-ventisquero-negro-complete-crossing-through-the-heart-of-patagonia\/","title":{"rendered":"Cerro Tronador and Ventisquero Negro: a complete journey through the heart of Patagonia"},"content":{"rendered":"<h3 class=\"ai-optimize-6\" data-start=\"470\" data-end=\"552\"><strong data-start=\"474\" data-end=\"552\">An adventure through one of the most majestic sceneries in the Patagonian Andes.<\/strong><\/h3>\n<p class=\"ai-optimize-7 ai-optimize-introduction\" data-start=\"554\" data-end=\"888\">This outing proposes to explore one of the most impressive places in the Nahuel Huapi National Park. The <strong data-start=\"666\" data-end=\"684\">Cerro Tronador<\/strong>, The Patagonia, with its permanent snow and active glaciers, is a symbol of the Argentine Patagonia and one of the most attractive places if you are looking for intense landscapes and outdoor experiences.<\/p>\n<p class=\"ai-optimize-8\" data-start=\"890\" data-end=\"1248\">The tour starts at selected points in Bariloche (between downtown and km 8 of Bustillo Av. or Pioneros Av.) following the route next to the Gutierrez and Mascardi lakes. During the tour, stops are made to take pictures in places like <strong data-start=\"1147\" data-end=\"1162\">Black Beach<\/strong> and the <strong data-start=\"1168\" data-end=\"1198\">Heart Island viewpoint<\/strong>, and a stop at Los R\u00e1pidos campsite.<\/p>\n<p class=\"ai-optimize-9\" data-start=\"1250\" data-end=\"1591\">The walk continues to the <strong data-start=\"1287\" data-end=\"1308\">Black Snowdrift<\/strong>, An active glacier that descends from the summit of Cerro Tronador. From this site you will appreciate the unique contrasts between the dark glacier and the snow-capped peaks. At <strong data-start=\"1490\" data-end=\"1505\">Pampa Linda<\/strong>, You will have free time to have lunch at the inns and take advantage of the surroundings.<\/p>\n<p class=\"ai-optimize-10\" data-start=\"1593\" data-end=\"1835\">The excursion runs from 9:00 am to 6:30 pm approximately, and includes transfers, Spanish speaking guide and key stops to get to know this natural environment in depth. It does not include lunch or access to the National Park, which is paid separately.<\/p>\n<h3 class=\"ai-optimize-11\" data-start=\"1842\" data-end=\"1870\"><strong data-start=\"1846\" data-end=\"1870\">Frequently asked questions<\/strong><\/h3>\n<p class=\"ai-optimize-12\" data-start=\"1872\" data-end=\"2010\"><strong data-start=\"1872\" data-end=\"1908\">Is physical preparation required?<\/strong><br data-start=\"1908\" data-end=\"1911\" \/>No. It is a circuit in vehicle and with short walks in viewpoints. Suitable for all public.<\/p>\n<p class=\"ai-optimize-13\" data-start=\"2012\" data-end=\"2124\"><strong data-start=\"2012\" data-end=\"2038\">Where can you eat?<\/strong><br data-start=\"2038\" data-end=\"2041\" \/>In Pampa Linda there are inns where it is possible to taste regional food and beverages.<\/p>\n<p class=\"ai-optimize-14\" data-start=\"2126\" data-end=\"2290\"><strong data-start=\"2126\" data-end=\"2160\">What to bring for the tour?<\/strong><br data-start=\"2160\" data-end=\"2163\" \/>Bring comfortable clothes, warm clothes, appropriate walking shoes, sunscreen, water, and money for food and entrance fees.<\/p>\n<p class=\"ai-optimize-15\" data-start=\"2292\" data-end=\"2476\"><strong data-start=\"2292\" data-end=\"2322\">What is included in the tour?<\/strong><br data-start=\"2322\" data-end=\"2325\" \/>Round trip transfer from meeting points, tour guide and complete circuit. It does not cover lunch or entrance fee to Nahuel Huapi National Park.<\/p>","protected":false},"excerpt":{"rendered":"<p class=\"ai-optimize-6\">Live a unique experience exploring the Nahuel Huapi National Park, admiring the imposing beauty of Cerro Tronador and the Ventisquero Negro Glacier. An ideal balance of landscapes, trekking and wellness.<\/p>","protected":false},"featured_media":377442,"comment_status":"open","ping_status":"closed","template":"","meta":[],"product_brand":[],"product_cat":[62,66,67,73,77,80,82],"product_tag":[],"class_list":{"0":"post-378004","1":"product","2":"type-product","3":"status-publish","4":"has-post-thumbnail","6":"product_cat-adultos","7":"product_cat-con-traslado","8":"product_cat-familia","9":"product_cat-ninos","10":"product_cat-sin-comida","11":"product_cat-terrestre","12":"product_cat-todo-el-ano","14":"first","15":"instock","16":"virtual","17":"sold-individually","18":"purchasable","19":"product-type-booking"},"booking_location":"","booking_location_type":"","booking_duration":1,"booking_duration_unit":"hour","booking_buffer":0,"booking_cost":59400,"booking_resources":[],"exclude_global_add_ons":[],"addons":[],"yoast_head":"<!-- This site is optimized with the Yoast SEO Premium plugin v25.2 (Yoast SEO v25.2) - https:\/\/yoast.com\/wordpress\/plugins\/seo\/ -->\n<title>Cerro Tronador y Ventisquero Negro desde Bariloche - Navegacion Patagonia<\/title>\n<meta name=\"description\" content=\"Visit\u00e1 el Cerro Tronador y el Ventisquero Negro en una excursi\u00f3n desde Bariloche. Glaciares, lagos y paisajes \u00fanicos del Parque Nacional Nahuel Huapi.\" \/>\n<meta name=\"robots\" content=\"index, follow, max-snippet:-1, max-image-preview:large, max-video-preview:-1\" \/>\n<link rel=\"canonical\" href=\"https:\/\/navegacionpatagonia.com.ar\/en\/product\/cerro-tronador-and-ventisquero-negro-complete-crossing-through-the-heart-of-patagonia\/\" \/>\n<meta property=\"og:locale\" content=\"en_US\" \/>\n<meta property=\"og:type\" content=\"article\" \/>\n<meta property=\"og:title\" content=\"Cerro Tronador y Ventisquero Negro: traves\u00eda completa por el coraz\u00f3n de la Patagonia\" \/>\n<meta property=\"og:description\" content=\"Visit\u00e1 el Cerro Tronador y el Ventisquero Negro en una excursi\u00f3n desde Bariloche. Glaciares, lagos y paisajes \u00fanicos del Parque Nacional Nahuel Huapi.\" \/>\n<meta property=\"og:url\" content=\"https:\/\/navegacionpatagonia.com.ar\/en\/product\/cerro-tronador-and-ventisquero-negro-complete-crossing-through-the-heart-of-patagonia\/\" \/>\n<meta property=\"og:site_name\" content=\"Navegacion Patagonia\" \/>\n<meta property=\"article:modified_time\" content=\"2025-10-13T14:06:04+00:00\" \/>\n<meta property=\"og:image\" content=\"https:\/\/navegacionpatagonia.com.ar\/wp-content\/uploads\/sites\/8\/2025\/03\/CerroTronador_image7_1140_1601316722-1.jpg\" \/>\n\t<meta property=\"og:image:width\" content=\"1140\" \/>\n\t<meta property=\"og:image:height\" content=\"855\" \/>\n\t<meta property=\"og:image:type\" content=\"image\/jpeg\" \/>\n<meta name=\"twitter:card\" content=\"summary_large_image\" \/>\n<meta name=\"twitter:label1\" content=\"Price\" \/>\n\t<meta name=\"twitter:data1\" content=\"&#036;59,400.00\" \/>\n\t<meta name=\"twitter:label2\" content=\"Availability\" \/>\n\t<meta name=\"twitter:data2\" content=\"In stock\" \/>\n<script type=\"application\/ld+json\" class=\"yoast-schema-graph\">{\"@context\":\"https:\/\/schema.org\",\"@graph\":[{\"@type\":\"WebPage\",\"@id\":\"https:\/\/navegacionpatagonia.com.ar\/producto\/cerro-tronador-y-ventisquero-negro-travesia-completa-por-el-corazon-de-la-patagonia\/\",\"url\":\"https:\/\/navegacionpatagonia.com.ar\/producto\/cerro-tronador-y-ventisquero-negro-travesia-completa-por-el-corazon-de-la-patagonia\/\",\"name\":\"Cerro Tronador y Ventisquero Negro desde Bariloche - Navegacion Patagonia\",\"isPartOf\":{\"@id\":\"https:\/\/navegacionpatagonia.com.ar\/#website\"},\"primaryImageOfPage\":{\"@id\":\"https:\/\/navegacionpatagonia.com.ar\/producto\/cerro-tronador-y-ventisquero-negro-travesia-completa-por-el-corazon-de-la-patagonia\/#primaryimage\"},\"image\":{\"@id\":\"https:\/\/navegacionpatagonia.com.ar\/producto\/cerro-tronador-y-ventisquero-negro-travesia-completa-por-el-corazon-de-la-patagonia\/#primaryimage\"},\"thumbnailUrl\":\"https:\/\/navegacionpatagonia.com.ar\/wp-content\/uploads\/sites\/8\/2025\/03\/CerroTronador_image7_1140_1601316722-1.jpg\",\"datePublished\":\"2025-08-21T21:58:40+00:00\",\"dateModified\":\"2025-10-13T14:06:04+00:00\",\"description\":\"Visit\u00e1 el Cerro Tronador y el Ventisquero Negro en una excursi\u00f3n desde Bariloche. Glaciares, lagos y paisajes \u00fanicos del Parque Nacional Nahuel Huapi.\",\"breadcrumb\":{\"@id\":\"https:\/\/navegacionpatagonia.com.ar\/producto\/cerro-tronador-y-ventisquero-negro-travesia-completa-por-el-corazon-de-la-patagonia\/#breadcrumb\"},\"inLanguage\":\"en-US\",\"potentialAction\":[{\"@type\":\"ReadAction\",\"target\":[\"https:\/\/navegacionpatagonia.com.ar\/producto\/cerro-tronador-y-ventisquero-negro-travesia-completa-por-el-corazon-de-la-patagonia\/\"]}]},{\"@type\":\"ImageObject\",\"inLanguage\":\"en-US\",\"@id\":\"https:\/\/navegacionpatagonia.com.ar\/producto\/cerro-tronador-y-ventisquero-negro-travesia-completa-por-el-corazon-de-la-patagonia\/#primaryimage\",\"url\":\"https:\/\/navegacionpatagonia.com.ar\/wp-content\/uploads\/sites\/8\/2025\/03\/CerroTronador_image7_1140_1601316722-1.jpg\",\"contentUrl\":\"https:\/\/navegacionpatagonia.com.ar\/wp-content\/uploads\/sites\/8\/2025\/03\/CerroTronador_image7_1140_1601316722-1.jpg\",\"width\":1140,\"height\":855},{\"@type\":\"BreadcrumbList\",\"@id\":\"https:\/\/navegacionpatagonia.com.ar\/producto\/cerro-tronador-y-ventisquero-negro-travesia-completa-por-el-corazon-de-la-patagonia\/#breadcrumb\",\"itemListElement\":[{\"@type\":\"ListItem\",\"position\":1,\"name\":\"Inicio\",\"item\":\"https:\/\/navegacionpatagonia.com.ar\/\"},{\"@type\":\"ListItem\",\"position\":2,\"name\":\"Tienda\",\"item\":\"https:\/\/navegacionpatagonia.com.ar\/tienda\/\"},{\"@type\":\"ListItem\",\"position\":3,\"name\":\"Cerro Tronador y Ventisquero Negro: traves\u00eda completa por el coraz\u00f3n de la Patagonia\"}]},{\"@type\":\"WebSite\",\"@id\":\"https:\/\/navegacionpatagonia.com.ar\/#website\",\"url\":\"https:\/\/navegacionpatagonia.com.ar\/\",\"name\":\"Navegacion Patagonia\",\"description\":\"\",\"potentialAction\":[{\"@type\":\"SearchAction\",\"target\":{\"@type\":\"EntryPoint\",\"urlTemplate\":\"https:\/\/navegacionpatagonia.com.ar\/?s={search_term_string}\"},\"query-input\":{\"@type\":\"PropertyValueSpecification\",\"valueRequired\":true,\"valueName\":\"search_term_string\"}}],\"inLanguage\":\"en-US\"}]}<\/script>\n<meta property=\"product:price:amount\" content=\"59400.00\" \/>\n<meta property=\"product:price:currency\" content=\"ARS\" \/>\n<meta property=\"og:availability\" content=\"instock\" \/>\n<meta property=\"product:availability\" content=\"instock\" \/>\n<meta property=\"product:retailer_item_id\" content=\"ADV2025CETRYVHMNO\" \/>\n<meta property=\"product:condition\" content=\"new\" \/>\n<!-- \/ Yoast SEO Premium plugin. -->","yoast_head_json":{"title":"Cerro Tronador and Ventisquero Negro from Bariloche - Navegacion Patagonia","description":"Visit Cerro Tronador and Ventisquero Negro on an excursion from Bariloche. Glaciers, lakes and unique landscapes of Nahuel Huapi National Park.","robots":{"index":"index","follow":"follow","max-snippet":"max-snippet:-1","max-image-preview":"max-image-preview:large","max-video-preview":"max-video-preview:-1"},"canonical":"https:\/\/navegacionpatagonia.com.ar\/en\/product\/cerro-tronador-and-ventisquero-negro-complete-crossing-through-the-heart-of-patagonia\/","og_locale":"en_US","og_type":"article","og_title":"Cerro Tronador y Ventisquero Negro: traves\u00eda completa por el coraz\u00f3n de la Patagonia","og_description":"Visit\u00e1 el Cerro Tronador y el Ventisquero Negro en una excursi\u00f3n desde Bariloche. Glaciares, lagos y paisajes \u00fanicos del Parque Nacional Nahuel Huapi.","og_url":"https:\/\/navegacionpatagonia.com.ar\/en\/product\/cerro-tronador-and-ventisquero-negro-complete-crossing-through-the-heart-of-patagonia\/","og_site_name":"Navegacion Patagonia","article_modified_time":"2025-10-13T14:06:04+00:00","og_image":[{"width":1140,"height":855,"url":"https:\/\/navegacionpatagonia.com.ar\/wp-content\/uploads\/sites\/8\/2025\/03\/CerroTronador_image7_1140_1601316722-1.jpg","type":"image\/jpeg"}],"twitter_card":"summary_large_image","twitter_misc":{"Price":"&#36;59,400.00","Availability":"In stock"},"schema":{"@context":"https:\/\/schema.org","@graph":[{"@type":"WebPage","@id":"https:\/\/navegacionpatagonia.com.ar\/producto\/cerro-tronador-y-ventisquero-negro-travesia-completa-por-el-corazon-de-la-patagonia\/","url":"https:\/\/navegacionpatagonia.com.ar\/producto\/cerro-tronador-y-ventisquero-negro-travesia-completa-por-el-corazon-de-la-patagonia\/","name":"Cerro Tronador and Ventisquero Negro from Bariloche - Navegacion Patagonia","isPartOf":{"@id":"https:\/\/navegacionpatagonia.com.ar\/#website"},"primaryImageOfPage":{"@id":"https:\/\/navegacionpatagonia.com.ar\/producto\/cerro-tronador-y-ventisquero-negro-travesia-completa-por-el-corazon-de-la-patagonia\/#primaryimage"},"image":{"@id":"https:\/\/navegacionpatagonia.com.ar\/producto\/cerro-tronador-y-ventisquero-negro-travesia-completa-por-el-corazon-de-la-patagonia\/#primaryimage"},"thumbnailUrl":"https:\/\/navegacionpatagonia.com.ar\/wp-content\/uploads\/sites\/8\/2025\/03\/CerroTronador_image7_1140_1601316722-1.jpg","datePublished":"2025-08-21T21:58:40+00:00","dateModified":"2025-10-13T14:06:04+00:00","description":"Visit Cerro Tronador and Ventisquero Negro on an excursion from Bariloche. Glaciers, lakes and unique landscapes of Nahuel Huapi National Park.","breadcrumb":{"@id":"https:\/\/navegacionpatagonia.com.ar\/producto\/cerro-tronador-y-ventisquero-negro-travesia-completa-por-el-corazon-de-la-patagonia\/#breadcrumb"},"inLanguage":"en-US","potentialAction":[{"@type":"ReadAction","target":["https:\/\/navegacionpatagonia.com.ar\/producto\/cerro-tronador-y-ventisquero-negro-travesia-completa-por-el-corazon-de-la-patagonia\/"]}]},{"@type":"ImageObject","inLanguage":"en-US","@id":"https:\/\/navegacionpatagonia.com.ar\/producto\/cerro-tronador-y-ventisquero-negro-travesia-completa-por-el-corazon-de-la-patagonia\/#primaryimage","url":"https:\/\/navegacionpatagonia.com.ar\/wp-content\/uploads\/sites\/8\/2025\/03\/CerroTronador_image7_1140_1601316722-1.jpg","contentUrl":"https:\/\/navegacionpatagonia.com.ar\/wp-content\/uploads\/sites\/8\/2025\/03\/CerroTronador_image7_1140_1601316722-1.jpg","width":1140,"height":855},{"@type":"BreadcrumbList","@id":"https:\/\/navegacionpatagonia.com.ar\/producto\/cerro-tronador-y-ventisquero-negro-travesia-completa-por-el-corazon-de-la-patagonia\/#breadcrumb","itemListElement":[{"@type":"ListItem","position":1,"name":"Inicio","item":"https:\/\/navegacionpatagonia.com.ar\/"},{"@type":"ListItem","position":2,"name":"Tienda","item":"https:\/\/navegacionpatagonia.com.ar\/tienda\/"},{"@type":"ListItem","position":3,"name":"Cerro Tronador y Ventisquero Negro: traves\u00eda completa por el coraz\u00f3n de la Patagonia"}]},{"@type":"WebSite","@id":"https:\/\/navegacionpatagonia.com.ar\/#website","url":"https:\/\/navegacionpatagonia.com.ar\/","name":"Patagonia Navigation","description":"","potentialAction":[{"@type":"SearchAction","target":{"@type":"EntryPoint","urlTemplate":"https:\/\/navegacionpatagonia.com.ar\/?s={search_term_string}"},"query-input":{"@type":"PropertyValueSpecification","valueRequired":true,"valueName":"search_term_string"}}],"inLanguage":"en-US"}]},"product_price_amount":"59400.00","product_price_currency":"ARS","og_availability":"instock","product_availability":"instock","product_retailer_item_id":"ADV2025CETRYVHMNO","product_condition":"new"},"_links":{"self":[{"href":"https:\/\/navegacionpatagonia.com.ar\/en\/wp-json\/wp\/v2\/product\/378004","targetHints":{"allow":["GET"]}}],"collection":[{"href":"https:\/\/navegacionpatagonia.com.ar\/en\/wp-json\/wp\/v2\/product"}],"about":[{"href":"https:\/\/navegacionpatagonia.com.ar\/en\/wp-json\/wp\/v2\/types\/product"}],"replies":[{"embeddable":true,"href":"https:\/\/navegacionpatagonia.com.ar\/en\/wp-json\/wp\/v2\/comments?post=378004"}],"wp:featuredmedia":[{"embeddable":true,"href":"https:\/\/navegacionpatagonia.com.ar\/en\/wp-json\/wp\/v2\/media\/377442"}],"wp:attachment":[{"href":"https:\/\/navegacionpatagonia.com.ar\/en\/wp-json\/wp\/v2\/media?parent=378004"}],"wp:term":[{"taxonomy":"product_brand","embeddable":true,"href":"https:\/\/navegacionpatagonia.com.ar\/en\/wp-json\/wp\/v2\/product_brand?post=378004"},{"taxonomy":"product_cat","embeddable":true,"href":"https:\/\/navegacionpatagonia.com.ar\/en\/wp-json\/wp\/v2\/product_cat?post=378004"},{"taxonomy":"product_tag","embeddable":true,"href":"https:\/\/navegacionpatagonia.com.ar\/en\/wp-json\/wp\/v2\/product_tag?post=378004"}],"curies":[{"name":"wp","href":"https:\/\/api.w.org\/{rel}","templated":true}]}}