{"id":377995,"date":"2025-08-21T18:54:15","date_gmt":"2025-08-21T21:54:15","guid":{"rendered":"https:\/\/navegacionpatagonia.com.ar\/producto\/cobertura-por-cancelacion-cancela-tu-excursion-sin-perder-todo-el-valor\/"},"modified":"2026-02-03T11:04:30","modified_gmt":"2026-02-03T14:04:30","slug":"cobertura-por-cancelacion-cancela-tu-excursion-sin-perder-todo-el-valor","status":"publish","type":"product","link":"https:\/\/navegacionpatagonia.com.ar\/en\/product\/cancellation-coverage-cancel-your-excursion-without-losing-all-the-value\/","title":{"rendered":"Cancellation Coverage - Cancel your tour without losing the full value of your trip"},"content":{"rendered":"<h3 class=\"ai-optimize-22\" data-start=\"200\" data-end=\"242\">Peace of mind in the event of unforeseen events<\/h3>\n<p class=\"ai-optimize-23 ai-optimize-introduction\" data-start=\"244\" data-end=\"516\">If for any reason you need to cancel your excursion, the Cancellation Insurance allows you to recover 80% of the amount you paid, as long as you notify us by 7 pm the day before. A comfortable, agile and practical alternative to take care of your reservation.<\/p>\n<h3 class=\"ai-optimize-24\" data-start=\"523\" data-end=\"548\">What does the insurance cover?<\/h3>\n<ul data-start=\"550\" data-end=\"858\">\n<li class=\"ai-optimize-25\" data-start=\"550\" data-end=\"613\">\n<p class=\"ai-optimize-26\" data-start=\"552\" data-end=\"613\">Cancellation of the informed excursion until 7:00 p.m. the previous day.<\/p>\n<\/li>\n<li class=\"ai-optimize-27\" data-start=\"614\" data-end=\"652\">\n<p class=\"ai-optimize-28\" data-start=\"616\" data-end=\"652\">Return of the 80% of the value already paid.<\/p>\n<\/li>\n<li class=\"ai-optimize-29\" data-start=\"653\" data-end=\"727\">\n<p class=\"ai-optimize-30\" data-start=\"655\" data-end=\"727\">Simple management, no need to ask for justification to cancel the reservation.<\/p>\n<\/li>\n<li class=\"ai-optimize-31\" data-start=\"728\" data-end=\"785\">\n<p class=\"ai-optimize-32\" data-start=\"730\" data-end=\"785\">It is purchased individually for each passenger and excursion.<\/p>\n<\/li>\n<li class=\"ai-optimize-33\" data-start=\"786\" data-end=\"858\">\n<p class=\"ai-optimize-34\" data-start=\"788\" data-end=\"858\">You can contract it up to 30 minutes after receiving your voucher.<\/p>\n<\/li>\n<\/ul>\n<h3 class=\"ai-optimize-35\" data-start=\"865\" data-end=\"892\">Important conditions<\/h3>\n<ul data-start=\"894\" data-end=\"1157\">\n<li class=\"ai-optimize-36\" data-start=\"894\" data-end=\"981\">\n<p class=\"ai-optimize-37\" data-start=\"896\" data-end=\"981\">The insurance is personal: it applies to each passenger and for each excursion purchased.<\/p>\n<\/li>\n<li class=\"ai-optimize-38\" data-start=\"982\" data-end=\"1080\">\n<p class=\"ai-optimize-39\" data-start=\"984\" data-end=\"1080\">You will not be able to join if the 30 minutes after the voucher was issued have passed.<\/p>\n<\/li>\n<li class=\"ai-optimize-40\" data-start=\"1081\" data-end=\"1157\">\n<p class=\"ai-optimize-41\" data-start=\"1083\" data-end=\"1157\">Without contracting this service, there are no refunds for cancellations.<\/p>\n<\/li>\n<\/ul>\n<h3 class=\"ai-optimize-42\" data-start=\"1164\" data-end=\"1188\">Frequently Asked Questions<\/h3>\n<p class=\"ai-optimize-43\" data-start=\"1190\" data-end=\"1326\"><strong data-start=\"1190\" data-end=\"1243\">When can I take out Cancellation Insurance?<\/strong><br data-start=\"1243\" data-end=\"1246\" \/>Coverage can be added up to 30 minutes after the excursion voucher is issued.<\/p>\n<p class=\"ai-optimize-44\" data-start=\"1328\" data-end=\"1451\"><strong data-start=\"1328\" data-end=\"1388\">Do I have to provide any justification for the cancellation?<\/strong><br data-start=\"1388\" data-end=\"1391\" \/>No. The procedure is simple and does not require an explanation.<\/p>\n<p class=\"ai-optimize-45\" data-start=\"1453\" data-end=\"1575\"><strong data-start=\"1453\" data-end=\"1492\">Is the refund of the total amount paid?<\/strong><br data-start=\"1492\" data-end=\"1495\" \/>No. The refund amounts to 80% of the payment made, according to the conditions in force.<\/p>\n<p class=\"ai-optimize-46\" data-start=\"1577\" data-end=\"1711\"><strong data-start=\"1577\" data-end=\"1617\">Is insurance mandatory?<\/strong><br data-start=\"1617\" data-end=\"1620\" \/>It is not a requirement, but if you do not hire it there are no refunds in case of cancellation.<\/p>","protected":false},"excerpt":{"rendered":"<p class=\"ai-optimize-47\" data-start=\"1905\" data-end=\"2104\">Cancellation Coverage for departures in Bariloche. Get the 80% if you cancel before 7 p.m. the day before. Available when booking your excursion.<\/p>","protected":false},"featured_media":378277,"comment_status":"open","ping_status":"closed","template":"","meta":[],"product_brand":[],"product_cat":[15],"product_tag":[],"class_list":{"0":"post-377995","1":"product","2":"type-product","3":"status-publish","4":"has-post-thumbnail","6":"product_cat-otros","8":"first","9":"instock","10":"purchasable","11":"product-type-simple"},"booking_location":null,"booking_location_type":null,"booking_duration":null,"booking_duration_unit":null,"booking_buffer":null,"booking_cost":null,"booking_resources":null,"exclude_global_add_ons":[],"addons":[],"yoast_head":"<!-- This site is optimized with the Yoast SEO Premium plugin v25.2 (Yoast SEO v25.2) - https:\/\/yoast.com\/wordpress\/plugins\/seo\/ -->\n<title>Cobertura por Cancelaci\u00f3n \u2013 Cancel\u00e1 tu excursi\u00f3n sin perder todo el valor - Navegacion Patagonia<\/title>\n<meta name=\"robots\" content=\"index, follow, max-snippet:-1, max-image-preview:large, max-video-preview:-1\" \/>\n<link rel=\"canonical\" href=\"https:\/\/navegacionpatagonia.com.ar\/en\/product\/cancellation-coverage-cancel-your-excursion-without-losing-all-the-value\/\" \/>\n<meta property=\"og:locale\" content=\"en_US\" \/>\n<meta property=\"og:type\" content=\"article\" \/>\n<meta property=\"og:title\" content=\"Cobertura por Cancelaci\u00f3n \u2013 Cancel\u00e1 tu excursi\u00f3n sin perder todo el valor\" \/>\n<meta property=\"og:description\" content=\"Cobertura de Cancelaci\u00f3n para salidas en Bariloche. Obten\u00e9 el 80% si anul\u00e1s antes de las 19 hs del d\u00eda previo. Disponible al reservar tu excursi\u00f3n.\" \/>\n<meta property=\"og:url\" content=\"https:\/\/navegacionpatagonia.com.ar\/en\/product\/cancellation-coverage-cancel-your-excursion-without-losing-all-the-value\/\" \/>\n<meta property=\"og:site_name\" content=\"Navegacion Patagonia\" \/>\n<meta property=\"article:modified_time\" content=\"2026-02-03T14:04:30+00:00\" \/>\n<meta property=\"og:image\" content=\"https:\/\/navegacionpatagonia.com.ar\/wp-content\/uploads\/sites\/8\/2025\/08\/Sin-titulo-1435-scaled.jpg\" \/>\n\t<meta property=\"og:image:width\" content=\"2560\" \/>\n\t<meta property=\"og:image:height\" content=\"1707\" \/>\n\t<meta property=\"og:image:type\" content=\"image\/jpeg\" \/>\n<meta name=\"twitter:card\" content=\"summary_large_image\" \/>\n<meta name=\"twitter:label1\" content=\"Price\" \/>\n\t<meta name=\"twitter:data1\" content=\"&#036;15,000.00\" \/>\n\t<meta name=\"twitter:label2\" content=\"Availability\" \/>\n\t<meta name=\"twitter:data2\" content=\"In stock\" \/>\n<script type=\"application\/ld+json\" class=\"yoast-schema-graph\">{\"@context\":\"https:\/\/schema.org\",\"@graph\":[{\"@type\":\"WebPage\",\"@id\":\"https:\/\/navegacionpatagonia.com.ar\/producto\/cobertura-por-cancelacion-cancela-tu-excursion-sin-perder-todo-el-valor\/\",\"url\":\"https:\/\/navegacionpatagonia.com.ar\/producto\/cobertura-por-cancelacion-cancela-tu-excursion-sin-perder-todo-el-valor\/\",\"name\":\"Cobertura por Cancelaci\u00f3n \u2013 Cancel\u00e1 tu excursi\u00f3n sin perder todo el valor - Navegacion Patagonia\",\"isPartOf\":{\"@id\":\"https:\/\/navegacionpatagonia.com.ar\/#website\"},\"primaryImageOfPage\":{\"@id\":\"https:\/\/navegacionpatagonia.com.ar\/producto\/cobertura-por-cancelacion-cancela-tu-excursion-sin-perder-todo-el-valor\/#primaryimage\"},\"image\":{\"@id\":\"https:\/\/navegacionpatagonia.com.ar\/producto\/cobertura-por-cancelacion-cancela-tu-excursion-sin-perder-todo-el-valor\/#primaryimage\"},\"thumbnailUrl\":\"https:\/\/navegacionpatagonia.com.ar\/wp-content\/uploads\/sites\/8\/2025\/08\/Sin-titulo-1435-scaled.jpg\",\"datePublished\":\"2025-08-21T21:54:15+00:00\",\"dateModified\":\"2026-02-03T14:04:30+00:00\",\"breadcrumb\":{\"@id\":\"https:\/\/navegacionpatagonia.com.ar\/producto\/cobertura-por-cancelacion-cancela-tu-excursion-sin-perder-todo-el-valor\/#breadcrumb\"},\"inLanguage\":\"en-US\",\"potentialAction\":[{\"@type\":\"ReadAction\",\"target\":[\"https:\/\/navegacionpatagonia.com.ar\/producto\/cobertura-por-cancelacion-cancela-tu-excursion-sin-perder-todo-el-valor\/\"]}]},{\"@type\":\"ImageObject\",\"inLanguage\":\"en-US\",\"@id\":\"https:\/\/navegacionpatagonia.com.ar\/producto\/cobertura-por-cancelacion-cancela-tu-excursion-sin-perder-todo-el-valor\/#primaryimage\",\"url\":\"https:\/\/navegacionpatagonia.com.ar\/wp-content\/uploads\/sites\/8\/2025\/08\/Sin-titulo-1435-scaled.jpg\",\"contentUrl\":\"https:\/\/navegacionpatagonia.com.ar\/wp-content\/uploads\/sites\/8\/2025\/08\/Sin-titulo-1435-scaled.jpg\",\"width\":2560,\"height\":1707},{\"@type\":\"BreadcrumbList\",\"@id\":\"https:\/\/navegacionpatagonia.com.ar\/producto\/cobertura-por-cancelacion-cancela-tu-excursion-sin-perder-todo-el-valor\/#breadcrumb\",\"itemListElement\":[{\"@type\":\"ListItem\",\"position\":1,\"name\":\"Inicio\",\"item\":\"https:\/\/navegacionpatagonia.com.ar\/\"},{\"@type\":\"ListItem\",\"position\":2,\"name\":\"Tienda\",\"item\":\"https:\/\/navegacionpatagonia.com.ar\/tienda\/\"},{\"@type\":\"ListItem\",\"position\":3,\"name\":\"Cobertura por Cancelaci\u00f3n \u2013 Cancel\u00e1 tu excursi\u00f3n sin perder todo el valor\"}]},{\"@type\":\"WebSite\",\"@id\":\"https:\/\/navegacionpatagonia.com.ar\/#website\",\"url\":\"https:\/\/navegacionpatagonia.com.ar\/\",\"name\":\"Navegacion Patagonia\",\"description\":\"\",\"potentialAction\":[{\"@type\":\"SearchAction\",\"target\":{\"@type\":\"EntryPoint\",\"urlTemplate\":\"https:\/\/navegacionpatagonia.com.ar\/?s={search_term_string}\"},\"query-input\":{\"@type\":\"PropertyValueSpecification\",\"valueRequired\":true,\"valueName\":\"search_term_string\"}}],\"inLanguage\":\"en-US\"}]}<\/script>\n<meta property=\"product:price:amount\" content=\"15000.00\" \/>\n<meta property=\"product:price:currency\" content=\"ARS\" \/>\n<meta property=\"og:availability\" content=\"instock\" \/>\n<meta property=\"product:availability\" content=\"instock\" \/>\n<meta property=\"product:condition\" content=\"new\" \/>\n<!-- \/ Yoast SEO Premium plugin. -->","yoast_head_json":{"title":"Cancellation Coverage - Cancel your excursion without losing all the value - Navegacion Patagonia","robots":{"index":"index","follow":"follow","max-snippet":"max-snippet:-1","max-image-preview":"max-image-preview:large","max-video-preview":"max-video-preview:-1"},"canonical":"https:\/\/navegacionpatagonia.com.ar\/en\/product\/cancellation-coverage-cancel-your-excursion-without-losing-all-the-value\/","og_locale":"en_US","og_type":"article","og_title":"Cobertura por Cancelaci\u00f3n \u2013 Cancel\u00e1 tu excursi\u00f3n sin perder todo el valor","og_description":"Cobertura de Cancelaci\u00f3n para salidas en Bariloche. Obten\u00e9 el 80% si anul\u00e1s antes de las 19 hs del d\u00eda previo. Disponible al reservar tu excursi\u00f3n.","og_url":"https:\/\/navegacionpatagonia.com.ar\/en\/product\/cancellation-coverage-cancel-your-excursion-without-losing-all-the-value\/","og_site_name":"Navegacion Patagonia","article_modified_time":"2026-02-03T14:04:30+00:00","og_image":[{"width":2560,"height":1707,"url":"https:\/\/navegacionpatagonia.com.ar\/wp-content\/uploads\/sites\/8\/2025\/08\/Sin-titulo-1435-scaled.jpg","type":"image\/jpeg"}],"twitter_card":"summary_large_image","twitter_misc":{"Price":"&#36;15,000.00","Availability":"In stock"},"schema":{"@context":"https:\/\/schema.org","@graph":[{"@type":"WebPage","@id":"https:\/\/navegacionpatagonia.com.ar\/producto\/cobertura-por-cancelacion-cancela-tu-excursion-sin-perder-todo-el-valor\/","url":"https:\/\/navegacionpatagonia.com.ar\/producto\/cobertura-por-cancelacion-cancela-tu-excursion-sin-perder-todo-el-valor\/","name":"Cancellation Coverage - Cancel your excursion without losing all the value - Navegacion Patagonia","isPartOf":{"@id":"https:\/\/navegacionpatagonia.com.ar\/#website"},"primaryImageOfPage":{"@id":"https:\/\/navegacionpatagonia.com.ar\/producto\/cobertura-por-cancelacion-cancela-tu-excursion-sin-perder-todo-el-valor\/#primaryimage"},"image":{"@id":"https:\/\/navegacionpatagonia.com.ar\/producto\/cobertura-por-cancelacion-cancela-tu-excursion-sin-perder-todo-el-valor\/#primaryimage"},"thumbnailUrl":"https:\/\/navegacionpatagonia.com.ar\/wp-content\/uploads\/sites\/8\/2025\/08\/Sin-titulo-1435-scaled.jpg","datePublished":"2025-08-21T21:54:15+00:00","dateModified":"2026-02-03T14:04:30+00:00","breadcrumb":{"@id":"https:\/\/navegacionpatagonia.com.ar\/producto\/cobertura-por-cancelacion-cancela-tu-excursion-sin-perder-todo-el-valor\/#breadcrumb"},"inLanguage":"en-US","potentialAction":[{"@type":"ReadAction","target":["https:\/\/navegacionpatagonia.com.ar\/producto\/cobertura-por-cancelacion-cancela-tu-excursion-sin-perder-todo-el-valor\/"]}]},{"@type":"ImageObject","inLanguage":"en-US","@id":"https:\/\/navegacionpatagonia.com.ar\/producto\/cobertura-por-cancelacion-cancela-tu-excursion-sin-perder-todo-el-valor\/#primaryimage","url":"https:\/\/navegacionpatagonia.com.ar\/wp-content\/uploads\/sites\/8\/2025\/08\/Sin-titulo-1435-scaled.jpg","contentUrl":"https:\/\/navegacionpatagonia.com.ar\/wp-content\/uploads\/sites\/8\/2025\/08\/Sin-titulo-1435-scaled.jpg","width":2560,"height":1707},{"@type":"BreadcrumbList","@id":"https:\/\/navegacionpatagonia.com.ar\/producto\/cobertura-por-cancelacion-cancela-tu-excursion-sin-perder-todo-el-valor\/#breadcrumb","itemListElement":[{"@type":"ListItem","position":1,"name":"Inicio","item":"https:\/\/navegacionpatagonia.com.ar\/"},{"@type":"ListItem","position":2,"name":"Tienda","item":"https:\/\/navegacionpatagonia.com.ar\/tienda\/"},{"@type":"ListItem","position":3,"name":"Cobertura por Cancelaci\u00f3n \u2013 Cancel\u00e1 tu excursi\u00f3n sin perder todo el valor"}]},{"@type":"WebSite","@id":"https:\/\/navegacionpatagonia.com.ar\/#website","url":"https:\/\/navegacionpatagonia.com.ar\/","name":"Patagonia Navigation","description":"","potentialAction":[{"@type":"SearchAction","target":{"@type":"EntryPoint","urlTemplate":"https:\/\/navegacionpatagonia.com.ar\/?s={search_term_string}"},"query-input":{"@type":"PropertyValueSpecification","valueRequired":true,"valueName":"search_term_string"}}],"inLanguage":"en-US"}]},"product_price_amount":"15000.00","product_price_currency":"ARS","og_availability":"instock","product_availability":"instock","product_condition":"new"},"_links":{"self":[{"href":"https:\/\/navegacionpatagonia.com.ar\/en\/wp-json\/wp\/v2\/product\/377995","targetHints":{"allow":["GET"]}}],"collection":[{"href":"https:\/\/navegacionpatagonia.com.ar\/en\/wp-json\/wp\/v2\/product"}],"about":[{"href":"https:\/\/navegacionpatagonia.com.ar\/en\/wp-json\/wp\/v2\/types\/product"}],"replies":[{"embeddable":true,"href":"https:\/\/navegacionpatagonia.com.ar\/en\/wp-json\/wp\/v2\/comments?post=377995"}],"wp:featuredmedia":[{"embeddable":true,"href":"https:\/\/navegacionpatagonia.com.ar\/en\/wp-json\/wp\/v2\/media\/378277"}],"wp:attachment":[{"href":"https:\/\/navegacionpatagonia.com.ar\/en\/wp-json\/wp\/v2\/media?parent=377995"}],"wp:term":[{"taxonomy":"product_brand","embeddable":true,"href":"https:\/\/navegacionpatagonia.com.ar\/en\/wp-json\/wp\/v2\/product_brand?post=377995"},{"taxonomy":"product_cat","embeddable":true,"href":"https:\/\/navegacionpatagonia.com.ar\/en\/wp-json\/wp\/v2\/product_cat?post=377995"},{"taxonomy":"product_tag","embeddable":true,"href":"https:\/\/navegacionpatagonia.com.ar\/en\/wp-json\/wp\/v2\/product_tag?post=377995"}],"curies":[{"name":"wp","href":"https:\/\/api.w.org\/{rel}","templated":true}]}}