{"id":377993,"date":"2025-08-21T18:53:46","date_gmt":"2025-08-21T21:53:46","guid":{"rendered":"https:\/\/navegacionpatagonia.com.ar\/producto\/paquete-de-reserva-flexible-viaja-con-tranquilidad-y-sin-preocupaciones\/"},"modified":"2025-08-21T18:53:49","modified_gmt":"2025-08-21T21:53:49","slug":"paquete-de-reserva-flexible-viaja-con-tranquilidad-y-sin-preocupaciones","status":"publish","type":"product","link":"https:\/\/navegacionpatagonia.com.ar\/en\/product\/flexible-booking-package-travel-with-peace-of-mind-and-without-worries\/","title":{"rendered":"Flexible Booking Package - Travel with peace of mind and without worries"},"content":{"rendered":"<h3 data-start=\"232\" data-end=\"273\">Modify your plans when necessary<\/h3>\n<p data-start=\"275\" data-end=\"620\">The Flexible Reservation Pack allows you to organize your tours in Bariloche with the certainty that, if something unexpected happens, you will have the option to change or cancel the reservation without any hassle. This service adds the attributes of the Reprogramming Insurance and the Cancellation Insurance, providing maximum adaptability in a single management.<\/p>\n<h3 data-start=\"627\" data-end=\"652\">What do you find in the Pack?<\/h3>\n<ul data-start=\"654\" data-end=\"1014\">\n<li data-start=\"654\" data-end=\"726\">\n<p data-start=\"656\" data-end=\"726\">Date modification without extra charge up to one day before the excursion.<\/p>\n<\/li>\n<li data-start=\"727\" data-end=\"797\">\n<p data-start=\"729\" data-end=\"797\">Cancellation with partial refund available until 7:00 p.m. of the previous day.<\/p>\n<\/li>\n<li data-start=\"798\" data-end=\"870\">\n<p data-start=\"800\" data-end=\"870\">You can contract it up to 30 minutes after you have generated your voucher.<\/p>\n<\/li>\n<li data-start=\"871\" data-end=\"930\">\n<p data-start=\"873\" data-end=\"930\">The Pack is purchased <strong data-start=\"893\" data-end=\"929\">per person per excursion<\/strong>.<\/p>\n<\/li>\n<li data-start=\"931\" data-end=\"1014\">\n<p data-start=\"933\" data-end=\"1014\">Perfect for traveling with confidence, even in the face of last minute changes.<\/p>\n<\/li>\n<\/ul>\n<h3 data-start=\"1021\" data-end=\"1048\">Essential conditions<\/h3>\n<ul data-start=\"1050\" data-end=\"1393\">\n<li data-start=\"1050\" data-end=\"1134\">\n<p data-start=\"1052\" data-end=\"1134\">The Pack is personal: it corresponds to each traveler and applies to each departure booked.<\/p>\n<\/li>\n<li data-start=\"1135\" data-end=\"1236\">\n<p data-start=\"1137\" data-end=\"1236\">Must be added when booking or up to 30 minutes after issuing the voucher.<\/p>\n<\/li>\n<li data-start=\"1237\" data-end=\"1317\">\n<p data-start=\"1239\" data-end=\"1317\">It is valid for most of the excursions (ask for specific exceptions).<\/p>\n<\/li>\n<li data-start=\"1318\" data-end=\"1393\">\n<p data-start=\"1320\" data-end=\"1393\">Partial refund for cancellation follows the established policies.<\/p>\n<\/li>\n<\/ul>\n<h3 data-start=\"1400\" data-end=\"1424\">FAQs<\/h3>\n<p data-start=\"1426\" data-end=\"1565\"><strong data-start=\"1426\" data-end=\"1475\">Can I add the Pack after booking?<\/strong><br data-start=\"1475\" data-end=\"1478\" \/>Yes, you have up to 30 minutes from the issuance of the voucher to add it to your reservation.<\/p>\n<p data-start=\"1567\" data-end=\"1731\"><strong data-start=\"1567\" data-end=\"1610\">Can I cancel without justification?<\/strong><br data-start=\"1610\" data-end=\"1613\" \/>Yes, you can cancel up to 7:00 p.m. the previous day with partial refund, without having to explain the reason.<\/p>\n<p data-start=\"1733\" data-end=\"1866\"><strong data-start=\"1733\" data-end=\"1781\">Does the Pack enable free date changes?<\/strong><br data-start=\"1781\" data-end=\"1784\" \/>Yes, it is possible to reschedule the tour up to one day in advance, subject to availability.<\/p>\n<p data-start=\"1868\" data-end=\"2032\"><strong data-start=\"1868\" data-end=\"1910\">Does it apply to all excursions?<\/strong><br data-start=\"1910\" data-end=\"1913\" \/>Valid for most of the excursions offered, except for the exceptions mentioned at the time of booking.<\/p>","protected":false},"excerpt":{"rendered":"<p data-start=\"2230\" data-end=\"2441\">Flexible Booking: change or cancel your excursion per passenger and per departure, obtaining partial reimbursement up to the previous day. More peace of mind when traveling to Bariloche.<\/p>","protected":false},"featured_media":377994,"comment_status":"open","ping_status":"closed","template":"","meta":[],"product_brand":[],"product_cat":[15],"product_tag":[],"class_list":{"0":"post-377993","1":"product","2":"type-product","3":"status-publish","4":"has-post-thumbnail","6":"product_cat-otros","8":"first","9":"instock","10":"sale","11":"purchasable","12":"product-type-simple"},"booking_location":null,"booking_location_type":null,"booking_duration":null,"booking_duration_unit":null,"booking_buffer":null,"booking_cost":null,"booking_resources":null,"exclude_global_add_ons":[],"addons":[],"yoast_head":"<!-- This site is optimized with the Yoast SEO Premium plugin v25.2 (Yoast SEO v25.2) - https:\/\/yoast.com\/wordpress\/plugins\/seo\/ -->\n<title>Paquete de Reserva Flexible \u2013 Viaj\u00e1 con tranquilidad y sin preocupaciones - Navegacion Patagonia<\/title>\n<meta name=\"robots\" content=\"index, follow, max-snippet:-1, max-image-preview:large, max-video-preview:-1\" \/>\n<link rel=\"canonical\" href=\"https:\/\/navegacionpatagonia.com.ar\/en\/product\/flexible-booking-package-travel-with-peace-of-mind-and-without-worries\/\" \/>\n<meta property=\"og:locale\" content=\"en_US\" \/>\n<meta property=\"og:type\" content=\"article\" \/>\n<meta property=\"og:title\" content=\"Paquete de Reserva Flexible \u2013 Viaj\u00e1 con tranquilidad y sin preocupaciones\" \/>\n<meta property=\"og:description\" content=\"Reserva Flexible: cambi\u00e1 o anul\u00e1 tu excursi\u00f3n por pasajero y por salida, obteniendo reintegro parcial hasta el d\u00eda previo. Mayor tranquilidad al viajar a Bariloche.\" \/>\n<meta property=\"og:url\" content=\"https:\/\/navegacionpatagonia.com.ar\/en\/product\/flexible-booking-package-travel-with-peace-of-mind-and-without-worries\/\" \/>\n<meta property=\"og:site_name\" content=\"Navegacion Patagonia\" \/>\n<meta property=\"article:modified_time\" content=\"2025-08-21T21:53:49+00:00\" \/>\n<meta property=\"og:image\" content=\"https:\/\/navegacionpatagonia.com.ar\/wp-content\/uploads\/sites\/8\/2025\/08\/1-DSC_0103-scaled-1.jpg\" \/>\n\t<meta property=\"og:image:width\" content=\"1856\" \/>\n\t<meta property=\"og:image:height\" content=\"2560\" \/>\n\t<meta property=\"og:image:type\" content=\"image\/jpeg\" \/>\n<meta name=\"twitter:card\" content=\"summary_large_image\" \/>\n<meta name=\"twitter:label1\" content=\"Price\" \/>\n\t<meta name=\"twitter:data1\" content=\"&#036;25,000.00\" \/>\n\t<meta name=\"twitter:label2\" content=\"Availability\" \/>\n\t<meta name=\"twitter:data2\" content=\"In stock\" \/>\n<script type=\"application\/ld+json\" class=\"yoast-schema-graph\">{\"@context\":\"https:\/\/schema.org\",\"@graph\":[{\"@type\":\"WebPage\",\"@id\":\"https:\/\/navegacionpatagonia.com.ar\/producto\/paquete-de-reserva-flexible-viaja-con-tranquilidad-y-sin-preocupaciones\/\",\"url\":\"https:\/\/navegacionpatagonia.com.ar\/producto\/paquete-de-reserva-flexible-viaja-con-tranquilidad-y-sin-preocupaciones\/\",\"name\":\"Paquete de Reserva Flexible \u2013 Viaj\u00e1 con tranquilidad y sin preocupaciones - Navegacion Patagonia\",\"isPartOf\":{\"@id\":\"https:\/\/navegacionpatagonia.com.ar\/#website\"},\"primaryImageOfPage\":{\"@id\":\"https:\/\/navegacionpatagonia.com.ar\/producto\/paquete-de-reserva-flexible-viaja-con-tranquilidad-y-sin-preocupaciones\/#primaryimage\"},\"image\":{\"@id\":\"https:\/\/navegacionpatagonia.com.ar\/producto\/paquete-de-reserva-flexible-viaja-con-tranquilidad-y-sin-preocupaciones\/#primaryimage\"},\"thumbnailUrl\":\"https:\/\/navegacionpatagonia.com.ar\/wp-content\/uploads\/sites\/8\/2025\/08\/1-DSC_0103-scaled-1.jpg\",\"datePublished\":\"2025-08-21T21:53:46+00:00\",\"dateModified\":\"2025-08-21T21:53:49+00:00\",\"breadcrumb\":{\"@id\":\"https:\/\/navegacionpatagonia.com.ar\/producto\/paquete-de-reserva-flexible-viaja-con-tranquilidad-y-sin-preocupaciones\/#breadcrumb\"},\"inLanguage\":\"en-US\",\"potentialAction\":[{\"@type\":\"ReadAction\",\"target\":[\"https:\/\/navegacionpatagonia.com.ar\/producto\/paquete-de-reserva-flexible-viaja-con-tranquilidad-y-sin-preocupaciones\/\"]}]},{\"@type\":\"ImageObject\",\"inLanguage\":\"en-US\",\"@id\":\"https:\/\/navegacionpatagonia.com.ar\/producto\/paquete-de-reserva-flexible-viaja-con-tranquilidad-y-sin-preocupaciones\/#primaryimage\",\"url\":\"https:\/\/navegacionpatagonia.com.ar\/wp-content\/uploads\/sites\/8\/2025\/08\/1-DSC_0103-scaled-1.jpg\",\"contentUrl\":\"https:\/\/navegacionpatagonia.com.ar\/wp-content\/uploads\/sites\/8\/2025\/08\/1-DSC_0103-scaled-1.jpg\",\"width\":1856,\"height\":2560},{\"@type\":\"BreadcrumbList\",\"@id\":\"https:\/\/navegacionpatagonia.com.ar\/producto\/paquete-de-reserva-flexible-viaja-con-tranquilidad-y-sin-preocupaciones\/#breadcrumb\",\"itemListElement\":[{\"@type\":\"ListItem\",\"position\":1,\"name\":\"Inicio\",\"item\":\"https:\/\/navegacionpatagonia.com.ar\/\"},{\"@type\":\"ListItem\",\"position\":2,\"name\":\"Tienda\",\"item\":\"https:\/\/navegacionpatagonia.com.ar\/tienda\/\"},{\"@type\":\"ListItem\",\"position\":3,\"name\":\"Paquete de Reserva Flexible \u2013 Viaj\u00e1 con tranquilidad y sin preocupaciones\"}]},{\"@type\":\"WebSite\",\"@id\":\"https:\/\/navegacionpatagonia.com.ar\/#website\",\"url\":\"https:\/\/navegacionpatagonia.com.ar\/\",\"name\":\"Navegacion Patagonia\",\"description\":\"\",\"potentialAction\":[{\"@type\":\"SearchAction\",\"target\":{\"@type\":\"EntryPoint\",\"urlTemplate\":\"https:\/\/navegacionpatagonia.com.ar\/?s={search_term_string}\"},\"query-input\":{\"@type\":\"PropertyValueSpecification\",\"valueRequired\":true,\"valueName\":\"search_term_string\"}}],\"inLanguage\":\"en-US\"}]}<\/script>\n<meta property=\"product:price:amount\" content=\"25000.00\" \/>\n<meta property=\"product:price:currency\" content=\"ARS\" \/>\n<meta property=\"og:availability\" content=\"instock\" \/>\n<meta property=\"product:availability\" content=\"instock\" \/>\n<meta property=\"product:condition\" content=\"new\" \/>\n<!-- \/ Yoast SEO Premium plugin. -->","yoast_head_json":{"title":"Flexible Booking Package - Travel with peace of mind - Navegacion Patagonia","robots":{"index":"index","follow":"follow","max-snippet":"max-snippet:-1","max-image-preview":"max-image-preview:large","max-video-preview":"max-video-preview:-1"},"canonical":"https:\/\/navegacionpatagonia.com.ar\/en\/product\/flexible-booking-package-travel-with-peace-of-mind-and-without-worries\/","og_locale":"en_US","og_type":"article","og_title":"Paquete de Reserva Flexible \u2013 Viaj\u00e1 con tranquilidad y sin preocupaciones","og_description":"Reserva Flexible: cambi\u00e1 o anul\u00e1 tu excursi\u00f3n por pasajero y por salida, obteniendo reintegro parcial hasta el d\u00eda previo. Mayor tranquilidad al viajar a Bariloche.","og_url":"https:\/\/navegacionpatagonia.com.ar\/en\/product\/flexible-booking-package-travel-with-peace-of-mind-and-without-worries\/","og_site_name":"Navegacion Patagonia","article_modified_time":"2025-08-21T21:53:49+00:00","og_image":[{"width":1856,"height":2560,"url":"https:\/\/navegacionpatagonia.com.ar\/wp-content\/uploads\/sites\/8\/2025\/08\/1-DSC_0103-scaled-1.jpg","type":"image\/jpeg"}],"twitter_card":"summary_large_image","twitter_misc":{"Price":"&#36;25,000.00","Availability":"In stock"},"schema":{"@context":"https:\/\/schema.org","@graph":[{"@type":"WebPage","@id":"https:\/\/navegacionpatagonia.com.ar\/producto\/paquete-de-reserva-flexible-viaja-con-tranquilidad-y-sin-preocupaciones\/","url":"https:\/\/navegacionpatagonia.com.ar\/producto\/paquete-de-reserva-flexible-viaja-con-tranquilidad-y-sin-preocupaciones\/","name":"Flexible Booking Package - Travel with peace of mind - Navegacion Patagonia","isPartOf":{"@id":"https:\/\/navegacionpatagonia.com.ar\/#website"},"primaryImageOfPage":{"@id":"https:\/\/navegacionpatagonia.com.ar\/producto\/paquete-de-reserva-flexible-viaja-con-tranquilidad-y-sin-preocupaciones\/#primaryimage"},"image":{"@id":"https:\/\/navegacionpatagonia.com.ar\/producto\/paquete-de-reserva-flexible-viaja-con-tranquilidad-y-sin-preocupaciones\/#primaryimage"},"thumbnailUrl":"https:\/\/navegacionpatagonia.com.ar\/wp-content\/uploads\/sites\/8\/2025\/08\/1-DSC_0103-scaled-1.jpg","datePublished":"2025-08-21T21:53:46+00:00","dateModified":"2025-08-21T21:53:49+00:00","breadcrumb":{"@id":"https:\/\/navegacionpatagonia.com.ar\/producto\/paquete-de-reserva-flexible-viaja-con-tranquilidad-y-sin-preocupaciones\/#breadcrumb"},"inLanguage":"en-US","potentialAction":[{"@type":"ReadAction","target":["https:\/\/navegacionpatagonia.com.ar\/producto\/paquete-de-reserva-flexible-viaja-con-tranquilidad-y-sin-preocupaciones\/"]}]},{"@type":"ImageObject","inLanguage":"en-US","@id":"https:\/\/navegacionpatagonia.com.ar\/producto\/paquete-de-reserva-flexible-viaja-con-tranquilidad-y-sin-preocupaciones\/#primaryimage","url":"https:\/\/navegacionpatagonia.com.ar\/wp-content\/uploads\/sites\/8\/2025\/08\/1-DSC_0103-scaled-1.jpg","contentUrl":"https:\/\/navegacionpatagonia.com.ar\/wp-content\/uploads\/sites\/8\/2025\/08\/1-DSC_0103-scaled-1.jpg","width":1856,"height":2560},{"@type":"BreadcrumbList","@id":"https:\/\/navegacionpatagonia.com.ar\/producto\/paquete-de-reserva-flexible-viaja-con-tranquilidad-y-sin-preocupaciones\/#breadcrumb","itemListElement":[{"@type":"ListItem","position":1,"name":"Inicio","item":"https:\/\/navegacionpatagonia.com.ar\/"},{"@type":"ListItem","position":2,"name":"Tienda","item":"https:\/\/navegacionpatagonia.com.ar\/tienda\/"},{"@type":"ListItem","position":3,"name":"Paquete de Reserva Flexible \u2013 Viaj\u00e1 con tranquilidad y sin preocupaciones"}]},{"@type":"WebSite","@id":"https:\/\/navegacionpatagonia.com.ar\/#website","url":"https:\/\/navegacionpatagonia.com.ar\/","name":"Patagonia Navigation","description":"","potentialAction":[{"@type":"SearchAction","target":{"@type":"EntryPoint","urlTemplate":"https:\/\/navegacionpatagonia.com.ar\/?s={search_term_string}"},"query-input":{"@type":"PropertyValueSpecification","valueRequired":true,"valueName":"search_term_string"}}],"inLanguage":"en-US"}]},"product_price_amount":"25000.00","product_price_currency":"ARS","og_availability":"instock","product_availability":"instock","product_condition":"new"},"_links":{"self":[{"href":"https:\/\/navegacionpatagonia.com.ar\/en\/wp-json\/wp\/v2\/product\/377993","targetHints":{"allow":["GET"]}}],"collection":[{"href":"https:\/\/navegacionpatagonia.com.ar\/en\/wp-json\/wp\/v2\/product"}],"about":[{"href":"https:\/\/navegacionpatagonia.com.ar\/en\/wp-json\/wp\/v2\/types\/product"}],"replies":[{"embeddable":true,"href":"https:\/\/navegacionpatagonia.com.ar\/en\/wp-json\/wp\/v2\/comments?post=377993"}],"wp:featuredmedia":[{"embeddable":true,"href":"https:\/\/navegacionpatagonia.com.ar\/en\/wp-json\/wp\/v2\/media\/377994"}],"wp:attachment":[{"href":"https:\/\/navegacionpatagonia.com.ar\/en\/wp-json\/wp\/v2\/media?parent=377993"}],"wp:term":[{"taxonomy":"product_brand","embeddable":true,"href":"https:\/\/navegacionpatagonia.com.ar\/en\/wp-json\/wp\/v2\/product_brand?post=377993"},{"taxonomy":"product_cat","embeddable":true,"href":"https:\/\/navegacionpatagonia.com.ar\/en\/wp-json\/wp\/v2\/product_cat?post=377993"},{"taxonomy":"product_tag","embeddable":true,"href":"https:\/\/navegacionpatagonia.com.ar\/en\/wp-json\/wp\/v2\/product_tag?post=377993"}],"curies":[{"name":"wp","href":"https:\/\/api.w.org\/{rel}","templated":true}]}}